{"id":25498,"date":"2023-05-10T07:06:42","date_gmt":"2023-05-10T05:06:42","guid":{"rendered":"https:\/\/sneeboer.com\/handgesmeed-tuingereedschap\/flasche-pflegeoel-leinsaat"},"modified":"2025-06-11T21:36:36","modified_gmt":"2025-06-11T19:36:36","slug":"flasche-pflegeoel-leinsaat","status":"publish","type":"product","link":"https:\/\/legacy.sneeboer.com\/de-ch\/handgeschmiedete-gartengeraete\/flasche-pflegeoel-leinsaat","title":{"rendered":"Flasche Pflege\u00f6l Leinsaat"},"content":{"rendered":"","protected":false},"excerpt":{"rendered":"<p>Um Ihre Sneeboer-Gartenger\u00e4te perfekt in Schuss zu halten, empfehlen wir, Holzstiele und Bl\u00e4tter mit gekochtem Lein\u00f6l zu behandeln. Das \u00d6l sch\u00fctzt Ihre Werkzeuge vor Witterungseinfl\u00fcssen und sorgt daf\u00fcr, dass Sie Ihnen jahrelang erhalten bleiben. Wir empfehlen, die Stiele mindestens zweimal im Jahr zu behandeln, um sie Wind und Wetter zu sch\u00fctzen.<\/p>\n","protected":false},"featured_media":25499,"template":"","meta":{"_acf_changed":false,"_uag_custom_page_level_css":""},"product_brand":[],"product_cat":[285],"product_tag":[486],"soil_types":[],"weeds":[],"brands":[],"class_list":{"0":"post-25498","1":"product","2":"type-product","3":"status-publish","4":"has-post-thumbnail","6":"product_cat-geraetepflege-2","7":"product_tag-wartung-de-ch","9":"first","10":"instock","11":"taxable","12":"shipping-taxable","13":"purchasable","14":"product-type-simple"},"exclude_global_add_ons":[],"addons":[],"acf":[],"yoast_head":"<!-- This site is optimized with the Yoast SEO plugin v26.5 - https:\/\/yoast.com\/wordpress\/plugins\/seo\/ -->\n<title>Sneeboer Trading BV<\/title>\n<meta name=\"robots\" content=\"noindex, follow, max-snippet:-1, max-image-preview:large, max-video-preview:-1\" \/>\n<meta property=\"og:locale\" content=\"de_DE\" \/>\n<meta property=\"og:type\" content=\"article\" \/>\n<meta property=\"og:url\" content=\"https:\/\/legacy.sneeboer.com\/de-ch\/handgeschmiedete-gartengeraete\/flasche-pflegeoel-leinsaat\" \/>\n<meta property=\"og:site_name\" content=\"Sneeboer Trading BV\" \/>\n<meta property=\"article:publisher\" content=\"https:\/\/www.facebook.com\/Sneeboer\" \/>\n<meta property=\"article:modified_time\" content=\"2025-06-11T19:36:36+00:00\" \/>\n<meta property=\"og:image\" content=\"https:\/\/legacy.sneeboer.com\/app\/uploads\/2023\/05\/lijnoil-1-edited-1.jpg\" \/>\n\t<meta property=\"og:image:width\" content=\"853\" \/>\n\t<meta property=\"og:image:height\" content=\"853\" \/>\n\t<meta property=\"og:image:type\" content=\"image\/jpeg\" \/>\n<meta name=\"twitter:card\" content=\"summary_large_image\" \/>\n<!-- \/ Yoast SEO plugin. -->","yoast_head_json":{"title":"Sneeboer Trading BV","robots":{"index":"noindex","follow":"follow","max-snippet":"max-snippet:-1","max-image-preview":"max-image-preview:large","max-video-preview":"max-video-preview:-1"},"og_locale":"de_DE","og_type":"article","og_url":"https:\/\/legacy.sneeboer.com\/de-ch\/handgeschmiedete-gartengeraete\/flasche-pflegeoel-leinsaat","og_site_name":"Sneeboer Trading BV","article_publisher":"https:\/\/www.facebook.com\/Sneeboer","article_modified_time":"2025-06-11T19:36:36+00:00","og_image":[{"width":853,"height":853,"url":"https:\/\/legacy.sneeboer.com\/app\/uploads\/2023\/05\/lijnoil-1-edited-1.jpg","type":"image\/jpeg"}],"twitter_card":"summary_large_image","schema":{"@context":"https:\/\/schema.org","@graph":[{"@type":"WebPage","@id":"https:\/\/legacy.sneeboer.com\/de-ch\/handgeschmiedete-gartengeraete\/flasche-pflegeoel-leinsaat","url":"https:\/\/legacy.sneeboer.com\/de-ch\/handgeschmiedete-gartengeraete\/flasche-pflegeoel-leinsaat","name":"Flasche Pflege\u00f6l Leinsaat - Sneeboer Trading BV","isPartOf":{"@id":"https:\/\/legacy.sneeboer.com\/de-ch#website"},"primaryImageOfPage":{"@id":"https:\/\/legacy.sneeboer.com\/de-ch\/handgeschmiedete-gartengeraete\/flasche-pflegeoel-leinsaat#primaryimage"},"image":{"@id":"https:\/\/legacy.sneeboer.com\/de-ch\/handgeschmiedete-gartengeraete\/flasche-pflegeoel-leinsaat#primaryimage"},"thumbnailUrl":"https:\/\/legacy.sneeboer.com\/app\/uploads\/2023\/05\/lijnoil-1-edited-1.jpg","datePublished":"2023-05-10T05:06:42+00:00","dateModified":"2025-06-11T19:36:36+00:00","breadcrumb":{"@id":"https:\/\/legacy.sneeboer.com\/de-ch\/handgeschmiedete-gartengeraete\/flasche-pflegeoel-leinsaat#breadcrumb"},"inLanguage":"de-CH","potentialAction":[{"@type":"ReadAction","target":["https:\/\/legacy.sneeboer.com\/de-ch\/handgeschmiedete-gartengeraete\/flasche-pflegeoel-leinsaat"]}]},{"@type":"ImageObject","inLanguage":"de-CH","@id":"https:\/\/legacy.sneeboer.com\/de-ch\/handgeschmiedete-gartengeraete\/flasche-pflegeoel-leinsaat#primaryimage","url":"https:\/\/legacy.sneeboer.com\/app\/uploads\/2023\/05\/lijnoil-1-edited-1.jpg","contentUrl":"https:\/\/legacy.sneeboer.com\/app\/uploads\/2023\/05\/lijnoil-1-edited-1.jpg","width":853,"height":853},{"@type":"BreadcrumbList","@id":"https:\/\/legacy.sneeboer.com\/de-ch\/handgeschmiedete-gartengeraete\/flasche-pflegeoel-leinsaat#breadcrumb","itemListElement":[{"@type":"ListItem","position":1,"name":"Home","item":"https:\/\/legacy.sneeboer.com\/de-ch"},{"@type":"ListItem","position":2,"name":"Tuingereedschap","item":"https:\/\/legacy.sneeboer.com\/tuingereedschap"},{"@type":"ListItem","position":3,"name":"Flasche Pflege\u00f6l Leinsaat"}]},{"@type":"WebSite","@id":"https:\/\/legacy.sneeboer.com\/de-ch#website","url":"https:\/\/legacy.sneeboer.com\/de-ch","name":"Sneeboer","description":"Tools for life - and generations to come ...","publisher":{"@id":"https:\/\/legacy.sneeboer.com\/de-ch#organization"},"potentialAction":[{"@type":"SearchAction","target":{"@type":"EntryPoint","urlTemplate":"https:\/\/legacy.sneeboer.com\/de-ch?s={search_term_string}"},"query-input":{"@type":"PropertyValueSpecification","valueRequired":true,"valueName":"search_term_string"}}],"inLanguage":"de-CH"},{"@type":"Organization","@id":"https:\/\/legacy.sneeboer.com\/de-ch#organization","name":"Sneeboer","url":"https:\/\/legacy.sneeboer.com\/de-ch","logo":{"@type":"ImageObject","inLanguage":"de-CH","@id":"https:\/\/legacy.sneeboer.com\/de-ch#\/schema\/logo\/image\/","url":"https:\/\/legacy.sneeboer.com\/app\/uploads\/2023\/05\/cropped-logo-sneeboer-110-zwart.png","contentUrl":"https:\/\/legacy.sneeboer.com\/app\/uploads\/2023\/05\/cropped-logo-sneeboer-110-zwart.png","width":2025,"height":572,"caption":"Sneeboer"},"image":{"@id":"https:\/\/legacy.sneeboer.com\/de-ch#\/schema\/logo\/image\/"},"sameAs":["https:\/\/www.facebook.com\/Sneeboer","https:\/\/www.instagram.com\/sneeboer\/","https:\/\/www.youtube.com\/channel\/UCW9Qf54JFJFwVHzRNJbLAcg","https:\/\/pinterest.com\/sneeboer"]}]}},"uagb_featured_image_src":{"full":["https:\/\/legacy.sneeboer.com\/app\/uploads\/2023\/05\/lijnoil-1-edited-1.jpg",853,853,false],"thumbnail":["https:\/\/legacy.sneeboer.com\/app\/uploads\/2023\/05\/lijnoil-1-edited-1-150x150.jpg",150,150,true],"medium":["https:\/\/legacy.sneeboer.com\/app\/uploads\/2023\/05\/lijnoil-1-edited-1-300x300.jpg",300,300,true],"medium_large":["https:\/\/legacy.sneeboer.com\/app\/uploads\/2023\/05\/lijnoil-1-edited-1-768x768.jpg",768,768,true],"large":["https:\/\/legacy.sneeboer.com\/app\/uploads\/2023\/05\/lijnoil-1-edited-1.jpg",853,853,false],"1536x1536":["https:\/\/legacy.sneeboer.com\/app\/uploads\/2023\/05\/lijnoil-1-edited-1.jpg",853,853,false],"2048x2048":["https:\/\/legacy.sneeboer.com\/app\/uploads\/2023\/05\/lijnoil-1-edited-1.jpg",853,853,false],"post-thumbnail":["https:\/\/legacy.sneeboer.com\/app\/uploads\/2023\/05\/lijnoil-1-edited-1-80x100.jpg",80,100,true],"restoration-rectangle":["https:\/\/legacy.sneeboer.com\/app\/uploads\/2023\/05\/lijnoil-1-edited-1-370x240.jpg",370,240,true],"restoration-single":["https:\/\/legacy.sneeboer.com\/app\/uploads\/2023\/05\/lijnoil-1-edited-1-800x400.jpg",800,400,true],"restoration-rectangle-mini":["https:\/\/legacy.sneeboer.com\/app\/uploads\/2023\/05\/lijnoil-1-edited-1-20x12.jpg",20,12,true],"restoration-rectangle-mobile":["https:\/\/legacy.sneeboer.com\/app\/uploads\/2023\/05\/lijnoil-1-edited-1-290x188.jpg",290,188,true],"restoration-rectangle-x2":["https:\/\/legacy.sneeboer.com\/app\/uploads\/2023\/05\/lijnoil-1-edited-1-740x480.jpg",740,480,true],"restoration-single-mini":["https:\/\/legacy.sneeboer.com\/app\/uploads\/2023\/05\/lijnoil-1-edited-1-20x10.jpg",20,10,true],"restoration-single-mobile":["https:\/\/legacy.sneeboer.com\/app\/uploads\/2023\/05\/lijnoil-1-edited-1-290x145.jpg",290,145,true],"restoration-single-x2":["https:\/\/legacy.sneeboer.com\/app\/uploads\/2023\/05\/lijnoil-1-edited-1-853x800.jpg",853,800,true],"gform-image-choice-sm":["https:\/\/legacy.sneeboer.com\/app\/uploads\/2023\/05\/lijnoil-1-edited-1.jpg",300,300,false],"gform-image-choice-md":["https:\/\/legacy.sneeboer.com\/app\/uploads\/2023\/05\/lijnoil-1-edited-1.jpg",400,400,false],"gform-image-choice-lg":["https:\/\/legacy.sneeboer.com\/app\/uploads\/2023\/05\/lijnoil-1-edited-1.jpg",600,600,false],"woocommerce_thumbnail":["https:\/\/legacy.sneeboer.com\/app\/uploads\/2023\/05\/lijnoil-1-edited-1-400x400.jpg",400,400,true],"woocommerce_single":["https:\/\/legacy.sneeboer.com\/app\/uploads\/2023\/05\/lijnoil-1-edited-1-600x600.jpg",600,600,true],"woocommerce_gallery_thumbnail":["https:\/\/legacy.sneeboer.com\/app\/uploads\/2023\/05\/lijnoil-1-edited-1-160x192.jpg",160,192,true]},"uagb_author_info":{"display_name":"Jaap van Duijn","author_link":"https:\/\/legacy.sneeboer.com\/de-ch\/author"},"uagb_comment_info":0,"uagb_excerpt":"Um Ihre Sneeboer-Gartenger\u00e4te perfekt in Schuss zu halten, empfehlen wir, Holzstiele und Bl\u00e4tter mit gekochtem Lein\u00f6l zu behandeln. Das \u00d6l sch\u00fctzt Ihre Werkzeuge vor Witterungseinfl\u00fcssen und sorgt daf\u00fcr, dass Sie Ihnen jahrelang erhalten bleiben. Wir empfehlen, die Stiele mindestens zweimal im Jahr zu behandeln, um sie Wind und Wetter zu sch\u00fctzen.","_links":{"self":[{"href":"https:\/\/legacy.sneeboer.com\/de-ch\/wp-json\/wp\/v2\/product\/25498","targetHints":{"allow":["GET"]}}],"collection":[{"href":"https:\/\/legacy.sneeboer.com\/de-ch\/wp-json\/wp\/v2\/product"}],"about":[{"href":"https:\/\/legacy.sneeboer.com\/de-ch\/wp-json\/wp\/v2\/types\/product"}],"wp:featuredmedia":[{"embeddable":true,"href":"https:\/\/legacy.sneeboer.com\/de-ch\/wp-json\/wp\/v2\/media\/25499"}],"wp:attachment":[{"href":"https:\/\/legacy.sneeboer.com\/de-ch\/wp-json\/wp\/v2\/media?parent=25498"}],"wp:term":[{"taxonomy":"product_brand","embeddable":true,"href":"https:\/\/legacy.sneeboer.com\/de-ch\/wp-json\/wp\/v2\/product_brand?post=25498"},{"taxonomy":"product_cat","embeddable":true,"href":"https:\/\/legacy.sneeboer.com\/de-ch\/wp-json\/wp\/v2\/product_cat?post=25498"},{"taxonomy":"product_tag","embeddable":true,"href":"https:\/\/legacy.sneeboer.com\/de-ch\/wp-json\/wp\/v2\/product_tag?post=25498"},{"taxonomy":"soil_types","embeddable":true,"href":"https:\/\/legacy.sneeboer.com\/de-ch\/wp-json\/wp\/v2\/soil_types?post=25498"},{"taxonomy":"weeds","embeddable":true,"href":"https:\/\/legacy.sneeboer.com\/de-ch\/wp-json\/wp\/v2\/weeds?post=25498"},{"taxonomy":"brands","embeddable":true,"href":"https:\/\/legacy.sneeboer.com\/de-ch\/wp-json\/wp\/v2\/brands?post=25498"}],"curies":[{"name":"wp","href":"https:\/\/api.w.org\/{rel}","templated":true}]}}