{"id":25848,"date":"2023-05-09T20:47:31","date_gmt":"2023-05-09T18:47:31","guid":{"rendered":"https:\/\/sneeboer.com\/handgesmeed-tuingereedschap\/great-dixter-kelle"},"modified":"2023-09-22T16:25:40","modified_gmt":"2023-09-22T14:25:40","slug":"great-dixter-kelle","status":"publish","type":"product","link":"https:\/\/legacy.sneeboer.com\/de-ch\/handgeschmiedete-gartengeraete\/great-dixter-kelle","title":{"rendered":"Great Dixter-Kelle"},"content":{"rendered":"<p>Die Kelle wurde genau nach den Vorgaben von Christopher Lloyd entworfen, was sie zu seinem Lieblingswerkzeug bei Pflanzarbeiten und der Unkrautbek\u00e4mpfung im Garten machte. Mit dem schmalen Blatt sind selbst enge Stellen gut zu erreichen, w\u00e4hrend die abgerundete Spitze und die scharfen Kanten ein m\u00fcheloses Arbeiten erm\u00f6glichen. Die Kelle ist mit Griffen aus Eschen- oder Kirschholz in verschiedenen Gr\u00f6\u00dfen erh\u00e4ltlich. <\/p>\n<p>Diese Kelle ist Teil einer besonderen Kollektion von Werkzeugen \u2013 und wir haben das Privileg, diese unter dem Namen \u201eGreat Dixter\u201c verkaufen zu d\u00fcrfen. Sneeboer ist weltweit der einzige Hersteller von Gartenger\u00e4ten, der diesen Namen in seiner Produktpalette verwenden darf. Mit jedem Verkauf eines Great Dixter-Ger\u00e4ts spendet Sneeboer einen Teil des Erl\u00f6ses an den Great Dixter Charitable Trust. Wir bei Sneeboer sind gl\u00fccklich und stolz darauf, dass wir einen Beitrag zu diesem herausragenden Beispiel englischen Kulturerbes leisten k\u00f6nnen.<\/p>\n","protected":false},"excerpt":{"rendered":"<p>Die Great Dixter-Kelle verf\u00fcgt \u00fcber ein schmales, langes und gesch\u00e4rftes Blatt, mit dem sich die tiefen Wurzeln von unerw\u00fcnschtem Unkraut erreichen und durchtrennen lassen. Die Great Dixter-Kelle ist \u00e4u\u00dfert robust und kann daher auch zum Pflanzen von Blumenzwiebeln verwendet werden. Diese Kelle war das Lieblingswerkzeug des ber\u00fchmten englischen G\u00e4rtners Christopher Lloyd.<\/p>\n","protected":false},"featured_media":25849,"template":"","meta":{"_acf_changed":false,"_uag_custom_page_level_css":""},"product_brand":[],"product_cat":[105,417,185],"product_tag":[494,500,332],"soil_types":[],"weeds":[],"brands":[441],"class_list":{"0":"post-25848","1":"product","2":"type-product","3":"status-publish","4":"has-post-thumbnail","6":"product_cat-handgeraete-2","7":"product_cat-great-dixter-de-ch","8":"product_cat-kelle-2","9":"product_tag-bepflanzung-de-ch","10":"product_tag-eintopfen-de-ch","11":"product_tag-graben-de-ch","12":"brands-sneeboer-de-ch","14":"first","15":"instock","16":"taxable","17":"shipping-taxable","18":"purchasable","19":"product-type-simple"},"exclude_global_add_ons":false,"addons":[{"name":"Graveren","type":"custom_text","position":0,"required":false,"title_format":"heading","default":"","description_enable":false,"description":"Voeg maximaal 50 karakters in.","placeholder_enable":false,"placeholder":"","display":"select","restrictions_type":"any_text","adjust_price":true,"price":"4.92","price_type":"quantity_based","restrictions":true,"min":"1","max":"50","options":[],"id":1684165753}],"acf":[],"yoast_head":"<!-- This site is optimized with the Yoast SEO plugin v26.5 - https:\/\/yoast.com\/wordpress\/plugins\/seo\/ -->\n<title>Sneeboer Trading BV<\/title>\n<meta name=\"robots\" content=\"noindex, follow, max-snippet:-1, max-image-preview:large, max-video-preview:-1\" \/>\n<meta property=\"og:locale\" content=\"de_DE\" \/>\n<meta property=\"og:type\" content=\"article\" \/>\n<meta property=\"og:url\" content=\"https:\/\/legacy.sneeboer.com\/de-ch\/handgeschmiedete-gartengeraete\/great-dixter-kelle\" \/>\n<meta property=\"og:site_name\" content=\"Sneeboer Trading BV\" \/>\n<meta property=\"article:publisher\" content=\"https:\/\/www.facebook.com\/Sneeboer\" \/>\n<meta property=\"article:modified_time\" content=\"2023-09-22T14:25:40+00:00\" \/>\n<meta property=\"og:image\" content=\"https:\/\/legacy.sneeboer.com\/app\/uploads\/2023\/05\/8715093045181-1.jpg\" \/>\n\t<meta property=\"og:image:width\" content=\"1024\" \/>\n\t<meta property=\"og:image:height\" content=\"1024\" \/>\n\t<meta property=\"og:image:type\" content=\"image\/jpeg\" \/>\n<meta name=\"twitter:card\" content=\"summary_large_image\" \/>\n<meta name=\"twitter:label1\" content=\"Est. reading time\" \/>\n\t<meta name=\"twitter:data1\" content=\"1 minute\" \/>\n<!-- \/ Yoast SEO plugin. -->","yoast_head_json":{"title":"Sneeboer Trading BV","robots":{"index":"noindex","follow":"follow","max-snippet":"max-snippet:-1","max-image-preview":"max-image-preview:large","max-video-preview":"max-video-preview:-1"},"og_locale":"de_DE","og_type":"article","og_url":"https:\/\/legacy.sneeboer.com\/de-ch\/handgeschmiedete-gartengeraete\/great-dixter-kelle","og_site_name":"Sneeboer Trading BV","article_publisher":"https:\/\/www.facebook.com\/Sneeboer","article_modified_time":"2023-09-22T14:25:40+00:00","og_image":[{"width":1024,"height":1024,"url":"https:\/\/legacy.sneeboer.com\/app\/uploads\/2023\/05\/8715093045181-1.jpg","type":"image\/jpeg"}],"twitter_card":"summary_large_image","twitter_misc":{"Est. reading time":"1 minute"},"schema":{"@context":"https:\/\/schema.org","@graph":[{"@type":"WebPage","@id":"https:\/\/legacy.sneeboer.com\/de-ch\/handgeschmiedete-gartengeraete\/great-dixter-kelle","url":"https:\/\/legacy.sneeboer.com\/de-ch\/handgeschmiedete-gartengeraete\/great-dixter-kelle","name":"Great Dixter-Kelle - Sneeboer Trading BV","isPartOf":{"@id":"https:\/\/legacy.sneeboer.com\/de-ch#website"},"primaryImageOfPage":{"@id":"https:\/\/legacy.sneeboer.com\/de-ch\/handgeschmiedete-gartengeraete\/great-dixter-kelle#primaryimage"},"image":{"@id":"https:\/\/legacy.sneeboer.com\/de-ch\/handgeschmiedete-gartengeraete\/great-dixter-kelle#primaryimage"},"thumbnailUrl":"https:\/\/legacy.sneeboer.com\/app\/uploads\/2023\/05\/8715093045181-1.jpg","datePublished":"2023-05-09T18:47:31+00:00","dateModified":"2023-09-22T14:25:40+00:00","breadcrumb":{"@id":"https:\/\/legacy.sneeboer.com\/de-ch\/handgeschmiedete-gartengeraete\/great-dixter-kelle#breadcrumb"},"inLanguage":"de-CH","potentialAction":[{"@type":"ReadAction","target":["https:\/\/legacy.sneeboer.com\/de-ch\/handgeschmiedete-gartengeraete\/great-dixter-kelle"]}]},{"@type":"ImageObject","inLanguage":"de-CH","@id":"https:\/\/legacy.sneeboer.com\/de-ch\/handgeschmiedete-gartengeraete\/great-dixter-kelle#primaryimage","url":"https:\/\/legacy.sneeboer.com\/app\/uploads\/2023\/05\/8715093045181-1.jpg","contentUrl":"https:\/\/legacy.sneeboer.com\/app\/uploads\/2023\/05\/8715093045181-1.jpg","width":1024,"height":1024},{"@type":"BreadcrumbList","@id":"https:\/\/legacy.sneeboer.com\/de-ch\/handgeschmiedete-gartengeraete\/great-dixter-kelle#breadcrumb","itemListElement":[{"@type":"ListItem","position":1,"name":"Home","item":"https:\/\/legacy.sneeboer.com\/de-ch"},{"@type":"ListItem","position":2,"name":"Tuingereedschap","item":"https:\/\/legacy.sneeboer.com\/tuingereedschap"},{"@type":"ListItem","position":3,"name":"Great Dixter-Kelle"}]},{"@type":"WebSite","@id":"https:\/\/legacy.sneeboer.com\/de-ch#website","url":"https:\/\/legacy.sneeboer.com\/de-ch","name":"Sneeboer","description":"Tools for life - and generations to come ...","publisher":{"@id":"https:\/\/legacy.sneeboer.com\/de-ch#organization"},"potentialAction":[{"@type":"SearchAction","target":{"@type":"EntryPoint","urlTemplate":"https:\/\/legacy.sneeboer.com\/de-ch?s={search_term_string}"},"query-input":{"@type":"PropertyValueSpecification","valueRequired":true,"valueName":"search_term_string"}}],"inLanguage":"de-CH"},{"@type":"Organization","@id":"https:\/\/legacy.sneeboer.com\/de-ch#organization","name":"Sneeboer","url":"https:\/\/legacy.sneeboer.com\/de-ch","logo":{"@type":"ImageObject","inLanguage":"de-CH","@id":"https:\/\/legacy.sneeboer.com\/de-ch#\/schema\/logo\/image\/","url":"https:\/\/legacy.sneeboer.com\/app\/uploads\/2023\/05\/cropped-logo-sneeboer-110-zwart.png","contentUrl":"https:\/\/legacy.sneeboer.com\/app\/uploads\/2023\/05\/cropped-logo-sneeboer-110-zwart.png","width":2025,"height":572,"caption":"Sneeboer"},"image":{"@id":"https:\/\/legacy.sneeboer.com\/de-ch#\/schema\/logo\/image\/"},"sameAs":["https:\/\/www.facebook.com\/Sneeboer","https:\/\/www.instagram.com\/sneeboer\/","https:\/\/www.youtube.com\/channel\/UCW9Qf54JFJFwVHzRNJbLAcg","https:\/\/pinterest.com\/sneeboer"]}]}},"uagb_featured_image_src":{"full":["https:\/\/legacy.sneeboer.com\/app\/uploads\/2023\/05\/8715093045181-1.jpg",1024,1024,false],"thumbnail":["https:\/\/legacy.sneeboer.com\/app\/uploads\/2023\/05\/8715093045181-1-150x150.jpg",150,150,true],"medium":["https:\/\/legacy.sneeboer.com\/app\/uploads\/2023\/05\/8715093045181-1-300x300.jpg",300,300,true],"medium_large":["https:\/\/legacy.sneeboer.com\/app\/uploads\/2023\/05\/8715093045181-1-768x768.jpg",768,768,true],"large":["https:\/\/legacy.sneeboer.com\/app\/uploads\/2023\/05\/8715093045181-1.jpg",1024,1024,false],"1536x1536":["https:\/\/legacy.sneeboer.com\/app\/uploads\/2023\/05\/8715093045181-1.jpg",1024,1024,false],"2048x2048":["https:\/\/legacy.sneeboer.com\/app\/uploads\/2023\/05\/8715093045181-1.jpg",1024,1024,false],"post-thumbnail":["https:\/\/legacy.sneeboer.com\/app\/uploads\/2023\/05\/8715093045181-1-80x100.jpg",80,100,true],"restoration-rectangle":["https:\/\/legacy.sneeboer.com\/app\/uploads\/2023\/05\/8715093045181-1-370x240.jpg",370,240,true],"restoration-single":["https:\/\/legacy.sneeboer.com\/app\/uploads\/2023\/05\/8715093045181-1-800x400.jpg",800,400,true],"restoration-rectangle-mini":["https:\/\/legacy.sneeboer.com\/app\/uploads\/2023\/05\/8715093045181-1-20x12.jpg",20,12,true],"restoration-rectangle-mobile":["https:\/\/legacy.sneeboer.com\/app\/uploads\/2023\/05\/8715093045181-1-290x188.jpg",290,188,true],"restoration-rectangle-x2":["https:\/\/legacy.sneeboer.com\/app\/uploads\/2023\/05\/8715093045181-1-740x480.jpg",740,480,true],"restoration-single-mini":["https:\/\/legacy.sneeboer.com\/app\/uploads\/2023\/05\/8715093045181-1-20x10.jpg",20,10,true],"restoration-single-mobile":["https:\/\/legacy.sneeboer.com\/app\/uploads\/2023\/05\/8715093045181-1-290x145.jpg",290,145,true],"restoration-single-x2":["https:\/\/legacy.sneeboer.com\/app\/uploads\/2023\/05\/8715093045181-1-1024x800.jpg",1024,800,true],"gform-image-choice-sm":["https:\/\/legacy.sneeboer.com\/app\/uploads\/2023\/05\/8715093045181-1.jpg",300,300,false],"gform-image-choice-md":["https:\/\/legacy.sneeboer.com\/app\/uploads\/2023\/05\/8715093045181-1.jpg",400,400,false],"gform-image-choice-lg":["https:\/\/legacy.sneeboer.com\/app\/uploads\/2023\/05\/8715093045181-1.jpg",600,600,false],"woocommerce_thumbnail":["https:\/\/legacy.sneeboer.com\/app\/uploads\/2023\/05\/8715093045181-1-400x400.jpg",400,400,true],"woocommerce_single":["https:\/\/legacy.sneeboer.com\/app\/uploads\/2023\/05\/8715093045181-1-600x600.jpg",600,600,true],"woocommerce_gallery_thumbnail":["https:\/\/legacy.sneeboer.com\/app\/uploads\/2023\/05\/8715093045181-1-160x192.jpg",160,192,true]},"uagb_author_info":{"display_name":"Jaap van Duijn","author_link":"https:\/\/legacy.sneeboer.com\/de-ch\/author"},"uagb_comment_info":0,"uagb_excerpt":"Die Great Dixter-Kelle verf\u00fcgt \u00fcber ein schmales, langes und gesch\u00e4rftes Blatt, mit dem sich die tiefen Wurzeln von unerw\u00fcnschtem Unkraut erreichen und durchtrennen lassen. Die Great Dixter-Kelle ist \u00e4u\u00dfert robust und kann daher auch zum Pflanzen von Blumenzwiebeln verwendet werden. Diese Kelle war das Lieblingswerkzeug des ber\u00fchmten englischen G\u00e4rtners Christopher Lloyd.","_links":{"self":[{"href":"https:\/\/legacy.sneeboer.com\/de-ch\/wp-json\/wp\/v2\/product\/25848","targetHints":{"allow":["GET"]}}],"collection":[{"href":"https:\/\/legacy.sneeboer.com\/de-ch\/wp-json\/wp\/v2\/product"}],"about":[{"href":"https:\/\/legacy.sneeboer.com\/de-ch\/wp-json\/wp\/v2\/types\/product"}],"wp:featuredmedia":[{"embeddable":true,"href":"https:\/\/legacy.sneeboer.com\/de-ch\/wp-json\/wp\/v2\/media\/25849"}],"wp:attachment":[{"href":"https:\/\/legacy.sneeboer.com\/de-ch\/wp-json\/wp\/v2\/media?parent=25848"}],"wp:term":[{"taxonomy":"product_brand","embeddable":true,"href":"https:\/\/legacy.sneeboer.com\/de-ch\/wp-json\/wp\/v2\/product_brand?post=25848"},{"taxonomy":"product_cat","embeddable":true,"href":"https:\/\/legacy.sneeboer.com\/de-ch\/wp-json\/wp\/v2\/product_cat?post=25848"},{"taxonomy":"product_tag","embeddable":true,"href":"https:\/\/legacy.sneeboer.com\/de-ch\/wp-json\/wp\/v2\/product_tag?post=25848"},{"taxonomy":"soil_types","embeddable":true,"href":"https:\/\/legacy.sneeboer.com\/de-ch\/wp-json\/wp\/v2\/soil_types?post=25848"},{"taxonomy":"weeds","embeddable":true,"href":"https:\/\/legacy.sneeboer.com\/de-ch\/wp-json\/wp\/v2\/weeds?post=25848"},{"taxonomy":"brands","embeddable":true,"href":"https:\/\/legacy.sneeboer.com\/de-ch\/wp-json\/wp\/v2\/brands?post=25848"}],"curies":[{"name":"wp","href":"https:\/\/api.w.org\/{rel}","templated":true}]}}