{"id":25894,"date":"2023-05-09T13:01:09","date_gmt":"2023-05-09T11:01:09","guid":{"rendered":"https:\/\/sneeboer.com\/handgesmeed-tuingereedschap\/spitzspaten-mit-tritt"},"modified":"2023-08-28T15:44:37","modified_gmt":"2023-08-28T13:44:37","slug":"spitzspaten-mit-tritt","status":"publish","type":"product","link":"https:\/\/legacy.sneeboer.com\/de-ch\/handgeschmiedete-gartengeraete\/spitzspaten-mit-tritt","title":{"rendered":"Spitzspaten mit Tritt"},"content":{"rendered":"<p>Um das Arbeiten komfortabler zu gestalten, ist das Blatt des Spitzspatens in einem bestimmten Winkel zum Stiel angebracht. Dank Form und Winkel des Blattes eignet sich der Spitzspaten hervorragend zum Graben im Boden, jedoch weniger zum Aufnehmen oder Schaufeln von losem Material. Der Spitzspaten ist mit einem Stiel aus Eschenholz in verschiedenen L\u00e4ngen und Formen erh\u00e4ltlich. Zudem ist der Spitzspaten auch ohne Tritt erh\u00e4ltlich.<\/p>\n","protected":false},"excerpt":{"rendered":"<p>Der Spitzspaten ist ein \u00e4u\u00dferst effektives Werkzeug, wenn es darum geht, in kompakte B\u00f6den einzudringen. Dadurch eignet er sich ideal zum Teilen von Pflanzen im Herbst und zum Anlegen von Pflanzl\u00f6chern. Dank des geschmiedeten, spitz zulaufenden und beidseitig geschliffenen Blattes kann der Spitzspaten problemlos als Pr\u00e4zisionsger\u00e4t in dicht bepflanzten Beeten eingesetzt werden. Diese Eigenschaften machen den Spitzspaten auch zu einem sehr effektiven Ger\u00e4t beim Graben in harten und kompakten B\u00f6den wie Lehm.<\/p>\n","protected":false},"featured_media":25895,"template":"","meta":{"_acf_changed":false,"_uag_custom_page_level_css":""},"product_brand":[],"product_cat":[158],"product_tag":[494,332],"soil_types":[],"weeds":[],"brands":[441],"class_list":{"0":"post-25894","1":"product","2":"type-product","3":"status-publish","4":"has-post-thumbnail","6":"product_cat-spaten-2","7":"product_tag-bepflanzung-de-ch","8":"product_tag-graben-de-ch","9":"brands-sneeboer-de-ch","11":"first","12":"instock","13":"taxable","14":"shipping-taxable","15":"purchasable","16":"product-type-simple"},"exclude_global_add_ons":false,"addons":[{"name":"Graveren","type":"custom_text","position":0,"required":false,"title_format":"heading","default":"","description_enable":false,"description":"Voeg maximaal 50 karakters in.","placeholder_enable":false,"placeholder":"","display":"select","restrictions_type":"any_text","adjust_price":true,"price":"4.92","price_type":"quantity_based","restrictions":true,"min":"1","max":"50","options":[],"id":1684165753}],"acf":[],"yoast_head":"<!-- This site is optimized with the Yoast SEO plugin v26.5 - https:\/\/yoast.com\/wordpress\/plugins\/seo\/ -->\n<title>Sneeboer Trading BV<\/title>\n<meta name=\"robots\" content=\"noindex, follow, max-snippet:-1, max-image-preview:large, max-video-preview:-1\" \/>\n<meta property=\"og:locale\" content=\"de_DE\" \/>\n<meta property=\"og:type\" content=\"article\" \/>\n<meta property=\"og:url\" content=\"https:\/\/legacy.sneeboer.com\/de-ch\/handgeschmiedete-gartengeraete\/spitzspaten-mit-tritt\" \/>\n<meta property=\"og:site_name\" content=\"Sneeboer Trading BV\" \/>\n<meta property=\"article:publisher\" content=\"https:\/\/www.facebook.com\/Sneeboer\" \/>\n<meta property=\"article:modified_time\" content=\"2023-08-28T13:44:37+00:00\" \/>\n<meta property=\"og:image\" content=\"https:\/\/legacy.sneeboer.com\/app\/uploads\/2023\/05\/8715093046010-1.jpg\" \/>\n\t<meta property=\"og:image:width\" content=\"1024\" \/>\n\t<meta property=\"og:image:height\" content=\"1024\" \/>\n\t<meta property=\"og:image:type\" content=\"image\/jpeg\" \/>\n<meta name=\"twitter:card\" content=\"summary_large_image\" \/>\n<!-- \/ Yoast SEO plugin. -->","yoast_head_json":{"title":"Sneeboer Trading BV","robots":{"index":"noindex","follow":"follow","max-snippet":"max-snippet:-1","max-image-preview":"max-image-preview:large","max-video-preview":"max-video-preview:-1"},"og_locale":"de_DE","og_type":"article","og_url":"https:\/\/legacy.sneeboer.com\/de-ch\/handgeschmiedete-gartengeraete\/spitzspaten-mit-tritt","og_site_name":"Sneeboer Trading BV","article_publisher":"https:\/\/www.facebook.com\/Sneeboer","article_modified_time":"2023-08-28T13:44:37+00:00","og_image":[{"width":1024,"height":1024,"url":"https:\/\/legacy.sneeboer.com\/app\/uploads\/2023\/05\/8715093046010-1.jpg","type":"image\/jpeg"}],"twitter_card":"summary_large_image","schema":{"@context":"https:\/\/schema.org","@graph":[{"@type":"WebPage","@id":"https:\/\/legacy.sneeboer.com\/de-ch\/handgeschmiedete-gartengeraete\/spitzspaten-mit-tritt","url":"https:\/\/legacy.sneeboer.com\/de-ch\/handgeschmiedete-gartengeraete\/spitzspaten-mit-tritt","name":"Spitzspaten mit Tritt - Sneeboer Trading BV","isPartOf":{"@id":"https:\/\/legacy.sneeboer.com\/de-ch#website"},"primaryImageOfPage":{"@id":"https:\/\/legacy.sneeboer.com\/de-ch\/handgeschmiedete-gartengeraete\/spitzspaten-mit-tritt#primaryimage"},"image":{"@id":"https:\/\/legacy.sneeboer.com\/de-ch\/handgeschmiedete-gartengeraete\/spitzspaten-mit-tritt#primaryimage"},"thumbnailUrl":"https:\/\/legacy.sneeboer.com\/app\/uploads\/2023\/05\/8715093046010-1.jpg","datePublished":"2023-05-09T11:01:09+00:00","dateModified":"2023-08-28T13:44:37+00:00","breadcrumb":{"@id":"https:\/\/legacy.sneeboer.com\/de-ch\/handgeschmiedete-gartengeraete\/spitzspaten-mit-tritt#breadcrumb"},"inLanguage":"de-CH","potentialAction":[{"@type":"ReadAction","target":["https:\/\/legacy.sneeboer.com\/de-ch\/handgeschmiedete-gartengeraete\/spitzspaten-mit-tritt"]}]},{"@type":"ImageObject","inLanguage":"de-CH","@id":"https:\/\/legacy.sneeboer.com\/de-ch\/handgeschmiedete-gartengeraete\/spitzspaten-mit-tritt#primaryimage","url":"https:\/\/legacy.sneeboer.com\/app\/uploads\/2023\/05\/8715093046010-1.jpg","contentUrl":"https:\/\/legacy.sneeboer.com\/app\/uploads\/2023\/05\/8715093046010-1.jpg","width":1024,"height":1024},{"@type":"BreadcrumbList","@id":"https:\/\/legacy.sneeboer.com\/de-ch\/handgeschmiedete-gartengeraete\/spitzspaten-mit-tritt#breadcrumb","itemListElement":[{"@type":"ListItem","position":1,"name":"Home","item":"https:\/\/legacy.sneeboer.com\/de-ch"},{"@type":"ListItem","position":2,"name":"Tuingereedschap","item":"https:\/\/legacy.sneeboer.com\/tuingereedschap"},{"@type":"ListItem","position":3,"name":"Spitzspaten mit Tritt"}]},{"@type":"WebSite","@id":"https:\/\/legacy.sneeboer.com\/de-ch#website","url":"https:\/\/legacy.sneeboer.com\/de-ch","name":"Sneeboer","description":"Tools for life - and generations to come ...","publisher":{"@id":"https:\/\/legacy.sneeboer.com\/de-ch#organization"},"potentialAction":[{"@type":"SearchAction","target":{"@type":"EntryPoint","urlTemplate":"https:\/\/legacy.sneeboer.com\/de-ch?s={search_term_string}"},"query-input":{"@type":"PropertyValueSpecification","valueRequired":true,"valueName":"search_term_string"}}],"inLanguage":"de-CH"},{"@type":"Organization","@id":"https:\/\/legacy.sneeboer.com\/de-ch#organization","name":"Sneeboer","url":"https:\/\/legacy.sneeboer.com\/de-ch","logo":{"@type":"ImageObject","inLanguage":"de-CH","@id":"https:\/\/legacy.sneeboer.com\/de-ch#\/schema\/logo\/image\/","url":"https:\/\/legacy.sneeboer.com\/app\/uploads\/2023\/05\/cropped-logo-sneeboer-110-zwart.png","contentUrl":"https:\/\/legacy.sneeboer.com\/app\/uploads\/2023\/05\/cropped-logo-sneeboer-110-zwart.png","width":2025,"height":572,"caption":"Sneeboer"},"image":{"@id":"https:\/\/legacy.sneeboer.com\/de-ch#\/schema\/logo\/image\/"},"sameAs":["https:\/\/www.facebook.com\/Sneeboer","https:\/\/www.instagram.com\/sneeboer\/","https:\/\/www.youtube.com\/channel\/UCW9Qf54JFJFwVHzRNJbLAcg","https:\/\/pinterest.com\/sneeboer"]}]}},"uagb_featured_image_src":{"full":["https:\/\/legacy.sneeboer.com\/app\/uploads\/2023\/05\/8715093046010-1.jpg",1024,1024,false],"thumbnail":["https:\/\/legacy.sneeboer.com\/app\/uploads\/2023\/05\/8715093046010-1-150x150.jpg",150,150,true],"medium":["https:\/\/legacy.sneeboer.com\/app\/uploads\/2023\/05\/8715093046010-1-300x300.jpg",300,300,true],"medium_large":["https:\/\/legacy.sneeboer.com\/app\/uploads\/2023\/05\/8715093046010-1-768x768.jpg",768,768,true],"large":["https:\/\/legacy.sneeboer.com\/app\/uploads\/2023\/05\/8715093046010-1.jpg",1024,1024,false],"1536x1536":["https:\/\/legacy.sneeboer.com\/app\/uploads\/2023\/05\/8715093046010-1.jpg",1024,1024,false],"2048x2048":["https:\/\/legacy.sneeboer.com\/app\/uploads\/2023\/05\/8715093046010-1.jpg",1024,1024,false],"post-thumbnail":["https:\/\/legacy.sneeboer.com\/app\/uploads\/2023\/05\/8715093046010-1-80x100.jpg",80,100,true],"restoration-rectangle":["https:\/\/legacy.sneeboer.com\/app\/uploads\/2023\/05\/8715093046010-1-370x240.jpg",370,240,true],"restoration-single":["https:\/\/legacy.sneeboer.com\/app\/uploads\/2023\/05\/8715093046010-1-800x400.jpg",800,400,true],"restoration-rectangle-mini":["https:\/\/legacy.sneeboer.com\/app\/uploads\/2023\/05\/8715093046010-1-20x12.jpg",20,12,true],"restoration-rectangle-mobile":["https:\/\/legacy.sneeboer.com\/app\/uploads\/2023\/05\/8715093046010-1-290x188.jpg",290,188,true],"restoration-rectangle-x2":["https:\/\/legacy.sneeboer.com\/app\/uploads\/2023\/05\/8715093046010-1-740x480.jpg",740,480,true],"restoration-single-mini":["https:\/\/legacy.sneeboer.com\/app\/uploads\/2023\/05\/8715093046010-1-20x10.jpg",20,10,true],"restoration-single-mobile":["https:\/\/legacy.sneeboer.com\/app\/uploads\/2023\/05\/8715093046010-1-290x145.jpg",290,145,true],"restoration-single-x2":["https:\/\/legacy.sneeboer.com\/app\/uploads\/2023\/05\/8715093046010-1-1024x800.jpg",1024,800,true],"gform-image-choice-sm":["https:\/\/legacy.sneeboer.com\/app\/uploads\/2023\/05\/8715093046010-1.jpg",300,300,false],"gform-image-choice-md":["https:\/\/legacy.sneeboer.com\/app\/uploads\/2023\/05\/8715093046010-1.jpg",400,400,false],"gform-image-choice-lg":["https:\/\/legacy.sneeboer.com\/app\/uploads\/2023\/05\/8715093046010-1.jpg",600,600,false],"woocommerce_thumbnail":["https:\/\/legacy.sneeboer.com\/app\/uploads\/2023\/05\/8715093046010-1-400x400.jpg",400,400,true],"woocommerce_single":["https:\/\/legacy.sneeboer.com\/app\/uploads\/2023\/05\/8715093046010-1-600x600.jpg",600,600,true],"woocommerce_gallery_thumbnail":["https:\/\/legacy.sneeboer.com\/app\/uploads\/2023\/05\/8715093046010-1-160x192.jpg",160,192,true]},"uagb_author_info":{"display_name":"Jaap van Duijn","author_link":"https:\/\/legacy.sneeboer.com\/de-ch\/author"},"uagb_comment_info":0,"uagb_excerpt":"Der Spitzspaten ist ein \u00e4u\u00dferst effektives Werkzeug, wenn es darum geht, in kompakte B\u00f6den einzudringen. Dadurch eignet er sich ideal zum Teilen von Pflanzen im Herbst und zum Anlegen von Pflanzl\u00f6chern. Dank des geschmiedeten, spitz zulaufenden und beidseitig geschliffenen Blattes kann der Spitzspaten problemlos als Pr\u00e4zisionsger\u00e4t in dicht bepflanzten Beeten eingesetzt werden. Diese Eigenschaften machen&hellip;","_links":{"self":[{"href":"https:\/\/legacy.sneeboer.com\/de-ch\/wp-json\/wp\/v2\/product\/25894","targetHints":{"allow":["GET"]}}],"collection":[{"href":"https:\/\/legacy.sneeboer.com\/de-ch\/wp-json\/wp\/v2\/product"}],"about":[{"href":"https:\/\/legacy.sneeboer.com\/de-ch\/wp-json\/wp\/v2\/types\/product"}],"wp:featuredmedia":[{"embeddable":true,"href":"https:\/\/legacy.sneeboer.com\/de-ch\/wp-json\/wp\/v2\/media\/25895"}],"wp:attachment":[{"href":"https:\/\/legacy.sneeboer.com\/de-ch\/wp-json\/wp\/v2\/media?parent=25894"}],"wp:term":[{"taxonomy":"product_brand","embeddable":true,"href":"https:\/\/legacy.sneeboer.com\/de-ch\/wp-json\/wp\/v2\/product_brand?post=25894"},{"taxonomy":"product_cat","embeddable":true,"href":"https:\/\/legacy.sneeboer.com\/de-ch\/wp-json\/wp\/v2\/product_cat?post=25894"},{"taxonomy":"product_tag","embeddable":true,"href":"https:\/\/legacy.sneeboer.com\/de-ch\/wp-json\/wp\/v2\/product_tag?post=25894"},{"taxonomy":"soil_types","embeddable":true,"href":"https:\/\/legacy.sneeboer.com\/de-ch\/wp-json\/wp\/v2\/soil_types?post=25894"},{"taxonomy":"weeds","embeddable":true,"href":"https:\/\/legacy.sneeboer.com\/de-ch\/wp-json\/wp\/v2\/weeds?post=25894"},{"taxonomy":"brands","embeddable":true,"href":"https:\/\/legacy.sneeboer.com\/de-ch\/wp-json\/wp\/v2\/brands?post=25894"}],"curies":[{"name":"wp","href":"https:\/\/api.w.org\/{rel}","templated":true}]}}