{"id":26022,"date":"2023-05-09T15:15:44","date_gmt":"2023-05-09T13:15:44","guid":{"rendered":"https:\/\/sneeboer.com\/handgesmeed-tuingereedschap\/kultivator-3z-luxe"},"modified":"2023-08-28T15:39:56","modified_gmt":"2023-08-28T13:39:56","slug":"kultivator-3z-luxe","status":"publish","type":"product","link":"https:\/\/legacy.sneeboer.com\/de-ch\/handgeschmiedete-gartengeraete\/kultivator-3z-luxe","title":{"rendered":"Kultivator 3z LUXE"},"content":{"rendered":"<p>Der Kultivator ist ideal geeignet, um Unkraut mit langen Wurzeln zu entfernen, den Boden zu l\u00fcften sowie Kompost oder andere D\u00fcngemittel unterzumischen. Er kann in allen Arten von B\u00f6den verwendet werden. Das Aufw\u00fchlen des Bodens w\u00e4hrend der Zugbewegung verbessert die Durchl\u00fcftung, w\u00e4hrend die Schubbewegung den aufgew\u00fchlten Boden dann in kleinere St\u00fccke zerteilt. Die Kombination aus Neigungswinkel und konisch geformten Zinken macht diesen Kultivator zu einem hervorragenden Bodenl\u00fcfter. Sogar Monty Don, der ber\u00fchmte britische Fernsehg\u00e4rtner, verwendet diesen Kultivator von Sneeboer in seiner Show. Der Kultivator ist mit einem 155 cm langen Eschenholzstiel mit Knauf oder einem 145 cm langen, aufwendig gestalteten Stiel aus Eschenholz erh\u00e4ltlich.<\/p>\n","protected":false},"excerpt":{"rendered":"<p>Dieser Kultivator hat drei scharfe, gebogene Zinken, die tief in den Boden eindringen und ihn so m\u00fchelos aufbrechen. Durch das Aufbrechen der obersten Bodenschicht gelangen Luft, Licht, Wasser und N\u00e4hrstoffe in die tieferen Bodenschichten, wo sich die Wurzeln der Pflanzen befinden. Dank der langen Zinken k\u00f6nnen auch dicke Erdschichten durchbrochen werden, da diese so angewinkelt sind, dass der Kultivator leicht durch den Boden gezogen werden kann.<\/p>\n","protected":false},"featured_media":26023,"template":"","meta":{"_acf_changed":false,"_uag_custom_page_level_css":""},"product_brand":[],"product_cat":[86,121],"product_tag":[305,532],"soil_types":[],"weeds":[],"brands":[441],"class_list":{"0":"post-26022","1":"product","2":"type-product","3":"status-publish","4":"has-post-thumbnail","6":"product_cat-kultivator-2","7":"product_cat-luxus-kollektion-2","8":"product_tag-geraetepflege-de-ch","9":"product_tag-unkraut-entfernen-de-ch","10":"brands-sneeboer-de-ch","12":"first","13":"outofstock","14":"taxable","15":"shipping-taxable","16":"purchasable","17":"product-type-simple"},"exclude_global_add_ons":false,"addons":[{"name":"Graveren","type":"custom_text","position":0,"required":false,"title_format":"heading","default":"","description_enable":false,"description":"Voeg maximaal 50 karakters in.","placeholder_enable":false,"placeholder":"","display":"select","restrictions_type":"any_text","adjust_price":true,"price":"4.92","price_type":"quantity_based","restrictions":true,"min":"1","max":"50","options":[],"id":1684165753}],"acf":[],"yoast_head":"<!-- This site is optimized with the Yoast SEO plugin v26.5 - https:\/\/yoast.com\/wordpress\/plugins\/seo\/ -->\n<title>Sneeboer Trading BV<\/title>\n<meta name=\"robots\" content=\"noindex, follow, max-snippet:-1, max-image-preview:large, max-video-preview:-1\" \/>\n<meta property=\"og:locale\" content=\"de_DE\" \/>\n<meta property=\"og:type\" content=\"article\" \/>\n<meta property=\"og:url\" content=\"https:\/\/legacy.sneeboer.com\/de-ch\/handgeschmiedete-gartengeraete\/kultivator-3z-luxe\" \/>\n<meta property=\"og:site_name\" content=\"Sneeboer Trading BV\" \/>\n<meta property=\"article:publisher\" content=\"https:\/\/www.facebook.com\/Sneeboer\" \/>\n<meta property=\"article:modified_time\" content=\"2023-08-28T13:39:56+00:00\" \/>\n<meta property=\"og:image\" content=\"https:\/\/legacy.sneeboer.com\/app\/uploads\/2023\/05\/8715093956036-1.jpg\" \/>\n\t<meta property=\"og:image:width\" content=\"1024\" \/>\n\t<meta property=\"og:image:height\" content=\"1024\" \/>\n\t<meta property=\"og:image:type\" content=\"image\/jpeg\" \/>\n<meta name=\"twitter:card\" content=\"summary_large_image\" \/>\n<meta name=\"twitter:label1\" content=\"Est. reading time\" \/>\n\t<meta name=\"twitter:data1\" content=\"1 minute\" \/>\n<!-- \/ Yoast SEO plugin. -->","yoast_head_json":{"title":"Sneeboer Trading BV","robots":{"index":"noindex","follow":"follow","max-snippet":"max-snippet:-1","max-image-preview":"max-image-preview:large","max-video-preview":"max-video-preview:-1"},"og_locale":"de_DE","og_type":"article","og_url":"https:\/\/legacy.sneeboer.com\/de-ch\/handgeschmiedete-gartengeraete\/kultivator-3z-luxe","og_site_name":"Sneeboer Trading BV","article_publisher":"https:\/\/www.facebook.com\/Sneeboer","article_modified_time":"2023-08-28T13:39:56+00:00","og_image":[{"width":1024,"height":1024,"url":"https:\/\/legacy.sneeboer.com\/app\/uploads\/2023\/05\/8715093956036-1.jpg","type":"image\/jpeg"}],"twitter_card":"summary_large_image","twitter_misc":{"Est. reading time":"1 minute"},"schema":{"@context":"https:\/\/schema.org","@graph":[{"@type":"WebPage","@id":"https:\/\/legacy.sneeboer.com\/de-ch\/handgeschmiedete-gartengeraete\/kultivator-3z-luxe","url":"https:\/\/legacy.sneeboer.com\/de-ch\/handgeschmiedete-gartengeraete\/kultivator-3z-luxe","name":"Kultivator 3z LUXE - Sneeboer Trading BV","isPartOf":{"@id":"https:\/\/legacy.sneeboer.com\/de-ch#website"},"primaryImageOfPage":{"@id":"https:\/\/legacy.sneeboer.com\/de-ch\/handgeschmiedete-gartengeraete\/kultivator-3z-luxe#primaryimage"},"image":{"@id":"https:\/\/legacy.sneeboer.com\/de-ch\/handgeschmiedete-gartengeraete\/kultivator-3z-luxe#primaryimage"},"thumbnailUrl":"https:\/\/legacy.sneeboer.com\/app\/uploads\/2023\/05\/8715093956036-1.jpg","datePublished":"2023-05-09T13:15:44+00:00","dateModified":"2023-08-28T13:39:56+00:00","breadcrumb":{"@id":"https:\/\/legacy.sneeboer.com\/de-ch\/handgeschmiedete-gartengeraete\/kultivator-3z-luxe#breadcrumb"},"inLanguage":"de-CH","potentialAction":[{"@type":"ReadAction","target":["https:\/\/legacy.sneeboer.com\/de-ch\/handgeschmiedete-gartengeraete\/kultivator-3z-luxe"]}]},{"@type":"ImageObject","inLanguage":"de-CH","@id":"https:\/\/legacy.sneeboer.com\/de-ch\/handgeschmiedete-gartengeraete\/kultivator-3z-luxe#primaryimage","url":"https:\/\/legacy.sneeboer.com\/app\/uploads\/2023\/05\/8715093956036-1.jpg","contentUrl":"https:\/\/legacy.sneeboer.com\/app\/uploads\/2023\/05\/8715093956036-1.jpg","width":1024,"height":1024},{"@type":"BreadcrumbList","@id":"https:\/\/legacy.sneeboer.com\/de-ch\/handgeschmiedete-gartengeraete\/kultivator-3z-luxe#breadcrumb","itemListElement":[{"@type":"ListItem","position":1,"name":"Home","item":"https:\/\/legacy.sneeboer.com\/de-ch"},{"@type":"ListItem","position":2,"name":"Tuingereedschap","item":"https:\/\/legacy.sneeboer.com\/tuingereedschap"},{"@type":"ListItem","position":3,"name":"Kultivator 3z LUXE"}]},{"@type":"WebSite","@id":"https:\/\/legacy.sneeboer.com\/de-ch#website","url":"https:\/\/legacy.sneeboer.com\/de-ch","name":"Sneeboer","description":"Tools for life - and generations to come ...","publisher":{"@id":"https:\/\/legacy.sneeboer.com\/de-ch#organization"},"potentialAction":[{"@type":"SearchAction","target":{"@type":"EntryPoint","urlTemplate":"https:\/\/legacy.sneeboer.com\/de-ch?s={search_term_string}"},"query-input":{"@type":"PropertyValueSpecification","valueRequired":true,"valueName":"search_term_string"}}],"inLanguage":"de-CH"},{"@type":"Organization","@id":"https:\/\/legacy.sneeboer.com\/de-ch#organization","name":"Sneeboer","url":"https:\/\/legacy.sneeboer.com\/de-ch","logo":{"@type":"ImageObject","inLanguage":"de-CH","@id":"https:\/\/legacy.sneeboer.com\/de-ch#\/schema\/logo\/image\/","url":"https:\/\/legacy.sneeboer.com\/app\/uploads\/2023\/05\/cropped-logo-sneeboer-110-zwart.png","contentUrl":"https:\/\/legacy.sneeboer.com\/app\/uploads\/2023\/05\/cropped-logo-sneeboer-110-zwart.png","width":2025,"height":572,"caption":"Sneeboer"},"image":{"@id":"https:\/\/legacy.sneeboer.com\/de-ch#\/schema\/logo\/image\/"},"sameAs":["https:\/\/www.facebook.com\/Sneeboer","https:\/\/www.instagram.com\/sneeboer\/","https:\/\/www.youtube.com\/channel\/UCW9Qf54JFJFwVHzRNJbLAcg","https:\/\/pinterest.com\/sneeboer"]}]}},"uagb_featured_image_src":{"full":["https:\/\/legacy.sneeboer.com\/app\/uploads\/2023\/05\/8715093956036-1.jpg",1024,1024,false],"thumbnail":["https:\/\/legacy.sneeboer.com\/app\/uploads\/2023\/05\/8715093956036-1-150x150.jpg",150,150,true],"medium":["https:\/\/legacy.sneeboer.com\/app\/uploads\/2023\/05\/8715093956036-1-300x300.jpg",300,300,true],"medium_large":["https:\/\/legacy.sneeboer.com\/app\/uploads\/2023\/05\/8715093956036-1-768x768.jpg",768,768,true],"large":["https:\/\/legacy.sneeboer.com\/app\/uploads\/2023\/05\/8715093956036-1.jpg",1024,1024,false],"1536x1536":["https:\/\/legacy.sneeboer.com\/app\/uploads\/2023\/05\/8715093956036-1.jpg",1024,1024,false],"2048x2048":["https:\/\/legacy.sneeboer.com\/app\/uploads\/2023\/05\/8715093956036-1.jpg",1024,1024,false],"post-thumbnail":["https:\/\/legacy.sneeboer.com\/app\/uploads\/2023\/05\/8715093956036-1-80x100.jpg",80,100,true],"restoration-rectangle":["https:\/\/legacy.sneeboer.com\/app\/uploads\/2023\/05\/8715093956036-1-370x240.jpg",370,240,true],"restoration-single":["https:\/\/legacy.sneeboer.com\/app\/uploads\/2023\/05\/8715093956036-1-800x400.jpg",800,400,true],"restoration-rectangle-mini":["https:\/\/legacy.sneeboer.com\/app\/uploads\/2023\/05\/8715093956036-1-20x12.jpg",20,12,true],"restoration-rectangle-mobile":["https:\/\/legacy.sneeboer.com\/app\/uploads\/2023\/05\/8715093956036-1-290x188.jpg",290,188,true],"restoration-rectangle-x2":["https:\/\/legacy.sneeboer.com\/app\/uploads\/2023\/05\/8715093956036-1-740x480.jpg",740,480,true],"restoration-single-mini":["https:\/\/legacy.sneeboer.com\/app\/uploads\/2023\/05\/8715093956036-1-20x10.jpg",20,10,true],"restoration-single-mobile":["https:\/\/legacy.sneeboer.com\/app\/uploads\/2023\/05\/8715093956036-1-290x145.jpg",290,145,true],"restoration-single-x2":["https:\/\/legacy.sneeboer.com\/app\/uploads\/2023\/05\/8715093956036-1-1024x800.jpg",1024,800,true],"gform-image-choice-sm":["https:\/\/legacy.sneeboer.com\/app\/uploads\/2023\/05\/8715093956036-1.jpg",300,300,false],"gform-image-choice-md":["https:\/\/legacy.sneeboer.com\/app\/uploads\/2023\/05\/8715093956036-1.jpg",400,400,false],"gform-image-choice-lg":["https:\/\/legacy.sneeboer.com\/app\/uploads\/2023\/05\/8715093956036-1.jpg",600,600,false],"woocommerce_thumbnail":["https:\/\/legacy.sneeboer.com\/app\/uploads\/2023\/05\/8715093956036-1-400x400.jpg",400,400,true],"woocommerce_single":["https:\/\/legacy.sneeboer.com\/app\/uploads\/2023\/05\/8715093956036-1-600x600.jpg",600,600,true],"woocommerce_gallery_thumbnail":["https:\/\/legacy.sneeboer.com\/app\/uploads\/2023\/05\/8715093956036-1-160x192.jpg",160,192,true]},"uagb_author_info":{"display_name":"Jaap van Duijn","author_link":"https:\/\/legacy.sneeboer.com\/de-ch\/author"},"uagb_comment_info":0,"uagb_excerpt":"Dieser Kultivator hat drei scharfe, gebogene Zinken, die tief in den Boden eindringen und ihn so m\u00fchelos aufbrechen. Durch das Aufbrechen der obersten Bodenschicht gelangen Luft, Licht, Wasser und N\u00e4hrstoffe in die tieferen Bodenschichten, wo sich die Wurzeln der Pflanzen befinden. Dank der langen Zinken k\u00f6nnen auch dicke Erdschichten durchbrochen werden, da diese so angewinkelt&hellip;","_links":{"self":[{"href":"https:\/\/legacy.sneeboer.com\/de-ch\/wp-json\/wp\/v2\/product\/26022","targetHints":{"allow":["GET"]}}],"collection":[{"href":"https:\/\/legacy.sneeboer.com\/de-ch\/wp-json\/wp\/v2\/product"}],"about":[{"href":"https:\/\/legacy.sneeboer.com\/de-ch\/wp-json\/wp\/v2\/types\/product"}],"wp:featuredmedia":[{"embeddable":true,"href":"https:\/\/legacy.sneeboer.com\/de-ch\/wp-json\/wp\/v2\/media\/26023"}],"wp:attachment":[{"href":"https:\/\/legacy.sneeboer.com\/de-ch\/wp-json\/wp\/v2\/media?parent=26022"}],"wp:term":[{"taxonomy":"product_brand","embeddable":true,"href":"https:\/\/legacy.sneeboer.com\/de-ch\/wp-json\/wp\/v2\/product_brand?post=26022"},{"taxonomy":"product_cat","embeddable":true,"href":"https:\/\/legacy.sneeboer.com\/de-ch\/wp-json\/wp\/v2\/product_cat?post=26022"},{"taxonomy":"product_tag","embeddable":true,"href":"https:\/\/legacy.sneeboer.com\/de-ch\/wp-json\/wp\/v2\/product_tag?post=26022"},{"taxonomy":"soil_types","embeddable":true,"href":"https:\/\/legacy.sneeboer.com\/de-ch\/wp-json\/wp\/v2\/soil_types?post=26022"},{"taxonomy":"weeds","embeddable":true,"href":"https:\/\/legacy.sneeboer.com\/de-ch\/wp-json\/wp\/v2\/weeds?post=26022"},{"taxonomy":"brands","embeddable":true,"href":"https:\/\/legacy.sneeboer.com\/de-ch\/wp-json\/wp\/v2\/brands?post=26022"}],"curies":[{"name":"wp","href":"https:\/\/api.w.org\/{rel}","templated":true}]}}