{"id":28689,"date":"2023-11-24T17:01:02","date_gmt":"2023-11-24T16:01:02","guid":{"rendered":"https:\/\/sneeboer.com\/handgesmeed-tuingereedschap\/handspade"},"modified":"2025-05-24T19:32:42","modified_gmt":"2025-05-24T17:32:42","slug":"handspaten","status":"publish","type":"product","link":"https:\/\/legacy.sneeboer.com\/de-ch\/handgeschmiedete-gartengeraete\/handspaten","title":{"rendered":"Handspaten (Eingetragenes Design)"},"content":{"rendered":"<p><span style=\"font-weight: 400;\">Jedes Blatt wird von den geschickten H\u00e4nden der Sneeboer-Meister sorgf\u00e4ltig geformt und geschliffen &#8211; eine Tradition, f\u00fcr die die Werkzeuge von Sneeboer bekannt sind. Das Ergebnis ist eine Klinge, die m\u00fchelos durch den Boden gleitet und Ihre Gartenarbeit zu einem Kinderspiel macht. Diese Klinge ist nicht nur ein atemberaubendes Kunstwerk, sondern auch ein robustes Arbeitstier in Ihrem Garten, da sie aus 3 mm starkem rostfreiem Stahl gefertigt ist.<\/span><\/p>\n<p><span style=\"font-weight: 400;\">Die Klinge des Handspatens ist an der langen Seite gebogen, um ihr St\u00e4rke zu verleihen und ein Brechen der Klinge beim Graben zu verhindern. Au\u00dferdem ist der Winkel, in dem die Klinge am Eschen-T-Griff befestigt ist, so gew\u00e4hlt, dass die Arbeit mit dem Handspaten bequemer ist. Egal, ob Sie sich um empfindliche Pflanzen k\u00fcmmern oder anspruchsvollere Projekte in Angriff nehmen, dieser Handspaten ist die ideale L\u00f6sung.<\/span><\/p>\n","protected":false},"excerpt":{"rendered":"<p><span style=\"font-weight: 400;\">Der Handspaten ist der Inbegriff von Eleganz und Funktionalit\u00e4t bei Gartenwerkzeugen. Der Handspaten kann zum Wenden von Erde und zum Verpflanzen von Pflanzen verwendet werden, aber auch zum Teilen von Str\u00e4uchern und zum Ausheben kleiner L\u00f6cher. Dieses handwerklich perfekt gefertigte Meisterwerk soll mit seiner exquisiten Verarbeitung und seinen multifunktionalen Einsatzm\u00f6glichkeiten Ihr Gartenerlebnis neu definieren. Der Handspaten eignet sich ideal f\u00fcr G\u00e4rtner, die viel unterwegs sind, die auf den Knien arbeiten oder denen ein normaler Spaten zu gro\u00df und schwer ist.<\/span><\/p>\n<p><em>Dieses Geschmacksmuster ist eingetragen (unter der Nummer RCD 015035063-0001\/UK 6316568) und ist durch Geschmacksmusterrechte gesch\u00fctzt. Es ist nach Vorschriften wie der Verordnung \u00fcber das Gemeinschaftsgeschmacksmuster nicht gestattet, unsere Geschmacksmuster ohne Genehmigung zu kopieren oder zu reproduzieren.\u00a0<\/em><\/p>\n","protected":false},"featured_media":46471,"template":"","meta":{"_acf_changed":false,"_uag_custom_page_level_css":""},"product_brand":[],"product_cat":[105,158,221],"product_tag":[],"soil_types":[622,623,624,625,626,627],"weeds":[],"brands":[441],"class_list":{"0":"post-28689","1":"product","2":"type-product","3":"status-publish","4":"has-post-thumbnail","6":"product_cat-handgeraete-2","7":"product_cat-spaten-2","8":"product_cat-grundausstattung-2","9":"soil_types-bosgrond-de-ch","10":"soil_types-compost-de-ch","11":"soil_types-gras-de-ch","12":"soil_types-klei-de-ch","13":"soil_types-modder-slijk-de-ch","14":"soil_types-normale-grond-de-ch","15":"brands-sneeboer-de-ch","17":"first","18":"instock","19":"taxable","20":"shipping-taxable","21":"purchasable","22":"product-type-simple"},"exclude_global_add_ons":false,"addons":[{"name":"Graveren","type":"custom_text","position":0,"required":false,"title_format":"heading","default":"","description_enable":false,"description":"Voeg maximaal 50 karakters in.","placeholder_enable":false,"placeholder":"","display":"select","restrictions_type":"any_text","adjust_price":true,"price":"4.92","price_type":"quantity_based","restrictions":true,"min":"1","max":"50","options":[],"id":1684165753}],"acf":[],"yoast_head":"<!-- This site is optimized with the Yoast SEO plugin v26.5 - https:\/\/yoast.com\/wordpress\/plugins\/seo\/ -->\n<title>Sneeboer Trading BV<\/title>\n<meta name=\"robots\" content=\"noindex, follow, max-snippet:-1, max-image-preview:large, max-video-preview:-1\" \/>\n<meta property=\"og:locale\" content=\"de_DE\" \/>\n<meta property=\"og:type\" content=\"article\" \/>\n<meta property=\"og:url\" content=\"https:\/\/legacy.sneeboer.com\/de-ch\/handgeschmiedete-gartengeraete\/handspaten\" \/>\n<meta property=\"og:site_name\" content=\"Sneeboer Trading BV\" \/>\n<meta property=\"article:publisher\" content=\"https:\/\/www.facebook.com\/Sneeboer\" \/>\n<meta property=\"article:modified_time\" content=\"2025-05-24T17:32:42+00:00\" \/>\n<meta property=\"og:image\" content=\"https:\/\/legacy.sneeboer.com\/app\/uploads\/2023\/11\/4003-210775.jpg\" \/>\n\t<meta property=\"og:image:width\" content=\"2000\" \/>\n\t<meta property=\"og:image:height\" content=\"2000\" \/>\n\t<meta property=\"og:image:type\" content=\"image\/jpeg\" \/>\n<meta name=\"twitter:card\" content=\"summary_large_image\" \/>\n<meta name=\"twitter:label1\" content=\"Est. reading time\" \/>\n\t<meta name=\"twitter:data1\" content=\"1 minute\" \/>\n<!-- \/ Yoast SEO plugin. -->","yoast_head_json":{"title":"Sneeboer Trading BV","robots":{"index":"noindex","follow":"follow","max-snippet":"max-snippet:-1","max-image-preview":"max-image-preview:large","max-video-preview":"max-video-preview:-1"},"og_locale":"de_DE","og_type":"article","og_url":"https:\/\/legacy.sneeboer.com\/de-ch\/handgeschmiedete-gartengeraete\/handspaten","og_site_name":"Sneeboer Trading BV","article_publisher":"https:\/\/www.facebook.com\/Sneeboer","article_modified_time":"2025-05-24T17:32:42+00:00","og_image":[{"width":2000,"height":2000,"url":"https:\/\/legacy.sneeboer.com\/app\/uploads\/2023\/11\/4003-210775.jpg","type":"image\/jpeg"}],"twitter_card":"summary_large_image","twitter_misc":{"Est. reading time":"1 minute"},"schema":{"@context":"https:\/\/schema.org","@graph":[{"@type":"WebPage","@id":"https:\/\/legacy.sneeboer.com\/de-ch\/handgeschmiedete-gartengeraete\/handspaten","url":"https:\/\/legacy.sneeboer.com\/de-ch\/handgeschmiedete-gartengeraete\/handspaten","name":"Handspaten (Eingetragenes Design) - Sneeboer Trading BV","isPartOf":{"@id":"https:\/\/legacy.sneeboer.com\/de-ch#website"},"primaryImageOfPage":{"@id":"https:\/\/legacy.sneeboer.com\/de-ch\/handgeschmiedete-gartengeraete\/handspaten#primaryimage"},"image":{"@id":"https:\/\/legacy.sneeboer.com\/de-ch\/handgeschmiedete-gartengeraete\/handspaten#primaryimage"},"thumbnailUrl":"https:\/\/legacy.sneeboer.com\/app\/uploads\/2023\/11\/4003-3.jpg","datePublished":"2023-11-24T16:01:02+00:00","dateModified":"2025-05-24T17:32:42+00:00","breadcrumb":{"@id":"https:\/\/legacy.sneeboer.com\/de-ch\/handgeschmiedete-gartengeraete\/handspaten#breadcrumb"},"inLanguage":"de-CH","potentialAction":[{"@type":"ReadAction","target":["https:\/\/legacy.sneeboer.com\/de-ch\/handgeschmiedete-gartengeraete\/handspaten"]}]},{"@type":"ImageObject","inLanguage":"de-CH","@id":"https:\/\/legacy.sneeboer.com\/de-ch\/handgeschmiedete-gartengeraete\/handspaten#primaryimage","url":"https:\/\/legacy.sneeboer.com\/app\/uploads\/2023\/11\/4003-3.jpg","contentUrl":"https:\/\/legacy.sneeboer.com\/app\/uploads\/2023\/11\/4003-3.jpg","width":1001,"height":1000},{"@type":"BreadcrumbList","@id":"https:\/\/legacy.sneeboer.com\/de-ch\/handgeschmiedete-gartengeraete\/handspaten#breadcrumb","itemListElement":[{"@type":"ListItem","position":1,"name":"Home","item":"https:\/\/legacy.sneeboer.com\/de-ch"},{"@type":"ListItem","position":2,"name":"Tuingereedschap","item":"https:\/\/legacy.sneeboer.com\/tuingereedschap"},{"@type":"ListItem","position":3,"name":"Handspaten (Eingetragenes Design)"}]},{"@type":"WebSite","@id":"https:\/\/legacy.sneeboer.com\/de-ch#website","url":"https:\/\/legacy.sneeboer.com\/de-ch","name":"Sneeboer","description":"Tools for life - and generations to come ...","publisher":{"@id":"https:\/\/legacy.sneeboer.com\/de-ch#organization"},"potentialAction":[{"@type":"SearchAction","target":{"@type":"EntryPoint","urlTemplate":"https:\/\/legacy.sneeboer.com\/de-ch?s={search_term_string}"},"query-input":{"@type":"PropertyValueSpecification","valueRequired":true,"valueName":"search_term_string"}}],"inLanguage":"de-CH"},{"@type":"Organization","@id":"https:\/\/legacy.sneeboer.com\/de-ch#organization","name":"Sneeboer","url":"https:\/\/legacy.sneeboer.com\/de-ch","logo":{"@type":"ImageObject","inLanguage":"de-CH","@id":"https:\/\/legacy.sneeboer.com\/de-ch#\/schema\/logo\/image\/","url":"https:\/\/legacy.sneeboer.com\/app\/uploads\/2023\/05\/cropped-logo-sneeboer-110-zwart.png","contentUrl":"https:\/\/legacy.sneeboer.com\/app\/uploads\/2023\/05\/cropped-logo-sneeboer-110-zwart.png","width":2025,"height":572,"caption":"Sneeboer"},"image":{"@id":"https:\/\/legacy.sneeboer.com\/de-ch#\/schema\/logo\/image\/"},"sameAs":["https:\/\/www.facebook.com\/Sneeboer","https:\/\/www.instagram.com\/sneeboer\/","https:\/\/www.youtube.com\/channel\/UCW9Qf54JFJFwVHzRNJbLAcg","https:\/\/pinterest.com\/sneeboer"]}]}},"uagb_featured_image_src":{"full":["https:\/\/legacy.sneeboer.com\/app\/uploads\/2023\/11\/4003-3.jpg",1001,1000,false],"thumbnail":["https:\/\/legacy.sneeboer.com\/app\/uploads\/2023\/11\/4003-3-150x150.jpg",150,150,true],"medium":["https:\/\/legacy.sneeboer.com\/app\/uploads\/2023\/11\/4003-3-300x300.jpg",300,300,true],"medium_large":["https:\/\/legacy.sneeboer.com\/app\/uploads\/2023\/11\/4003-3-768x767.jpg",768,767,true],"large":["https:\/\/legacy.sneeboer.com\/app\/uploads\/2023\/11\/4003-3.jpg",1001,1000,false],"1536x1536":["https:\/\/legacy.sneeboer.com\/app\/uploads\/2023\/11\/4003-3.jpg",1001,1000,false],"2048x2048":["https:\/\/legacy.sneeboer.com\/app\/uploads\/2023\/11\/4003-3.jpg",1001,1000,false],"post-thumbnail":["https:\/\/legacy.sneeboer.com\/app\/uploads\/2023\/11\/4003-3-80x100.jpg",80,100,true],"restoration-rectangle":["https:\/\/legacy.sneeboer.com\/app\/uploads\/2023\/11\/4003-3-370x240.jpg",370,240,true],"restoration-single":["https:\/\/legacy.sneeboer.com\/app\/uploads\/2023\/11\/4003-3-800x400.jpg",800,400,true],"restoration-rectangle-mini":["https:\/\/legacy.sneeboer.com\/app\/uploads\/2023\/11\/4003-3-20x12.jpg",20,12,true],"restoration-rectangle-mobile":["https:\/\/legacy.sneeboer.com\/app\/uploads\/2023\/11\/4003-3-290x188.jpg",290,188,true],"restoration-rectangle-x2":["https:\/\/legacy.sneeboer.com\/app\/uploads\/2023\/11\/4003-3-740x480.jpg",740,480,true],"restoration-single-mini":["https:\/\/legacy.sneeboer.com\/app\/uploads\/2023\/11\/4003-3-20x10.jpg",20,10,true],"restoration-single-mobile":["https:\/\/legacy.sneeboer.com\/app\/uploads\/2023\/11\/4003-3-290x145.jpg",290,145,true],"restoration-single-x2":["https:\/\/legacy.sneeboer.com\/app\/uploads\/2023\/11\/4003-3-1001x800.jpg",1001,800,true],"gform-image-choice-sm":["https:\/\/legacy.sneeboer.com\/app\/uploads\/2023\/11\/4003-3-300x300.jpg",300,300,true],"gform-image-choice-md":["https:\/\/legacy.sneeboer.com\/app\/uploads\/2023\/11\/4003-3-400x400.jpg",400,400,true],"gform-image-choice-lg":["https:\/\/legacy.sneeboer.com\/app\/uploads\/2023\/11\/4003-3-600x600.jpg",600,600,true],"woocommerce_thumbnail":["https:\/\/legacy.sneeboer.com\/app\/uploads\/2023\/11\/4003-3-400x400.jpg",400,400,true],"woocommerce_single":["https:\/\/legacy.sneeboer.com\/app\/uploads\/2023\/11\/4003-3-600x599.jpg",600,599,true],"woocommerce_gallery_thumbnail":["https:\/\/legacy.sneeboer.com\/app\/uploads\/2023\/11\/4003-3-160x192.jpg",160,192,true]},"uagb_author_info":{"display_name":"Jaap van Duijn","author_link":"https:\/\/legacy.sneeboer.com\/de-ch\/author"},"uagb_comment_info":0,"uagb_excerpt":"Der Handspaten ist der Inbegriff von Eleganz und Funktionalit\u00e4t bei Gartenwerkzeugen. Der Handspaten kann zum Wenden von Erde und zum Verpflanzen von Pflanzen verwendet werden, aber auch zum Teilen von Str\u00e4uchern und zum Ausheben kleiner L\u00f6cher. Dieses handwerklich perfekt gefertigte Meisterwerk soll mit seiner exquisiten Verarbeitung und seinen multifunktionalen Einsatzm\u00f6glichkeiten Ihr Gartenerlebnis neu definieren. Der&hellip;","_links":{"self":[{"href":"https:\/\/legacy.sneeboer.com\/de-ch\/wp-json\/wp\/v2\/product\/28689","targetHints":{"allow":["GET"]}}],"collection":[{"href":"https:\/\/legacy.sneeboer.com\/de-ch\/wp-json\/wp\/v2\/product"}],"about":[{"href":"https:\/\/legacy.sneeboer.com\/de-ch\/wp-json\/wp\/v2\/types\/product"}],"wp:featuredmedia":[{"embeddable":true,"href":"https:\/\/legacy.sneeboer.com\/de-ch\/wp-json\/wp\/v2\/media\/46471"}],"wp:attachment":[{"href":"https:\/\/legacy.sneeboer.com\/de-ch\/wp-json\/wp\/v2\/media?parent=28689"}],"wp:term":[{"taxonomy":"product_brand","embeddable":true,"href":"https:\/\/legacy.sneeboer.com\/de-ch\/wp-json\/wp\/v2\/product_brand?post=28689"},{"taxonomy":"product_cat","embeddable":true,"href":"https:\/\/legacy.sneeboer.com\/de-ch\/wp-json\/wp\/v2\/product_cat?post=28689"},{"taxonomy":"product_tag","embeddable":true,"href":"https:\/\/legacy.sneeboer.com\/de-ch\/wp-json\/wp\/v2\/product_tag?post=28689"},{"taxonomy":"soil_types","embeddable":true,"href":"https:\/\/legacy.sneeboer.com\/de-ch\/wp-json\/wp\/v2\/soil_types?post=28689"},{"taxonomy":"weeds","embeddable":true,"href":"https:\/\/legacy.sneeboer.com\/de-ch\/wp-json\/wp\/v2\/weeds?post=28689"},{"taxonomy":"brands","embeddable":true,"href":"https:\/\/legacy.sneeboer.com\/de-ch\/wp-json\/wp\/v2\/brands?post=28689"}],"curies":[{"name":"wp","href":"https:\/\/api.w.org\/{rel}","templated":true}]}}