{"id":47287,"date":"2025-04-01T20:25:08","date_gmt":"2025-04-01T18:25:08","guid":{"rendered":"https:\/\/sneeboer.com\/handgesmeed-tuingereedschap\/gartenkelle"},"modified":"2025-06-13T10:22:09","modified_gmt":"2025-06-13T08:22:09","slug":"gartenkelle","status":"publish","type":"product","link":"https:\/\/legacy.sneeboer.com\/de-ch\/handgeschmiedete-gartengeraete\/gartenkelle","title":{"rendered":"Gartenkelle"},"content":{"rendered":"<p>Die robuste Konstruktion und die sorgf\u00e4ltig gestaltete Form machen diese Kelle auch ideal f\u00fcr das Umsetzen von losem Material wie Sand, Holzschnitzeln oder Pflanzerde. Die Kelle liegt dank des ergonomisch geformten Griffs angenehm in der Hand und ist in zwei hochwertigen Holzarten erh\u00e4ltlich: langlebigem Eschenholz oder elegantem Kirschholz.<\/p>\n","protected":false},"excerpt":{"rendered":"<p>Die Sneeboer Gartenkelle ist ein vielseitiges Werkzeug, das kein Gartenliebhaber missen sollte. Mit ihrer durchdachten Form ist diese Kelle perfekt zum Pflanzen in T\u00f6pfen oder K\u00e4sten. Die tiefe Schalenform sch\u00f6pft genau die richtige Menge Erde oder Kompost aus dem Sack, sodass Sie Ihre T\u00f6pfe effizient bef\u00fcllen k\u00f6nnen.<\/p>\n<p>Diese handgefertigte Gartenkelle verf\u00fcgt \u00fcber einen gezackten Rand, der das \u00d6ffnen von S\u00e4cken mit Blumenerde, Kompost oder anderen Materialien m\u00fchelos macht. Keine Schere oder Messer mehr n\u00f6tig &#8211; mit einer Bewegung rei\u00dfen Sie die Plastikt\u00fcten auf.<\/p>\n","protected":false},"featured_media":50670,"template":"","meta":{"_acf_changed":false,"_uag_custom_page_level_css":""},"product_brand":[],"product_cat":[105],"product_tag":[],"soil_types":[],"weeds":[],"brands":[441],"class_list":{"0":"post-47287","1":"product","2":"type-product","3":"status-publish","4":"has-post-thumbnail","6":"product_cat-handgeraete-2","7":"brands-sneeboer-de-ch","9":"first","10":"instock","11":"taxable","12":"shipping-taxable","13":"purchasable","14":"product-type-simple"},"exclude_global_add_ons":false,"addons":[{"name":"Graveren","type":"custom_text","position":0,"required":false,"title_format":"heading","default":"","description_enable":false,"description":"Voeg maximaal 50 karakters in.","placeholder_enable":false,"placeholder":"","display":"select","restrictions_type":"any_text","adjust_price":true,"price":"4.92","price_type":"quantity_based","restrictions":true,"min":"1","max":"50","options":[],"id":1684165753}],"acf":[],"yoast_head":"<!-- This site is optimized with the Yoast SEO plugin v26.5 - https:\/\/yoast.com\/wordpress\/plugins\/seo\/ -->\n<title>Sneeboer Trading BV<\/title>\n<meta name=\"robots\" content=\"noindex, follow, max-snippet:-1, max-image-preview:large, max-video-preview:-1\" \/>\n<meta property=\"og:locale\" content=\"de_DE\" \/>\n<meta property=\"og:type\" content=\"article\" \/>\n<meta property=\"og:url\" content=\"https:\/\/legacy.sneeboer.com\/de-ch\/handgeschmiedete-gartengeraete\/gartenkelle\" \/>\n<meta property=\"og:site_name\" content=\"Sneeboer Trading BV\" \/>\n<meta property=\"article:publisher\" content=\"https:\/\/www.facebook.com\/Sneeboer\" \/>\n<meta property=\"article:modified_time\" content=\"2025-06-13T08:22:09+00:00\" \/>\n<meta property=\"og:image\" content=\"https:\/\/legacy.sneeboer.com\/app\/uploads\/2025\/04\/IMG_1240-scaled.jpg\" \/>\n\t<meta property=\"og:image:width\" content=\"2560\" \/>\n\t<meta property=\"og:image:height\" content=\"2419\" \/>\n\t<meta property=\"og:image:type\" content=\"image\/jpeg\" \/>\n<meta name=\"twitter:card\" content=\"summary_large_image\" \/>\n<meta name=\"twitter:label1\" content=\"Est. reading time\" \/>\n\t<meta name=\"twitter:data1\" content=\"1 minute\" \/>\n<!-- \/ Yoast SEO plugin. -->","yoast_head_json":{"title":"Sneeboer Trading BV","robots":{"index":"noindex","follow":"follow","max-snippet":"max-snippet:-1","max-image-preview":"max-image-preview:large","max-video-preview":"max-video-preview:-1"},"og_locale":"de_DE","og_type":"article","og_url":"https:\/\/legacy.sneeboer.com\/de-ch\/handgeschmiedete-gartengeraete\/gartenkelle","og_site_name":"Sneeboer Trading BV","article_publisher":"https:\/\/www.facebook.com\/Sneeboer","article_modified_time":"2025-06-13T08:22:09+00:00","og_image":[{"width":2560,"height":2419,"url":"https:\/\/legacy.sneeboer.com\/app\/uploads\/2025\/04\/IMG_1240-scaled.jpg","type":"image\/jpeg"}],"twitter_card":"summary_large_image","twitter_misc":{"Est. reading time":"1 minute"},"schema":{"@context":"https:\/\/schema.org","@graph":[{"@type":"WebPage","@id":"https:\/\/legacy.sneeboer.com\/de-ch\/handgeschmiedete-gartengeraete\/gartenkelle","url":"https:\/\/legacy.sneeboer.com\/de-ch\/handgeschmiedete-gartengeraete\/gartenkelle","name":"Gartenkelle - Sneeboer Trading BV","isPartOf":{"@id":"https:\/\/legacy.sneeboer.com\/de-ch#website"},"primaryImageOfPage":{"@id":"https:\/\/legacy.sneeboer.com\/de-ch\/handgeschmiedete-gartengeraete\/gartenkelle#primaryimage"},"image":{"@id":"https:\/\/legacy.sneeboer.com\/de-ch\/handgeschmiedete-gartengeraete\/gartenkelle#primaryimage"},"thumbnailUrl":"https:\/\/legacy.sneeboer.com\/app\/uploads\/2025\/04\/sneeboer-tuinschepje-4002-002-scaled.jpg","datePublished":"2025-04-01T18:25:08+00:00","dateModified":"2025-06-13T08:22:09+00:00","breadcrumb":{"@id":"https:\/\/legacy.sneeboer.com\/de-ch\/handgeschmiedete-gartengeraete\/gartenkelle#breadcrumb"},"inLanguage":"de-CH","potentialAction":[{"@type":"ReadAction","target":["https:\/\/legacy.sneeboer.com\/de-ch\/handgeschmiedete-gartengeraete\/gartenkelle"]}]},{"@type":"ImageObject","inLanguage":"de-CH","@id":"https:\/\/legacy.sneeboer.com\/de-ch\/handgeschmiedete-gartengeraete\/gartenkelle#primaryimage","url":"https:\/\/legacy.sneeboer.com\/app\/uploads\/2025\/04\/sneeboer-tuinschepje-4002-002-scaled.jpg","contentUrl":"https:\/\/legacy.sneeboer.com\/app\/uploads\/2025\/04\/sneeboer-tuinschepje-4002-002-scaled.jpg","width":2560,"height":2091},{"@type":"BreadcrumbList","@id":"https:\/\/legacy.sneeboer.com\/de-ch\/handgeschmiedete-gartengeraete\/gartenkelle#breadcrumb","itemListElement":[{"@type":"ListItem","position":1,"name":"Home","item":"https:\/\/legacy.sneeboer.com\/de-ch"},{"@type":"ListItem","position":2,"name":"Tuingereedschap","item":"https:\/\/legacy.sneeboer.com\/tuingereedschap"},{"@type":"ListItem","position":3,"name":"Gartenkelle"}]},{"@type":"WebSite","@id":"https:\/\/legacy.sneeboer.com\/de-ch#website","url":"https:\/\/legacy.sneeboer.com\/de-ch","name":"Sneeboer","description":"Tools for life - and generations to come ...","publisher":{"@id":"https:\/\/legacy.sneeboer.com\/de-ch#organization"},"potentialAction":[{"@type":"SearchAction","target":{"@type":"EntryPoint","urlTemplate":"https:\/\/legacy.sneeboer.com\/de-ch?s={search_term_string}"},"query-input":{"@type":"PropertyValueSpecification","valueRequired":true,"valueName":"search_term_string"}}],"inLanguage":"de-CH"},{"@type":"Organization","@id":"https:\/\/legacy.sneeboer.com\/de-ch#organization","name":"Sneeboer","url":"https:\/\/legacy.sneeboer.com\/de-ch","logo":{"@type":"ImageObject","inLanguage":"de-CH","@id":"https:\/\/legacy.sneeboer.com\/de-ch#\/schema\/logo\/image\/","url":"https:\/\/legacy.sneeboer.com\/app\/uploads\/2023\/05\/cropped-logo-sneeboer-110-zwart.png","contentUrl":"https:\/\/legacy.sneeboer.com\/app\/uploads\/2023\/05\/cropped-logo-sneeboer-110-zwart.png","width":2025,"height":572,"caption":"Sneeboer"},"image":{"@id":"https:\/\/legacy.sneeboer.com\/de-ch#\/schema\/logo\/image\/"},"sameAs":["https:\/\/www.facebook.com\/Sneeboer","https:\/\/www.instagram.com\/sneeboer\/","https:\/\/www.youtube.com\/channel\/UCW9Qf54JFJFwVHzRNJbLAcg","https:\/\/pinterest.com\/sneeboer"]}]}},"uagb_featured_image_src":{"full":["https:\/\/legacy.sneeboer.com\/app\/uploads\/2025\/04\/sneeboer-tuinschepje-4002-002-scaled.jpg",2560,2091,false],"thumbnail":["https:\/\/legacy.sneeboer.com\/app\/uploads\/2025\/04\/sneeboer-tuinschepje-4002-002-150x150.jpg",150,150,true],"medium":["https:\/\/legacy.sneeboer.com\/app\/uploads\/2025\/04\/sneeboer-tuinschepje-4002-002-300x245.jpg",300,245,true],"medium_large":["https:\/\/legacy.sneeboer.com\/app\/uploads\/2025\/04\/sneeboer-tuinschepje-4002-002-768x627.jpg",768,627,true],"large":["https:\/\/legacy.sneeboer.com\/app\/uploads\/2025\/04\/sneeboer-tuinschepje-4002-002-1024x836.jpg",1024,836,true],"1536x1536":["https:\/\/legacy.sneeboer.com\/app\/uploads\/2025\/04\/sneeboer-tuinschepje-4002-002-1536x1254.jpg",1536,1254,true],"2048x2048":["https:\/\/legacy.sneeboer.com\/app\/uploads\/2025\/04\/sneeboer-tuinschepje-4002-002-2048x1673.jpg",2048,1673,true],"post-thumbnail":["https:\/\/legacy.sneeboer.com\/app\/uploads\/2025\/04\/sneeboer-tuinschepje-4002-002-80x100.jpg",80,100,true],"restoration-rectangle":["https:\/\/legacy.sneeboer.com\/app\/uploads\/2025\/04\/sneeboer-tuinschepje-4002-002-370x240.jpg",370,240,true],"restoration-single":["https:\/\/legacy.sneeboer.com\/app\/uploads\/2025\/04\/sneeboer-tuinschepje-4002-002-800x400.jpg",800,400,true],"restoration-rectangle-mini":["https:\/\/legacy.sneeboer.com\/app\/uploads\/2025\/04\/sneeboer-tuinschepje-4002-002-20x12.jpg",20,12,true],"restoration-rectangle-mobile":["https:\/\/legacy.sneeboer.com\/app\/uploads\/2025\/04\/sneeboer-tuinschepje-4002-002-290x188.jpg",290,188,true],"restoration-rectangle-x2":["https:\/\/legacy.sneeboer.com\/app\/uploads\/2025\/04\/sneeboer-tuinschepje-4002-002-740x480.jpg",740,480,true],"restoration-single-mini":["https:\/\/legacy.sneeboer.com\/app\/uploads\/2025\/04\/sneeboer-tuinschepje-4002-002-20x10.jpg",20,10,true],"restoration-single-mobile":["https:\/\/legacy.sneeboer.com\/app\/uploads\/2025\/04\/sneeboer-tuinschepje-4002-002-290x145.jpg",290,145,true],"restoration-single-x2":["https:\/\/legacy.sneeboer.com\/app\/uploads\/2025\/04\/sneeboer-tuinschepje-4002-002-1600x800.jpg",1600,800,true],"gform-image-choice-sm":["https:\/\/legacy.sneeboer.com\/app\/uploads\/2025\/04\/sneeboer-tuinschepje-4002-002-scaled.jpg",300,245,false],"gform-image-choice-md":["https:\/\/legacy.sneeboer.com\/app\/uploads\/2025\/04\/sneeboer-tuinschepje-4002-002-scaled.jpg",400,327,false],"gform-image-choice-lg":["https:\/\/legacy.sneeboer.com\/app\/uploads\/2025\/04\/sneeboer-tuinschepje-4002-002-scaled.jpg",600,490,false],"woocommerce_thumbnail":["https:\/\/legacy.sneeboer.com\/app\/uploads\/2025\/04\/sneeboer-tuinschepje-4002-002-400x400.jpg",400,400,true],"woocommerce_single":["https:\/\/legacy.sneeboer.com\/app\/uploads\/2025\/04\/sneeboer-tuinschepje-4002-002-600x490.jpg",600,490,true],"woocommerce_gallery_thumbnail":["https:\/\/legacy.sneeboer.com\/app\/uploads\/2025\/04\/sneeboer-tuinschepje-4002-002-160x192.jpg",160,192,true]},"uagb_author_info":{"display_name":"Sjoerd Sneeboer","author_link":"https:\/\/legacy.sneeboer.com\/de-ch\/author"},"uagb_comment_info":0,"uagb_excerpt":"Die Sneeboer Gartenkelle ist ein vielseitiges Werkzeug, das kein Gartenliebhaber missen sollte. Mit ihrer durchdachten Form ist diese Kelle perfekt zum Pflanzen in T\u00f6pfen oder K\u00e4sten. Die tiefe Schalenform sch\u00f6pft genau die richtige Menge Erde oder Kompost aus dem Sack, sodass Sie Ihre T\u00f6pfe effizient bef\u00fcllen k\u00f6nnen. Diese handgefertigte Gartenkelle verf\u00fcgt \u00fcber einen gezackten Rand,&hellip;","_links":{"self":[{"href":"https:\/\/legacy.sneeboer.com\/de-ch\/wp-json\/wp\/v2\/product\/47287","targetHints":{"allow":["GET"]}}],"collection":[{"href":"https:\/\/legacy.sneeboer.com\/de-ch\/wp-json\/wp\/v2\/product"}],"about":[{"href":"https:\/\/legacy.sneeboer.com\/de-ch\/wp-json\/wp\/v2\/types\/product"}],"wp:featuredmedia":[{"embeddable":true,"href":"https:\/\/legacy.sneeboer.com\/de-ch\/wp-json\/wp\/v2\/media\/50670"}],"wp:attachment":[{"href":"https:\/\/legacy.sneeboer.com\/de-ch\/wp-json\/wp\/v2\/media?parent=47287"}],"wp:term":[{"taxonomy":"product_brand","embeddable":true,"href":"https:\/\/legacy.sneeboer.com\/de-ch\/wp-json\/wp\/v2\/product_brand?post=47287"},{"taxonomy":"product_cat","embeddable":true,"href":"https:\/\/legacy.sneeboer.com\/de-ch\/wp-json\/wp\/v2\/product_cat?post=47287"},{"taxonomy":"product_tag","embeddable":true,"href":"https:\/\/legacy.sneeboer.com\/de-ch\/wp-json\/wp\/v2\/product_tag?post=47287"},{"taxonomy":"soil_types","embeddable":true,"href":"https:\/\/legacy.sneeboer.com\/de-ch\/wp-json\/wp\/v2\/soil_types?post=47287"},{"taxonomy":"weeds","embeddable":true,"href":"https:\/\/legacy.sneeboer.com\/de-ch\/wp-json\/wp\/v2\/weeds?post=47287"},{"taxonomy":"brands","embeddable":true,"href":"https:\/\/legacy.sneeboer.com\/de-ch\/wp-json\/wp\/v2\/brands?post=47287"}],"curies":[{"name":"wp","href":"https:\/\/api.w.org\/{rel}","templated":true}]}}