{"id":22691,"date":"2023-05-01T10:46:43","date_gmt":"2023-05-01T08:46:43","guid":{"rendered":"https:\/\/testsite.sneeboer.com\/home"},"modified":"2023-10-02T14:34:25","modified_gmt":"2023-10-02T12:34:25","slug":"home","status":"publish","type":"page","link":"https:\/\/legacy.sneeboer.com\/de","title":{"rendered":"Home"},"content":{"rendered":"\n<figure class=\"wp-block-video alignfull\" id=\"hero\"><video autoplay loop muted poster=\"https:\/\/legacy.sneeboer.com\/app\/uploads\/2023\/05\/sneeboer-the-movie-1.jpg\" src=\"https:\/\/legacy.sneeboer.com\/app\/uploads\/2023\/05\/sneeboer-home-movie.mp4\" playsinline><\/video><figcaption class=\"wp-element-caption\"><strong>Tools for life<\/strong><br>And generations to come&#8230;<\/figcaption><\/figure>\n\n\n\n<div style=\"height:100px\" aria-hidden=\"true\" class=\"wp-block-spacer\"><\/div>\n\n\n\n<h2 class=\"wp-block-heading has-text-align-center\">Mehr als 110 Jahre Erfahrung<\/h2>\n\n\n\n<p class=\"has-text-align-center\">Erfahrene Handwerker nutzen traditionelle Techniken und moderne Produktionsmethoden, um die langlebigen und hochwertigen Gartenger\u00e4te herzustellen. Die vierte Generation der Sneeboer-Dynastie ist seit Januar 2022 daf\u00fcr verantwortlich, die Sneeboer-Synergie aus Tradition und Innovation fortzuf\u00fchren, stets unter dem Motto des Gr\u00fcnders Arie Sneeboer: \u201eIch wei\u00df, wie man es besser macht\u201c. Ganz nach dem bekannten Sprichwort: \u201eWer jemals einen Sneeboer in den H\u00e4nden gehalten hat, wird nie etwas anderes wollen.\u201c<\/p>\n\n\n\n<div style=\"height:100px\" aria-hidden=\"true\" class=\"wp-block-spacer\"><\/div>\n\n\n\n<h2 class=\"wp-block-heading has-text-align-center\">Handgeschmiedete Gartenger\u00e4te<\/h2>\n\n\n<div data-align-buttons=\"true\" data-block-name=\"woocommerce\/product-best-sellers\" data-categories=\"[213,222,231,240,249]\" data-columns=\"5\" data-content-visibility=\"{&quot;image&quot;:true,&quot;title&quot;:true,&quot;price&quot;:true,&quot;rating&quot;:true,&quot;button&quot;:true}\" data-rows=\"1\" data-u-a-g-day=\"[]\" class=\"wc-block-grid wp-block-product-best-sellers wp-block-woocommerce-product-best-sellers wc-block-product-best-sellers has-5-columns has-aligned-buttons\"><ul class=\"wc-block-grid__products\"><li class=\"wc-block-grid__product product\">\n\t\t\t\t<div class=\"thb-product-inner-wrapper\">\n\t\t\t\t\n\t\t\t\t<figure class=\"product-thumbnail\">\n\t\t\t\t\t\t<a href=\"https:\/\/legacy.sneeboer.com\/en-gb\/hand-forged-garden-tools\/transplanting-trowel-2\" class=\"wc-block-grid__product-link thb-product-image-link\">\n\t\t\t\t\t\t\t\t <div class=\"wc-block-grid__product-image\"><img loading=\"lazy\" decoding=\"async\" width=\"400\" height=\"400\" src=\"https:\/\/legacy.sneeboer.com\/app\/uploads\/2023\/05\/4007-140250_Verplantschopje_zonder-logo-update-400x400.jpg\" class=\"attachment-woocommerce_thumbnail size-woocommerce_thumbnail\" alt=\"Sneeboer Verplantschopje\" srcset=\"https:\/\/legacy.sneeboer.com\/app\/uploads\/2023\/05\/4007-140250_Verplantschopje_zonder-logo-update-400x400.jpg 400w, https:\/\/legacy.sneeboer.com\/app\/uploads\/2023\/05\/4007-140250_Verplantschopje_zonder-logo-update-300x300.jpg 300w, https:\/\/legacy.sneeboer.com\/app\/uploads\/2023\/05\/4007-140250_Verplantschopje_zonder-logo-update-150x150.jpg 150w\" sizes=\"auto, (max-width: 400px) 100vw, 400px\" \/><\/div>\n\t\t\t\t\t\t<\/a>\n\t\t\t\t<\/figure>\n\t\t\t\t<div class=\"thb-product-inner-content\">\n\t\t\t\t\t<h2 class=\"woocommerce-loop-product__title\"><a href=\"https:\/\/legacy.sneeboer.com\/en-gb\/hand-forged-garden-tools\/transplanting-trowel-2\"><div class=\"wc-block-grid__product-title\">Transplanting Trowel<\/div><\/a><\/h2>\n\t\t\t\t\t<div class=\"thb_transform_price\">\n\t\t\t\t\t\t<div class=\"thb_transform_loop_price\">\n\t\t\t\t\t\t<div class=\"wc-block-grid__product-price price\"><span class=\"woocommerce-Price-amount amount\"><span class=\"woocommerce-Price-currencySymbol\">&euro;<\/span>&nbsp;42,52<\/span><\/div>\n\t\t\t\t\t\t<\/div>\n\t\t\t\t\t\t<div class=\"thb_transform_loop_buttons\">\n\t\t\t\t\t\t<div class=\"wp-block-button wc-block-grid__product-add-to-cart\"><a href=\"\/de\/wp-json\/wp\/v2\/pages\/22691?add-to-cart=16291\" aria-label=\"Add to cart: &ldquo;Transplanting Trowel&rdquo;\" data-quantity=\"1\" data-product_id=\"16291\" data-product_sku=\"4007-140250\" data-price=\"42.52\" rel=\"nofollow\" class=\"wp-block-button__link  add_to_cart_button ajax_add_to_cart\">Add to cart<\/a><\/div>\n\t\t\t\t\t\t<\/div>\n\t\t\t\t\t<\/div>\n\t\t\t\t\n\t\t\t\t<\/div>\n\t\t\t\t<\/div>\n\t\t\t<\/li><li class=\"wc-block-grid__product product\">\n\t\t\t\t<div class=\"thb-product-inner-wrapper\">\n\t\t\t\t\n\t\t\t\t<figure class=\"product-thumbnail\">\n\t\t\t\t\t\t<a href=\"https:\/\/legacy.sneeboer.com\/en-gb\/hand-forged-garden-tools\/royal-dutch-hoe-125-cm\" class=\"wc-block-grid__product-link thb-product-image-link\">\n\t\t\t\t\t\t\t\t <div class=\"wc-block-grid__product-image\"><img loading=\"lazy\" decoding=\"async\" width=\"400\" height=\"400\" src=\"https:\/\/legacy.sneeboer.com\/app\/uploads\/2023\/05\/2.1.Sneeboer_Royal-schoffel_2252-112252_wit_detail1-400x400.jpg\" class=\"attachment-woocommerce_thumbnail size-woocommerce_thumbnail\" alt=\"Royal Dutch Hoe 12,5 cm\" srcset=\"https:\/\/legacy.sneeboer.com\/app\/uploads\/2023\/05\/2.1.Sneeboer_Royal-schoffel_2252-112252_wit_detail1-400x400.jpg 400w, https:\/\/legacy.sneeboer.com\/app\/uploads\/2023\/05\/2.1.Sneeboer_Royal-schoffel_2252-112252_wit_detail1-150x150.jpg 150w\" sizes=\"auto, (max-width: 400px) 100vw, 400px\" \/><\/div>\n\t\t\t\t\t\t<\/a>\n\t\t\t\t<\/figure>\n\t\t\t\t<div class=\"thb-product-inner-content\">\n\t\t\t\t\t<h2 class=\"woocommerce-loop-product__title\"><a href=\"https:\/\/legacy.sneeboer.com\/en-gb\/hand-forged-garden-tools\/royal-dutch-hoe-125-cm\"><div class=\"wc-block-grid__product-title\">Royal Dutch Hoe 12,5 cm<\/div><\/a><\/h2>\n\t\t\t\t\t<div class=\"thb_transform_price\">\n\t\t\t\t\t\t<div class=\"thb_transform_loop_price\">\n\t\t\t\t\t\t<div class=\"wc-block-grid__product-price price\"><span class=\"woocommerce-Price-amount amount\"><span class=\"woocommerce-Price-currencySymbol\">&euro;<\/span>&nbsp;80,04<\/span><\/div>\n\t\t\t\t\t\t<\/div>\n\t\t\t\t\t\t<div class=\"thb_transform_loop_buttons\">\n\t\t\t\t\t\t<div class=\"wp-block-button wc-block-grid__product-add-to-cart\"><a href=\"\/de\/wp-json\/wp\/v2\/pages\/22691?add-to-cart=19757\" aria-label=\"Add to cart: &ldquo;Royal Dutch Hoe 12,5 cm&rdquo;\" data-quantity=\"1\" data-product_id=\"19757\" data-product_sku=\"2252-112252\" data-price=\"80.04\" rel=\"nofollow\" class=\"wp-block-button__link  add_to_cart_button ajax_add_to_cart\">Add to cart<\/a><\/div>\n\t\t\t\t\t\t<\/div>\n\t\t\t\t\t<\/div>\n\t\t\t\t\n\t\t\t\t<\/div>\n\t\t\t\t<\/div>\n\t\t\t<\/li><li class=\"wc-block-grid__product product\">\n\t\t\t\t<div class=\"thb-product-inner-wrapper\">\n\t\t\t\t\n\t\t\t\t<figure class=\"product-thumbnail\">\n\t\t\t\t\t\t<a href=\"https:\/\/legacy.sneeboer.com\/en-gb\/hand-forged-garden-tools\/planting-trowel-old-dutch-style-monty-don-favourite-tool\" class=\"wc-block-grid__product-link thb-product-image-link\">\n\t\t\t\t\t\t\t\t <div class=\"wc-block-grid__product-image\"><img loading=\"lazy\" decoding=\"async\" width=\"400\" height=\"400\" src=\"https:\/\/legacy.sneeboer.com\/app\/uploads\/2023\/05\/8715093049066-2-400x400.jpg\" class=\"attachment-woocommerce_thumbnail size-woocommerce_thumbnail\" alt=\"Planting Trowel Old Dutch style\" srcset=\"https:\/\/legacy.sneeboer.com\/app\/uploads\/2023\/05\/8715093049066-2-400x400.jpg 400w, https:\/\/legacy.sneeboer.com\/app\/uploads\/2023\/05\/8715093049066-2-300x300.jpg 300w, https:\/\/legacy.sneeboer.com\/app\/uploads\/2023\/05\/8715093049066-2-150x150.jpg 150w\" sizes=\"auto, (max-width: 400px) 100vw, 400px\" \/><\/div>\n\t\t\t\t\t\t<\/a>\n\t\t\t\t<\/figure>\n\t\t\t\t<div class=\"thb-product-inner-content\">\n\t\t\t\t\t<h2 class=\"woocommerce-loop-product__title\"><a href=\"https:\/\/legacy.sneeboer.com\/en-gb\/hand-forged-garden-tools\/planting-trowel-old-dutch-style-monty-don-favourite-tool\"><div class=\"wc-block-grid__product-title\">Planting Trowel Old Dutch style<\/div><\/a><\/h2>\n\t\t\t\t\t<div class=\"thb_transform_price\">\n\t\t\t\t\t\t<div class=\"thb_transform_loop_price\">\n\t\t\t\t\t\t<div class=\"wc-block-grid__product-price price\"><span class=\"woocommerce-Price-amount amount\"><span class=\"woocommerce-Price-currencySymbol\">&euro;<\/span>&nbsp;59,26<\/span><\/div>\n\t\t\t\t\t\t<\/div>\n\t\t\t\t\t\t<div class=\"thb_transform_loop_buttons\">\n\t\t\t\t\t\t<div class=\"wp-block-button wc-block-grid__product-add-to-cart\"><a href=\"\/de\/wp-json\/wp\/v2\/pages\/22691?add-to-cart=16039\" aria-label=\"Add to cart: &ldquo;Planting Trowel Old Dutch style&rdquo;\" data-quantity=\"1\" data-product_id=\"16039\" data-product_sku=\"4006-650175\" data-price=\"59.26\" rel=\"nofollow\" class=\"wp-block-button__link  add_to_cart_button ajax_add_to_cart\">Add to cart<\/a><\/div>\n\t\t\t\t\t\t<\/div>\n\t\t\t\t\t<\/div>\n\t\t\t\t\n\t\t\t\t<\/div>\n\t\t\t\t<\/div>\n\t\t\t<\/li><li class=\"wc-block-grid__product product\">\n\t\t\t\t<div class=\"thb-product-inner-wrapper\">\n\t\t\t\t\n\t\t\t\t<figure class=\"product-thumbnail\">\n\t\t\t\t\t\t<a href=\"https:\/\/legacy.sneeboer.com\/en-gb\/hand-forged-garden-tools\/weeding-trowel-2\" class=\"wc-block-grid__product-link thb-product-image-link\">\n\t\t\t\t\t\t\t\t <div class=\"wc-block-grid__product-image\"><img loading=\"lazy\" decoding=\"async\" width=\"400\" height=\"400\" src=\"https:\/\/legacy.sneeboer.com\/app\/uploads\/2023\/05\/8715093040148-1-400x400.jpg\" class=\"attachment-woocommerce_thumbnail size-woocommerce_thumbnail\" alt=\"Weeding Trowel\" srcset=\"https:\/\/legacy.sneeboer.com\/app\/uploads\/2023\/05\/8715093040148-1-400x400.jpg 400w, https:\/\/legacy.sneeboer.com\/app\/uploads\/2023\/05\/8715093040148-1-300x300.jpg 300w, https:\/\/legacy.sneeboer.com\/app\/uploads\/2023\/05\/8715093040148-1-150x150.jpg 150w\" sizes=\"auto, (max-width: 400px) 100vw, 400px\" \/><\/div>\n\t\t\t\t\t\t<\/a>\n\t\t\t\t<\/figure>\n\t\t\t\t<div class=\"thb-product-inner-content\">\n\t\t\t\t\t<h2 class=\"woocommerce-loop-product__title\"><a href=\"https:\/\/legacy.sneeboer.com\/en-gb\/hand-forged-garden-tools\/weeding-trowel-2\"><div class=\"wc-block-grid__product-title\">Weeding Trowel<\/div><\/a><\/h2>\n\t\t\t\t\t<div class=\"thb_transform_price\">\n\t\t\t\t\t\t<div class=\"thb_transform_loop_price\">\n\t\t\t\t\t\t<div class=\"wc-block-grid__product-price price\"><span class=\"woocommerce-Price-amount amount\"><span class=\"woocommerce-Price-currencySymbol\">&euro;<\/span>&nbsp;42,73<\/span><\/div>\n\t\t\t\t\t\t<\/div>\n\t\t\t\t\t\t<div class=\"thb_transform_loop_buttons\">\n\t\t\t\t\t\t<div class=\"wp-block-button wc-block-grid__product-add-to-cart\"><a href=\"\/de\/wp-json\/wp\/v2\/pages\/22691?add-to-cart=14986\" aria-label=\"Add to cart: &ldquo;Weeding Trowel&rdquo;\" data-quantity=\"1\" data-product_id=\"14986\" data-product_sku=\"4014-140250\" data-price=\"42.73\" rel=\"nofollow\" class=\"wp-block-button__link  add_to_cart_button ajax_add_to_cart\">Add to cart<\/a><\/div>\n\t\t\t\t\t\t<\/div>\n\t\t\t\t\t<\/div>\n\t\t\t\t\n\t\t\t\t<\/div>\n\t\t\t\t<\/div>\n\t\t\t<\/li><li class=\"wc-block-grid__product product\">\n\t\t\t\t<div class=\"thb-product-inner-wrapper\">\n\t\t\t\t\n\t\t\t\t<figure class=\"product-thumbnail\">\n\t\t\t\t\t\t<a href=\"https:\/\/legacy.sneeboer.com\/en-gb\/hand-forged-garden-tools\/dandelion-digger-2\" class=\"wc-block-grid__product-link thb-product-image-link\">\n\t\t\t\t\t\t\t\t <div class=\"wc-block-grid__product-image\"><img loading=\"lazy\" decoding=\"async\" width=\"400\" height=\"400\" src=\"https:\/\/legacy.sneeboer.com\/app\/uploads\/2023\/05\/8715093080052-1-400x400.jpg\" class=\"attachment-woocommerce_thumbnail size-woocommerce_thumbnail\" alt=\"Dandelion Digger\" srcset=\"https:\/\/legacy.sneeboer.com\/app\/uploads\/2023\/05\/8715093080052-1-400x400.jpg 400w, https:\/\/legacy.sneeboer.com\/app\/uploads\/2023\/05\/8715093080052-1-300x300.jpg 300w, https:\/\/legacy.sneeboer.com\/app\/uploads\/2023\/05\/8715093080052-1-150x150.jpg 150w\" sizes=\"auto, (max-width: 400px) 100vw, 400px\" \/><\/div>\n\t\t\t\t\t\t<\/a>\n\t\t\t\t<\/figure>\n\t\t\t\t<div class=\"thb-product-inner-content\">\n\t\t\t\t\t<h2 class=\"woocommerce-loop-product__title\"><a href=\"https:\/\/legacy.sneeboer.com\/en-gb\/hand-forged-garden-tools\/dandelion-digger-2\"><div class=\"wc-block-grid__product-title\">Dandelion Digger<\/div><\/a><\/h2>\n\t\t\t\t\t<div class=\"thb_transform_price\">\n\t\t\t\t\t\t<div class=\"thb_transform_loop_price\">\n\t\t\t\t\t\t<div class=\"wc-block-grid__product-price price\"><span class=\"woocommerce-Price-amount amount\"><span class=\"woocommerce-Price-currencySymbol\">&euro;<\/span>&nbsp;27,81<\/span><\/div>\n\t\t\t\t\t\t<\/div>\n\t\t\t\t\t\t<div class=\"thb_transform_loop_buttons\">\n\t\t\t\t\t\t<div class=\"wp-block-button wc-block-grid__product-add-to-cart\"><a href=\"\/de\/wp-json\/wp\/v2\/pages\/22691?add-to-cart=8560\" aria-label=\"Add to cart: &ldquo;Dandelion Digger&rdquo;\" data-quantity=\"1\" data-product_id=\"8560\" data-product_sku=\"8005-140250\" data-price=\"27.81\" rel=\"nofollow\" class=\"wp-block-button__link  add_to_cart_button ajax_add_to_cart\">Add to cart<\/a><\/div>\n\t\t\t\t\t\t<\/div>\n\t\t\t\t\t<\/div>\n\t\t\t\t\n\t\t\t\t<\/div>\n\t\t\t\t<\/div>\n\t\t\t<\/li><\/ul><\/div>\n\n\n<div style=\"height:100px\" aria-hidden=\"true\" class=\"wp-block-spacer\"><\/div>\n\n\n\n<h2 class=\"wp-block-heading\">Neueste Nachrichten<\/h2>\n\n\n\n\t\t\t<div class=\"wp-block-uagb-post-grid uagb-post-grid  uagb-post__image-position-top uagb-post__image-enabled uagb-block-ecc4f103     uagb-post__items uagb-post__columns-4 is-grid uagb-post__columns-tablet-2 uagb-post__columns-mobile-1 uagb-post__equal-height uagb-equal_height_inline-read-more-buttons\" data-total=\"12\" style=\"\">\n\n\t\t\t\t\t\t\t\t\t\t\t\t<article class=\"uagb-post__inner-wrap\">\t\t\t\t\t\t\t\t<div class='uagb-post__image'>\n\t\t\t\t\t\t\t\t\t<a href=\"https:\/\/legacy.sneeboer.com\/de\/exklusiver-goyard-tasche\" target=\"_self\" rel=\"bookmark noopener noreferrer\" class='uagb-image-ratio-inherit'><img loading=\"lazy\" decoding=\"async\" width=\"400\" height=\"400\" src=\"https:\/\/legacy.sneeboer.com\/app\/uploads\/2025\/05\/Goyard-3-400x400.jpg\" class=\"attachment-woocommerce_thumbnail size-woocommerce_thumbnail\" alt=\"\" srcset=\"https:\/\/legacy.sneeboer.com\/app\/uploads\/2025\/05\/Goyard-3-400x400.jpg 400w, https:\/\/legacy.sneeboer.com\/app\/uploads\/2025\/05\/Goyard-3-150x150.jpg 150w\" sizes=\"auto, (max-width: 400px) 100vw, 400px\" \/>\t\t\t\t\t<\/a>\n\t\t\t\t\t\t\t<\/div>\n\t\t\t\t\t\t<h3 class=\"uagb-post__title uagb-post__text\">\n\t\t\t\t<a href=\"https:\/\/legacy.sneeboer.com\/de\/exklusiver-goyard-tasche\" target=\"_self\" rel=\"bookmark noopener noreferrer\">Sneeboer Gartenwerkzeuge gl\u00e4nzen in exklusiver Goyard Tasche<\/a>\n\t\t\t<\/h3>\n\t\t\t\t\t\t<div class='uagb-post__text uagb-post-grid-byline'>\n\t\t\t\t\t\t\t\t<time datetime=\"2025-05-16T15:43:17+02:00\" class=\"uagb-post__date\">\n\t\t\t\t<span class=\"dashicons-calendar dashicons\"><\/span>\t\t\t\t\t16 May 2025\t\t\t\t<\/time>\n\t\t\t\t\t\t<\/div>\n\t\t\t\t\t\t<div class=\"uagb-post__text uagb-post__cta wp-block-button\">\n\t\t\t\t<a class=\"wp-block-button__link uagb-text-link\" style=\"\" href=\"https:\/\/legacy.sneeboer.com\/de\/exklusiver-goyard-tasche\" target=\"_self\" rel=\"bookmark noopener noreferrer\">Read More<\/a>\n\t\t\t<\/div>\n\t\t\t\n\t\t\t\t\t\t\t\t\t<\/article>\n\t\t\t\t\t\t\t\t\t\t\t\t\t\t\t\t<article class=\"uagb-post__inner-wrap\">\t\t\t\t\t\t\t\t<div class='uagb-post__image'>\n\t\t\t\t\t\t\t\t\t<a href=\"https:\/\/legacy.sneeboer.com\/de\/sneeboer-finalist-rhs-chelsea-sustainable-business-of-the-year-award-2025\" target=\"_self\" rel=\"bookmark noopener noreferrer\" class='uagb-image-ratio-inherit'><img loading=\"lazy\" decoding=\"async\" width=\"400\" height=\"400\" src=\"https:\/\/legacy.sneeboer.com\/app\/uploads\/2025\/04\/sneeboer-finalist-RHS-Chelsea-Sustainable-Business-of-the-Year-Award-2025-400x400.jpg\" class=\"attachment-woocommerce_thumbnail size-woocommerce_thumbnail\" alt=\"\" srcset=\"https:\/\/legacy.sneeboer.com\/app\/uploads\/2025\/04\/sneeboer-finalist-RHS-Chelsea-Sustainable-Business-of-the-Year-Award-2025-400x400.jpg 400w, https:\/\/legacy.sneeboer.com\/app\/uploads\/2025\/04\/sneeboer-finalist-RHS-Chelsea-Sustainable-Business-of-the-Year-Award-2025-300x300.jpg 300w, https:\/\/legacy.sneeboer.com\/app\/uploads\/2025\/04\/sneeboer-finalist-RHS-Chelsea-Sustainable-Business-of-the-Year-Award-2025-150x150.jpg 150w\" sizes=\"auto, (max-width: 400px) 100vw, 400px\" \/>\t\t\t\t\t<\/a>\n\t\t\t\t\t\t\t<\/div>\n\t\t\t\t\t\t<h3 class=\"uagb-post__title uagb-post__text\">\n\t\t\t\t<a href=\"https:\/\/legacy.sneeboer.com\/de\/sneeboer-finalist-rhs-chelsea-sustainable-business-of-the-year-award-2025\" target=\"_self\" rel=\"bookmark noopener noreferrer\">Sneeboer als Finalist f\u00fcr den RHS Chelsea Sustainable Business of the Year 2025<\/a>\n\t\t\t<\/h3>\n\t\t\t\t\t\t<div class='uagb-post__text uagb-post-grid-byline'>\n\t\t\t\t\t\t\t\t<time datetime=\"2025-04-11T10:25:24+02:00\" class=\"uagb-post__date\">\n\t\t\t\t<span class=\"dashicons-calendar dashicons\"><\/span>\t\t\t\t\t11 April 2025\t\t\t\t<\/time>\n\t\t\t\t\t\t<\/div>\n\t\t\t\t\t\t<div class=\"uagb-post__text uagb-post__cta wp-block-button\">\n\t\t\t\t<a class=\"wp-block-button__link uagb-text-link\" style=\"\" href=\"https:\/\/legacy.sneeboer.com\/de\/sneeboer-finalist-rhs-chelsea-sustainable-business-of-the-year-award-2025\" target=\"_self\" rel=\"bookmark noopener noreferrer\">Read More<\/a>\n\t\t\t<\/div>\n\t\t\t\n\t\t\t\t\t\t\t\t\t<\/article>\n\t\t\t\t\t\t\t\t\t\t\t\t\t\t\t\t<article class=\"uagb-post__inner-wrap\">\t\t\t\t\t\t\t\t<div class='uagb-post__image'>\n\t\t\t\t\t\t\t\t\t<a href=\"https:\/\/legacy.sneeboer.com\/de\/neu-die-garden-scoop\" target=\"_self\" rel=\"bookmark noopener noreferrer\" class='uagb-image-ratio-inherit'><img loading=\"lazy\" decoding=\"async\" width=\"400\" height=\"400\" src=\"https:\/\/legacy.sneeboer.com\/app\/uploads\/2025\/04\/IMG_1240-400x400.jpg\" class=\"attachment-woocommerce_thumbnail size-woocommerce_thumbnail\" alt=\"\" srcset=\"https:\/\/legacy.sneeboer.com\/app\/uploads\/2025\/04\/IMG_1240-400x400.jpg 400w, https:\/\/legacy.sneeboer.com\/app\/uploads\/2025\/04\/IMG_1240-150x150.jpg 150w\" sizes=\"auto, (max-width: 400px) 100vw, 400px\" \/>\t\t\t\t\t<\/a>\n\t\t\t\t\t\t\t<\/div>\n\t\t\t\t\t\t<h3 class=\"uagb-post__title uagb-post__text\">\n\t\t\t\t<a href=\"https:\/\/legacy.sneeboer.com\/de\/neu-die-garden-scoop\" target=\"_self\" rel=\"bookmark noopener noreferrer\">Neu von Sneeboer: Die Garden Scoop \u2013 nominiert f\u00fcr das Sustainable Garden Product of the Year auf der Chelsea Flower Show 2025<\/a>\n\t\t\t<\/h3>\n\t\t\t\t\t\t<div class='uagb-post__text uagb-post-grid-byline'>\n\t\t\t\t\t\t\t\t<time datetime=\"2025-04-02T10:08:26+02:00\" class=\"uagb-post__date\">\n\t\t\t\t<span class=\"dashicons-calendar dashicons\"><\/span>\t\t\t\t\t2 April 2025\t\t\t\t<\/time>\n\t\t\t\t\t\t<\/div>\n\t\t\t\t\t\t<div class=\"uagb-post__text uagb-post__cta wp-block-button\">\n\t\t\t\t<a class=\"wp-block-button__link uagb-text-link\" style=\"\" href=\"https:\/\/legacy.sneeboer.com\/de\/neu-die-garden-scoop\" target=\"_self\" rel=\"bookmark noopener noreferrer\">Read More<\/a>\n\t\t\t<\/div>\n\t\t\t\n\t\t\t\t\t\t\t\t\t<\/article>\n\t\t\t\t\t\t\t\t\t\t\t\t\t\t\t\t<article class=\"uagb-post__inner-wrap\">\t\t\t\t\t\t\t\t<div class='uagb-post__image'>\n\t\t\t\t\t\t\t\t\t<a href=\"https:\/\/legacy.sneeboer.com\/de\/sneeboer-auf-messen-2025\" target=\"_self\" rel=\"bookmark noopener noreferrer\" class='uagb-image-ratio-inherit'><img loading=\"lazy\" decoding=\"async\" width=\"400\" height=\"400\" src=\"https:\/\/legacy.sneeboer.com\/app\/uploads\/2025\/03\/sneeboer-beurzen-2025-02-400x400.jpg\" class=\"attachment-woocommerce_thumbnail size-woocommerce_thumbnail\" alt=\"\" srcset=\"https:\/\/legacy.sneeboer.com\/app\/uploads\/2025\/03\/sneeboer-beurzen-2025-02-400x400.jpg 400w, https:\/\/legacy.sneeboer.com\/app\/uploads\/2025\/03\/sneeboer-beurzen-2025-02-150x150.jpg 150w\" sizes=\"auto, (max-width: 400px) 100vw, 400px\" \/>\t\t\t\t\t<\/a>\n\t\t\t\t\t\t\t<\/div>\n\t\t\t\t\t\t<h3 class=\"uagb-post__title uagb-post__text\">\n\t\t\t\t<a href=\"https:\/\/legacy.sneeboer.com\/de\/sneeboer-auf-messen-2025\" target=\"_self\" rel=\"bookmark noopener noreferrer\">Sneeboer auf Messen 2025<\/a>\n\t\t\t<\/h3>\n\t\t\t\t\t\t<div class='uagb-post__text uagb-post-grid-byline'>\n\t\t\t\t\t\t\t\t<time datetime=\"2025-03-21T17:25:55+01:00\" class=\"uagb-post__date\">\n\t\t\t\t<span class=\"dashicons-calendar dashicons\"><\/span>\t\t\t\t\t21 March 2025\t\t\t\t<\/time>\n\t\t\t\t\t\t<\/div>\n\t\t\t\t\t\t<div class=\"uagb-post__text uagb-post__cta wp-block-button\">\n\t\t\t\t<a class=\"wp-block-button__link uagb-text-link\" style=\"\" href=\"https:\/\/legacy.sneeboer.com\/de\/sneeboer-auf-messen-2025\" target=\"_self\" rel=\"bookmark noopener noreferrer\">Read More<\/a>\n\t\t\t<\/div>\n\t\t\t\n\t\t\t\t\t\t\t\t\t<\/article>\n\t\t\t\t\t\t\t\t\t\t\t<\/div>\n\t\t\t","protected":false},"excerpt":{"rendered":"<p>Mehr als 110 Jahre Erfahrung Erfahrene Handwerker nutzen traditionelle Techniken und moderne Produktionsmethoden, um die langlebigen und hochwertigen Gartenger\u00e4te herzustellen. Die vierte Generation der Sneeboer-Dynastie ist seit Januar 2022 daf\u00fcr verantwortlich, die Sneeboer-Synergie aus Tradition und Innovation fortzuf\u00fchren, stets unter dem Motto des Gr\u00fcnders Arie Sneeboer: \u201eIch wei\u00df, wie man es besser macht\u201c. Ganz nach&hellip;<\/p>\n","protected":false},"author":3,"featured_media":0,"parent":0,"menu_order":0,"comment_status":"closed","ping_status":"closed","template":"","meta":{"_acf_changed":false,"_uag_custom_page_level_css":"","footnotes":""},"class_list":["post-22691","page","type-page","status-publish","hentry"],"acf":[],"yoast_head":"<!-- This site is optimized with the Yoast SEO plugin v26.5 - https:\/\/yoast.com\/wordpress\/plugins\/seo\/ -->\n<title>Sneeboer Trading BV<\/title>\n<meta name=\"robots\" content=\"noindex, follow, max-snippet:-1, max-image-preview:large, max-video-preview:-1\" \/>\n<meta property=\"og:locale\" content=\"de_DE\" \/>\n<meta property=\"og:type\" content=\"article\" \/>\n<meta property=\"og:url\" content=\"https:\/\/legacy.sneeboer.com\/de\" \/>\n<meta property=\"og:site_name\" content=\"Sneeboer Trading BV\" \/>\n<meta property=\"article:publisher\" content=\"https:\/\/www.facebook.com\/Sneeboer\" \/>\n<meta property=\"article:modified_time\" content=\"2023-10-02T12:34:25+00:00\" \/>\n<meta name=\"twitter:card\" content=\"summary_large_image\" \/>\n<!-- \/ Yoast SEO plugin. -->","yoast_head_json":{"title":"Sneeboer Trading BV","robots":{"index":"noindex","follow":"follow","max-snippet":"max-snippet:-1","max-image-preview":"max-image-preview:large","max-video-preview":"max-video-preview:-1"},"og_locale":"de_DE","og_type":"article","og_url":"https:\/\/legacy.sneeboer.com\/de","og_site_name":"Sneeboer Trading BV","article_publisher":"https:\/\/www.facebook.com\/Sneeboer","article_modified_time":"2023-10-02T12:34:25+00:00","twitter_card":"summary_large_image","schema":{"@context":"https:\/\/schema.org","@graph":[{"@type":"WebPage","@id":"https:\/\/legacy.sneeboer.com\/de","url":"https:\/\/legacy.sneeboer.com\/de","name":"Home - Sneeboer Trading BV","isPartOf":{"@id":"https:\/\/legacy.sneeboer.com\/de#website"},"datePublished":"2023-05-01T08:46:43+00:00","dateModified":"2023-10-02T12:34:25+00:00","breadcrumb":{"@id":"https:\/\/legacy.sneeboer.com\/de#breadcrumb"},"inLanguage":"de-DE","potentialAction":[{"@type":"ReadAction","target":["https:\/\/legacy.sneeboer.com\/de"]}]},{"@type":"BreadcrumbList","@id":"https:\/\/legacy.sneeboer.com\/de#breadcrumb","itemListElement":[{"@type":"ListItem","position":1,"name":"Home","item":"https:\/\/legacy.sneeboer.com\/de"},{"@type":"ListItem","position":2,"name":"Home"}]},{"@type":"WebSite","@id":"https:\/\/legacy.sneeboer.com\/de#website","url":"https:\/\/legacy.sneeboer.com\/de","name":"Sneeboer","description":"Tools for life - and generations to come ...","publisher":{"@id":"https:\/\/legacy.sneeboer.com\/de#organization"},"potentialAction":[{"@type":"SearchAction","target":{"@type":"EntryPoint","urlTemplate":"https:\/\/legacy.sneeboer.com\/de?s={search_term_string}"},"query-input":{"@type":"PropertyValueSpecification","valueRequired":true,"valueName":"search_term_string"}}],"inLanguage":"de-DE"},{"@type":"Organization","@id":"https:\/\/legacy.sneeboer.com\/de#organization","name":"Sneeboer","url":"https:\/\/legacy.sneeboer.com\/de","logo":{"@type":"ImageObject","inLanguage":"de-DE","@id":"https:\/\/legacy.sneeboer.com\/de#\/schema\/logo\/image\/","url":"https:\/\/legacy.sneeboer.com\/app\/uploads\/2023\/05\/cropped-logo-sneeboer-110-zwart.png","contentUrl":"https:\/\/legacy.sneeboer.com\/app\/uploads\/2023\/05\/cropped-logo-sneeboer-110-zwart.png","width":2025,"height":572,"caption":"Sneeboer"},"image":{"@id":"https:\/\/legacy.sneeboer.com\/de#\/schema\/logo\/image\/"},"sameAs":["https:\/\/www.facebook.com\/Sneeboer","https:\/\/www.instagram.com\/sneeboer\/","https:\/\/www.youtube.com\/channel\/UCW9Qf54JFJFwVHzRNJbLAcg","https:\/\/pinterest.com\/sneeboer"]}]}},"uagb_featured_image_src":{"full":false,"thumbnail":false,"medium":false,"medium_large":false,"large":false,"1536x1536":false,"2048x2048":false,"post-thumbnail":false,"restoration-rectangle":false,"restoration-single":false,"restoration-rectangle-mini":false,"restoration-rectangle-mobile":false,"restoration-rectangle-x2":false,"restoration-single-mini":false,"restoration-single-mobile":false,"restoration-single-x2":false,"gform-image-choice-sm":false,"gform-image-choice-md":false,"gform-image-choice-lg":false,"woocommerce_thumbnail":false,"woocommerce_single":false,"woocommerce_gallery_thumbnail":false},"uagb_author_info":{"display_name":"Sjoerd Sneeboer","author_link":"https:\/\/legacy.sneeboer.com\/de\/author\/sjoerdsneeboer-com"},"uagb_comment_info":0,"uagb_excerpt":"Mehr als 110 Jahre Erfahrung Erfahrene Handwerker nutzen traditionelle Techniken und moderne Produktionsmethoden, um die langlebigen und hochwertigen Gartenger\u00e4te herzustellen. Die vierte Generation der Sneeboer-Dynastie ist seit Januar 2022 daf\u00fcr verantwortlich, die Sneeboer-Synergie aus Tradition und Innovation fortzuf\u00fchren, stets unter dem Motto des Gr\u00fcnders Arie Sneeboer: \u201eIch wei\u00df, wie man es besser macht\u201c. Ganz nach&hellip;","_links":{"self":[{"href":"https:\/\/legacy.sneeboer.com\/de\/wp-json\/wp\/v2\/pages\/22691","targetHints":{"allow":["GET"]}}],"collection":[{"href":"https:\/\/legacy.sneeboer.com\/de\/wp-json\/wp\/v2\/pages"}],"about":[{"href":"https:\/\/legacy.sneeboer.com\/de\/wp-json\/wp\/v2\/types\/page"}],"author":[{"embeddable":true,"href":"https:\/\/legacy.sneeboer.com\/de\/wp-json\/wp\/v2\/users\/3"}],"replies":[{"embeddable":true,"href":"https:\/\/legacy.sneeboer.com\/de\/wp-json\/wp\/v2\/comments?post=22691"}],"version-history":[{"count":0,"href":"https:\/\/legacy.sneeboer.com\/de\/wp-json\/wp\/v2\/pages\/22691\/revisions"}],"wp:attachment":[{"href":"https:\/\/legacy.sneeboer.com\/de\/wp-json\/wp\/v2\/media?parent=22691"}],"curies":[{"name":"wp","href":"https:\/\/api.w.org\/{rel}","templated":true}]}}