{"id":22924,"date":"2023-05-01T15:07:28","date_gmt":"2023-05-01T13:07:28","guid":{"rendered":"https:\/\/testsite.sneeboer.com\/ueber-uns"},"modified":"2025-03-12T11:16:11","modified_gmt":"2025-03-12T10:16:11","slug":"ueber-uns","status":"publish","type":"page","link":"https:\/\/legacy.sneeboer.com\/de\/ueber-uns","title":{"rendered":"\u00dcber uns"},"content":{"rendered":"\n<p><strong>Handwerkskunst \u00fcber Generationen hinweg: Die Geschichte von Sneeboer<\/strong><\/p>\n\n<p>Seit mehr als 110 Jahren ist der Name Sneeboer ein Synonym f\u00fcr au\u00dfergew\u00f6hnliche handgefertigte Gartenger\u00e4te. Unser Familienunternehmen mit Sitz in Bovenkarspel, Noord-Holland, feierte im Januar 2023 sein 110-j\u00e4hriges Bestehen. Ein Meilenstein, auf den wir mit Stolz zur\u00fcckblicken.  <\/p>\n\n<p>Was Sneeboer auszeichnet, ist unsere einzigartige Balance zwischen Tradition und Innovation. Unsere Handwerker, von denen viele Familienmitglieder sind, stellen jedes Werkzeug mit gro\u00dfer Sorgfalt aus hochwertigem rostfreiem Stahl her. Dieses Engagement f\u00fcr Qualit\u00e4t hat uns internationale Anerkennung bei den anspruchsvollsten G\u00e4rtnern weltweit eingebracht.  <\/p>\n\n<p>Die Sneeboer-Philosophie lebt in jeder Kreation: Wir entwickeln st\u00e4ndig innovative Werkzeuge, verbessern bew\u00e4hrte Klassiker und lassen vergessene Gartenger\u00e4te wieder aufleben. Dabei kombinieren wir traditionelle Schmiedetechniken mit modernen Erkenntnissen, immer auf der Suche nach neuen M\u00e4rkten und verbesserten, nachhaltigen Produktionsmethoden. <\/p>\n\n<p>Heute ist die vierte Generation von Sneeboer bereit, dieses Erbe fortzuf\u00fchren, getreu dem Motto des Gr\u00fcnders Arie Sneeboer: <em>\u201eIch wei\u00df, wie man es besser macht.\u201c<\/em> Dieser Antrieb erkl\u00e4rt, warum G\u00e4rtner auf der ganzen Welt sich einig sind: <em>\u201eWer einmal einen Sneeboer in den H\u00e4nden gehalten hat, will nie wieder etwas anderes.\u201c<\/em> <\/p>\n\n<figure class=\"wp-block-image size-full\"><img loading=\"lazy\" decoding=\"async\" width=\"1000\" height=\"751\" src=\"https:\/\/legacy.sneeboer.com\/app\/uploads\/2024\/07\/Sneeboer-web-1600783.jpg\" alt=\"\" class=\"wp-image-41729\" srcset=\"https:\/\/legacy.sneeboer.com\/app\/uploads\/2024\/07\/Sneeboer-web-1600783.jpg 1000w, https:\/\/legacy.sneeboer.com\/app\/uploads\/2024\/07\/Sneeboer-web-1600783-300x225.jpg 300w, https:\/\/legacy.sneeboer.com\/app\/uploads\/2024\/07\/Sneeboer-web-1600783-768x577.jpg 768w, https:\/\/legacy.sneeboer.com\/app\/uploads\/2024\/07\/Sneeboer-web-1600783-600x451.jpg 600w\" sizes=\"auto, (max-width: 1000px) 100vw, 1000px\" \/><\/figure>\n","protected":false},"excerpt":{"rendered":"<p>Handwerkskunst \u00fcber Generationen hinweg: Die Geschichte von Sneeboer Seit mehr als 110 Jahren ist der Name Sneeboer ein Synonym f\u00fcr au\u00dfergew\u00f6hnliche handgefertigte Gartenger\u00e4te. Unser Familienunternehmen mit Sitz in Bovenkarspel, Noord-Holland, feierte im Januar 2023 sein 110-j\u00e4hriges Bestehen. Ein Meilenstein, auf den wir mit Stolz zur\u00fcckblicken. Was Sneeboer auszeichnet, ist unsere einzigartige Balance zwischen Tradition und&hellip;<\/p>\n","protected":false},"author":3,"featured_media":0,"parent":0,"menu_order":0,"comment_status":"closed","ping_status":"closed","template":"","meta":{"_acf_changed":false,"_uag_custom_page_level_css":"","footnotes":""},"class_list":["post-22924","page","type-page","status-publish","hentry"],"acf":[],"yoast_head":"<!-- This site is optimized with the Yoast SEO plugin v26.5 - https:\/\/yoast.com\/wordpress\/plugins\/seo\/ -->\n<title>Sneeboer Trading BV<\/title>\n<meta name=\"robots\" content=\"noindex, follow, max-snippet:-1, max-image-preview:large, max-video-preview:-1\" \/>\n<meta property=\"og:locale\" content=\"de_DE\" \/>\n<meta property=\"og:type\" content=\"article\" \/>\n<meta property=\"og:url\" content=\"https:\/\/legacy.sneeboer.com\/de\/ueber-uns\" \/>\n<meta property=\"og:site_name\" content=\"Sneeboer Trading BV\" \/>\n<meta property=\"article:publisher\" content=\"https:\/\/www.facebook.com\/Sneeboer\" \/>\n<meta property=\"article:modified_time\" content=\"2025-03-12T10:16:11+00:00\" \/>\n<meta property=\"og:image\" content=\"https:\/\/legacy.sneeboer.com\/app\/uploads\/2024\/07\/Sneeboer-web-1600783.jpg\" \/>\n\t<meta property=\"og:image:width\" content=\"1000\" \/>\n\t<meta property=\"og:image:height\" content=\"751\" \/>\n\t<meta property=\"og:image:type\" content=\"image\/jpeg\" \/>\n<meta name=\"twitter:card\" content=\"summary_large_image\" \/>\n<meta name=\"twitter:label1\" content=\"Est. reading time\" \/>\n\t<meta name=\"twitter:data1\" content=\"1 minute\" \/>\n<!-- \/ Yoast SEO plugin. -->","yoast_head_json":{"title":"Sneeboer Trading BV","robots":{"index":"noindex","follow":"follow","max-snippet":"max-snippet:-1","max-image-preview":"max-image-preview:large","max-video-preview":"max-video-preview:-1"},"og_locale":"de_DE","og_type":"article","og_url":"https:\/\/legacy.sneeboer.com\/de\/ueber-uns","og_site_name":"Sneeboer Trading BV","article_publisher":"https:\/\/www.facebook.com\/Sneeboer","article_modified_time":"2025-03-12T10:16:11+00:00","og_image":[{"width":1000,"height":751,"url":"https:\/\/legacy.sneeboer.com\/app\/uploads\/2024\/07\/Sneeboer-web-1600783.jpg","type":"image\/jpeg"}],"twitter_card":"summary_large_image","twitter_misc":{"Est. reading time":"1 minute"},"schema":{"@context":"https:\/\/schema.org","@graph":[{"@type":"WebPage","@id":"https:\/\/legacy.sneeboer.com\/de\/ueber-uns","url":"https:\/\/legacy.sneeboer.com\/de\/ueber-uns","name":"\u00dcber uns - Sneeboer Trading BV","isPartOf":{"@id":"https:\/\/legacy.sneeboer.com\/de#website"},"primaryImageOfPage":{"@id":"https:\/\/legacy.sneeboer.com\/de\/ueber-uns#primaryimage"},"image":{"@id":"https:\/\/legacy.sneeboer.com\/de\/ueber-uns#primaryimage"},"thumbnailUrl":"https:\/\/legacy.sneeboer.com\/app\/uploads\/2024\/07\/Sneeboer-web-1600783.jpg","datePublished":"2023-05-01T13:07:28+00:00","dateModified":"2025-03-12T10:16:11+00:00","breadcrumb":{"@id":"https:\/\/legacy.sneeboer.com\/de\/ueber-uns#breadcrumb"},"inLanguage":"de-DE","potentialAction":[{"@type":"ReadAction","target":["https:\/\/legacy.sneeboer.com\/de\/ueber-uns"]}]},{"@type":"ImageObject","inLanguage":"de-DE","@id":"https:\/\/legacy.sneeboer.com\/de\/ueber-uns#primaryimage","url":"https:\/\/legacy.sneeboer.com\/app\/uploads\/2024\/07\/Sneeboer-web-1600783.jpg","contentUrl":"https:\/\/legacy.sneeboer.com\/app\/uploads\/2024\/07\/Sneeboer-web-1600783.jpg"},{"@type":"BreadcrumbList","@id":"https:\/\/legacy.sneeboer.com\/de\/ueber-uns#breadcrumb","itemListElement":[{"@type":"ListItem","position":1,"name":"Home","item":"https:\/\/legacy.sneeboer.com\/de"},{"@type":"ListItem","position":2,"name":"\u00dcber uns"}]},{"@type":"WebSite","@id":"https:\/\/legacy.sneeboer.com\/de#website","url":"https:\/\/legacy.sneeboer.com\/de","name":"Sneeboer","description":"Tools for life - and generations to come ...","publisher":{"@id":"https:\/\/legacy.sneeboer.com\/de#organization"},"potentialAction":[{"@type":"SearchAction","target":{"@type":"EntryPoint","urlTemplate":"https:\/\/legacy.sneeboer.com\/de?s={search_term_string}"},"query-input":{"@type":"PropertyValueSpecification","valueRequired":true,"valueName":"search_term_string"}}],"inLanguage":"de-DE"},{"@type":"Organization","@id":"https:\/\/legacy.sneeboer.com\/de#organization","name":"Sneeboer","url":"https:\/\/legacy.sneeboer.com\/de","logo":{"@type":"ImageObject","inLanguage":"de-DE","@id":"https:\/\/legacy.sneeboer.com\/de#\/schema\/logo\/image\/","url":"https:\/\/legacy.sneeboer.com\/app\/uploads\/2023\/05\/cropped-logo-sneeboer-110-zwart.png","contentUrl":"https:\/\/legacy.sneeboer.com\/app\/uploads\/2023\/05\/cropped-logo-sneeboer-110-zwart.png","width":2025,"height":572,"caption":"Sneeboer"},"image":{"@id":"https:\/\/legacy.sneeboer.com\/de#\/schema\/logo\/image\/"},"sameAs":["https:\/\/www.facebook.com\/Sneeboer","https:\/\/www.instagram.com\/sneeboer\/","https:\/\/www.youtube.com\/channel\/UCW9Qf54JFJFwVHzRNJbLAcg","https:\/\/pinterest.com\/sneeboer"]}]}},"uagb_featured_image_src":{"full":false,"thumbnail":false,"medium":false,"medium_large":false,"large":false,"1536x1536":false,"2048x2048":false,"post-thumbnail":false,"restoration-rectangle":false,"restoration-single":false,"restoration-rectangle-mini":false,"restoration-rectangle-mobile":false,"restoration-rectangle-x2":false,"restoration-single-mini":false,"restoration-single-mobile":false,"restoration-single-x2":false,"gform-image-choice-sm":false,"gform-image-choice-md":false,"gform-image-choice-lg":false,"woocommerce_thumbnail":false,"woocommerce_single":false,"woocommerce_gallery_thumbnail":false},"uagb_author_info":{"display_name":"Sjoerd Sneeboer","author_link":"https:\/\/legacy.sneeboer.com\/de\/author\/sjoerdsneeboer-com"},"uagb_comment_info":0,"uagb_excerpt":"Handwerkskunst \u00fcber Generationen hinweg: Die Geschichte von Sneeboer Seit mehr als 110 Jahren ist der Name Sneeboer ein Synonym f\u00fcr au\u00dfergew\u00f6hnliche handgefertigte Gartenger\u00e4te. Unser Familienunternehmen mit Sitz in Bovenkarspel, Noord-Holland, feierte im Januar 2023 sein 110-j\u00e4hriges Bestehen. Ein Meilenstein, auf den wir mit Stolz zur\u00fcckblicken. Was Sneeboer auszeichnet, ist unsere einzigartige Balance zwischen Tradition und&hellip;","_links":{"self":[{"href":"https:\/\/legacy.sneeboer.com\/de\/wp-json\/wp\/v2\/pages\/22924","targetHints":{"allow":["GET"]}}],"collection":[{"href":"https:\/\/legacy.sneeboer.com\/de\/wp-json\/wp\/v2\/pages"}],"about":[{"href":"https:\/\/legacy.sneeboer.com\/de\/wp-json\/wp\/v2\/types\/page"}],"author":[{"embeddable":true,"href":"https:\/\/legacy.sneeboer.com\/de\/wp-json\/wp\/v2\/users\/3"}],"replies":[{"embeddable":true,"href":"https:\/\/legacy.sneeboer.com\/de\/wp-json\/wp\/v2\/comments?post=22924"}],"version-history":[{"count":0,"href":"https:\/\/legacy.sneeboer.com\/de\/wp-json\/wp\/v2\/pages\/22924\/revisions"}],"wp:attachment":[{"href":"https:\/\/legacy.sneeboer.com\/de\/wp-json\/wp\/v2\/media?parent=22924"}],"curies":[{"name":"wp","href":"https:\/\/api.w.org\/{rel}","templated":true}]}}