{"id":24020,"date":"2023-05-02T12:58:09","date_gmt":"2023-05-02T10:58:09","guid":{"rendered":"https:\/\/sneeboer.com\/service"},"modified":"2023-10-13T14:40:48","modified_gmt":"2023-10-13T12:40:48","slug":"service","status":"publish","type":"page","link":"https:\/\/legacy.sneeboer.com\/de\/service","title":{"rendered":"Service"},"content":{"rendered":"\n<div style=\"height:100px\" aria-hidden=\"true\" id=\"garantie\" class=\"wp-block-spacer\"><\/div>\n\n\n\n<h2 class=\"wp-block-heading\">Ger\u00e4te Garantie<\/h2>\n\n\n\n<p>Jedes einzigartige Sneeboer-Werkzeug ist f\u00fcr das Leben gemacht, aber sollte es irgendwelche Probleme mit Ihrem Werkzeug geben, lassen Sie es uns bitte wissen.Die Garantie betr\u00e4gt 50 Jahre ab Kauf auf alle Teile aus Edelstahl, Stahl und Titan und 1 Jahr auf alle Teile aus Holz (Stiele, Griffe). Wenn Sie Fragen haben oder einen Garantieanspruch geltend machen m\u00f6chten, senden Sie bitte eine E-Mail mit einem Foto an <a href=\"mailto:sales@sneeboer.com\">sales@sneeboer.com<\/a> oder wenden Sie sich an den <a href=\"https:\/\/legacy.sneeboer.com\/dealers\" data-type=\"page\" data-id=\"543\">n\u00e4chstgelegenen Sneeboer-H\u00e4ndler.<\/a><\/p>\n\n\n\n<p>Wenn wir ein Ersatzwerkzeug anbieten, werden wir unser Bestes tun, um das gleiche Werkzeug anzubieten. Sollte dies nicht m\u00f6glich sein, werden wir ein alternatives, aber \u00e4hnliches Instrument anbieten.<\/p>\n\n\n\n<p>Die folgenden Schadensursachen sind nicht von unserer Garantie abgedeckt:<\/p>\n\n\n\n<ul class=\"wp-block-list\">\n<li>Normaler Verschlei\u00df der Teile, fehlende oder gebrochene Teile oder Teile, die von Ihnen modifiziert oder ver\u00e4ndert wurden.<\/li>\n\n\n\n<li>Sch\u00e4den durch unsachgem\u00e4\u00dfen Gebrauch des Produkts, d. h. wenn ein Werkzeug auf eine Weise verwendet wurde, f\u00fcr die es nicht ausgelegt ist. Ein Beispiel: Ein Spaten bricht, weil er als Brechstange benutzt wird.<\/li>\n\n\n\n<li>Wenn das Werkzeug besch\u00e4digt ist, weil es nicht richtig gewartet oder gelagert wurde. Ein Beispiel daf\u00fcr ist, wenn Werkzeuge das ganze Jahr \u00fcber im Freien stehen, obwohl sie an einem trockenen Ort gelagert werden m\u00fcssen.<\/li>\n\n\n\n<li>Diese Garantiebedingungen gelten auch nicht, wenn ein Werkzeug einen kosmetischen Schaden erlitten hat, der seine Funktion nicht beeintr\u00e4chtigt.<\/li>\n<\/ul>\n\n\n\n<div style=\"height:100px\" aria-hidden=\"true\" id=\"reparatie\" class=\"wp-block-spacer\"><\/div>\n\n\n\n<div class=\"wp-block-columns is-layout-flex wp-container-core-columns-is-layout-9d6595d7 wp-block-columns-is-layout-flex\">\n<div class=\"wp-block-column is-layout-flow wp-block-column-is-layout-flow\">\n<h2 class=\"wp-block-heading\">Reparatur<\/h2>\n\n\n\n<p>Es kann vorkommen, dass Ihre Werkzeuge reparaturbed\u00fcrftig sind. Wir empfehlen Ihnen, einen Sneeboer-H\u00e4ndler in Ihrer N\u00e4he aufzusuchen. Klicken Sie hier f\u00fcr die <a href=\"https:\/\/legacy.sneeboer.com\/dealers\" data-type=\"page\" data-id=\"543\">H\u00e4ndlersuche.<\/a><\/p>\n\n\n\n<p>Es ist auch m\u00f6glich, eine E-Mail mit einer kurzen Beschreibung und einem Foto des Werkzeugs direkt an uns zu senden: <a href=\"mailto:sales@sneeboer.com\">sales@sneeboer.com<\/a><\/p>\n\n\n\n<p>Sie erhalten dann von uns eine Antwort mit einem Reparaturvorschlag und einem Preisangebot.<\/p>\n\n\n\n<p>Dann schicken Sie uns das daf\u00fcr vorgesehene Tool mit Ihrem Namen, Ihrer Adresse, Telefonnummer und E-Mail-Adresse! Nach Zahlungseingang reparieren wir das Ger\u00e4t und senden es an Sie zur\u00fcck. Dies dauert in der Regel 1 bis 2 Wochen.<\/p>\n<\/div>\n\n\n\n<div class=\"wp-block-column is-layout-flow wp-block-column-is-layout-flow\">\n<figure class=\"wp-block-embed is-type-video is-provider-youtube wp-block-embed-youtube wp-embed-aspect-16-9 wp-has-aspect-ratio\"><div class=\"wp-block-embed__wrapper\">\n<iframe loading=\"lazy\" title=\"How to Change a Garden Tool Handle\" width=\"1170\" height=\"658\" src=\"https:\/\/www.youtube.com\/embed\/hAe41Qukk58?feature=oembed\" frameborder=\"0\" allow=\"accelerometer; autoplay; clipboard-write; encrypted-media; gyroscope; picture-in-picture; web-share\" allowfullscreen><\/iframe>\n<\/div><\/figure>\n<\/div>\n<\/div>\n\n\n\n<div style=\"height:100px\" aria-hidden=\"true\" id=\"onderhoud\" class=\"wp-block-spacer\"><\/div>\n\n\n\n<h2 class=\"wp-block-heading\">Ger\u00e4tepflege<\/h2>\n\n\n\n<h3 class=\"wp-block-heading\">Vor dem ersten Garteneinsatz:<\/h3>\n\n\n\n<p>Behandeln Sie Ihre Ger\u00e4te vor dem ersten Einsatz mit Lein\u00f6l. Stiele und Griffe bleiben so l\u00e4nger sch\u00f6n, trocknen nicht aus und der Schmutz haftet weniger schnell an. Auch die Edelstahl Teile k\u00f6nnen mit Lein\u00f6l eingerieben werden. Die Erde gleitet dann noch besser vom Spatenblatt, von der Harke oder dem Handger\u00e4t.<\/p>\n\n\n\n<h3 class=\"wp-block-heading\">In vier Schritten zu perfekt gepflegten Ger\u00e4ten:<\/h3>\n\n\n\n<div class=\"wp-block-columns is-layout-flex wp-container-core-columns-is-layout-9d6595d7 wp-block-columns-is-layout-flex\">\n<div class=\"wp-block-column is-vertically-aligned-center is-layout-flow wp-block-column-is-layout-flow\">\n<h3 class=\"wp-block-heading\">Schritt 1: S\u00e4ubern<\/h3>\n\n\n\n<p>Entfernen Sie zuerst Erdreste und andere Verunreinigungen mit einer harten B\u00fcrste. Unsere speziell entwickelte Sneeboer Messingb\u00fcrste ist daf\u00fcr nat\u00fcrlich perfekt geeignet. So verhindern Sie auch die Verbreitung von Krankheiten zwischen den Pflanzen. Sollten Sie auch Werkzeuge aus Stahl haben, k\u00f6nnen Sie die Klingen auch mit Schleifpapier abschleifen. Dies ist bei Werkzeugen aus Edelstahl nicht erforderlich.<\/p>\n<\/div>\n\n\n\n<div class=\"wp-block-column is-layout-flow wp-block-column-is-layout-flow\">\n<figure class=\"wp-block-embed is-type-video is-provider-youtube wp-block-embed-youtube wp-embed-aspect-16-9 wp-has-aspect-ratio\"><div class=\"wp-block-embed__wrapper\">\n<iframe loading=\"lazy\" title=\"Maintenance Garden tools- Cleaning\" width=\"1170\" height=\"658\" src=\"https:\/\/www.youtube.com\/embed\/1jdhNgVmY6Q?feature=oembed\" frameborder=\"0\" allow=\"accelerometer; autoplay; clipboard-write; encrypted-media; gyroscope; picture-in-picture; web-share\" allowfullscreen><\/iframe>\n<\/div><\/figure>\n<\/div>\n<\/div>\n\n\n\n<div style=\"height:25px\" aria-hidden=\"true\" class=\"wp-block-spacer\"><\/div>\n\n\n\n<div class=\"wp-block-columns is-layout-flex wp-container-core-columns-is-layout-9d6595d7 wp-block-columns-is-layout-flex\">\n<div class=\"wp-block-column is-vertically-aligned-center is-layout-flow wp-block-column-is-layout-flow\">\n<h3 class=\"wp-block-heading\">Schritt 2: Schleifen<\/h3>\n\n\n\n<p>Ein scharfer Spaten ist der Freund eines jeden G\u00e4rtners. Zum Schleifen der Kanten sollten Sie aber bitte nur Qualit\u00e4tsschleifsteine benutzen. Wir haben f\u00fcr den Schliff der Sneeboer Gartenger\u00e4te eine perfekte, sehr handliche Schleiffeile entworfen. Schleifen Sie mit leichter Hand, ausschlie\u00dflich die schr\u00e4ge Schleifkante und behalten Sie den Schr\u00e4gwinkel bei. Schleifen Sie zuerst die Vorderkante, drehen dann das Ger\u00e4t um und schleifen die r\u00fcckseitige Kante kurz \u00fcber.<\/p>\n\n\n\n<p><em><strong>Tipp:<\/strong> Sch\u00e4rfen Sie Ihre Werkzeuge <strong>niemals<\/strong> mit elektrischen Schleifmaschinen. Hohe Temperaturen beeinflussen die Qualit\u00e4t des Edelstahls.<\/em><\/p>\n<\/div>\n\n\n\n<div class=\"wp-block-column is-layout-flow wp-block-column-is-layout-flow\">\n<figure class=\"wp-block-embed is-type-video is-provider-youtube wp-block-embed-youtube wp-embed-aspect-16-9 wp-has-aspect-ratio\"><div class=\"wp-block-embed__wrapper\">\n<iframe loading=\"lazy\" title=\"Maintenance Garden Tools- Sharpening\" width=\"1170\" height=\"658\" src=\"https:\/\/www.youtube.com\/embed\/4xBQzvth4aA?feature=oembed\" frameborder=\"0\" allow=\"accelerometer; autoplay; clipboard-write; encrypted-media; gyroscope; picture-in-picture; web-share\" allowfullscreen><\/iframe>\n<\/div><\/figure>\n<\/div>\n<\/div>\n\n\n\n<div style=\"height:25px\" aria-hidden=\"true\" class=\"wp-block-spacer\"><\/div>\n\n\n\n<div class=\"wp-block-columns is-layout-flex wp-container-core-columns-is-layout-9d6595d7 wp-block-columns-is-layout-flex\">\n<div class=\"wp-block-column is-vertically-aligned-center is-layout-flow wp-block-column-is-layout-flow\">\n<h3 class=\"wp-block-heading\">Schritt 3: Einfetten<\/h3>\n\n\n\n<p>Nach dem S\u00e4ubern und Schleifen sollten Sie das Blatt, die Klingen, den Holzstiele und die Griffe mit einer d\u00fcnnen Schicht Lein\u00f6l \u00fcberziehen. Achtung: Bewahren Sie nach dem Gebrauch das Putztuch unbedingt in einem luftdichten Beh\u00e4lter auf. Lein\u00f6l kann sich beim trockener Hitze selbst entz\u00fcnden. Es besteht Brandgefahr!<\/p>\n<\/div>\n\n\n\n<div class=\"wp-block-column is-layout-flow wp-block-column-is-layout-flow\">\n<figure class=\"wp-block-embed is-type-video is-provider-youtube wp-block-embed-youtube wp-embed-aspect-16-9 wp-has-aspect-ratio\"><div class=\"wp-block-embed__wrapper\">\n<iframe loading=\"lazy\" title=\"Maintenance Garden Tools- Oiling\" width=\"1170\" height=\"658\" src=\"https:\/\/www.youtube.com\/embed\/cbtMtFb9d3k?feature=oembed\" frameborder=\"0\" allow=\"accelerometer; autoplay; clipboard-write; encrypted-media; gyroscope; picture-in-picture; web-share\" allowfullscreen><\/iframe>\n<\/div><\/figure>\n<\/div>\n<\/div>\n\n\n\n<div style=\"height:25px\" aria-hidden=\"true\" class=\"wp-block-spacer\"><\/div>\n\n\n\n<div class=\"wp-block-columns is-layout-flex wp-container-core-columns-is-layout-9d6595d7 wp-block-columns-is-layout-flex\">\n<div class=\"wp-block-column is-vertically-aligned-center is-layout-flow wp-block-column-is-layout-flow\">\n<h3 class=\"wp-block-heading\">Schritt 4: Aufbewahren<\/h3>\n\n\n\n<p>F\u00fcr die meisten Gartenliebhaber ist dies ein Schritt der meist nicht so genau eingehalten wird. Nach einem Tag Gartenarbeit bleibt manchmal noch ein Ger\u00e4t liegen. Aber denken Sie daran &#8211; je besser Sie f\u00fcr Ihre Ger\u00e4te sorgen, umso l\u00e4nger werden sie leben. Bewahren Sie deshalb Ger\u00e4te mit Holzstielen und Griffen an einem trockenen Ort auf und sch\u00fctzen Sie ihre Werkzeuge vor direkter Sonneneinstrahlung und extremen Temperatur- und Luftfeuchtigkeitsschwankungen. Es ist auch eine gute Idee, die Ger\u00e4te au\u00dferhalb der Reichweite von Kindern zu lagern.<\/p>\n<\/div>\n\n\n\n<div class=\"wp-block-column is-layout-flow wp-block-column-is-layout-flow\">\n<figure class=\"wp-block-image size-full\"><img loading=\"lazy\" decoding=\"async\" width=\"500\" height=\"265\" src=\"https:\/\/legacy.sneeboer.com\/app\/uploads\/2023\/05\/opbergen-sneeboer.jpg\" alt=\"\" class=\"wp-image-618\" srcset=\"https:\/\/legacy.sneeboer.com\/app\/uploads\/2023\/05\/opbergen-sneeboer.jpg 500w, https:\/\/legacy.sneeboer.com\/app\/uploads\/2023\/05\/opbergen-sneeboer-300x159.jpg 300w, https:\/\/legacy.sneeboer.com\/app\/uploads\/2023\/05\/opbergen-sneeboer-20x10.jpg 20w\" sizes=\"auto, (max-width: 500px) 100vw, 500px\" \/><\/figure>\n<\/div>\n<\/div>\n","protected":false},"excerpt":{"rendered":"<p>Ger\u00e4te Garantie Jedes einzigartige Sneeboer-Werkzeug ist f\u00fcr das Leben gemacht, aber sollte es irgendwelche Probleme mit Ihrem Werkzeug geben, lassen Sie es uns bitte wissen.Die Garantie betr\u00e4gt 50 Jahre ab Kauf auf alle Teile aus Edelstahl, Stahl und Titan und 1 Jahr auf alle Teile aus Holz (Stiele, Griffe). Wenn Sie Fragen haben oder einen&hellip;<\/p>\n","protected":false},"author":3,"featured_media":0,"parent":0,"menu_order":0,"comment_status":"closed","ping_status":"closed","template":"","meta":{"_acf_changed":false,"_uag_custom_page_level_css":"","footnotes":""},"class_list":["post-24020","page","type-page","status-publish","hentry"],"acf":[],"yoast_head":"<!-- This site is optimized with the Yoast SEO plugin v26.5 - https:\/\/yoast.com\/wordpress\/plugins\/seo\/ -->\n<title>Sneeboer Trading BV<\/title>\n<meta name=\"robots\" content=\"noindex, follow, max-snippet:-1, max-image-preview:large, max-video-preview:-1\" \/>\n<meta property=\"og:locale\" content=\"de_DE\" \/>\n<meta property=\"og:type\" content=\"article\" \/>\n<meta property=\"og:url\" content=\"https:\/\/legacy.sneeboer.com\/de\/service\" \/>\n<meta property=\"og:site_name\" content=\"Sneeboer Trading BV\" \/>\n<meta property=\"article:publisher\" content=\"https:\/\/www.facebook.com\/Sneeboer\" \/>\n<meta property=\"article:modified_time\" content=\"2023-10-13T12:40:48+00:00\" \/>\n<meta property=\"og:image\" content=\"https:\/\/legacy.sneeboer.com\/app\/uploads\/2023\/05\/opbergen-sneeboer.jpg\" \/>\n<meta name=\"twitter:card\" content=\"summary_large_image\" \/>\n<meta name=\"twitter:label1\" content=\"Est. reading time\" \/>\n\t<meta name=\"twitter:data1\" content=\"4 minutes\" \/>\n<!-- \/ Yoast SEO plugin. -->","yoast_head_json":{"title":"Sneeboer Trading BV","robots":{"index":"noindex","follow":"follow","max-snippet":"max-snippet:-1","max-image-preview":"max-image-preview:large","max-video-preview":"max-video-preview:-1"},"og_locale":"de_DE","og_type":"article","og_url":"https:\/\/legacy.sneeboer.com\/de\/service","og_site_name":"Sneeboer Trading BV","article_publisher":"https:\/\/www.facebook.com\/Sneeboer","article_modified_time":"2023-10-13T12:40:48+00:00","og_image":[{"url":"https:\/\/legacy.sneeboer.com\/app\/uploads\/2023\/05\/opbergen-sneeboer.jpg","type":"","width":"","height":""}],"twitter_card":"summary_large_image","twitter_misc":{"Est. reading time":"4 minutes"},"schema":{"@context":"https:\/\/schema.org","@graph":[{"@type":"WebPage","@id":"https:\/\/legacy.sneeboer.com\/de\/service","url":"https:\/\/legacy.sneeboer.com\/de\/service","name":"Service - Sneeboer Trading BV","isPartOf":{"@id":"https:\/\/legacy.sneeboer.com\/de#website"},"primaryImageOfPage":{"@id":"https:\/\/legacy.sneeboer.com\/de\/service#primaryimage"},"image":{"@id":"https:\/\/legacy.sneeboer.com\/de\/service#primaryimage"},"thumbnailUrl":"https:\/\/legacy.sneeboer.com\/app\/uploads\/2023\/05\/opbergen-sneeboer.jpg","datePublished":"2023-05-02T10:58:09+00:00","dateModified":"2023-10-13T12:40:48+00:00","breadcrumb":{"@id":"https:\/\/legacy.sneeboer.com\/de\/service#breadcrumb"},"inLanguage":"de-DE","potentialAction":[{"@type":"ReadAction","target":["https:\/\/legacy.sneeboer.com\/de\/service"]}]},{"@type":"ImageObject","inLanguage":"de-DE","@id":"https:\/\/legacy.sneeboer.com\/de\/service#primaryimage","url":"https:\/\/legacy.sneeboer.com\/app\/uploads\/2023\/05\/opbergen-sneeboer.jpg","contentUrl":"https:\/\/legacy.sneeboer.com\/app\/uploads\/2023\/05\/opbergen-sneeboer.jpg"},{"@type":"BreadcrumbList","@id":"https:\/\/legacy.sneeboer.com\/de\/service#breadcrumb","itemListElement":[{"@type":"ListItem","position":1,"name":"Home","item":"https:\/\/legacy.sneeboer.com\/de"},{"@type":"ListItem","position":2,"name":"Service"}]},{"@type":"WebSite","@id":"https:\/\/legacy.sneeboer.com\/de#website","url":"https:\/\/legacy.sneeboer.com\/de","name":"Sneeboer","description":"Tools for life - and generations to come ...","publisher":{"@id":"https:\/\/legacy.sneeboer.com\/de#organization"},"potentialAction":[{"@type":"SearchAction","target":{"@type":"EntryPoint","urlTemplate":"https:\/\/legacy.sneeboer.com\/de?s={search_term_string}"},"query-input":{"@type":"PropertyValueSpecification","valueRequired":true,"valueName":"search_term_string"}}],"inLanguage":"de-DE"},{"@type":"Organization","@id":"https:\/\/legacy.sneeboer.com\/de#organization","name":"Sneeboer","url":"https:\/\/legacy.sneeboer.com\/de","logo":{"@type":"ImageObject","inLanguage":"de-DE","@id":"https:\/\/legacy.sneeboer.com\/de#\/schema\/logo\/image\/","url":"https:\/\/legacy.sneeboer.com\/app\/uploads\/2023\/05\/cropped-logo-sneeboer-110-zwart.png","contentUrl":"https:\/\/legacy.sneeboer.com\/app\/uploads\/2023\/05\/cropped-logo-sneeboer-110-zwart.png","width":2025,"height":572,"caption":"Sneeboer"},"image":{"@id":"https:\/\/legacy.sneeboer.com\/de#\/schema\/logo\/image\/"},"sameAs":["https:\/\/www.facebook.com\/Sneeboer","https:\/\/www.instagram.com\/sneeboer\/","https:\/\/www.youtube.com\/channel\/UCW9Qf54JFJFwVHzRNJbLAcg","https:\/\/pinterest.com\/sneeboer"]}]}},"uagb_featured_image_src":{"full":false,"thumbnail":false,"medium":false,"medium_large":false,"large":false,"1536x1536":false,"2048x2048":false,"post-thumbnail":false,"restoration-rectangle":false,"restoration-single":false,"restoration-rectangle-mini":false,"restoration-rectangle-mobile":false,"restoration-rectangle-x2":false,"restoration-single-mini":false,"restoration-single-mobile":false,"restoration-single-x2":false,"gform-image-choice-sm":false,"gform-image-choice-md":false,"gform-image-choice-lg":false,"woocommerce_thumbnail":false,"woocommerce_single":false,"woocommerce_gallery_thumbnail":false},"uagb_author_info":{"display_name":"Sjoerd Sneeboer","author_link":"https:\/\/legacy.sneeboer.com\/de\/author\/sjoerdsneeboer-com"},"uagb_comment_info":0,"uagb_excerpt":"Ger\u00e4te Garantie Jedes einzigartige Sneeboer-Werkzeug ist f\u00fcr das Leben gemacht, aber sollte es irgendwelche Probleme mit Ihrem Werkzeug geben, lassen Sie es uns bitte wissen.Die Garantie betr\u00e4gt 50 Jahre ab Kauf auf alle Teile aus Edelstahl, Stahl und Titan und 1 Jahr auf alle Teile aus Holz (Stiele, Griffe). Wenn Sie Fragen haben oder einen&hellip;","_links":{"self":[{"href":"https:\/\/legacy.sneeboer.com\/de\/wp-json\/wp\/v2\/pages\/24020","targetHints":{"allow":["GET"]}}],"collection":[{"href":"https:\/\/legacy.sneeboer.com\/de\/wp-json\/wp\/v2\/pages"}],"about":[{"href":"https:\/\/legacy.sneeboer.com\/de\/wp-json\/wp\/v2\/types\/page"}],"author":[{"embeddable":true,"href":"https:\/\/legacy.sneeboer.com\/de\/wp-json\/wp\/v2\/users\/3"}],"replies":[{"embeddable":true,"href":"https:\/\/legacy.sneeboer.com\/de\/wp-json\/wp\/v2\/comments?post=24020"}],"version-history":[{"count":0,"href":"https:\/\/legacy.sneeboer.com\/de\/wp-json\/wp\/v2\/pages\/24020\/revisions"}],"wp:attachment":[{"href":"https:\/\/legacy.sneeboer.com\/de\/wp-json\/wp\/v2\/media?parent=24020"}],"curies":[{"name":"wp","href":"https:\/\/api.w.org\/{rel}","templated":true}]}}