{"id":24052,"date":"2023-05-01T14:52:42","date_gmt":"2023-05-01T12:52:42","guid":{"rendered":"https:\/\/sneeboer.com\/haftungsausschluss"},"modified":"2023-07-10T15:09:47","modified_gmt":"2023-07-10T13:09:47","slug":"haftungsausschluss","status":"publish","type":"page","link":"https:\/\/legacy.sneeboer.com\/de\/haftungsausschluss","title":{"rendered":"Haftungsausschluss"},"content":{"rendered":"\n<h2 class=\"wp-block-heading\">Allgemein<\/h2>\n\n<p>Sneeboer ist ein gesch\u00fctztes Markenzeichen. Die Webseite und all ihre Inhalte, exklusive bestimmter (Hyper-) Links, sind Eigentum von Sneeboer Trading bv. hne ausdr\u00fcckliche, schriftliche Genehmigung von Sneeboer ist es nicht gestattet, Teile dieser Webseite zu ver\u00f6ffentlichen, zu kopieren oder zu speichern. F\u00fcr den pers\u00f6nlichen, nichtkommerziellen Gebrauch ist keine Genehmigung notwendig.<\/p>\n\n<p>Sneeboer bem\u00fcht sich, die Qualit\u00e4t und Genauigkeit aller Inhalte zu gew\u00e4hrleisten Allerdings garantieren wir weder Vollst\u00e4ndigkeit noch Genauigkeit dieser Inhalte. Alle Preise auf dieser Webseite sind in Euro (\u20ac), inklusive MwSt. Fehler und \u00c4nderungen sind vorbehalten.<\/p>\n\n<p>Die Informationen auf dieser Webseite werden regelm\u00e4\u00dfig aktualisiert. Sneeboer beh\u00e4lt sich das Recht vor, jegliche \u00c4nderungen mit sofortigem Effekt und ohne Vorbescheid vorzunehmen.<\/p>\n\n<h2 class=\"wp-block-heading\">Haftung<\/h2>\n\n<p>Obwohl Sneeboer alle Anstrengungen unternimmt, um Missbrauch zu verhindern, haftet Sneeboer nicht f\u00fcr Informationen und\/oder Nachrichten, die von Nutzern der Website \u00fcber das Internet gesendet werden. Bestimmte (Hyper-)Links auf dieser Website f\u00fchren zu Websites au\u00dferhalb der Sneeboer-Dom\u00e4ne, die nicht Eigentum von Sneeboer sind, sondern nur zur Information des Besuchers aufgenommen wurden. Wenn diese Links aktiviert werden, verl\u00e4sst man die Sneeboer-Website. Obwohl Sneeboer bei der Auswahl der Websites, auf die verwiesen wird, \u00e4u\u00dferst selektiv vorgeht, kann es weder f\u00fcr deren Inhalt und Funktionsweise noch f\u00fcr die Qualit\u00e4t der dort angebotenen Produkte oder Dienstleistungen einstehen. Jegliche Haftung f\u00fcr den Inhalt von Websites, die nicht von Sneeboer unterhalten werden, wird abgelehnt.<\/p>\n\n<p>Sneeboer schlie\u00dft jegliche Haftung f\u00fcr direkte oder indirekte Sch\u00e4den jeglicher Art aus, die sich aus der Website ergeben oder in irgendeiner Weise mit ihr zusammenh\u00e4ngen.<\/p>\n","protected":false},"excerpt":{"rendered":"<p>Allgemein Sneeboer ist ein gesch\u00fctztes Markenzeichen. Die Webseite und all ihre Inhalte, exklusive bestimmter (Hyper-) Links, sind Eigentum von Sneeboer Trading bv. hne ausdr\u00fcckliche, schriftliche Genehmigung von Sneeboer ist es nicht gestattet, Teile dieser Webseite zu ver\u00f6ffentlichen, zu kopieren oder zu speichern. F\u00fcr den pers\u00f6nlichen, nichtkommerziellen Gebrauch ist keine Genehmigung notwendig. Sneeboer bem\u00fcht sich, die&hellip;<\/p>\n","protected":false},"author":3,"featured_media":0,"parent":0,"menu_order":0,"comment_status":"closed","ping_status":"closed","template":"template-pagetitle.php","meta":{"_acf_changed":false,"_uag_custom_page_level_css":"","footnotes":""},"class_list":["post-24052","page","type-page","status-publish","hentry"],"acf":[],"yoast_head":"<!-- This site is optimized with the Yoast SEO plugin v26.5 - https:\/\/yoast.com\/wordpress\/plugins\/seo\/ -->\n<title>Sneeboer Trading BV<\/title>\n<meta name=\"robots\" content=\"noindex, follow, max-snippet:-1, max-image-preview:large, max-video-preview:-1\" \/>\n<meta property=\"og:locale\" content=\"de_DE\" \/>\n<meta property=\"og:type\" content=\"article\" \/>\n<meta property=\"og:url\" content=\"https:\/\/legacy.sneeboer.com\/de\/haftungsausschluss\" \/>\n<meta property=\"og:site_name\" content=\"Sneeboer Trading BV\" \/>\n<meta property=\"article:publisher\" content=\"https:\/\/www.facebook.com\/Sneeboer\" \/>\n<meta property=\"article:modified_time\" content=\"2023-07-10T13:09:47+00:00\" \/>\n<meta name=\"twitter:card\" content=\"summary_large_image\" \/>\n<meta name=\"twitter:label1\" content=\"Est. reading time\" \/>\n\t<meta name=\"twitter:data1\" content=\"1 minute\" \/>\n<!-- \/ Yoast SEO plugin. -->","yoast_head_json":{"title":"Sneeboer Trading BV","robots":{"index":"noindex","follow":"follow","max-snippet":"max-snippet:-1","max-image-preview":"max-image-preview:large","max-video-preview":"max-video-preview:-1"},"og_locale":"de_DE","og_type":"article","og_url":"https:\/\/legacy.sneeboer.com\/de\/haftungsausschluss","og_site_name":"Sneeboer Trading BV","article_publisher":"https:\/\/www.facebook.com\/Sneeboer","article_modified_time":"2023-07-10T13:09:47+00:00","twitter_card":"summary_large_image","twitter_misc":{"Est. reading time":"1 minute"},"schema":{"@context":"https:\/\/schema.org","@graph":[{"@type":"WebPage","@id":"https:\/\/legacy.sneeboer.com\/de\/haftungsausschluss","url":"https:\/\/legacy.sneeboer.com\/de\/haftungsausschluss","name":"Haftungsausschluss - Sneeboer Trading BV","isPartOf":{"@id":"https:\/\/legacy.sneeboer.com\/de#website"},"datePublished":"2023-05-01T12:52:42+00:00","dateModified":"2023-07-10T13:09:47+00:00","breadcrumb":{"@id":"https:\/\/legacy.sneeboer.com\/de\/haftungsausschluss#breadcrumb"},"inLanguage":"de-DE","potentialAction":[{"@type":"ReadAction","target":["https:\/\/legacy.sneeboer.com\/de\/haftungsausschluss"]}]},{"@type":"BreadcrumbList","@id":"https:\/\/legacy.sneeboer.com\/de\/haftungsausschluss#breadcrumb","itemListElement":[{"@type":"ListItem","position":1,"name":"Home","item":"https:\/\/legacy.sneeboer.com\/de"},{"@type":"ListItem","position":2,"name":"Haftungsausschluss"}]},{"@type":"WebSite","@id":"https:\/\/legacy.sneeboer.com\/de#website","url":"https:\/\/legacy.sneeboer.com\/de","name":"Sneeboer","description":"Tools for life - and generations to come ...","publisher":{"@id":"https:\/\/legacy.sneeboer.com\/de#organization"},"potentialAction":[{"@type":"SearchAction","target":{"@type":"EntryPoint","urlTemplate":"https:\/\/legacy.sneeboer.com\/de?s={search_term_string}"},"query-input":{"@type":"PropertyValueSpecification","valueRequired":true,"valueName":"search_term_string"}}],"inLanguage":"de-DE"},{"@type":"Organization","@id":"https:\/\/legacy.sneeboer.com\/de#organization","name":"Sneeboer","url":"https:\/\/legacy.sneeboer.com\/de","logo":{"@type":"ImageObject","inLanguage":"de-DE","@id":"https:\/\/legacy.sneeboer.com\/de#\/schema\/logo\/image\/","url":"https:\/\/legacy.sneeboer.com\/app\/uploads\/2023\/05\/cropped-logo-sneeboer-110-zwart.png","contentUrl":"https:\/\/legacy.sneeboer.com\/app\/uploads\/2023\/05\/cropped-logo-sneeboer-110-zwart.png","width":2025,"height":572,"caption":"Sneeboer"},"image":{"@id":"https:\/\/legacy.sneeboer.com\/de#\/schema\/logo\/image\/"},"sameAs":["https:\/\/www.facebook.com\/Sneeboer","https:\/\/www.instagram.com\/sneeboer\/","https:\/\/www.youtube.com\/channel\/UCW9Qf54JFJFwVHzRNJbLAcg","https:\/\/pinterest.com\/sneeboer"]}]}},"uagb_featured_image_src":{"full":false,"thumbnail":false,"medium":false,"medium_large":false,"large":false,"1536x1536":false,"2048x2048":false,"post-thumbnail":false,"restoration-rectangle":false,"restoration-single":false,"restoration-rectangle-mini":false,"restoration-rectangle-mobile":false,"restoration-rectangle-x2":false,"restoration-single-mini":false,"restoration-single-mobile":false,"restoration-single-x2":false,"gform-image-choice-sm":false,"gform-image-choice-md":false,"gform-image-choice-lg":false,"woocommerce_thumbnail":false,"woocommerce_single":false,"woocommerce_gallery_thumbnail":false},"uagb_author_info":{"display_name":"Sjoerd Sneeboer","author_link":"https:\/\/legacy.sneeboer.com\/de\/author\/sjoerdsneeboer-com"},"uagb_comment_info":0,"uagb_excerpt":"Allgemein Sneeboer ist ein gesch\u00fctztes Markenzeichen. Die Webseite und all ihre Inhalte, exklusive bestimmter (Hyper-) Links, sind Eigentum von Sneeboer Trading bv. hne ausdr\u00fcckliche, schriftliche Genehmigung von Sneeboer ist es nicht gestattet, Teile dieser Webseite zu ver\u00f6ffentlichen, zu kopieren oder zu speichern. F\u00fcr den pers\u00f6nlichen, nichtkommerziellen Gebrauch ist keine Genehmigung notwendig. Sneeboer bem\u00fcht sich, die&hellip;","_links":{"self":[{"href":"https:\/\/legacy.sneeboer.com\/de\/wp-json\/wp\/v2\/pages\/24052","targetHints":{"allow":["GET"]}}],"collection":[{"href":"https:\/\/legacy.sneeboer.com\/de\/wp-json\/wp\/v2\/pages"}],"about":[{"href":"https:\/\/legacy.sneeboer.com\/de\/wp-json\/wp\/v2\/types\/page"}],"author":[{"embeddable":true,"href":"https:\/\/legacy.sneeboer.com\/de\/wp-json\/wp\/v2\/users\/3"}],"replies":[{"embeddable":true,"href":"https:\/\/legacy.sneeboer.com\/de\/wp-json\/wp\/v2\/comments?post=24052"}],"version-history":[{"count":0,"href":"https:\/\/legacy.sneeboer.com\/de\/wp-json\/wp\/v2\/pages\/24052\/revisions"}],"wp:attachment":[{"href":"https:\/\/legacy.sneeboer.com\/de\/wp-json\/wp\/v2\/media?parent=24052"}],"curies":[{"name":"wp","href":"https:\/\/api.w.org\/{rel}","templated":true}]}}