{"id":24069,"date":"2023-05-01T14:55:31","date_gmt":"2023-05-01T12:55:31","guid":{"rendered":"https:\/\/sneeboer.com\/durch-koeniglichen-erlass-hoflieferant"},"modified":"2024-01-12T08:43:12","modified_gmt":"2024-01-12T07:43:12","slug":"durch-koeniglichen-erlass-hoflieferant","status":"publish","type":"page","link":"https:\/\/legacy.sneeboer.com\/de\/durch-koeniglichen-erlass-hoflieferant","title":{"rendered":"&#8216;Durch K\u00f6niglichen Erlass Hoflieferant&#8217;"},"content":{"rendered":"\n<h2 class=\"wp-block-heading\">Bezeichnung des Hoflieferanten<\/h2>\n\n<p>Anfang 2012 begann Jaap Sneeboer, sich um das Pr\u00e4dikat des Hoflieferanten zu bewerben. Da Sneeboer im Jahr 2013 sein 100-j\u00e4hriges Bestehen feiern w\u00fcrde und dies eine Voraussetzung f\u00fcr die Bewerbung ist, war es ein guter Zeitpunkt, mit diesem Prozess zu beginnen.. Neben der Anforderung des Alters des Unternehmens muss das Unternehmen dem KMU-Segment angeh\u00f6ren, und das Unternehmen muss in der Region eine Vorreiterrolle einnehmen, z. B. in Bezug auf die soziale Verantwortung der Unternehmen. Dar\u00fcber hinaus muss das Unternehmen nachweislich finanziell gesund sein und einen tadellosen Ruf haben. <\/p>\n<div class=\"wp-block-image is-resized\">\n<figure class=\"alignright size-large\"><img loading=\"lazy\" decoding=\"async\" width=\"1024\" height=\"768\" src=\"https:\/\/legacy.sneeboer.com\/app\/uploads\/2024\/01\/2229083-2012-1024x768.jpg\" alt=\"\" class=\"wp-image-31220\" style=\"width:741px;height:auto\" srcset=\"https:\/\/legacy.sneeboer.com\/app\/uploads\/2024\/01\/2229083-2012-1024x768.jpg 1024w, https:\/\/legacy.sneeboer.com\/app\/uploads\/2024\/01\/2229083-2012-scaled-600x450.jpg 600w, https:\/\/legacy.sneeboer.com\/app\/uploads\/2024\/01\/2229083-2012-300x225.jpg 300w, https:\/\/legacy.sneeboer.com\/app\/uploads\/2024\/01\/2229083-2012-768x576.jpg 768w\" sizes=\"auto, (max-width: 1024px) 100vw, 1024px\" \/><\/figure><\/div>\n<h2 class=\"wp-block-heading\">17. Dezember 2012<\/h2>\n\n<p>Der Antrag wird mit der Stellungnahme des B\u00fcrgermeisters versehen und dem Kommissar der K\u00f6nigin vorgelegt, der seinerseits die Entscheidung des K\u00f6nigin weiterleitet. Am 17. Dezember 2012 erteilte Ihre Majest\u00e4t K\u00f6nigin Beatrix Sneeboer das Recht, das K\u00f6nigliche Wappen mit dem Zusatz &#8220;by Royal Order purveyor to the Royal Household&#8221; zu f\u00fchren! <\/p>\n\n<h2 class=\"wp-block-heading\">Die Krone bei der Arbeit<\/h2>\n\n<p>Der vollst\u00e4ndige Antrag erforderte viel Papierkram und die Pr\u00fcfung zahlreicher historischer Unterlagen, aber er war buchst\u00e4blich die Kr\u00f6nung der Arbeit von Jaap Sneeboer. Er erhielt die Auszeichnung als Besitzer von Sneeboer in der 3. Das k\u00f6nigliche Wappen h\u00e4ngt nun in unserer Rezeption zusammen mit der Bekanntmachung der Entscheidung. Als Unternehmen, aber auch im Namen aller Mitarbeiter, sind wir sehr stolz darauf, das k\u00f6nigliche Wappen und das Pr\u00e4dikat des Hoflieferanten zu f\u00fchren. <\/p>\n\n<p>Anl\u00e4sslich der Verleihung dieses Ehrentitels stellte Jaap Sneeboer die <a href=\"https:\/\/legacy.sneeboer.com\/de\/handgeschmiedete-gartengeraete\/koenigliche-hollandschuffel-125-cm\" data-type=\"product\" data-id=\"19755\">Sneeboer Royal Schuffel<\/a> vor. Die Schuffel ist nicht nur fantastisch handlich und funktionell, sondern das Schneideblatt ist auch der Form einer Krone nachempfunden!<\/p>\n","protected":false},"excerpt":{"rendered":"<p>Bezeichnung des Hoflieferanten Anfang 2012 begann Jaap Sneeboer, sich um das Pr\u00e4dikat des Hoflieferanten zu bewerben. Da Sneeboer im Jahr 2013 sein 100-j\u00e4hriges Bestehen feiern w\u00fcrde und dies eine Voraussetzung f\u00fcr die Bewerbung ist, war es ein guter Zeitpunkt, mit diesem Prozess zu beginnen.. Neben der Anforderung des Alters des Unternehmens muss das Unternehmen dem&hellip;<\/p>\n","protected":false},"author":3,"featured_media":672,"parent":0,"menu_order":0,"comment_status":"closed","ping_status":"closed","template":"template-pagetitle.php","meta":{"_acf_changed":false,"_uag_custom_page_level_css":"","footnotes":""},"class_list":["post-24069","page","type-page","status-publish","has-post-thumbnail","hentry"],"acf":[],"yoast_head":"<!-- This site is optimized with the Yoast SEO plugin v26.5 - https:\/\/yoast.com\/wordpress\/plugins\/seo\/ -->\n<title>Sneeboer Trading BV<\/title>\n<meta name=\"robots\" content=\"noindex, follow, max-snippet:-1, max-image-preview:large, max-video-preview:-1\" \/>\n<meta property=\"og:locale\" content=\"de_DE\" \/>\n<meta property=\"og:type\" content=\"article\" \/>\n<meta property=\"og:url\" content=\"https:\/\/legacy.sneeboer.com\/de\/durch-koeniglichen-erlass-hoflieferant\" \/>\n<meta property=\"og:site_name\" content=\"Sneeboer Trading BV\" \/>\n<meta property=\"article:publisher\" content=\"https:\/\/www.facebook.com\/Sneeboer\" \/>\n<meta property=\"article:modified_time\" content=\"2024-01-12T07:43:12+00:00\" \/>\n<meta property=\"og:image\" content=\"https:\/\/legacy.sneeboer.com\/app\/uploads\/2023\/05\/Hofleverancier-2012.jpg\" \/>\n\t<meta property=\"og:image:width\" content=\"600\" \/>\n\t<meta property=\"og:image:height\" content=\"644\" \/>\n\t<meta property=\"og:image:type\" content=\"image\/jpeg\" \/>\n<meta name=\"twitter:card\" content=\"summary_large_image\" \/>\n<meta name=\"twitter:label1\" content=\"Est. reading time\" \/>\n\t<meta name=\"twitter:data1\" content=\"1 minute\" \/>\n<!-- \/ Yoast SEO plugin. -->","yoast_head_json":{"title":"Sneeboer Trading BV","robots":{"index":"noindex","follow":"follow","max-snippet":"max-snippet:-1","max-image-preview":"max-image-preview:large","max-video-preview":"max-video-preview:-1"},"og_locale":"de_DE","og_type":"article","og_url":"https:\/\/legacy.sneeboer.com\/de\/durch-koeniglichen-erlass-hoflieferant","og_site_name":"Sneeboer Trading BV","article_publisher":"https:\/\/www.facebook.com\/Sneeboer","article_modified_time":"2024-01-12T07:43:12+00:00","og_image":[{"width":600,"height":644,"url":"https:\/\/legacy.sneeboer.com\/app\/uploads\/2023\/05\/Hofleverancier-2012.jpg","type":"image\/jpeg"}],"twitter_card":"summary_large_image","twitter_misc":{"Est. reading time":"1 minute"},"schema":{"@context":"https:\/\/schema.org","@graph":[{"@type":"WebPage","@id":"https:\/\/legacy.sneeboer.com\/de\/durch-koeniglichen-erlass-hoflieferant","url":"https:\/\/legacy.sneeboer.com\/de\/durch-koeniglichen-erlass-hoflieferant","name":"'Durch K\u00f6niglichen Erlass Hoflieferant' - Sneeboer Trading BV","isPartOf":{"@id":"https:\/\/legacy.sneeboer.com\/de#website"},"primaryImageOfPage":{"@id":"https:\/\/legacy.sneeboer.com\/de\/durch-koeniglichen-erlass-hoflieferant#primaryimage"},"image":{"@id":"https:\/\/legacy.sneeboer.com\/de\/durch-koeniglichen-erlass-hoflieferant#primaryimage"},"thumbnailUrl":"https:\/\/legacy.sneeboer.com\/app\/uploads\/2023\/05\/Hofleverancier-2012.jpg","datePublished":"2023-05-01T12:55:31+00:00","dateModified":"2024-01-12T07:43:12+00:00","breadcrumb":{"@id":"https:\/\/legacy.sneeboer.com\/de\/durch-koeniglichen-erlass-hoflieferant#breadcrumb"},"inLanguage":"de-DE","potentialAction":[{"@type":"ReadAction","target":["https:\/\/legacy.sneeboer.com\/de\/durch-koeniglichen-erlass-hoflieferant"]}]},{"@type":"ImageObject","inLanguage":"de-DE","@id":"https:\/\/legacy.sneeboer.com\/de\/durch-koeniglichen-erlass-hoflieferant#primaryimage","url":"https:\/\/legacy.sneeboer.com\/app\/uploads\/2023\/05\/Hofleverancier-2012.jpg","contentUrl":"https:\/\/legacy.sneeboer.com\/app\/uploads\/2023\/05\/Hofleverancier-2012.jpg","width":600,"height":644},{"@type":"BreadcrumbList","@id":"https:\/\/legacy.sneeboer.com\/de\/durch-koeniglichen-erlass-hoflieferant#breadcrumb","itemListElement":[{"@type":"ListItem","position":1,"name":"Home","item":"https:\/\/legacy.sneeboer.com\/de"},{"@type":"ListItem","position":2,"name":"&#8216;Durch K\u00f6niglichen Erlass Hoflieferant&#8217;"}]},{"@type":"WebSite","@id":"https:\/\/legacy.sneeboer.com\/de#website","url":"https:\/\/legacy.sneeboer.com\/de","name":"Sneeboer","description":"Tools for life - and generations to come ...","publisher":{"@id":"https:\/\/legacy.sneeboer.com\/de#organization"},"potentialAction":[{"@type":"SearchAction","target":{"@type":"EntryPoint","urlTemplate":"https:\/\/legacy.sneeboer.com\/de?s={search_term_string}"},"query-input":{"@type":"PropertyValueSpecification","valueRequired":true,"valueName":"search_term_string"}}],"inLanguage":"de-DE"},{"@type":"Organization","@id":"https:\/\/legacy.sneeboer.com\/de#organization","name":"Sneeboer","url":"https:\/\/legacy.sneeboer.com\/de","logo":{"@type":"ImageObject","inLanguage":"de-DE","@id":"https:\/\/legacy.sneeboer.com\/de#\/schema\/logo\/image\/","url":"https:\/\/legacy.sneeboer.com\/app\/uploads\/2023\/05\/cropped-logo-sneeboer-110-zwart.png","contentUrl":"https:\/\/legacy.sneeboer.com\/app\/uploads\/2023\/05\/cropped-logo-sneeboer-110-zwart.png","width":2025,"height":572,"caption":"Sneeboer"},"image":{"@id":"https:\/\/legacy.sneeboer.com\/de#\/schema\/logo\/image\/"},"sameAs":["https:\/\/www.facebook.com\/Sneeboer","https:\/\/www.instagram.com\/sneeboer\/","https:\/\/www.youtube.com\/channel\/UCW9Qf54JFJFwVHzRNJbLAcg","https:\/\/pinterest.com\/sneeboer"]}]}},"uagb_featured_image_src":{"full":["https:\/\/legacy.sneeboer.com\/app\/uploads\/2023\/05\/Hofleverancier-2012.jpg",600,644,false],"thumbnail":["https:\/\/legacy.sneeboer.com\/app\/uploads\/2023\/05\/Hofleverancier-2012-150x150.jpg",150,150,true],"medium":["https:\/\/legacy.sneeboer.com\/app\/uploads\/2023\/05\/Hofleverancier-2012-280x300.jpg",280,300,true],"medium_large":["https:\/\/legacy.sneeboer.com\/app\/uploads\/2023\/05\/Hofleverancier-2012.jpg",600,644,false],"large":["https:\/\/legacy.sneeboer.com\/app\/uploads\/2023\/05\/Hofleverancier-2012.jpg",600,644,false],"1536x1536":["https:\/\/legacy.sneeboer.com\/app\/uploads\/2023\/05\/Hofleverancier-2012.jpg",600,644,false],"2048x2048":["https:\/\/legacy.sneeboer.com\/app\/uploads\/2023\/05\/Hofleverancier-2012.jpg",600,644,false],"post-thumbnail":["https:\/\/legacy.sneeboer.com\/app\/uploads\/2023\/05\/Hofleverancier-2012-80x100.jpg",80,100,true],"restoration-rectangle":["https:\/\/legacy.sneeboer.com\/app\/uploads\/2023\/05\/Hofleverancier-2012-370x240.jpg",370,240,true],"restoration-single":["https:\/\/legacy.sneeboer.com\/app\/uploads\/2023\/05\/Hofleverancier-2012-600x400.jpg",600,400,true],"restoration-rectangle-mini":["https:\/\/legacy.sneeboer.com\/app\/uploads\/2023\/05\/Hofleverancier-2012-20x12.jpg",20,12,true],"restoration-rectangle-mobile":["https:\/\/legacy.sneeboer.com\/app\/uploads\/2023\/05\/Hofleverancier-2012-290x188.jpg",290,188,true],"restoration-rectangle-x2":["https:\/\/legacy.sneeboer.com\/app\/uploads\/2023\/05\/Hofleverancier-2012-600x480.jpg",600,480,true],"restoration-single-mini":["https:\/\/legacy.sneeboer.com\/app\/uploads\/2023\/05\/Hofleverancier-2012-20x10.jpg",20,10,true],"restoration-single-mobile":["https:\/\/legacy.sneeboer.com\/app\/uploads\/2023\/05\/Hofleverancier-2012-290x145.jpg",290,145,true],"restoration-single-x2":["https:\/\/legacy.sneeboer.com\/app\/uploads\/2023\/05\/Hofleverancier-2012.jpg",600,644,false],"gform-image-choice-sm":["https:\/\/legacy.sneeboer.com\/app\/uploads\/2023\/05\/Hofleverancier-2012.jpg",280,300,false],"gform-image-choice-md":["https:\/\/legacy.sneeboer.com\/app\/uploads\/2023\/05\/Hofleverancier-2012.jpg",373,400,false],"gform-image-choice-lg":["https:\/\/legacy.sneeboer.com\/app\/uploads\/2023\/05\/Hofleverancier-2012.jpg",559,600,false],"woocommerce_thumbnail":["https:\/\/legacy.sneeboer.com\/app\/uploads\/2023\/05\/Hofleverancier-2012-400x400.jpg",400,400,true],"woocommerce_single":["https:\/\/legacy.sneeboer.com\/app\/uploads\/2023\/05\/Hofleverancier-2012.jpg",600,644,false],"woocommerce_gallery_thumbnail":["https:\/\/legacy.sneeboer.com\/app\/uploads\/2023\/05\/Hofleverancier-2012-160x192.jpg",160,192,true]},"uagb_author_info":{"display_name":"Sjoerd Sneeboer","author_link":"https:\/\/legacy.sneeboer.com\/de\/author\/sjoerdsneeboer-com"},"uagb_comment_info":0,"uagb_excerpt":"Bezeichnung des Hoflieferanten Anfang 2012 begann Jaap Sneeboer, sich um das Pr\u00e4dikat des Hoflieferanten zu bewerben. Da Sneeboer im Jahr 2013 sein 100-j\u00e4hriges Bestehen feiern w\u00fcrde und dies eine Voraussetzung f\u00fcr die Bewerbung ist, war es ein guter Zeitpunkt, mit diesem Prozess zu beginnen.. Neben der Anforderung des Alters des Unternehmens muss das Unternehmen dem&hellip;","_links":{"self":[{"href":"https:\/\/legacy.sneeboer.com\/de\/wp-json\/wp\/v2\/pages\/24069","targetHints":{"allow":["GET"]}}],"collection":[{"href":"https:\/\/legacy.sneeboer.com\/de\/wp-json\/wp\/v2\/pages"}],"about":[{"href":"https:\/\/legacy.sneeboer.com\/de\/wp-json\/wp\/v2\/types\/page"}],"author":[{"embeddable":true,"href":"https:\/\/legacy.sneeboer.com\/de\/wp-json\/wp\/v2\/users\/3"}],"replies":[{"embeddable":true,"href":"https:\/\/legacy.sneeboer.com\/de\/wp-json\/wp\/v2\/comments?post=24069"}],"version-history":[{"count":0,"href":"https:\/\/legacy.sneeboer.com\/de\/wp-json\/wp\/v2\/pages\/24069\/revisions"}],"wp:featuredmedia":[{"embeddable":true,"href":"https:\/\/legacy.sneeboer.com\/de\/wp-json\/wp\/v2\/media\/672"}],"wp:attachment":[{"href":"https:\/\/legacy.sneeboer.com\/de\/wp-json\/wp\/v2\/media?parent=24069"}],"curies":[{"name":"wp","href":"https:\/\/api.w.org\/{rel}","templated":true}]}}