{"id":10222,"date":"2023-05-09T15:37:13","date_gmt":"2023-05-09T13:37:13","guid":{"rendered":"https:\/\/testsite.sneeboer.com\/tuingereedschap\/handgabel-5"},"modified":"2023-09-22T16:19:57","modified_gmt":"2023-09-22T14:19:57","slug":"handgabel-5","status":"publish","type":"product","link":"https:\/\/legacy.sneeboer.com\/de\/handgeschmiedete-gartengeraete\/handgabel-5","title":{"rendered":"Handerntegabel 3 runde Zinken"},"content":{"rendered":"<p>Die Handgabel ist besonders n\u00fctzlich, wenn es darum geht, Pflanzen umzupflanzen, ohne dabei ihre Wurzeln zu besch\u00e4digen. Sie ist mit einem Stiel aus Eschen- oder Kirschholz in verschiedenen Gr\u00f6\u00dfen erh\u00e4ltlich.<\/p>\n","protected":false},"excerpt":{"rendered":"<p>Diese Handgabel ist ideal, um unter Unkraut zu gelangen und es mitsamt dem Wurzelwerk aus dem Boden zu l\u00f6sen, sowie um Pflanzen aus T\u00f6pfen oder Beeten zu entfernen, ohne dabei die Wurzeln zu besch\u00e4digen. Die Zinken aus rostfreiem Stahl sind stark genug, um B\u00f6den jeder Art und Beschaffenheit umzugraben und zu bearbeiten. Das clevere Design dieser Handgabel sorgt daf\u00fcr, dass sie stabil, gut ausbalanciert und ergonomisch zu handhaben ist. Im Vergleich zur herk\u00f6mmlichen Handgabel hat diese Variante v\u00f6llig runde Zinken, die am Ende zu einer Spitze ausgeformt sind.<\/p>\n","protected":false},"featured_media":10184,"template":"","meta":{"_acf_changed":false,"_uag_custom_page_level_css":""},"product_brand":[],"product_cat":[104,193],"product_tag":[331,531],"soil_types":[],"weeds":[],"brands":[438],"class_list":{"0":"post-10222","1":"product","2":"type-product","3":"status-publish","4":"has-post-thumbnail","6":"product_cat-handgeraete","7":"product_cat-gabel","8":"product_tag-graben","9":"product_tag-unkraut-entfernen","10":"brands-sneeboer-de","12":"first","13":"instock","14":"taxable","15":"shipping-taxable","16":"purchasable","17":"product-type-simple"},"exclude_global_add_ons":false,"addons":[{"name":"Graveren","type":"custom_text","position":0,"required":false,"title_format":"heading","default":"","description_enable":false,"description":"Voeg maximaal 50 karakters in.","placeholder_enable":false,"placeholder":"","display":"select","restrictions_type":"any_text","adjust_price":true,"price":"4.92","price_type":"quantity_based","restrictions":true,"min":"1","max":"50","options":[],"id":1684165753}],"acf":[],"yoast_head":"<!-- This site is optimized with the Yoast SEO plugin v26.5 - https:\/\/yoast.com\/wordpress\/plugins\/seo\/ -->\n<title>Sneeboer Trading BV<\/title>\n<meta name=\"robots\" content=\"noindex, follow, max-snippet:-1, max-image-preview:large, max-video-preview:-1\" \/>\n<meta property=\"og:locale\" content=\"de_DE\" \/>\n<meta property=\"og:type\" content=\"article\" \/>\n<meta property=\"og:url\" content=\"https:\/\/legacy.sneeboer.com\/de\/handgeschmiedete-gartengeraete\/handgabel-5\" \/>\n<meta property=\"og:site_name\" content=\"Sneeboer Trading BV\" \/>\n<meta property=\"article:publisher\" content=\"https:\/\/www.facebook.com\/Sneeboer\" \/>\n<meta property=\"article:modified_time\" content=\"2023-09-22T14:19:57+00:00\" \/>\n<meta property=\"og:image\" content=\"https:\/\/legacy.sneeboer.com\/app\/uploads\/2023\/05\/8715093050451-1.jpg\" \/>\n\t<meta property=\"og:image:width\" content=\"1024\" \/>\n\t<meta property=\"og:image:height\" content=\"1024\" \/>\n\t<meta property=\"og:image:type\" content=\"image\/jpeg\" \/>\n<meta name=\"twitter:card\" content=\"summary_large_image\" \/>\n<!-- \/ Yoast SEO plugin. -->","yoast_head_json":{"title":"Sneeboer Trading BV","robots":{"index":"noindex","follow":"follow","max-snippet":"max-snippet:-1","max-image-preview":"max-image-preview:large","max-video-preview":"max-video-preview:-1"},"og_locale":"de_DE","og_type":"article","og_url":"https:\/\/legacy.sneeboer.com\/de\/handgeschmiedete-gartengeraete\/handgabel-5","og_site_name":"Sneeboer Trading BV","article_publisher":"https:\/\/www.facebook.com\/Sneeboer","article_modified_time":"2023-09-22T14:19:57+00:00","og_image":[{"width":1024,"height":1024,"url":"https:\/\/legacy.sneeboer.com\/app\/uploads\/2023\/05\/8715093050451-1.jpg","type":"image\/jpeg"}],"twitter_card":"summary_large_image","schema":{"@context":"https:\/\/schema.org","@graph":[{"@type":"WebPage","@id":"https:\/\/legacy.sneeboer.com\/de\/handgeschmiedete-gartengeraete\/handgabel-5","url":"https:\/\/legacy.sneeboer.com\/de\/handgeschmiedete-gartengeraete\/handgabel-5","name":"Handerntegabel 3 runde Zinken - Sneeboer Trading BV","isPartOf":{"@id":"https:\/\/legacy.sneeboer.com\/de#website"},"primaryImageOfPage":{"@id":"https:\/\/legacy.sneeboer.com\/de\/handgeschmiedete-gartengeraete\/handgabel-5#primaryimage"},"image":{"@id":"https:\/\/legacy.sneeboer.com\/de\/handgeschmiedete-gartengeraete\/handgabel-5#primaryimage"},"thumbnailUrl":"https:\/\/legacy.sneeboer.com\/app\/uploads\/2023\/05\/8715093050451-1.jpg","datePublished":"2023-05-09T13:37:13+00:00","dateModified":"2023-09-22T14:19:57+00:00","breadcrumb":{"@id":"https:\/\/legacy.sneeboer.com\/de\/handgeschmiedete-gartengeraete\/handgabel-5#breadcrumb"},"inLanguage":"de-DE","potentialAction":[{"@type":"ReadAction","target":["https:\/\/legacy.sneeboer.com\/de\/handgeschmiedete-gartengeraete\/handgabel-5"]}]},{"@type":"ImageObject","inLanguage":"de-DE","@id":"https:\/\/legacy.sneeboer.com\/de\/handgeschmiedete-gartengeraete\/handgabel-5#primaryimage","url":"https:\/\/legacy.sneeboer.com\/app\/uploads\/2023\/05\/8715093050451-1.jpg","contentUrl":"https:\/\/legacy.sneeboer.com\/app\/uploads\/2023\/05\/8715093050451-1.jpg","width":1024,"height":1024},{"@type":"BreadcrumbList","@id":"https:\/\/legacy.sneeboer.com\/de\/handgeschmiedete-gartengeraete\/handgabel-5#breadcrumb","itemListElement":[{"@type":"ListItem","position":1,"name":"Home","item":"https:\/\/legacy.sneeboer.com\/de"},{"@type":"ListItem","position":2,"name":"Tuingereedschap","item":"https:\/\/legacy.sneeboer.com\/tuingereedschap"},{"@type":"ListItem","position":3,"name":"Handerntegabel 3 runde Zinken"}]},{"@type":"WebSite","@id":"https:\/\/legacy.sneeboer.com\/de#website","url":"https:\/\/legacy.sneeboer.com\/de","name":"Sneeboer","description":"Tools for life - and generations to come ...","publisher":{"@id":"https:\/\/legacy.sneeboer.com\/de#organization"},"potentialAction":[{"@type":"SearchAction","target":{"@type":"EntryPoint","urlTemplate":"https:\/\/legacy.sneeboer.com\/de?s={search_term_string}"},"query-input":{"@type":"PropertyValueSpecification","valueRequired":true,"valueName":"search_term_string"}}],"inLanguage":"de-DE"},{"@type":"Organization","@id":"https:\/\/legacy.sneeboer.com\/de#organization","name":"Sneeboer","url":"https:\/\/legacy.sneeboer.com\/de","logo":{"@type":"ImageObject","inLanguage":"de-DE","@id":"https:\/\/legacy.sneeboer.com\/de#\/schema\/logo\/image\/","url":"https:\/\/legacy.sneeboer.com\/app\/uploads\/2023\/05\/cropped-logo-sneeboer-110-zwart.png","contentUrl":"https:\/\/legacy.sneeboer.com\/app\/uploads\/2023\/05\/cropped-logo-sneeboer-110-zwart.png","width":2025,"height":572,"caption":"Sneeboer"},"image":{"@id":"https:\/\/legacy.sneeboer.com\/de#\/schema\/logo\/image\/"},"sameAs":["https:\/\/www.facebook.com\/Sneeboer","https:\/\/www.instagram.com\/sneeboer\/","https:\/\/www.youtube.com\/channel\/UCW9Qf54JFJFwVHzRNJbLAcg","https:\/\/pinterest.com\/sneeboer"]}]}},"uagb_featured_image_src":{"full":["https:\/\/legacy.sneeboer.com\/app\/uploads\/2023\/05\/8715093050451-1.jpg",1024,1024,false],"thumbnail":["https:\/\/legacy.sneeboer.com\/app\/uploads\/2023\/05\/8715093050451-1-150x150.jpg",150,150,true],"medium":["https:\/\/legacy.sneeboer.com\/app\/uploads\/2023\/05\/8715093050451-1-300x300.jpg",300,300,true],"medium_large":["https:\/\/legacy.sneeboer.com\/app\/uploads\/2023\/05\/8715093050451-1-768x768.jpg",768,768,true],"large":["https:\/\/legacy.sneeboer.com\/app\/uploads\/2023\/05\/8715093050451-1.jpg",1024,1024,false],"1536x1536":["https:\/\/legacy.sneeboer.com\/app\/uploads\/2023\/05\/8715093050451-1.jpg",1024,1024,false],"2048x2048":["https:\/\/legacy.sneeboer.com\/app\/uploads\/2023\/05\/8715093050451-1.jpg",1024,1024,false],"post-thumbnail":["https:\/\/legacy.sneeboer.com\/app\/uploads\/2023\/05\/8715093050451-1-80x100.jpg",80,100,true],"restoration-rectangle":["https:\/\/legacy.sneeboer.com\/app\/uploads\/2023\/05\/8715093050451-1-370x240.jpg",370,240,true],"restoration-single":["https:\/\/legacy.sneeboer.com\/app\/uploads\/2023\/05\/8715093050451-1-800x400.jpg",800,400,true],"restoration-rectangle-mini":["https:\/\/legacy.sneeboer.com\/app\/uploads\/2023\/05\/8715093050451-1-20x12.jpg",20,12,true],"restoration-rectangle-mobile":["https:\/\/legacy.sneeboer.com\/app\/uploads\/2023\/05\/8715093050451-1-290x188.jpg",290,188,true],"restoration-rectangle-x2":["https:\/\/legacy.sneeboer.com\/app\/uploads\/2023\/05\/8715093050451-1-740x480.jpg",740,480,true],"restoration-single-mini":["https:\/\/legacy.sneeboer.com\/app\/uploads\/2023\/05\/8715093050451-1-20x10.jpg",20,10,true],"restoration-single-mobile":["https:\/\/legacy.sneeboer.com\/app\/uploads\/2023\/05\/8715093050451-1-290x145.jpg",290,145,true],"restoration-single-x2":["https:\/\/legacy.sneeboer.com\/app\/uploads\/2023\/05\/8715093050451-1-1024x800.jpg",1024,800,true],"gform-image-choice-sm":["https:\/\/legacy.sneeboer.com\/app\/uploads\/2023\/05\/8715093050451-1.jpg",300,300,false],"gform-image-choice-md":["https:\/\/legacy.sneeboer.com\/app\/uploads\/2023\/05\/8715093050451-1.jpg",400,400,false],"gform-image-choice-lg":["https:\/\/legacy.sneeboer.com\/app\/uploads\/2023\/05\/8715093050451-1.jpg",600,600,false],"woocommerce_thumbnail":["https:\/\/legacy.sneeboer.com\/app\/uploads\/2023\/05\/8715093050451-1-400x400.jpg",400,400,true],"woocommerce_single":["https:\/\/legacy.sneeboer.com\/app\/uploads\/2023\/05\/8715093050451-1-600x600.jpg",600,600,true],"woocommerce_gallery_thumbnail":["https:\/\/legacy.sneeboer.com\/app\/uploads\/2023\/05\/8715093050451-1-160x192.jpg",160,192,true]},"uagb_author_info":{"display_name":"Jaap van Duijn","author_link":"https:\/\/legacy.sneeboer.com\/de\/author"},"uagb_comment_info":0,"uagb_excerpt":"Diese Handgabel ist ideal, um unter Unkraut zu gelangen und es mitsamt dem Wurzelwerk aus dem Boden zu l\u00f6sen, sowie um Pflanzen aus T\u00f6pfen oder Beeten zu entfernen, ohne dabei die Wurzeln zu besch\u00e4digen. Die Zinken aus rostfreiem Stahl sind stark genug, um B\u00f6den jeder Art und Beschaffenheit umzugraben und zu bearbeiten. Das clevere Design&hellip;","_links":{"self":[{"href":"https:\/\/legacy.sneeboer.com\/de\/wp-json\/wp\/v2\/product\/10222","targetHints":{"allow":["GET"]}}],"collection":[{"href":"https:\/\/legacy.sneeboer.com\/de\/wp-json\/wp\/v2\/product"}],"about":[{"href":"https:\/\/legacy.sneeboer.com\/de\/wp-json\/wp\/v2\/types\/product"}],"wp:featuredmedia":[{"embeddable":true,"href":"https:\/\/legacy.sneeboer.com\/de\/wp-json\/wp\/v2\/media\/10184"}],"wp:attachment":[{"href":"https:\/\/legacy.sneeboer.com\/de\/wp-json\/wp\/v2\/media?parent=10222"}],"wp:term":[{"taxonomy":"product_brand","embeddable":true,"href":"https:\/\/legacy.sneeboer.com\/de\/wp-json\/wp\/v2\/product_brand?post=10222"},{"taxonomy":"product_cat","embeddable":true,"href":"https:\/\/legacy.sneeboer.com\/de\/wp-json\/wp\/v2\/product_cat?post=10222"},{"taxonomy":"product_tag","embeddable":true,"href":"https:\/\/legacy.sneeboer.com\/de\/wp-json\/wp\/v2\/product_tag?post=10222"},{"taxonomy":"soil_types","embeddable":true,"href":"https:\/\/legacy.sneeboer.com\/de\/wp-json\/wp\/v2\/soil_types?post=10222"},{"taxonomy":"weeds","embeddable":true,"href":"https:\/\/legacy.sneeboer.com\/de\/wp-json\/wp\/v2\/weeds?post=10222"},{"taxonomy":"brands","embeddable":true,"href":"https:\/\/legacy.sneeboer.com\/de\/wp-json\/wp\/v2\/brands?post=10222"}],"curies":[{"name":"wp","href":"https:\/\/api.w.org\/{rel}","templated":true}]}}