{"id":12176,"date":"2023-05-09T20:09:06","date_gmt":"2023-05-09T18:09:06","guid":{"rendered":"https:\/\/testsite.sneeboer.com\/tuingereedschap\/gabel-und-feldhacke"},"modified":"2025-04-28T16:44:22","modified_gmt":"2025-04-28T14:44:22","slug":"gabel-und-feldhacke","status":"publish","type":"product","link":"https:\/\/legacy.sneeboer.com\/de\/handgeschmiedete-gartengeraete\/gabel-und-feldhacke","title":{"rendered":"Gartenhacke"},"content":{"rendered":"<p>Aufgrund ihrer Gr\u00f6\u00dfe l\u00e4sst es sich mit der Gartenhacke auch in dicht bepflanzten Beeten pr\u00e4zise arbeiten, ohne dabei die umliegenden Pflanzen zu besch\u00e4digen. Die Gartenhacke wird mit einem Griff aus Eschen- oder Kirschholz geliefert.<\/p>\n","protected":false},"excerpt":{"rendered":"<p>Die Gartenhacke vereint ein scharfes Blatt mit einer robusten, zweizinkigen Gabel. Mit dieser Ger\u00e4tekombination kann der Boden bearbeitet und von Unkraut befreit werden, ohne dass das Werkzeug gewechselt werden muss. Diese kleinere Version der Kombihacke eignet sich besonders gut f\u00fcr sehr kompakte B\u00f6den.<\/p>\n","protected":false},"featured_media":12147,"template":"","meta":{"_acf_changed":false,"_uag_custom_page_level_css":""},"product_brand":[],"product_cat":[104,193],"product_tag":[331,531],"soil_types":[],"weeds":[],"brands":[438],"class_list":{"0":"post-12176","1":"product","2":"type-product","3":"status-publish","4":"has-post-thumbnail","6":"product_cat-handgeraete","7":"product_cat-gabel","8":"product_tag-graben","9":"product_tag-unkraut-entfernen","10":"brands-sneeboer-de","12":"first","13":"instock","14":"taxable","15":"shipping-taxable","16":"purchasable","17":"product-type-simple"},"exclude_global_add_ons":false,"addons":[{"name":"Graveren","type":"custom_text","position":0,"required":false,"title_format":"heading","default":"","description_enable":false,"description":"Voeg maximaal 50 karakters in.","placeholder_enable":false,"placeholder":"","display":"select","restrictions_type":"any_text","adjust_price":true,"price":"4.92","price_type":"quantity_based","restrictions":true,"min":"1","max":"50","options":[],"id":1684165753}],"acf":[],"yoast_head":"<!-- This site is optimized with the Yoast SEO plugin v26.5 - https:\/\/yoast.com\/wordpress\/plugins\/seo\/ -->\n<title>Sneeboer Trading BV<\/title>\n<meta name=\"robots\" content=\"noindex, follow, max-snippet:-1, max-image-preview:large, max-video-preview:-1\" \/>\n<meta property=\"og:locale\" content=\"de_DE\" \/>\n<meta property=\"og:type\" content=\"article\" \/>\n<meta property=\"og:url\" content=\"https:\/\/legacy.sneeboer.com\/de\/handgeschmiedete-gartengeraete\/gabel-und-feldhacke\" \/>\n<meta property=\"og:site_name\" content=\"Sneeboer Trading BV\" \/>\n<meta property=\"article:publisher\" content=\"https:\/\/www.facebook.com\/Sneeboer\" \/>\n<meta property=\"article:modified_time\" content=\"2025-04-28T14:44:22+00:00\" \/>\n<meta property=\"og:image\" content=\"https:\/\/legacy.sneeboer.com\/app\/uploads\/2023\/05\/8715093055340-1.jpg\" \/>\n\t<meta property=\"og:image:width\" content=\"1024\" \/>\n\t<meta property=\"og:image:height\" content=\"1024\" \/>\n\t<meta property=\"og:image:type\" content=\"image\/jpeg\" \/>\n<meta name=\"twitter:card\" content=\"summary_large_image\" \/>\n<!-- \/ Yoast SEO plugin. -->","yoast_head_json":{"title":"Sneeboer Trading BV","robots":{"index":"noindex","follow":"follow","max-snippet":"max-snippet:-1","max-image-preview":"max-image-preview:large","max-video-preview":"max-video-preview:-1"},"og_locale":"de_DE","og_type":"article","og_url":"https:\/\/legacy.sneeboer.com\/de\/handgeschmiedete-gartengeraete\/gabel-und-feldhacke","og_site_name":"Sneeboer Trading BV","article_publisher":"https:\/\/www.facebook.com\/Sneeboer","article_modified_time":"2025-04-28T14:44:22+00:00","og_image":[{"width":1024,"height":1024,"url":"https:\/\/legacy.sneeboer.com\/app\/uploads\/2023\/05\/8715093055340-1.jpg","type":"image\/jpeg"}],"twitter_card":"summary_large_image","schema":{"@context":"https:\/\/schema.org","@graph":[{"@type":"WebPage","@id":"https:\/\/legacy.sneeboer.com\/de\/handgeschmiedete-gartengeraete\/gabel-und-feldhacke","url":"https:\/\/legacy.sneeboer.com\/de\/handgeschmiedete-gartengeraete\/gabel-und-feldhacke","name":"Gartenhacke - Sneeboer Trading BV","isPartOf":{"@id":"https:\/\/legacy.sneeboer.com\/de#website"},"primaryImageOfPage":{"@id":"https:\/\/legacy.sneeboer.com\/de\/handgeschmiedete-gartengeraete\/gabel-und-feldhacke#primaryimage"},"image":{"@id":"https:\/\/legacy.sneeboer.com\/de\/handgeschmiedete-gartengeraete\/gabel-und-feldhacke#primaryimage"},"thumbnailUrl":"https:\/\/legacy.sneeboer.com\/app\/uploads\/2023\/05\/8715093055340-1.jpg","datePublished":"2023-05-09T18:09:06+00:00","dateModified":"2025-04-28T14:44:22+00:00","breadcrumb":{"@id":"https:\/\/legacy.sneeboer.com\/de\/handgeschmiedete-gartengeraete\/gabel-und-feldhacke#breadcrumb"},"inLanguage":"de-DE","potentialAction":[{"@type":"ReadAction","target":["https:\/\/legacy.sneeboer.com\/de\/handgeschmiedete-gartengeraete\/gabel-und-feldhacke"]}]},{"@type":"ImageObject","inLanguage":"de-DE","@id":"https:\/\/legacy.sneeboer.com\/de\/handgeschmiedete-gartengeraete\/gabel-und-feldhacke#primaryimage","url":"https:\/\/legacy.sneeboer.com\/app\/uploads\/2023\/05\/8715093055340-1.jpg","contentUrl":"https:\/\/legacy.sneeboer.com\/app\/uploads\/2023\/05\/8715093055340-1.jpg","width":1024,"height":1024},{"@type":"BreadcrumbList","@id":"https:\/\/legacy.sneeboer.com\/de\/handgeschmiedete-gartengeraete\/gabel-und-feldhacke#breadcrumb","itemListElement":[{"@type":"ListItem","position":1,"name":"Home","item":"https:\/\/legacy.sneeboer.com\/de"},{"@type":"ListItem","position":2,"name":"Tuingereedschap","item":"https:\/\/legacy.sneeboer.com\/tuingereedschap"},{"@type":"ListItem","position":3,"name":"Gartenhacke"}]},{"@type":"WebSite","@id":"https:\/\/legacy.sneeboer.com\/de#website","url":"https:\/\/legacy.sneeboer.com\/de","name":"Sneeboer","description":"Tools for life - and generations to come ...","publisher":{"@id":"https:\/\/legacy.sneeboer.com\/de#organization"},"potentialAction":[{"@type":"SearchAction","target":{"@type":"EntryPoint","urlTemplate":"https:\/\/legacy.sneeboer.com\/de?s={search_term_string}"},"query-input":{"@type":"PropertyValueSpecification","valueRequired":true,"valueName":"search_term_string"}}],"inLanguage":"de-DE"},{"@type":"Organization","@id":"https:\/\/legacy.sneeboer.com\/de#organization","name":"Sneeboer","url":"https:\/\/legacy.sneeboer.com\/de","logo":{"@type":"ImageObject","inLanguage":"de-DE","@id":"https:\/\/legacy.sneeboer.com\/de#\/schema\/logo\/image\/","url":"https:\/\/legacy.sneeboer.com\/app\/uploads\/2023\/05\/cropped-logo-sneeboer-110-zwart.png","contentUrl":"https:\/\/legacy.sneeboer.com\/app\/uploads\/2023\/05\/cropped-logo-sneeboer-110-zwart.png","width":2025,"height":572,"caption":"Sneeboer"},"image":{"@id":"https:\/\/legacy.sneeboer.com\/de#\/schema\/logo\/image\/"},"sameAs":["https:\/\/www.facebook.com\/Sneeboer","https:\/\/www.instagram.com\/sneeboer\/","https:\/\/www.youtube.com\/channel\/UCW9Qf54JFJFwVHzRNJbLAcg","https:\/\/pinterest.com\/sneeboer"]}]}},"uagb_featured_image_src":{"full":["https:\/\/legacy.sneeboer.com\/app\/uploads\/2023\/05\/8715093055340-1.jpg",1024,1024,false],"thumbnail":["https:\/\/legacy.sneeboer.com\/app\/uploads\/2023\/05\/8715093055340-1-150x150.jpg",150,150,true],"medium":["https:\/\/legacy.sneeboer.com\/app\/uploads\/2023\/05\/8715093055340-1-300x300.jpg",300,300,true],"medium_large":["https:\/\/legacy.sneeboer.com\/app\/uploads\/2023\/05\/8715093055340-1-768x768.jpg",768,768,true],"large":["https:\/\/legacy.sneeboer.com\/app\/uploads\/2023\/05\/8715093055340-1.jpg",1024,1024,false],"1536x1536":["https:\/\/legacy.sneeboer.com\/app\/uploads\/2023\/05\/8715093055340-1.jpg",1024,1024,false],"2048x2048":["https:\/\/legacy.sneeboer.com\/app\/uploads\/2023\/05\/8715093055340-1.jpg",1024,1024,false],"post-thumbnail":["https:\/\/legacy.sneeboer.com\/app\/uploads\/2023\/05\/8715093055340-1-80x100.jpg",80,100,true],"restoration-rectangle":["https:\/\/legacy.sneeboer.com\/app\/uploads\/2023\/05\/8715093055340-1-370x240.jpg",370,240,true],"restoration-single":["https:\/\/legacy.sneeboer.com\/app\/uploads\/2023\/05\/8715093055340-1-800x400.jpg",800,400,true],"restoration-rectangle-mini":["https:\/\/legacy.sneeboer.com\/app\/uploads\/2023\/05\/8715093055340-1-20x12.jpg",20,12,true],"restoration-rectangle-mobile":["https:\/\/legacy.sneeboer.com\/app\/uploads\/2023\/05\/8715093055340-1-290x188.jpg",290,188,true],"restoration-rectangle-x2":["https:\/\/legacy.sneeboer.com\/app\/uploads\/2023\/05\/8715093055340-1-740x480.jpg",740,480,true],"restoration-single-mini":["https:\/\/legacy.sneeboer.com\/app\/uploads\/2023\/05\/8715093055340-1-20x10.jpg",20,10,true],"restoration-single-mobile":["https:\/\/legacy.sneeboer.com\/app\/uploads\/2023\/05\/8715093055340-1-290x145.jpg",290,145,true],"restoration-single-x2":["https:\/\/legacy.sneeboer.com\/app\/uploads\/2023\/05\/8715093055340-1-1024x800.jpg",1024,800,true],"gform-image-choice-sm":["https:\/\/legacy.sneeboer.com\/app\/uploads\/2023\/05\/8715093055340-1.jpg",300,300,false],"gform-image-choice-md":["https:\/\/legacy.sneeboer.com\/app\/uploads\/2023\/05\/8715093055340-1.jpg",400,400,false],"gform-image-choice-lg":["https:\/\/legacy.sneeboer.com\/app\/uploads\/2023\/05\/8715093055340-1.jpg",600,600,false],"woocommerce_thumbnail":["https:\/\/legacy.sneeboer.com\/app\/uploads\/2023\/05\/8715093055340-1-400x400.jpg",400,400,true],"woocommerce_single":["https:\/\/legacy.sneeboer.com\/app\/uploads\/2023\/05\/8715093055340-1-600x600.jpg",600,600,true],"woocommerce_gallery_thumbnail":["https:\/\/legacy.sneeboer.com\/app\/uploads\/2023\/05\/8715093055340-1-160x192.jpg",160,192,true]},"uagb_author_info":{"display_name":"Jaap van Duijn","author_link":"https:\/\/legacy.sneeboer.com\/de\/author"},"uagb_comment_info":0,"uagb_excerpt":"Die Gartenhacke vereint ein scharfes Blatt mit einer robusten, zweizinkigen Gabel. Mit dieser Ger\u00e4tekombination kann der Boden bearbeitet und von Unkraut befreit werden, ohne dass das Werkzeug gewechselt werden muss. Diese kleinere Version der Kombihacke eignet sich besonders gut f\u00fcr sehr kompakte B\u00f6den.","_links":{"self":[{"href":"https:\/\/legacy.sneeboer.com\/de\/wp-json\/wp\/v2\/product\/12176","targetHints":{"allow":["GET"]}}],"collection":[{"href":"https:\/\/legacy.sneeboer.com\/de\/wp-json\/wp\/v2\/product"}],"about":[{"href":"https:\/\/legacy.sneeboer.com\/de\/wp-json\/wp\/v2\/types\/product"}],"wp:featuredmedia":[{"embeddable":true,"href":"https:\/\/legacy.sneeboer.com\/de\/wp-json\/wp\/v2\/media\/12147"}],"wp:attachment":[{"href":"https:\/\/legacy.sneeboer.com\/de\/wp-json\/wp\/v2\/media?parent=12176"}],"wp:term":[{"taxonomy":"product_brand","embeddable":true,"href":"https:\/\/legacy.sneeboer.com\/de\/wp-json\/wp\/v2\/product_brand?post=12176"},{"taxonomy":"product_cat","embeddable":true,"href":"https:\/\/legacy.sneeboer.com\/de\/wp-json\/wp\/v2\/product_cat?post=12176"},{"taxonomy":"product_tag","embeddable":true,"href":"https:\/\/legacy.sneeboer.com\/de\/wp-json\/wp\/v2\/product_tag?post=12176"},{"taxonomy":"soil_types","embeddable":true,"href":"https:\/\/legacy.sneeboer.com\/de\/wp-json\/wp\/v2\/soil_types?post=12176"},{"taxonomy":"weeds","embeddable":true,"href":"https:\/\/legacy.sneeboer.com\/de\/wp-json\/wp\/v2\/weeds?post=12176"},{"taxonomy":"brands","embeddable":true,"href":"https:\/\/legacy.sneeboer.com\/de\/wp-json\/wp\/v2\/brands?post=12176"}],"curies":[{"name":"wp","href":"https:\/\/api.w.org\/{rel}","templated":true}]}}