{"id":2369,"date":"2023-05-09T13:07:17","date_gmt":"2023-05-09T11:07:17","guid":{"rendered":"https:\/\/testsite.sneeboer.com\/tuingereedschap\/stiel-griff-170-cm-esschen"},"modified":"2023-08-28T15:22:47","modified_gmt":"2023-08-28T13:22:47","slug":"stiel-griff-170-cm-esschen","status":"publish","type":"product","link":"https:\/\/legacy.sneeboer.com\/de\/handgeschmiedete-gartengeraete\/stiel-griff-170-cm-esschen","title":{"rendered":"Stiel &amp; Griff 170 cm Esschen"},"content":{"rendered":"<p>Kennen Sie schon unseren umfangreichen YouTube-Kanal, der auch Videos mit Anleitungen f\u00fcr den Austausch von Griffen bereith\u00e4lt?<\/p>\n","protected":false},"excerpt":{"rendered":"<p>170 cm langer T-Griff aus Eschenholz, der mit allen Rechen und Gartenharken von Sneeboer kompatibel ist. Um die Lebensdauer des Griffs zu erh\u00f6hen, empfehlen wir, das Holz mit gekochtem Lein\u00f6l einzureiben. F\u00fcr die Befestigung des Griffs am Ger\u00e4t empfehlen wir die Verwendung der Messingniete sowie eines hochwertigen Holzklebers wie Loctite Double Bubble.<\/p>\n","protected":false},"featured_media":2340,"template":"","meta":{"_acf_changed":false,"_uag_custom_page_level_css":""},"product_brand":[],"product_cat":[166,284],"product_tag":[485],"soil_types":[],"weeds":[],"brands":[],"class_list":{"0":"post-2369","1":"product","2":"type-product","3":"status-publish","4":"has-post-thumbnail","6":"product_cat-spare-handle-7","7":"product_cat-geraetepflege","8":"product_tag-wartung","10":"first","11":"instock","12":"taxable","13":"shipping-taxable","14":"purchasable","15":"product-type-simple"},"exclude_global_add_ons":false,"addons":[{"name":"Graveren","type":"custom_text","position":0,"required":false,"title_format":"heading","default":"","description_enable":false,"description":"Voeg maximaal 50 karakters in.","placeholder_enable":false,"placeholder":"","display":"select","restrictions_type":"any_text","adjust_price":true,"price":"4.92","price_type":"quantity_based","restrictions":true,"min":"1","max":"50","options":[],"id":1684165753}],"acf":[],"yoast_head":"<!-- This site is optimized with the Yoast SEO plugin v26.5 - https:\/\/yoast.com\/wordpress\/plugins\/seo\/ -->\n<title>Sneeboer Trading BV<\/title>\n<meta name=\"robots\" content=\"noindex, follow, max-snippet:-1, max-image-preview:large, max-video-preview:-1\" \/>\n<meta property=\"og:locale\" content=\"de_DE\" \/>\n<meta property=\"og:type\" content=\"article\" \/>\n<meta property=\"og:url\" content=\"https:\/\/legacy.sneeboer.com\/de\/handgeschmiedete-gartengeraete\/stiel-griff-170-cm-esschen\" \/>\n<meta property=\"og:site_name\" content=\"Sneeboer Trading BV\" \/>\n<meta property=\"article:publisher\" content=\"https:\/\/www.facebook.com\/Sneeboer\" \/>\n<meta property=\"article:modified_time\" content=\"2023-08-28T13:22:47+00:00\" \/>\n<meta property=\"og:image\" content=\"https:\/\/legacy.sneeboer.com\/app\/uploads\/2023\/05\/547222-P-1-1.png\" \/>\n\t<meta property=\"og:image:width\" content=\"1512\" \/>\n\t<meta property=\"og:image:height\" content=\"1512\" \/>\n\t<meta property=\"og:image:type\" content=\"image\/png\" \/>\n<meta name=\"twitter:card\" content=\"summary_large_image\" \/>\n<!-- \/ Yoast SEO plugin. -->","yoast_head_json":{"title":"Sneeboer Trading BV","robots":{"index":"noindex","follow":"follow","max-snippet":"max-snippet:-1","max-image-preview":"max-image-preview:large","max-video-preview":"max-video-preview:-1"},"og_locale":"de_DE","og_type":"article","og_url":"https:\/\/legacy.sneeboer.com\/de\/handgeschmiedete-gartengeraete\/stiel-griff-170-cm-esschen","og_site_name":"Sneeboer Trading BV","article_publisher":"https:\/\/www.facebook.com\/Sneeboer","article_modified_time":"2023-08-28T13:22:47+00:00","og_image":[{"width":1512,"height":1512,"url":"https:\/\/legacy.sneeboer.com\/app\/uploads\/2023\/05\/547222-P-1-1.png","type":"image\/png"}],"twitter_card":"summary_large_image","schema":{"@context":"https:\/\/schema.org","@graph":[{"@type":"WebPage","@id":"https:\/\/legacy.sneeboer.com\/de\/handgeschmiedete-gartengeraete\/stiel-griff-170-cm-esschen","url":"https:\/\/legacy.sneeboer.com\/de\/handgeschmiedete-gartengeraete\/stiel-griff-170-cm-esschen","name":"Stiel &amp; Griff 170 cm Esschen - Sneeboer Trading BV","isPartOf":{"@id":"https:\/\/legacy.sneeboer.com\/de#website"},"primaryImageOfPage":{"@id":"https:\/\/legacy.sneeboer.com\/de\/handgeschmiedete-gartengeraete\/stiel-griff-170-cm-esschen#primaryimage"},"image":{"@id":"https:\/\/legacy.sneeboer.com\/de\/handgeschmiedete-gartengeraete\/stiel-griff-170-cm-esschen#primaryimage"},"thumbnailUrl":"https:\/\/legacy.sneeboer.com\/app\/uploads\/2023\/05\/547222-P-1-1.png","datePublished":"2023-05-09T11:07:17+00:00","dateModified":"2023-08-28T13:22:47+00:00","breadcrumb":{"@id":"https:\/\/legacy.sneeboer.com\/de\/handgeschmiedete-gartengeraete\/stiel-griff-170-cm-esschen#breadcrumb"},"inLanguage":"de-DE","potentialAction":[{"@type":"ReadAction","target":["https:\/\/legacy.sneeboer.com\/de\/handgeschmiedete-gartengeraete\/stiel-griff-170-cm-esschen"]}]},{"@type":"ImageObject","inLanguage":"de-DE","@id":"https:\/\/legacy.sneeboer.com\/de\/handgeschmiedete-gartengeraete\/stiel-griff-170-cm-esschen#primaryimage","url":"https:\/\/legacy.sneeboer.com\/app\/uploads\/2023\/05\/547222-P-1-1.png","contentUrl":"https:\/\/legacy.sneeboer.com\/app\/uploads\/2023\/05\/547222-P-1-1.png","width":1512,"height":1512},{"@type":"BreadcrumbList","@id":"https:\/\/legacy.sneeboer.com\/de\/handgeschmiedete-gartengeraete\/stiel-griff-170-cm-esschen#breadcrumb","itemListElement":[{"@type":"ListItem","position":1,"name":"Home","item":"https:\/\/legacy.sneeboer.com\/de"},{"@type":"ListItem","position":2,"name":"Tuingereedschap","item":"https:\/\/legacy.sneeboer.com\/tuingereedschap"},{"@type":"ListItem","position":3,"name":"Stiel &amp; Griff 170 cm Esschen"}]},{"@type":"WebSite","@id":"https:\/\/legacy.sneeboer.com\/de#website","url":"https:\/\/legacy.sneeboer.com\/de","name":"Sneeboer","description":"Tools for life - and generations to come ...","publisher":{"@id":"https:\/\/legacy.sneeboer.com\/de#organization"},"potentialAction":[{"@type":"SearchAction","target":{"@type":"EntryPoint","urlTemplate":"https:\/\/legacy.sneeboer.com\/de?s={search_term_string}"},"query-input":{"@type":"PropertyValueSpecification","valueRequired":true,"valueName":"search_term_string"}}],"inLanguage":"de-DE"},{"@type":"Organization","@id":"https:\/\/legacy.sneeboer.com\/de#organization","name":"Sneeboer","url":"https:\/\/legacy.sneeboer.com\/de","logo":{"@type":"ImageObject","inLanguage":"de-DE","@id":"https:\/\/legacy.sneeboer.com\/de#\/schema\/logo\/image\/","url":"https:\/\/legacy.sneeboer.com\/app\/uploads\/2023\/05\/cropped-logo-sneeboer-110-zwart.png","contentUrl":"https:\/\/legacy.sneeboer.com\/app\/uploads\/2023\/05\/cropped-logo-sneeboer-110-zwart.png","width":2025,"height":572,"caption":"Sneeboer"},"image":{"@id":"https:\/\/legacy.sneeboer.com\/de#\/schema\/logo\/image\/"},"sameAs":["https:\/\/www.facebook.com\/Sneeboer","https:\/\/www.instagram.com\/sneeboer\/","https:\/\/www.youtube.com\/channel\/UCW9Qf54JFJFwVHzRNJbLAcg","https:\/\/pinterest.com\/sneeboer"]}]}},"uagb_featured_image_src":{"full":["https:\/\/legacy.sneeboer.com\/app\/uploads\/2023\/05\/547222-P-1-1.png",1512,1512,false],"thumbnail":["https:\/\/legacy.sneeboer.com\/app\/uploads\/2023\/05\/547222-P-1-1-150x150.png",150,150,true],"medium":["https:\/\/legacy.sneeboer.com\/app\/uploads\/2023\/05\/547222-P-1-1-300x300.png",300,300,true],"medium_large":["https:\/\/legacy.sneeboer.com\/app\/uploads\/2023\/05\/547222-P-1-1-768x768.png",768,768,true],"large":["https:\/\/legacy.sneeboer.com\/app\/uploads\/2023\/05\/547222-P-1-1-1024x1024.png",1024,1024,true],"1536x1536":["https:\/\/legacy.sneeboer.com\/app\/uploads\/2023\/05\/547222-P-1-1.png",1512,1512,false],"2048x2048":["https:\/\/legacy.sneeboer.com\/app\/uploads\/2023\/05\/547222-P-1-1.png",1512,1512,false],"post-thumbnail":["https:\/\/legacy.sneeboer.com\/app\/uploads\/2023\/05\/547222-P-1-1-80x100.png",80,100,true],"restoration-rectangle":["https:\/\/legacy.sneeboer.com\/app\/uploads\/2023\/05\/547222-P-1-1-370x240.png",370,240,true],"restoration-single":["https:\/\/legacy.sneeboer.com\/app\/uploads\/2023\/05\/547222-P-1-1-800x400.png",800,400,true],"restoration-rectangle-mini":["https:\/\/legacy.sneeboer.com\/app\/uploads\/2023\/05\/547222-P-1-1-20x12.png",20,12,true],"restoration-rectangle-mobile":["https:\/\/legacy.sneeboer.com\/app\/uploads\/2023\/05\/547222-P-1-1-290x188.png",290,188,true],"restoration-rectangle-x2":["https:\/\/legacy.sneeboer.com\/app\/uploads\/2023\/05\/547222-P-1-1-740x480.png",740,480,true],"restoration-single-mini":["https:\/\/legacy.sneeboer.com\/app\/uploads\/2023\/05\/547222-P-1-1-20x10.png",20,10,true],"restoration-single-mobile":["https:\/\/legacy.sneeboer.com\/app\/uploads\/2023\/05\/547222-P-1-1-290x145.png",290,145,true],"restoration-single-x2":["https:\/\/legacy.sneeboer.com\/app\/uploads\/2023\/05\/547222-P-1-1-1512x800.png",1512,800,true],"gform-image-choice-sm":["https:\/\/legacy.sneeboer.com\/app\/uploads\/2023\/05\/547222-P-1-1.png",300,300,false],"gform-image-choice-md":["https:\/\/legacy.sneeboer.com\/app\/uploads\/2023\/05\/547222-P-1-1.png",400,400,false],"gform-image-choice-lg":["https:\/\/legacy.sneeboer.com\/app\/uploads\/2023\/05\/547222-P-1-1.png",600,600,false],"woocommerce_thumbnail":["https:\/\/legacy.sneeboer.com\/app\/uploads\/2023\/05\/547222-P-1-1-400x400.png",400,400,true],"woocommerce_single":["https:\/\/legacy.sneeboer.com\/app\/uploads\/2023\/05\/547222-P-1-1-600x600.png",600,600,true],"woocommerce_gallery_thumbnail":["https:\/\/legacy.sneeboer.com\/app\/uploads\/2023\/05\/547222-P-1-1-160x192.png",160,192,true]},"uagb_author_info":{"display_name":"Jaap van Duijn","author_link":"https:\/\/legacy.sneeboer.com\/de\/author"},"uagb_comment_info":0,"uagb_excerpt":"170 cm langer T-Griff aus Eschenholz, der mit allen Rechen und Gartenharken von Sneeboer kompatibel ist. Um die Lebensdauer des Griffs zu erh\u00f6hen, empfehlen wir, das Holz mit gekochtem Lein\u00f6l einzureiben. F\u00fcr die Befestigung des Griffs am Ger\u00e4t empfehlen wir die Verwendung der Messingniete sowie eines hochwertigen Holzklebers wie Loctite Double Bubble.","_links":{"self":[{"href":"https:\/\/legacy.sneeboer.com\/de\/wp-json\/wp\/v2\/product\/2369","targetHints":{"allow":["GET"]}}],"collection":[{"href":"https:\/\/legacy.sneeboer.com\/de\/wp-json\/wp\/v2\/product"}],"about":[{"href":"https:\/\/legacy.sneeboer.com\/de\/wp-json\/wp\/v2\/types\/product"}],"wp:featuredmedia":[{"embeddable":true,"href":"https:\/\/legacy.sneeboer.com\/de\/wp-json\/wp\/v2\/media\/2340"}],"wp:attachment":[{"href":"https:\/\/legacy.sneeboer.com\/de\/wp-json\/wp\/v2\/media?parent=2369"}],"wp:term":[{"taxonomy":"product_brand","embeddable":true,"href":"https:\/\/legacy.sneeboer.com\/de\/wp-json\/wp\/v2\/product_brand?post=2369"},{"taxonomy":"product_cat","embeddable":true,"href":"https:\/\/legacy.sneeboer.com\/de\/wp-json\/wp\/v2\/product_cat?post=2369"},{"taxonomy":"product_tag","embeddable":true,"href":"https:\/\/legacy.sneeboer.com\/de\/wp-json\/wp\/v2\/product_tag?post=2369"},{"taxonomy":"soil_types","embeddable":true,"href":"https:\/\/legacy.sneeboer.com\/de\/wp-json\/wp\/v2\/soil_types?post=2369"},{"taxonomy":"weeds","embeddable":true,"href":"https:\/\/legacy.sneeboer.com\/de\/wp-json\/wp\/v2\/weeds?post=2369"},{"taxonomy":"brands","embeddable":true,"href":"https:\/\/legacy.sneeboer.com\/de\/wp-json\/wp\/v2\/brands?post=2369"}],"curies":[{"name":"wp","href":"https:\/\/api.w.org\/{rel}","templated":true}]}}