{"id":24959,"date":"2023-08-04T08:36:16","date_gmt":"2023-08-04T06:36:16","guid":{"rendered":"https:\/\/sneeboer.com\/handgesmeed-tuingereedschap\/piet-oudolf-collection-in-samenkiste-kopie-2"},"modified":"2023-08-28T15:08:10","modified_gmt":"2023-08-28T13:08:10","slug":"piet-oudolf-collection-in-samenkiste-kopie-2","status":"publish","type":"product","link":"https:\/\/legacy.sneeboer.com\/de\/handgeschmiedete-gartengeraete\/piet-oudolf-collection-in-samenkiste-kopie-2","title":{"rendered":"Piet Oudolf collection in Samenkiste"},"content":{"rendered":"<p>Jaap Sneeboer &amp; Piet Oudolf reichen sich die H\u00e4nde..<\/p>\n<p>Diese speziell von Piet Oudolf selektierten Gartenger\u00e4te von Sneeboer formen die Basis f\u00fcr das kreieren und versorgen von einer ikonischen Piet Oudolf Palette und garantieren Ihnen lebenslangen Spa\u00df am G\u00e4rtnern.<\/p>\n<p>Dieses spezielle Set kommt in einem schicken Kistchen aus Holz und enth\u00e4lt neben der vielseitigen Pflanzkelle auch eine pr\u00e4chtige halbrunde Hacke. Die Hacke ist klein und kann enorm viel Kraft \u00fcbertragen. Dadurch schneidet die Hacke problemlos durch das Unkraut. Der Griff beider Ger\u00e4te ist mit Piet Oudolf Collection graviert worden. Um gegen Verschwendung vorzugehen, kann dieses Kistchen auch als Kistchen f\u00fcr Saatgut benutzt werden.<\/p>\n<p>Die geteilte Mission von Jaap Sneeboer und Piet Oudolf um \u201edie Kraft und Sch\u00f6nheit der Natur, die Nachhaltigkeit, das \u00d6kosystem und die Umwelt zu erfahren\u201c, hat mit dieser einzigartigen Partnerschaft eine h\u00f6here Ebene erreicht.<\/p>\n<p>Die Hacke ist selbstverst\u00e4ndlich auch als linksh\u00e4ndige Hacke lieferbar. selbstverst\u00e4ndlich auch als linksh\u00e4ndige Hacke lieferbar. Vermelden Sie das dann bitte bei den Notizen Ihrer Bestellung.<\/p>\n","protected":false},"excerpt":{"rendered":"<p>Piet Oudolf collection in Samenkiste in Limited Edition, Signed durch Piet Oudolf selbe.<\/p>\n","protected":false},"featured_media":24894,"template":"","meta":{"_acf_changed":false,"_uag_custom_page_level_css":""},"product_brand":[],"product_cat":[104,175,238],"product_tag":[],"soil_types":[],"weeds":[],"brands":[],"class_list":{"0":"post-24959","1":"product","2":"type-product","3":"status-publish","4":"has-post-thumbnail","6":"product_cat-handgeraete","7":"product_cat-spezial-geraete","8":"product_cat-piet-oudolf-de","10":"first","11":"outofstock","12":"taxable","13":"shipping-taxable","14":"purchasable","15":"product-type-simple"},"exclude_global_add_ons":false,"addons":[{"name":"Graveren","type":"custom_text","position":0,"required":false,"title_format":"heading","default":"","description_enable":false,"description":"Voeg maximaal 50 karakters in.","placeholder_enable":false,"placeholder":"","display":"select","restrictions_type":"any_text","adjust_price":true,"price":"4.92","price_type":"quantity_based","restrictions":true,"min":"1","max":"50","options":[],"id":1684165753}],"acf":[],"yoast_head":"<!-- This site is optimized with the Yoast SEO plugin v26.5 - https:\/\/yoast.com\/wordpress\/plugins\/seo\/ -->\n<title>Sneeboer Trading BV<\/title>\n<meta name=\"robots\" content=\"noindex, follow, max-snippet:-1, max-image-preview:large, max-video-preview:-1\" \/>\n<meta property=\"og:locale\" content=\"de_DE\" \/>\n<meta property=\"og:type\" content=\"article\" \/>\n<meta property=\"og:url\" content=\"https:\/\/legacy.sneeboer.com\/de\/handgeschmiedete-gartengeraete\/piet-oudolf-collection-in-samenkiste-kopie-2\" \/>\n<meta property=\"og:site_name\" content=\"Sneeboer Trading BV\" \/>\n<meta property=\"article:publisher\" content=\"https:\/\/www.facebook.com\/Sneeboer\" \/>\n<meta property=\"article:modified_time\" content=\"2023-08-28T13:08:10+00:00\" \/>\n<meta property=\"og:image\" content=\"https:\/\/legacy.sneeboer.com\/app\/uploads\/2023\/08\/280941078_5232073893507911_1867650152457472053_n.jpg\" \/>\n\t<meta property=\"og:image:width\" content=\"600\" \/>\n\t<meta property=\"og:image:height\" content=\"593\" \/>\n\t<meta property=\"og:image:type\" content=\"image\/jpeg\" \/>\n<meta name=\"twitter:card\" content=\"summary_large_image\" \/>\n<meta name=\"twitter:label1\" content=\"Est. reading time\" \/>\n\t<meta name=\"twitter:data1\" content=\"1 minute\" \/>\n<!-- \/ Yoast SEO plugin. -->","yoast_head_json":{"title":"Sneeboer Trading BV","robots":{"index":"noindex","follow":"follow","max-snippet":"max-snippet:-1","max-image-preview":"max-image-preview:large","max-video-preview":"max-video-preview:-1"},"og_locale":"de_DE","og_type":"article","og_url":"https:\/\/legacy.sneeboer.com\/de\/handgeschmiedete-gartengeraete\/piet-oudolf-collection-in-samenkiste-kopie-2","og_site_name":"Sneeboer Trading BV","article_publisher":"https:\/\/www.facebook.com\/Sneeboer","article_modified_time":"2023-08-28T13:08:10+00:00","og_image":[{"width":600,"height":593,"url":"https:\/\/legacy.sneeboer.com\/app\/uploads\/2023\/08\/280941078_5232073893507911_1867650152457472053_n.jpg","type":"image\/jpeg"}],"twitter_card":"summary_large_image","twitter_misc":{"Est. reading time":"1 minute"},"schema":{"@context":"https:\/\/schema.org","@graph":[{"@type":"WebPage","@id":"https:\/\/legacy.sneeboer.com\/de\/handgeschmiedete-gartengeraete\/piet-oudolf-collection-in-samenkiste-kopie-2","url":"https:\/\/legacy.sneeboer.com\/de\/handgeschmiedete-gartengeraete\/piet-oudolf-collection-in-samenkiste-kopie-2","name":"Piet Oudolf collection in Samenkiste - Sneeboer Trading BV","isPartOf":{"@id":"https:\/\/legacy.sneeboer.com\/de#website"},"primaryImageOfPage":{"@id":"https:\/\/legacy.sneeboer.com\/de\/handgeschmiedete-gartengeraete\/piet-oudolf-collection-in-samenkiste-kopie-2#primaryimage"},"image":{"@id":"https:\/\/legacy.sneeboer.com\/de\/handgeschmiedete-gartengeraete\/piet-oudolf-collection-in-samenkiste-kopie-2#primaryimage"},"thumbnailUrl":"https:\/\/legacy.sneeboer.com\/app\/uploads\/2023\/08\/280941078_5232073893507911_1867650152457472053_n.jpg","datePublished":"2023-08-04T06:36:16+00:00","dateModified":"2023-08-28T13:08:10+00:00","breadcrumb":{"@id":"https:\/\/legacy.sneeboer.com\/de\/handgeschmiedete-gartengeraete\/piet-oudolf-collection-in-samenkiste-kopie-2#breadcrumb"},"inLanguage":"de-DE","potentialAction":[{"@type":"ReadAction","target":["https:\/\/legacy.sneeboer.com\/de\/handgeschmiedete-gartengeraete\/piet-oudolf-collection-in-samenkiste-kopie-2"]}]},{"@type":"ImageObject","inLanguage":"de-DE","@id":"https:\/\/legacy.sneeboer.com\/de\/handgeschmiedete-gartengeraete\/piet-oudolf-collection-in-samenkiste-kopie-2#primaryimage","url":"https:\/\/legacy.sneeboer.com\/app\/uploads\/2023\/08\/280941078_5232073893507911_1867650152457472053_n.jpg","contentUrl":"https:\/\/legacy.sneeboer.com\/app\/uploads\/2023\/08\/280941078_5232073893507911_1867650152457472053_n.jpg","width":600,"height":593},{"@type":"BreadcrumbList","@id":"https:\/\/legacy.sneeboer.com\/de\/handgeschmiedete-gartengeraete\/piet-oudolf-collection-in-samenkiste-kopie-2#breadcrumb","itemListElement":[{"@type":"ListItem","position":1,"name":"Home","item":"https:\/\/legacy.sneeboer.com\/de"},{"@type":"ListItem","position":2,"name":"Tuingereedschap","item":"https:\/\/legacy.sneeboer.com\/tuingereedschap"},{"@type":"ListItem","position":3,"name":"Piet Oudolf collection in Samenkiste"}]},{"@type":"WebSite","@id":"https:\/\/legacy.sneeboer.com\/de#website","url":"https:\/\/legacy.sneeboer.com\/de","name":"Sneeboer","description":"Tools for life - and generations to come ...","publisher":{"@id":"https:\/\/legacy.sneeboer.com\/de#organization"},"potentialAction":[{"@type":"SearchAction","target":{"@type":"EntryPoint","urlTemplate":"https:\/\/legacy.sneeboer.com\/de?s={search_term_string}"},"query-input":{"@type":"PropertyValueSpecification","valueRequired":true,"valueName":"search_term_string"}}],"inLanguage":"de-DE"},{"@type":"Organization","@id":"https:\/\/legacy.sneeboer.com\/de#organization","name":"Sneeboer","url":"https:\/\/legacy.sneeboer.com\/de","logo":{"@type":"ImageObject","inLanguage":"de-DE","@id":"https:\/\/legacy.sneeboer.com\/de#\/schema\/logo\/image\/","url":"https:\/\/legacy.sneeboer.com\/app\/uploads\/2023\/05\/cropped-logo-sneeboer-110-zwart.png","contentUrl":"https:\/\/legacy.sneeboer.com\/app\/uploads\/2023\/05\/cropped-logo-sneeboer-110-zwart.png","width":2025,"height":572,"caption":"Sneeboer"},"image":{"@id":"https:\/\/legacy.sneeboer.com\/de#\/schema\/logo\/image\/"},"sameAs":["https:\/\/www.facebook.com\/Sneeboer","https:\/\/www.instagram.com\/sneeboer\/","https:\/\/www.youtube.com\/channel\/UCW9Qf54JFJFwVHzRNJbLAcg","https:\/\/pinterest.com\/sneeboer"]}]}},"uagb_featured_image_src":{"full":["https:\/\/legacy.sneeboer.com\/app\/uploads\/2023\/08\/280941078_5232073893507911_1867650152457472053_n.jpg",600,593,false],"thumbnail":["https:\/\/legacy.sneeboer.com\/app\/uploads\/2023\/08\/280941078_5232073893507911_1867650152457472053_n-150x150.jpg",150,150,true],"medium":["https:\/\/legacy.sneeboer.com\/app\/uploads\/2023\/08\/280941078_5232073893507911_1867650152457472053_n-300x297.jpg",300,297,true],"medium_large":["https:\/\/legacy.sneeboer.com\/app\/uploads\/2023\/08\/280941078_5232073893507911_1867650152457472053_n.jpg",600,593,false],"large":["https:\/\/legacy.sneeboer.com\/app\/uploads\/2023\/08\/280941078_5232073893507911_1867650152457472053_n.jpg",600,593,false],"1536x1536":["https:\/\/legacy.sneeboer.com\/app\/uploads\/2023\/08\/280941078_5232073893507911_1867650152457472053_n.jpg",600,593,false],"2048x2048":["https:\/\/legacy.sneeboer.com\/app\/uploads\/2023\/08\/280941078_5232073893507911_1867650152457472053_n.jpg",600,593,false],"post-thumbnail":["https:\/\/legacy.sneeboer.com\/app\/uploads\/2023\/08\/280941078_5232073893507911_1867650152457472053_n-80x100.jpg",80,100,true],"restoration-rectangle":["https:\/\/legacy.sneeboer.com\/app\/uploads\/2023\/08\/280941078_5232073893507911_1867650152457472053_n-370x240.jpg",370,240,true],"restoration-single":["https:\/\/legacy.sneeboer.com\/app\/uploads\/2023\/08\/280941078_5232073893507911_1867650152457472053_n-600x400.jpg",600,400,true],"restoration-rectangle-mini":["https:\/\/legacy.sneeboer.com\/app\/uploads\/2023\/08\/280941078_5232073893507911_1867650152457472053_n-20x12.jpg",20,12,true],"restoration-rectangle-mobile":["https:\/\/legacy.sneeboer.com\/app\/uploads\/2023\/08\/280941078_5232073893507911_1867650152457472053_n-290x188.jpg",290,188,true],"restoration-rectangle-x2":["https:\/\/legacy.sneeboer.com\/app\/uploads\/2023\/08\/280941078_5232073893507911_1867650152457472053_n-600x480.jpg",600,480,true],"restoration-single-mini":["https:\/\/legacy.sneeboer.com\/app\/uploads\/2023\/08\/280941078_5232073893507911_1867650152457472053_n-20x10.jpg",20,10,true],"restoration-single-mobile":["https:\/\/legacy.sneeboer.com\/app\/uploads\/2023\/08\/280941078_5232073893507911_1867650152457472053_n-290x145.jpg",290,145,true],"restoration-single-x2":["https:\/\/legacy.sneeboer.com\/app\/uploads\/2023\/08\/280941078_5232073893507911_1867650152457472053_n.jpg",600,593,false],"gform-image-choice-sm":["https:\/\/legacy.sneeboer.com\/app\/uploads\/2023\/08\/280941078_5232073893507911_1867650152457472053_n.jpg",300,297,false],"gform-image-choice-md":["https:\/\/legacy.sneeboer.com\/app\/uploads\/2023\/08\/280941078_5232073893507911_1867650152457472053_n.jpg",400,395,false],"gform-image-choice-lg":["https:\/\/legacy.sneeboer.com\/app\/uploads\/2023\/08\/280941078_5232073893507911_1867650152457472053_n.jpg",600,593,false],"woocommerce_thumbnail":["https:\/\/legacy.sneeboer.com\/app\/uploads\/2023\/08\/280941078_5232073893507911_1867650152457472053_n-400x400.jpg",400,400,true],"woocommerce_single":["https:\/\/legacy.sneeboer.com\/app\/uploads\/2023\/08\/280941078_5232073893507911_1867650152457472053_n.jpg",600,593,false],"woocommerce_gallery_thumbnail":["https:\/\/legacy.sneeboer.com\/app\/uploads\/2023\/08\/280941078_5232073893507911_1867650152457472053_n-160x192.jpg",160,192,true]},"uagb_author_info":{"display_name":"Jaap van Duijn","author_link":"https:\/\/legacy.sneeboer.com\/de\/author"},"uagb_comment_info":0,"uagb_excerpt":"Piet Oudolf collection in Samenkiste in Limited Edition, Signed durch Piet Oudolf selbe.","_links":{"self":[{"href":"https:\/\/legacy.sneeboer.com\/de\/wp-json\/wp\/v2\/product\/24959","targetHints":{"allow":["GET"]}}],"collection":[{"href":"https:\/\/legacy.sneeboer.com\/de\/wp-json\/wp\/v2\/product"}],"about":[{"href":"https:\/\/legacy.sneeboer.com\/de\/wp-json\/wp\/v2\/types\/product"}],"wp:featuredmedia":[{"embeddable":true,"href":"https:\/\/legacy.sneeboer.com\/de\/wp-json\/wp\/v2\/media\/24894"}],"wp:attachment":[{"href":"https:\/\/legacy.sneeboer.com\/de\/wp-json\/wp\/v2\/media?parent=24959"}],"wp:term":[{"taxonomy":"product_brand","embeddable":true,"href":"https:\/\/legacy.sneeboer.com\/de\/wp-json\/wp\/v2\/product_brand?post=24959"},{"taxonomy":"product_cat","embeddable":true,"href":"https:\/\/legacy.sneeboer.com\/de\/wp-json\/wp\/v2\/product_cat?post=24959"},{"taxonomy":"product_tag","embeddable":true,"href":"https:\/\/legacy.sneeboer.com\/de\/wp-json\/wp\/v2\/product_tag?post=24959"},{"taxonomy":"soil_types","embeddable":true,"href":"https:\/\/legacy.sneeboer.com\/de\/wp-json\/wp\/v2\/soil_types?post=24959"},{"taxonomy":"weeds","embeddable":true,"href":"https:\/\/legacy.sneeboer.com\/de\/wp-json\/wp\/v2\/weeds?post=24959"},{"taxonomy":"brands","embeddable":true,"href":"https:\/\/legacy.sneeboer.com\/de\/wp-json\/wp\/v2\/brands?post=24959"}],"curies":[{"name":"wp","href":"https:\/\/api.w.org\/{rel}","templated":true}]}}