{"id":27288,"date":"2023-05-01T15:07:28","date_gmt":"2023-05-01T13:07:28","guid":{"rendered":"https:\/\/sneeboer.com\/entreprise"},"modified":"2025-03-12T11:20:28","modified_gmt":"2025-03-12T10:20:28","slug":"entreprise","status":"publish","type":"page","link":"https:\/\/legacy.sneeboer.com\/fr-ch\/entreprise","title":{"rendered":"\u00c0 propos de nous"},"content":{"rendered":"\n<p><strong>Un savoir-faire qui se transmet de g\u00e9n\u00e9ration en g\u00e9n\u00e9ration : l&#8217;histoire de Sneeboer<\/strong><\/p>\n\n<p>Depuis plus de 110 ans, le nom Sneeboer est synonyme d&#8217;outils de jardinage exceptionnels fabriqu\u00e9s \u00e0 la main. Notre entreprise familiale, bas\u00e9e \u00e0 Bovenkarspel, en Hollande septentrionale, a f\u00eat\u00e9 son 110e anniversaire en janvier 2023. Une \u00e9tape que nous regardons avec fiert\u00e9.  <\/p>\n\n<p>Sneeboer se distingue par son \u00e9quilibre unique entre tradition et innovation. Nos artisans, dont beaucoup sont des membres de la famille, fabriquent chaque outil avec diligence \u00e0 partir d&#8217;un acier inoxydable de haute qualit\u00e9. Ce d\u00e9vouement \u00e0 la qualit\u00e9 nous a valu une reconnaissance internationale de la part des jardiniers les plus exigeants du monde entier.  <\/p>\n\n<p>La philosophie de Sneeboer est pr\u00e9sente dans chaque cr\u00e9ation : nous d\u00e9veloppons constamment des outils innovants, nous am\u00e9liorons les classiques qui ont fait leurs preuves et nous redonnons vie \u00e0 des outils de jardinage oubli\u00e9s. Pour ce faire, nous combinons des techniques de forge traditionnelles avec des id\u00e9es modernes, toujours \u00e0 la recherche de nouveaux march\u00e9s et de m\u00e9thodes de production durables am\u00e9lior\u00e9es. <\/p>\n\n<p>Aujourd&#8217;hui, la quatri\u00e8me g\u00e9n\u00e9ration de Sneeboer est pr\u00eate \u00e0 perp\u00e9tuer cet h\u00e9ritage, fid\u00e8le \u00e0 la devise du fondateur Arie Sneeboer : <em>\u00ab Je sais comment faire mieux \u00bb<\/em>. Cette volont\u00e9 explique pourquoi les jardiniers du monde entier sont d&#8217;accord : <em>\u00ab Quiconque a d\u00e9j\u00e0 tenu un Sneeboer dans ses mains ne veut plus rien d&#8217;autre \u00bb.<\/em> <\/p>\n\n<figure class=\"wp-block-image size-full\"><img loading=\"lazy\" decoding=\"async\" width=\"1000\" height=\"751\" src=\"https:\/\/legacy.sneeboer.com\/app\/uploads\/2024\/07\/Sneeboer-web-1600783.jpg\" alt=\"\" class=\"wp-image-41729\" srcset=\"https:\/\/legacy.sneeboer.com\/app\/uploads\/2024\/07\/Sneeboer-web-1600783.jpg 1000w, https:\/\/legacy.sneeboer.com\/app\/uploads\/2024\/07\/Sneeboer-web-1600783-300x225.jpg 300w, https:\/\/legacy.sneeboer.com\/app\/uploads\/2024\/07\/Sneeboer-web-1600783-768x577.jpg 768w, https:\/\/legacy.sneeboer.com\/app\/uploads\/2024\/07\/Sneeboer-web-1600783-600x451.jpg 600w\" sizes=\"auto, (max-width: 1000px) 100vw, 1000px\" \/><\/figure>\n","protected":false},"excerpt":{"rendered":"<p>Un savoir-faire qui se transmet de g\u00e9n\u00e9ration en g\u00e9n\u00e9ration : l&#8217;histoire de Sneeboer Depuis plus de 110 ans, le nom Sneeboer est synonyme d&#8217;outils de jardinage exceptionnels fabriqu\u00e9s \u00e0 la main. Notre entreprise familiale, bas\u00e9e \u00e0 Bovenkarspel, en Hollande septentrionale, a f\u00eat\u00e9 son 110e anniversaire en janvier 2023. Une \u00e9tape que nous regardons avec fiert\u00e9.&hellip;<\/p>\n","protected":false},"author":3,"featured_media":0,"parent":0,"menu_order":0,"comment_status":"closed","ping_status":"closed","template":"","meta":{"_acf_changed":false,"_uag_custom_page_level_css":"","footnotes":""},"class_list":["post-27288","page","type-page","status-publish","hentry"],"acf":[],"yoast_head":"<!-- This site is optimized with the Yoast SEO plugin v26.5 - https:\/\/yoast.com\/wordpress\/plugins\/seo\/ -->\n<title>Sneeboer Trading BV<\/title>\n<meta name=\"robots\" content=\"noindex, follow, max-snippet:-1, max-image-preview:large, max-video-preview:-1\" \/>\n<meta property=\"og:locale\" content=\"fr_FR\" \/>\n<meta property=\"og:type\" content=\"article\" \/>\n<meta property=\"og:url\" content=\"https:\/\/legacy.sneeboer.com\/fr-ch\/entreprise\" \/>\n<meta property=\"og:site_name\" content=\"Sneeboer Trading BV\" \/>\n<meta property=\"article:publisher\" content=\"https:\/\/www.facebook.com\/Sneeboer\" \/>\n<meta property=\"article:modified_time\" content=\"2025-03-12T10:20:28+00:00\" \/>\n<meta property=\"og:image\" content=\"https:\/\/legacy.sneeboer.com\/app\/uploads\/2024\/07\/Sneeboer-web-1600783.jpg\" \/>\n\t<meta property=\"og:image:width\" content=\"1000\" \/>\n\t<meta property=\"og:image:height\" content=\"751\" \/>\n\t<meta property=\"og:image:type\" content=\"image\/jpeg\" \/>\n<meta name=\"twitter:card\" content=\"summary_large_image\" \/>\n<meta name=\"twitter:label1\" content=\"Est. reading time\" \/>\n\t<meta name=\"twitter:data1\" content=\"1 minute\" \/>\n<!-- \/ Yoast SEO plugin. -->","yoast_head_json":{"title":"Sneeboer Trading BV","robots":{"index":"noindex","follow":"follow","max-snippet":"max-snippet:-1","max-image-preview":"max-image-preview:large","max-video-preview":"max-video-preview:-1"},"og_locale":"fr_FR","og_type":"article","og_url":"https:\/\/legacy.sneeboer.com\/fr-ch\/entreprise","og_site_name":"Sneeboer Trading BV","article_publisher":"https:\/\/www.facebook.com\/Sneeboer","article_modified_time":"2025-03-12T10:20:28+00:00","og_image":[{"width":1000,"height":751,"url":"https:\/\/legacy.sneeboer.com\/app\/uploads\/2024\/07\/Sneeboer-web-1600783.jpg","type":"image\/jpeg"}],"twitter_card":"summary_large_image","twitter_misc":{"Est. reading time":"1 minute"},"schema":{"@context":"https:\/\/schema.org","@graph":[{"@type":"WebPage","@id":"https:\/\/legacy.sneeboer.com\/fr-ch\/entreprise","url":"https:\/\/legacy.sneeboer.com\/fr-ch\/entreprise","name":"\u00c0 propos de nous - Sneeboer Trading BV","isPartOf":{"@id":"https:\/\/legacy.sneeboer.com\/fr-ch#website"},"primaryImageOfPage":{"@id":"https:\/\/legacy.sneeboer.com\/fr-ch\/entreprise#primaryimage"},"image":{"@id":"https:\/\/legacy.sneeboer.com\/fr-ch\/entreprise#primaryimage"},"thumbnailUrl":"https:\/\/legacy.sneeboer.com\/app\/uploads\/2024\/07\/Sneeboer-web-1600783.jpg","datePublished":"2023-05-01T13:07:28+00:00","dateModified":"2025-03-12T10:20:28+00:00","breadcrumb":{"@id":"https:\/\/legacy.sneeboer.com\/fr-ch\/entreprise#breadcrumb"},"inLanguage":"fr-CH","potentialAction":[{"@type":"ReadAction","target":["https:\/\/legacy.sneeboer.com\/fr-ch\/entreprise"]}]},{"@type":"ImageObject","inLanguage":"fr-CH","@id":"https:\/\/legacy.sneeboer.com\/fr-ch\/entreprise#primaryimage","url":"https:\/\/legacy.sneeboer.com\/app\/uploads\/2024\/07\/Sneeboer-web-1600783.jpg","contentUrl":"https:\/\/legacy.sneeboer.com\/app\/uploads\/2024\/07\/Sneeboer-web-1600783.jpg"},{"@type":"BreadcrumbList","@id":"https:\/\/legacy.sneeboer.com\/fr-ch\/entreprise#breadcrumb","itemListElement":[{"@type":"ListItem","position":1,"name":"Home","item":"https:\/\/legacy.sneeboer.com\/fr-ch"},{"@type":"ListItem","position":2,"name":"\u00c0 propos de nous"}]},{"@type":"WebSite","@id":"https:\/\/legacy.sneeboer.com\/fr-ch#website","url":"https:\/\/legacy.sneeboer.com\/fr-ch","name":"Sneeboer","description":"Tools for life - and generations to come ...","publisher":{"@id":"https:\/\/legacy.sneeboer.com\/fr-ch#organization"},"potentialAction":[{"@type":"SearchAction","target":{"@type":"EntryPoint","urlTemplate":"https:\/\/legacy.sneeboer.com\/fr-ch?s={search_term_string}"},"query-input":{"@type":"PropertyValueSpecification","valueRequired":true,"valueName":"search_term_string"}}],"inLanguage":"fr-CH"},{"@type":"Organization","@id":"https:\/\/legacy.sneeboer.com\/fr-ch#organization","name":"Sneeboer","url":"https:\/\/legacy.sneeboer.com\/fr-ch","logo":{"@type":"ImageObject","inLanguage":"fr-CH","@id":"https:\/\/legacy.sneeboer.com\/fr-ch#\/schema\/logo\/image\/","url":"https:\/\/legacy.sneeboer.com\/app\/uploads\/2023\/05\/cropped-logo-sneeboer-110-zwart.png","contentUrl":"https:\/\/legacy.sneeboer.com\/app\/uploads\/2023\/05\/cropped-logo-sneeboer-110-zwart.png","width":2025,"height":572,"caption":"Sneeboer"},"image":{"@id":"https:\/\/legacy.sneeboer.com\/fr-ch#\/schema\/logo\/image\/"},"sameAs":["https:\/\/www.facebook.com\/Sneeboer","https:\/\/www.instagram.com\/sneeboer\/","https:\/\/www.youtube.com\/channel\/UCW9Qf54JFJFwVHzRNJbLAcg","https:\/\/pinterest.com\/sneeboer"]}]}},"uagb_featured_image_src":{"full":false,"thumbnail":false,"medium":false,"medium_large":false,"large":false,"1536x1536":false,"2048x2048":false,"post-thumbnail":false,"restoration-rectangle":false,"restoration-single":false,"restoration-rectangle-mini":false,"restoration-rectangle-mobile":false,"restoration-rectangle-x2":false,"restoration-single-mini":false,"restoration-single-mobile":false,"restoration-single-x2":false,"gform-image-choice-sm":false,"gform-image-choice-md":false,"gform-image-choice-lg":false,"woocommerce_thumbnail":false,"woocommerce_single":false,"woocommerce_gallery_thumbnail":false},"uagb_author_info":{"display_name":"Sjoerd Sneeboer","author_link":"https:\/\/legacy.sneeboer.com\/fr-ch\/author\/sjoerdsneeboer-com"},"uagb_comment_info":0,"uagb_excerpt":"Un savoir-faire qui se transmet de g\u00e9n\u00e9ration en g\u00e9n\u00e9ration : l&#8217;histoire de Sneeboer Depuis plus de 110 ans, le nom Sneeboer est synonyme d&#8217;outils de jardinage exceptionnels fabriqu\u00e9s \u00e0 la main. Notre entreprise familiale, bas\u00e9e \u00e0 Bovenkarspel, en Hollande septentrionale, a f\u00eat\u00e9 son 110e anniversaire en janvier 2023. Une \u00e9tape que nous regardons avec fiert\u00e9.&hellip;","_links":{"self":[{"href":"https:\/\/legacy.sneeboer.com\/fr-ch\/wp-json\/wp\/v2\/pages\/27288","targetHints":{"allow":["GET"]}}],"collection":[{"href":"https:\/\/legacy.sneeboer.com\/fr-ch\/wp-json\/wp\/v2\/pages"}],"about":[{"href":"https:\/\/legacy.sneeboer.com\/fr-ch\/wp-json\/wp\/v2\/types\/page"}],"author":[{"embeddable":true,"href":"https:\/\/legacy.sneeboer.com\/fr-ch\/wp-json\/wp\/v2\/users\/3"}],"replies":[{"embeddable":true,"href":"https:\/\/legacy.sneeboer.com\/fr-ch\/wp-json\/wp\/v2\/comments?post=27288"}],"version-history":[{"count":0,"href":"https:\/\/legacy.sneeboer.com\/fr-ch\/wp-json\/wp\/v2\/pages\/27288\/revisions"}],"wp:attachment":[{"href":"https:\/\/legacy.sneeboer.com\/fr-ch\/wp-json\/wp\/v2\/media?parent=27288"}],"curies":[{"name":"wp","href":"https:\/\/api.w.org\/{rel}","templated":true}]}}