{"id":13120,"date":"2023-05-09T20:20:25","date_gmt":"2023-05-09T18:20:25","guid":{"rendered":"https:\/\/testsite.sneeboer.com\/tuingereedschap\/fourche-3-dents-pour-potager-sureleve"},"modified":"2023-06-26T12:37:23","modified_gmt":"2023-06-26T10:37:23","slug":"fourche-3-dents-pour-potager-sureleve","status":"publish","type":"product","link":"https:\/\/legacy.sneeboer.com\/fr-ch\/outils-de-jardin-forges-a-la-main\/fourche-3-dents-pour-potager-sureleve","title":{"rendered":"Fourche 3 dents pour potager sur\u00e9lev\u00e9"},"content":{"rendered":"<p>This Sneeboer Raised Bed Weeding Fork is hand forged in the Netherlands._x000D_<br \/>\n Highest quality garden tools available.<\/p>\n","protected":false},"excerpt":{"rendered":"<p>Cette fourche avec trois dents partiellement aplaties vous donne la possibilit\u00e9 de p\u00e9n\u00e9trer le sol sans probl\u00e8mes et vous aide \u00e0 arracher les mauvaises herbes et autres plantes non d\u00e9sir\u00e9es. Les trois dents sont\u00a0assez fortes pour les diff\u00e9rents types de sol.\u00a0La fourche a un manche en bois de fr\u00eane. Cet outil est id\u00e9al pour le travail dans les potagers sur\u00e9lev\u00e9s.<\/p><\/p>\n","protected":false},"featured_media":13103,"template":"","meta":{"_acf_changed":false,"_uag_custom_page_level_css":""},"product_brand":[],"product_cat":[103,192],"product_tag":[334,307,534,490,510,474,526],"soil_types":[],"weeds":[],"brands":[440],"class_list":{"0":"post-13120","1":"product","2":"type-product","3":"status-publish","4":"has-post-thumbnail","6":"product_cat-outils-a-main-2","7":"product_cat-fourche-2","8":"product_tag-creuser-fr-ch","9":"product_tag-cultiver-fr-ch","10":"product_tag-mauvaises-herbes-fr-ch","11":"product_tag-recolte-fr-ch","12":"product_tag-scoops-fr-ch","13":"product_tag-sillonage-fr-ch","14":"product_tag-transplantation-fr-ch","15":"brands-sneeboer-fr-ch","17":"first","18":"outofstock","19":"taxable","20":"shipping-taxable","21":"purchasable","22":"product-type-simple"},"exclude_global_add_ons":false,"addons":[{"name":"Graveren","type":"custom_text","position":0,"required":false,"title_format":"heading","default":"","description_enable":false,"description":"Voeg maximaal 50 karakters in.","placeholder_enable":false,"placeholder":"","display":"select","restrictions_type":"any_text","adjust_price":true,"price":"4.92","price_type":"quantity_based","restrictions":true,"min":"1","max":"50","options":[],"id":1684165753}],"acf":[],"yoast_head":"<!-- This site is optimized with the Yoast SEO plugin v26.5 - https:\/\/yoast.com\/wordpress\/plugins\/seo\/ -->\n<title>Sneeboer Trading BV<\/title>\n<meta name=\"robots\" content=\"noindex, follow, max-snippet:-1, max-image-preview:large, max-video-preview:-1\" \/>\n<meta property=\"og:locale\" content=\"fr_FR\" \/>\n<meta property=\"og:type\" content=\"article\" \/>\n<meta property=\"og:url\" content=\"https:\/\/legacy.sneeboer.com\/fr-ch\/outils-de-jardin-forges-a-la-main\/fourche-3-dents-pour-potager-sureleve\" \/>\n<meta property=\"og:site_name\" content=\"Sneeboer Trading BV\" \/>\n<meta property=\"article:publisher\" content=\"https:\/\/www.facebook.com\/Sneeboer\" \/>\n<meta property=\"article:modified_time\" content=\"2023-06-26T10:37:23+00:00\" \/>\n<meta property=\"og:image\" content=\"https:\/\/legacy.sneeboer.com\/app\/uploads\/2023\/05\/8715093550203-1.jpg\" \/>\n\t<meta property=\"og:image:width\" content=\"1024\" \/>\n\t<meta property=\"og:image:height\" content=\"1024\" \/>\n\t<meta property=\"og:image:type\" content=\"image\/jpeg\" \/>\n<meta name=\"twitter:card\" content=\"summary_large_image\" \/>\n<!-- \/ Yoast SEO plugin. -->","yoast_head_json":{"title":"Sneeboer Trading BV","robots":{"index":"noindex","follow":"follow","max-snippet":"max-snippet:-1","max-image-preview":"max-image-preview:large","max-video-preview":"max-video-preview:-1"},"og_locale":"fr_FR","og_type":"article","og_url":"https:\/\/legacy.sneeboer.com\/fr-ch\/outils-de-jardin-forges-a-la-main\/fourche-3-dents-pour-potager-sureleve","og_site_name":"Sneeboer Trading BV","article_publisher":"https:\/\/www.facebook.com\/Sneeboer","article_modified_time":"2023-06-26T10:37:23+00:00","og_image":[{"width":1024,"height":1024,"url":"https:\/\/legacy.sneeboer.com\/app\/uploads\/2023\/05\/8715093550203-1.jpg","type":"image\/jpeg"}],"twitter_card":"summary_large_image","schema":{"@context":"https:\/\/schema.org","@graph":[{"@type":"WebPage","@id":"https:\/\/legacy.sneeboer.com\/fr-ch\/outils-de-jardin-forges-a-la-main\/fourche-3-dents-pour-potager-sureleve","url":"https:\/\/legacy.sneeboer.com\/fr-ch\/outils-de-jardin-forges-a-la-main\/fourche-3-dents-pour-potager-sureleve","name":"Fourche 3 dents pour potager sur\u00e9lev\u00e9 - Sneeboer Trading BV","isPartOf":{"@id":"https:\/\/legacy.sneeboer.com\/fr-ch#website"},"primaryImageOfPage":{"@id":"https:\/\/legacy.sneeboer.com\/fr-ch\/outils-de-jardin-forges-a-la-main\/fourche-3-dents-pour-potager-sureleve#primaryimage"},"image":{"@id":"https:\/\/legacy.sneeboer.com\/fr-ch\/outils-de-jardin-forges-a-la-main\/fourche-3-dents-pour-potager-sureleve#primaryimage"},"thumbnailUrl":"https:\/\/legacy.sneeboer.com\/app\/uploads\/2023\/05\/8715093550203-1.jpg","datePublished":"2023-05-09T18:20:25+00:00","dateModified":"2023-06-26T10:37:23+00:00","breadcrumb":{"@id":"https:\/\/legacy.sneeboer.com\/fr-ch\/outils-de-jardin-forges-a-la-main\/fourche-3-dents-pour-potager-sureleve#breadcrumb"},"inLanguage":"fr-CH","potentialAction":[{"@type":"ReadAction","target":["https:\/\/legacy.sneeboer.com\/fr-ch\/outils-de-jardin-forges-a-la-main\/fourche-3-dents-pour-potager-sureleve"]}]},{"@type":"ImageObject","inLanguage":"fr-CH","@id":"https:\/\/legacy.sneeboer.com\/fr-ch\/outils-de-jardin-forges-a-la-main\/fourche-3-dents-pour-potager-sureleve#primaryimage","url":"https:\/\/legacy.sneeboer.com\/app\/uploads\/2023\/05\/8715093550203-1.jpg","contentUrl":"https:\/\/legacy.sneeboer.com\/app\/uploads\/2023\/05\/8715093550203-1.jpg","width":1024,"height":1024},{"@type":"BreadcrumbList","@id":"https:\/\/legacy.sneeboer.com\/fr-ch\/outils-de-jardin-forges-a-la-main\/fourche-3-dents-pour-potager-sureleve#breadcrumb","itemListElement":[{"@type":"ListItem","position":1,"name":"Home","item":"https:\/\/legacy.sneeboer.com\/fr-ch"},{"@type":"ListItem","position":2,"name":"Tuingereedschap","item":"https:\/\/legacy.sneeboer.com\/tuingereedschap"},{"@type":"ListItem","position":3,"name":"Fourche 3 dents pour potager sur\u00e9lev\u00e9"}]},{"@type":"WebSite","@id":"https:\/\/legacy.sneeboer.com\/fr-ch#website","url":"https:\/\/legacy.sneeboer.com\/fr-ch","name":"Sneeboer","description":"Tools for life - and generations to come ...","publisher":{"@id":"https:\/\/legacy.sneeboer.com\/fr-ch#organization"},"potentialAction":[{"@type":"SearchAction","target":{"@type":"EntryPoint","urlTemplate":"https:\/\/legacy.sneeboer.com\/fr-ch?s={search_term_string}"},"query-input":{"@type":"PropertyValueSpecification","valueRequired":true,"valueName":"search_term_string"}}],"inLanguage":"fr-CH"},{"@type":"Organization","@id":"https:\/\/legacy.sneeboer.com\/fr-ch#organization","name":"Sneeboer","url":"https:\/\/legacy.sneeboer.com\/fr-ch","logo":{"@type":"ImageObject","inLanguage":"fr-CH","@id":"https:\/\/legacy.sneeboer.com\/fr-ch#\/schema\/logo\/image\/","url":"https:\/\/legacy.sneeboer.com\/app\/uploads\/2023\/05\/cropped-logo-sneeboer-110-zwart.png","contentUrl":"https:\/\/legacy.sneeboer.com\/app\/uploads\/2023\/05\/cropped-logo-sneeboer-110-zwart.png","width":2025,"height":572,"caption":"Sneeboer"},"image":{"@id":"https:\/\/legacy.sneeboer.com\/fr-ch#\/schema\/logo\/image\/"},"sameAs":["https:\/\/www.facebook.com\/Sneeboer","https:\/\/www.instagram.com\/sneeboer\/","https:\/\/www.youtube.com\/channel\/UCW9Qf54JFJFwVHzRNJbLAcg","https:\/\/pinterest.com\/sneeboer"]}]}},"uagb_featured_image_src":{"full":["https:\/\/legacy.sneeboer.com\/app\/uploads\/2023\/05\/8715093550203-1.jpg",1024,1024,false],"thumbnail":["https:\/\/legacy.sneeboer.com\/app\/uploads\/2023\/05\/8715093550203-1-150x150.jpg",150,150,true],"medium":["https:\/\/legacy.sneeboer.com\/app\/uploads\/2023\/05\/8715093550203-1-300x300.jpg",300,300,true],"medium_large":["https:\/\/legacy.sneeboer.com\/app\/uploads\/2023\/05\/8715093550203-1-768x768.jpg",768,768,true],"large":["https:\/\/legacy.sneeboer.com\/app\/uploads\/2023\/05\/8715093550203-1.jpg",1024,1024,false],"1536x1536":["https:\/\/legacy.sneeboer.com\/app\/uploads\/2023\/05\/8715093550203-1.jpg",1024,1024,false],"2048x2048":["https:\/\/legacy.sneeboer.com\/app\/uploads\/2023\/05\/8715093550203-1.jpg",1024,1024,false],"post-thumbnail":["https:\/\/legacy.sneeboer.com\/app\/uploads\/2023\/05\/8715093550203-1-80x100.jpg",80,100,true],"restoration-rectangle":["https:\/\/legacy.sneeboer.com\/app\/uploads\/2023\/05\/8715093550203-1-370x240.jpg",370,240,true],"restoration-single":["https:\/\/legacy.sneeboer.com\/app\/uploads\/2023\/05\/8715093550203-1-800x400.jpg",800,400,true],"restoration-rectangle-mini":["https:\/\/legacy.sneeboer.com\/app\/uploads\/2023\/05\/8715093550203-1-20x12.jpg",20,12,true],"restoration-rectangle-mobile":["https:\/\/legacy.sneeboer.com\/app\/uploads\/2023\/05\/8715093550203-1-290x188.jpg",290,188,true],"restoration-rectangle-x2":["https:\/\/legacy.sneeboer.com\/app\/uploads\/2023\/05\/8715093550203-1-740x480.jpg",740,480,true],"restoration-single-mini":["https:\/\/legacy.sneeboer.com\/app\/uploads\/2023\/05\/8715093550203-1-20x10.jpg",20,10,true],"restoration-single-mobile":["https:\/\/legacy.sneeboer.com\/app\/uploads\/2023\/05\/8715093550203-1-290x145.jpg",290,145,true],"restoration-single-x2":["https:\/\/legacy.sneeboer.com\/app\/uploads\/2023\/05\/8715093550203-1-1024x800.jpg",1024,800,true],"gform-image-choice-sm":["https:\/\/legacy.sneeboer.com\/app\/uploads\/2023\/05\/8715093550203-1.jpg",300,300,false],"gform-image-choice-md":["https:\/\/legacy.sneeboer.com\/app\/uploads\/2023\/05\/8715093550203-1.jpg",400,400,false],"gform-image-choice-lg":["https:\/\/legacy.sneeboer.com\/app\/uploads\/2023\/05\/8715093550203-1.jpg",600,600,false],"woocommerce_thumbnail":["https:\/\/legacy.sneeboer.com\/app\/uploads\/2023\/05\/8715093550203-1-400x400.jpg",400,400,true],"woocommerce_single":["https:\/\/legacy.sneeboer.com\/app\/uploads\/2023\/05\/8715093550203-1-600x600.jpg",600,600,true],"woocommerce_gallery_thumbnail":["https:\/\/legacy.sneeboer.com\/app\/uploads\/2023\/05\/8715093550203-1-160x192.jpg",160,192,true]},"uagb_author_info":{"display_name":"Jaap van Duijn","author_link":"https:\/\/legacy.sneeboer.com\/fr-ch\/author"},"uagb_comment_info":0,"uagb_excerpt":"Cette fourche avec trois dents partiellement aplaties vous donne la possibilit\u00e9 de p\u00e9n\u00e9trer le sol sans probl\u00e8mes et vous aide \u00e0 arracher les mauvaises herbes et autres plantes non d\u00e9sir\u00e9es. Les trois dents sont\u00a0assez fortes pour les diff\u00e9rents types de sol.\u00a0La fourche a un manche en bois de fr\u00eane. Cet outil est id\u00e9al pour le&hellip;","_links":{"self":[{"href":"https:\/\/legacy.sneeboer.com\/fr-ch\/wp-json\/wp\/v2\/product\/13120","targetHints":{"allow":["GET"]}}],"collection":[{"href":"https:\/\/legacy.sneeboer.com\/fr-ch\/wp-json\/wp\/v2\/product"}],"about":[{"href":"https:\/\/legacy.sneeboer.com\/fr-ch\/wp-json\/wp\/v2\/types\/product"}],"wp:featuredmedia":[{"embeddable":true,"href":"https:\/\/legacy.sneeboer.com\/fr-ch\/wp-json\/wp\/v2\/media\/13103"}],"wp:attachment":[{"href":"https:\/\/legacy.sneeboer.com\/fr-ch\/wp-json\/wp\/v2\/media?parent=13120"}],"wp:term":[{"taxonomy":"product_brand","embeddable":true,"href":"https:\/\/legacy.sneeboer.com\/fr-ch\/wp-json\/wp\/v2\/product_brand?post=13120"},{"taxonomy":"product_cat","embeddable":true,"href":"https:\/\/legacy.sneeboer.com\/fr-ch\/wp-json\/wp\/v2\/product_cat?post=13120"},{"taxonomy":"product_tag","embeddable":true,"href":"https:\/\/legacy.sneeboer.com\/fr-ch\/wp-json\/wp\/v2\/product_tag?post=13120"},{"taxonomy":"soil_types","embeddable":true,"href":"https:\/\/legacy.sneeboer.com\/fr-ch\/wp-json\/wp\/v2\/soil_types?post=13120"},{"taxonomy":"weeds","embeddable":true,"href":"https:\/\/legacy.sneeboer.com\/fr-ch\/wp-json\/wp\/v2\/weeds?post=13120"},{"taxonomy":"brands","embeddable":true,"href":"https:\/\/legacy.sneeboer.com\/fr-ch\/wp-json\/wp\/v2\/brands?post=13120"}],"curies":[{"name":"wp","href":"https:\/\/api.w.org\/{rel}","templated":true}]}}