{"id":17353,"date":"2023-05-09T21:08:54","date_gmt":"2023-05-09T19:08:54","guid":{"rendered":"https:\/\/testsite.sneeboer.com\/tuingereedschap\/pelle-beche-avec-repose-pied-de-luxe"},"modified":"2023-06-26T12:27:52","modified_gmt":"2023-06-26T10:27:52","slug":"pelle-beche-avec-repose-pied-de-luxe","status":"publish","type":"product","link":"https:\/\/legacy.sneeboer.com\/fr-ch\/outils-de-jardin-forges-a-la-main\/pelle-beche-avec-repose-pied-de-luxe","title":{"rendered":"Pelle b\u00eache avec repose-pied de LUXE"},"content":{"rendered":"","protected":false},"excerpt":{"rendered":"<p>La ligne de luxe est une ligne de nouveaux outils avec des manches sp\u00e9cials qui sont d\u00e9velopp\u00e9s exclusivement pour les jardiniers avec de plus petits mains. Ce qui fait cette ligne caract\u00e9ristique, sont les nouveaux manches qui donnent plus d&#8217;adh\u00e9rence aux petits mains sensibles. Ce sont donc des outils parfaitement faits pour les petites mains!<\/p>\n<p>Cette pelle b\u00eache et plus petite et plus l\u00e9g\u00e8re que l&#8217;originale. Elle vous aide \u00e0 b\u00eacher votre potager, jardin ou parterre de fleurs. Cette pelle b\u00eache a une longueur 90 cm et une lame tr\u00e8s tranchante en inox. Avec le repose-pied vous pourriez donner plus de force et prot\u00e9gez-vous vos chaussures.<\/p>\n","protected":false},"featured_media":17291,"template":"","meta":{"_acf_changed":false,"_uag_custom_page_level_css":""},"product_brand":[],"product_cat":[119,156],"product_tag":[334,491,526],"soil_types":[],"weeds":[],"brands":[440],"class_list":{"0":"post-17353","1":"product","2":"type-product","3":"status-publish","4":"has-post-thumbnail","6":"product_cat-ligne-de-luxe-2","7":"product_cat-beche-2","8":"product_tag-creuser-fr-ch","9":"product_tag-plantation","10":"product_tag-transplantation-fr-ch","11":"brands-sneeboer-fr-ch","13":"first","14":"instock","15":"taxable","16":"shipping-taxable","17":"purchasable","18":"product-type-simple"},"exclude_global_add_ons":false,"addons":[{"name":"Graveren","type":"custom_text","position":0,"required":false,"title_format":"heading","default":"","description_enable":false,"description":"Voeg maximaal 50 karakters in.","placeholder_enable":false,"placeholder":"","display":"select","restrictions_type":"any_text","adjust_price":true,"price":"4.92","price_type":"quantity_based","restrictions":true,"min":"1","max":"50","options":[],"id":1684165753}],"acf":[],"yoast_head":"<!-- This site is optimized with the Yoast SEO plugin v26.5 - https:\/\/yoast.com\/wordpress\/plugins\/seo\/ -->\n<title>Sneeboer Trading BV<\/title>\n<meta name=\"robots\" content=\"noindex, follow, max-snippet:-1, max-image-preview:large, max-video-preview:-1\" \/>\n<meta property=\"og:locale\" content=\"fr_FR\" \/>\n<meta property=\"og:type\" content=\"article\" \/>\n<meta property=\"og:url\" content=\"https:\/\/legacy.sneeboer.com\/fr-ch\/outils-de-jardin-forges-a-la-main\/pelle-beche-avec-repose-pied-de-luxe\" \/>\n<meta property=\"og:site_name\" content=\"Sneeboer Trading BV\" \/>\n<meta property=\"article:publisher\" content=\"https:\/\/www.facebook.com\/Sneeboer\" \/>\n<meta property=\"article:modified_time\" content=\"2023-06-26T10:27:52+00:00\" \/>\n<meta property=\"og:image\" content=\"https:\/\/legacy.sneeboer.com\/app\/uploads\/2023\/05\/8715093930517-1.jpg\" \/>\n\t<meta property=\"og:image:width\" content=\"1024\" \/>\n\t<meta property=\"og:image:height\" content=\"1024\" \/>\n\t<meta property=\"og:image:type\" content=\"image\/jpeg\" \/>\n<meta name=\"twitter:card\" content=\"summary_large_image\" \/>\n<!-- \/ Yoast SEO plugin. -->","yoast_head_json":{"title":"Sneeboer Trading BV","robots":{"index":"noindex","follow":"follow","max-snippet":"max-snippet:-1","max-image-preview":"max-image-preview:large","max-video-preview":"max-video-preview:-1"},"og_locale":"fr_FR","og_type":"article","og_url":"https:\/\/legacy.sneeboer.com\/fr-ch\/outils-de-jardin-forges-a-la-main\/pelle-beche-avec-repose-pied-de-luxe","og_site_name":"Sneeboer Trading BV","article_publisher":"https:\/\/www.facebook.com\/Sneeboer","article_modified_time":"2023-06-26T10:27:52+00:00","og_image":[{"width":1024,"height":1024,"url":"https:\/\/legacy.sneeboer.com\/app\/uploads\/2023\/05\/8715093930517-1.jpg","type":"image\/jpeg"}],"twitter_card":"summary_large_image","schema":{"@context":"https:\/\/schema.org","@graph":[{"@type":"WebPage","@id":"https:\/\/legacy.sneeboer.com\/fr-ch\/outils-de-jardin-forges-a-la-main\/pelle-beche-avec-repose-pied-de-luxe","url":"https:\/\/legacy.sneeboer.com\/fr-ch\/outils-de-jardin-forges-a-la-main\/pelle-beche-avec-repose-pied-de-luxe","name":"Pelle b\u00eache avec repose-pied de LUXE - Sneeboer Trading BV","isPartOf":{"@id":"https:\/\/legacy.sneeboer.com\/fr-ch#website"},"primaryImageOfPage":{"@id":"https:\/\/legacy.sneeboer.com\/fr-ch\/outils-de-jardin-forges-a-la-main\/pelle-beche-avec-repose-pied-de-luxe#primaryimage"},"image":{"@id":"https:\/\/legacy.sneeboer.com\/fr-ch\/outils-de-jardin-forges-a-la-main\/pelle-beche-avec-repose-pied-de-luxe#primaryimage"},"thumbnailUrl":"https:\/\/legacy.sneeboer.com\/app\/uploads\/2023\/05\/8715093930517-1.jpg","datePublished":"2023-05-09T19:08:54+00:00","dateModified":"2023-06-26T10:27:52+00:00","breadcrumb":{"@id":"https:\/\/legacy.sneeboer.com\/fr-ch\/outils-de-jardin-forges-a-la-main\/pelle-beche-avec-repose-pied-de-luxe#breadcrumb"},"inLanguage":"fr-CH","potentialAction":[{"@type":"ReadAction","target":["https:\/\/legacy.sneeboer.com\/fr-ch\/outils-de-jardin-forges-a-la-main\/pelle-beche-avec-repose-pied-de-luxe"]}]},{"@type":"ImageObject","inLanguage":"fr-CH","@id":"https:\/\/legacy.sneeboer.com\/fr-ch\/outils-de-jardin-forges-a-la-main\/pelle-beche-avec-repose-pied-de-luxe#primaryimage","url":"https:\/\/legacy.sneeboer.com\/app\/uploads\/2023\/05\/8715093930517-1.jpg","contentUrl":"https:\/\/legacy.sneeboer.com\/app\/uploads\/2023\/05\/8715093930517-1.jpg","width":1024,"height":1024},{"@type":"BreadcrumbList","@id":"https:\/\/legacy.sneeboer.com\/fr-ch\/outils-de-jardin-forges-a-la-main\/pelle-beche-avec-repose-pied-de-luxe#breadcrumb","itemListElement":[{"@type":"ListItem","position":1,"name":"Home","item":"https:\/\/legacy.sneeboer.com\/fr-ch"},{"@type":"ListItem","position":2,"name":"Tuingereedschap","item":"https:\/\/legacy.sneeboer.com\/tuingereedschap"},{"@type":"ListItem","position":3,"name":"Pelle b\u00eache avec repose-pied de LUXE"}]},{"@type":"WebSite","@id":"https:\/\/legacy.sneeboer.com\/fr-ch#website","url":"https:\/\/legacy.sneeboer.com\/fr-ch","name":"Sneeboer","description":"Tools for life - and generations to come ...","publisher":{"@id":"https:\/\/legacy.sneeboer.com\/fr-ch#organization"},"potentialAction":[{"@type":"SearchAction","target":{"@type":"EntryPoint","urlTemplate":"https:\/\/legacy.sneeboer.com\/fr-ch?s={search_term_string}"},"query-input":{"@type":"PropertyValueSpecification","valueRequired":true,"valueName":"search_term_string"}}],"inLanguage":"fr-CH"},{"@type":"Organization","@id":"https:\/\/legacy.sneeboer.com\/fr-ch#organization","name":"Sneeboer","url":"https:\/\/legacy.sneeboer.com\/fr-ch","logo":{"@type":"ImageObject","inLanguage":"fr-CH","@id":"https:\/\/legacy.sneeboer.com\/fr-ch#\/schema\/logo\/image\/","url":"https:\/\/legacy.sneeboer.com\/app\/uploads\/2023\/05\/cropped-logo-sneeboer-110-zwart.png","contentUrl":"https:\/\/legacy.sneeboer.com\/app\/uploads\/2023\/05\/cropped-logo-sneeboer-110-zwart.png","width":2025,"height":572,"caption":"Sneeboer"},"image":{"@id":"https:\/\/legacy.sneeboer.com\/fr-ch#\/schema\/logo\/image\/"},"sameAs":["https:\/\/www.facebook.com\/Sneeboer","https:\/\/www.instagram.com\/sneeboer\/","https:\/\/www.youtube.com\/channel\/UCW9Qf54JFJFwVHzRNJbLAcg","https:\/\/pinterest.com\/sneeboer"]}]}},"uagb_featured_image_src":{"full":["https:\/\/legacy.sneeboer.com\/app\/uploads\/2023\/05\/8715093930517-1.jpg",1024,1024,false],"thumbnail":["https:\/\/legacy.sneeboer.com\/app\/uploads\/2023\/05\/8715093930517-1-150x150.jpg",150,150,true],"medium":["https:\/\/legacy.sneeboer.com\/app\/uploads\/2023\/05\/8715093930517-1-300x300.jpg",300,300,true],"medium_large":["https:\/\/legacy.sneeboer.com\/app\/uploads\/2023\/05\/8715093930517-1-768x768.jpg",768,768,true],"large":["https:\/\/legacy.sneeboer.com\/app\/uploads\/2023\/05\/8715093930517-1.jpg",1024,1024,false],"1536x1536":["https:\/\/legacy.sneeboer.com\/app\/uploads\/2023\/05\/8715093930517-1.jpg",1024,1024,false],"2048x2048":["https:\/\/legacy.sneeboer.com\/app\/uploads\/2023\/05\/8715093930517-1.jpg",1024,1024,false],"post-thumbnail":["https:\/\/legacy.sneeboer.com\/app\/uploads\/2023\/05\/8715093930517-1-80x100.jpg",80,100,true],"restoration-rectangle":["https:\/\/legacy.sneeboer.com\/app\/uploads\/2023\/05\/8715093930517-1-370x240.jpg",370,240,true],"restoration-single":["https:\/\/legacy.sneeboer.com\/app\/uploads\/2023\/05\/8715093930517-1-800x400.jpg",800,400,true],"restoration-rectangle-mini":["https:\/\/legacy.sneeboer.com\/app\/uploads\/2023\/05\/8715093930517-1-20x12.jpg",20,12,true],"restoration-rectangle-mobile":["https:\/\/legacy.sneeboer.com\/app\/uploads\/2023\/05\/8715093930517-1-290x188.jpg",290,188,true],"restoration-rectangle-x2":["https:\/\/legacy.sneeboer.com\/app\/uploads\/2023\/05\/8715093930517-1-740x480.jpg",740,480,true],"restoration-single-mini":["https:\/\/legacy.sneeboer.com\/app\/uploads\/2023\/05\/8715093930517-1-20x10.jpg",20,10,true],"restoration-single-mobile":["https:\/\/legacy.sneeboer.com\/app\/uploads\/2023\/05\/8715093930517-1-290x145.jpg",290,145,true],"restoration-single-x2":["https:\/\/legacy.sneeboer.com\/app\/uploads\/2023\/05\/8715093930517-1-1024x800.jpg",1024,800,true],"gform-image-choice-sm":["https:\/\/legacy.sneeboer.com\/app\/uploads\/2023\/05\/8715093930517-1.jpg",300,300,false],"gform-image-choice-md":["https:\/\/legacy.sneeboer.com\/app\/uploads\/2023\/05\/8715093930517-1.jpg",400,400,false],"gform-image-choice-lg":["https:\/\/legacy.sneeboer.com\/app\/uploads\/2023\/05\/8715093930517-1.jpg",600,600,false],"woocommerce_thumbnail":["https:\/\/legacy.sneeboer.com\/app\/uploads\/2023\/05\/8715093930517-1-400x400.jpg",400,400,true],"woocommerce_single":["https:\/\/legacy.sneeboer.com\/app\/uploads\/2023\/05\/8715093930517-1-600x600.jpg",600,600,true],"woocommerce_gallery_thumbnail":["https:\/\/legacy.sneeboer.com\/app\/uploads\/2023\/05\/8715093930517-1-160x192.jpg",160,192,true]},"uagb_author_info":{"display_name":"Jaap van Duijn","author_link":"https:\/\/legacy.sneeboer.com\/fr-ch\/author"},"uagb_comment_info":0,"uagb_excerpt":"La ligne de luxe est une ligne de nouveaux outils avec des manches sp\u00e9cials qui sont d\u00e9velopp\u00e9s exclusivement pour les jardiniers avec de plus petits mains. Ce qui fait cette ligne caract\u00e9ristique, sont les nouveaux manches qui donnent plus d'adh\u00e9rence aux petits mains sensibles. Ce sont donc des outils parfaitement faits pour les petites mains!&hellip;","_links":{"self":[{"href":"https:\/\/legacy.sneeboer.com\/fr-ch\/wp-json\/wp\/v2\/product\/17353","targetHints":{"allow":["GET"]}}],"collection":[{"href":"https:\/\/legacy.sneeboer.com\/fr-ch\/wp-json\/wp\/v2\/product"}],"about":[{"href":"https:\/\/legacy.sneeboer.com\/fr-ch\/wp-json\/wp\/v2\/types\/product"}],"wp:featuredmedia":[{"embeddable":true,"href":"https:\/\/legacy.sneeboer.com\/fr-ch\/wp-json\/wp\/v2\/media\/17291"}],"wp:attachment":[{"href":"https:\/\/legacy.sneeboer.com\/fr-ch\/wp-json\/wp\/v2\/media?parent=17353"}],"wp:term":[{"taxonomy":"product_brand","embeddable":true,"href":"https:\/\/legacy.sneeboer.com\/fr-ch\/wp-json\/wp\/v2\/product_brand?post=17353"},{"taxonomy":"product_cat","embeddable":true,"href":"https:\/\/legacy.sneeboer.com\/fr-ch\/wp-json\/wp\/v2\/product_cat?post=17353"},{"taxonomy":"product_tag","embeddable":true,"href":"https:\/\/legacy.sneeboer.com\/fr-ch\/wp-json\/wp\/v2\/product_tag?post=17353"},{"taxonomy":"soil_types","embeddable":true,"href":"https:\/\/legacy.sneeboer.com\/fr-ch\/wp-json\/wp\/v2\/soil_types?post=17353"},{"taxonomy":"weeds","embeddable":true,"href":"https:\/\/legacy.sneeboer.com\/fr-ch\/wp-json\/wp\/v2\/weeds?post=17353"},{"taxonomy":"brands","embeddable":true,"href":"https:\/\/legacy.sneeboer.com\/fr-ch\/wp-json\/wp\/v2\/brands?post=17353"}],"curies":[{"name":"wp","href":"https:\/\/api.w.org\/{rel}","templated":true}]}}