{"id":24064,"date":"2023-05-01T14:54:02","date_gmt":"2023-05-01T12:54:02","guid":{"rendered":"https:\/\/sneeboer.com\/graver"},"modified":"2023-07-10T15:29:19","modified_gmt":"2023-07-10T13:29:19","slug":"graver","status":"publish","type":"page","link":"https:\/\/legacy.sneeboer.com\/fr\/graver","title":{"rendered":"Graver"},"content":{"rendered":"\n<h2 class=\"wp-block-heading\">Graver votre outil<\/h2>\n\n<p>Les bons outils sont une affaire personnelle. Chez Sneeboer, vous pouvez choisir de faire graver et estampiller le texte de votre choix (max. 50 caract\u00e8res) sur le manche ou la poign\u00e9e de votre b\u00eache, houe ou outil \u00e0 main. Un outil avec une gravure personnel est un cadeau id\u00e9al aussi.<\/p>\n\n<figure class=\"wp-block-image size-full\"><img loading=\"lazy\" decoding=\"async\" width=\"600\" height=\"618\" src=\"https:\/\/legacy.sneeboer.com\/app\/uploads\/2023\/05\/Graveren-voorbeeld.jpeg\" alt=\"\" class=\"wp-image-559\" srcset=\"https:\/\/legacy.sneeboer.com\/app\/uploads\/2023\/05\/Graveren-voorbeeld.jpeg 600w, https:\/\/legacy.sneeboer.com\/app\/uploads\/2023\/05\/Graveren-voorbeeld-291x300.jpeg 291w\" sizes=\"auto, (max-width: 600px) 100vw, 600px\" \/><\/figure>\n","protected":false},"excerpt":{"rendered":"<p>Graver votre outil Les bons outils sont une affaire personnelle. Chez Sneeboer, vous pouvez choisir de faire graver et estampiller le texte de votre choix (max. 50 caract\u00e8res) sur le manche ou la poign\u00e9e de votre b\u00eache, houe ou outil \u00e0 main. Un outil avec une gravure personnel est un cadeau id\u00e9al aussi.<\/p>\n","protected":false},"author":3,"featured_media":0,"parent":0,"menu_order":0,"comment_status":"closed","ping_status":"closed","template":"template-pagetitle.php","meta":{"_acf_changed":false,"_uag_custom_page_level_css":"","footnotes":""},"class_list":["post-24064","page","type-page","status-publish","hentry"],"acf":[],"yoast_head":"<!-- This site is optimized with the Yoast SEO plugin v26.5 - https:\/\/yoast.com\/wordpress\/plugins\/seo\/ -->\n<title>Sneeboer Trading BV<\/title>\n<meta name=\"robots\" content=\"noindex, follow, max-snippet:-1, max-image-preview:large, max-video-preview:-1\" \/>\n<meta property=\"og:locale\" content=\"fr_FR\" \/>\n<meta property=\"og:type\" content=\"article\" \/>\n<meta property=\"og:url\" content=\"https:\/\/legacy.sneeboer.com\/fr\/graver\" \/>\n<meta property=\"og:site_name\" content=\"Sneeboer Trading BV\" \/>\n<meta property=\"article:publisher\" content=\"https:\/\/www.facebook.com\/Sneeboer\" \/>\n<meta property=\"article:modified_time\" content=\"2023-07-10T13:29:19+00:00\" \/>\n<meta property=\"og:image\" content=\"https:\/\/legacy.sneeboer.com\/app\/uploads\/2023\/05\/Graveren-voorbeeld.jpeg\" \/>\n<meta name=\"twitter:card\" content=\"summary_large_image\" \/>\n<!-- \/ Yoast SEO plugin. -->","yoast_head_json":{"title":"Sneeboer Trading BV","robots":{"index":"noindex","follow":"follow","max-snippet":"max-snippet:-1","max-image-preview":"max-image-preview:large","max-video-preview":"max-video-preview:-1"},"og_locale":"fr_FR","og_type":"article","og_url":"https:\/\/legacy.sneeboer.com\/fr\/graver","og_site_name":"Sneeboer Trading BV","article_publisher":"https:\/\/www.facebook.com\/Sneeboer","article_modified_time":"2023-07-10T13:29:19+00:00","og_image":[{"url":"https:\/\/legacy.sneeboer.com\/app\/uploads\/2023\/05\/Graveren-voorbeeld.jpeg","type":"","width":"","height":""}],"twitter_card":"summary_large_image","schema":{"@context":"https:\/\/schema.org","@graph":[{"@type":"WebPage","@id":"https:\/\/legacy.sneeboer.com\/fr\/graver","url":"https:\/\/legacy.sneeboer.com\/fr\/graver","name":"Graver - Sneeboer Trading BV","isPartOf":{"@id":"https:\/\/legacy.sneeboer.com\/fr#website"},"primaryImageOfPage":{"@id":"https:\/\/legacy.sneeboer.com\/fr\/graver#primaryimage"},"image":{"@id":"https:\/\/legacy.sneeboer.com\/fr\/graver#primaryimage"},"thumbnailUrl":"https:\/\/legacy.sneeboer.com\/app\/uploads\/2023\/05\/Graveren-voorbeeld.jpeg","datePublished":"2023-05-01T12:54:02+00:00","dateModified":"2023-07-10T13:29:19+00:00","breadcrumb":{"@id":"https:\/\/legacy.sneeboer.com\/fr\/graver#breadcrumb"},"inLanguage":"fr-FR","potentialAction":[{"@type":"ReadAction","target":["https:\/\/legacy.sneeboer.com\/fr\/graver"]}]},{"@type":"ImageObject","inLanguage":"fr-FR","@id":"https:\/\/legacy.sneeboer.com\/fr\/graver#primaryimage","url":"https:\/\/legacy.sneeboer.com\/app\/uploads\/2023\/05\/Graveren-voorbeeld.jpeg","contentUrl":"https:\/\/legacy.sneeboer.com\/app\/uploads\/2023\/05\/Graveren-voorbeeld.jpeg"},{"@type":"BreadcrumbList","@id":"https:\/\/legacy.sneeboer.com\/fr\/graver#breadcrumb","itemListElement":[{"@type":"ListItem","position":1,"name":"Home","item":"https:\/\/legacy.sneeboer.com\/fr"},{"@type":"ListItem","position":2,"name":"Graver"}]},{"@type":"WebSite","@id":"https:\/\/legacy.sneeboer.com\/fr#website","url":"https:\/\/legacy.sneeboer.com\/fr","name":"Sneeboer","description":"Tools for life - and generations to come ...","publisher":{"@id":"https:\/\/legacy.sneeboer.com\/fr#organization"},"potentialAction":[{"@type":"SearchAction","target":{"@type":"EntryPoint","urlTemplate":"https:\/\/legacy.sneeboer.com\/fr?s={search_term_string}"},"query-input":{"@type":"PropertyValueSpecification","valueRequired":true,"valueName":"search_term_string"}}],"inLanguage":"fr-FR"},{"@type":"Organization","@id":"https:\/\/legacy.sneeboer.com\/fr#organization","name":"Sneeboer","url":"https:\/\/legacy.sneeboer.com\/fr","logo":{"@type":"ImageObject","inLanguage":"fr-FR","@id":"https:\/\/legacy.sneeboer.com\/fr#\/schema\/logo\/image\/","url":"https:\/\/legacy.sneeboer.com\/app\/uploads\/2023\/05\/cropped-logo-sneeboer-110-zwart.png","contentUrl":"https:\/\/legacy.sneeboer.com\/app\/uploads\/2023\/05\/cropped-logo-sneeboer-110-zwart.png","width":2025,"height":572,"caption":"Sneeboer"},"image":{"@id":"https:\/\/legacy.sneeboer.com\/fr#\/schema\/logo\/image\/"},"sameAs":["https:\/\/www.facebook.com\/Sneeboer","https:\/\/www.instagram.com\/sneeboer\/","https:\/\/www.youtube.com\/channel\/UCW9Qf54JFJFwVHzRNJbLAcg","https:\/\/pinterest.com\/sneeboer"]}]}},"uagb_featured_image_src":{"full":false,"thumbnail":false,"medium":false,"medium_large":false,"large":false,"1536x1536":false,"2048x2048":false,"post-thumbnail":false,"restoration-rectangle":false,"restoration-single":false,"restoration-rectangle-mini":false,"restoration-rectangle-mobile":false,"restoration-rectangle-x2":false,"restoration-single-mini":false,"restoration-single-mobile":false,"restoration-single-x2":false,"gform-image-choice-sm":false,"gform-image-choice-md":false,"gform-image-choice-lg":false,"woocommerce_thumbnail":false,"woocommerce_single":false,"woocommerce_gallery_thumbnail":false},"uagb_author_info":{"display_name":"Sjoerd Sneeboer","author_link":"https:\/\/legacy.sneeboer.com\/fr\/author\/sjoerdsneeboer-com"},"uagb_comment_info":0,"uagb_excerpt":"Graver votre outil Les bons outils sont une affaire personnelle. Chez Sneeboer, vous pouvez choisir de faire graver et estampiller le texte de votre choix (max. 50 caract\u00e8res) sur le manche ou la poign\u00e9e de votre b\u00eache, houe ou outil \u00e0 main. Un outil avec une gravure personnel est un cadeau id\u00e9al aussi.","_links":{"self":[{"href":"https:\/\/legacy.sneeboer.com\/fr\/wp-json\/wp\/v2\/pages\/24064","targetHints":{"allow":["GET"]}}],"collection":[{"href":"https:\/\/legacy.sneeboer.com\/fr\/wp-json\/wp\/v2\/pages"}],"about":[{"href":"https:\/\/legacy.sneeboer.com\/fr\/wp-json\/wp\/v2\/types\/page"}],"author":[{"embeddable":true,"href":"https:\/\/legacy.sneeboer.com\/fr\/wp-json\/wp\/v2\/users\/3"}],"replies":[{"embeddable":true,"href":"https:\/\/legacy.sneeboer.com\/fr\/wp-json\/wp\/v2\/comments?post=24064"}],"version-history":[{"count":0,"href":"https:\/\/legacy.sneeboer.com\/fr\/wp-json\/wp\/v2\/pages\/24064\/revisions"}],"wp:attachment":[{"href":"https:\/\/legacy.sneeboer.com\/fr\/wp-json\/wp\/v2\/media?parent=24064"}],"curies":[{"name":"wp","href":"https:\/\/api.w.org\/{rel}","templated":true}]}}