{"id":38894,"date":"2023-05-02T12:58:09","date_gmt":"2023-05-02T10:58:09","guid":{"rendered":"https:\/\/sneeboer.com\/service"},"modified":"2024-05-15T09:59:55","modified_gmt":"2024-05-15T07:59:55","slug":"service","status":"publish","type":"page","link":"https:\/\/legacy.sneeboer.com\/fr\/service","title":{"rendered":"Service"},"content":{"rendered":"\n<div style=\"height:100px\" aria-hidden=\"true\" id=\"garantie\" class=\"wp-block-spacer\"><\/div>\n\n<h2 class=\"wp-block-heading\">Garantie<\/h2>\n\n<p>Chaque outil Sneeboer est fabriqu\u00e9 pour la vie, mais si vous rencontrez des probl\u00e8mes avec votre outil, n&#8217;h\u00e9sitez pas \u00e0 nous en faire part. Nos produits sont garantis 1 an sur les manches en bois et 50 ans sur les composants en acier, en acier inoxydable et en titane. Si vous avez des questions ou si vous souhaitez b\u00e9n\u00e9ficier de la garantie, envoyez un courriel avec une photo \u00e0 <a href=\"mailto:sales@sneeboer.com\">sales@sneeboer.com<\/a> ou contactez <a href=\"https:\/\/legacy.sneeboer.com\/dealers\" data-type=\"page\" data-id=\"543\">votre revendeur Sneeboer le plus proche<\/a>.<\/p>\n\n<p>Lorsque nous proposons un outil de remplacement, nous faisons de notre mieux pour proposer le m\u00eame outil. Si cela n&#8217;est pas possible, nous proposerons un outil alternatif mais similaire.<\/p>\n\n<p>Les causes de dommages suivantes ne sont pas couvertes par notre garantie :<\/p>\n\n<ul class=\"wp-block-list\">\n<li>L&#8217;usure normale des pi\u00e8ces, les pi\u00e8ces manquantes ou cass\u00e9es ou les pi\u00e8ces que vous avez modifi\u00e9es ou chang\u00e9es.<\/li>\n\n\n\n<li>Les dommages dus \u00e0 une mauvaise utilisation du produit, c&#8217;est-\u00e0-dire lorsqu&#8217;un outil a \u00e9t\u00e9 utilis\u00e9 d&#8217;une mani\u00e8re pour laquelle il n&#8217;a pas \u00e9t\u00e9 con\u00e7u. Par exemple, une b\u00eache se brise parce qu&#8217;elle est utilis\u00e9e comme pied-de-biche.<\/li>\n\n\n\n<li>Lorsque l&#8217;outil est endommag\u00e9 parce qu&#8217;il n&#8217;a pas \u00e9t\u00e9 correctement entretenu ou stock\u00e9. Par exemple, lorsque les outils sont laiss\u00e9s \u00e0 l&#8217;ext\u00e9rieur toute l&#8217;ann\u00e9e alors qu&#8217;ils devraient \u00eatre stock\u00e9s dans un endroit sec.<\/li>\n\n\n\n<li>Ces conditions de garantie ne s&#8217;appliquent pas non plus lorsque l&#8217;outil a subi des dommages esth\u00e9tiques qui n&#8217;affectent pas sa fonction.<\/li>\n<\/ul>\n\n<div style=\"height:100px\" aria-hidden=\"true\" id=\"reparatie\" class=\"wp-block-spacer\"><\/div>\n\n<div class=\"wp-block-columns is-layout-flex wp-container-core-columns-is-layout-9d6595d7 wp-block-columns-is-layout-flex\">\n<div class=\"wp-block-column is-layout-flow wp-block-column-is-layout-flow\">\n<h2 class=\"wp-block-heading\">R\u00e9paration<\/h2>\n\n\n\n<p>Il peut arriver que vos outils aient besoin d&#8217;\u00eatre r\u00e9par\u00e9s. Nous vous recommandons de vous adresser au revendeur Sneeboer le plus proche de chez vous. Cliquez ici pour <a href=\"https:\/\/legacy.sneeboer.com\/dealers\" data-type=\"page\" data-id=\"543\">trouver un revendeur<\/a>.<\/p>\n\n\n\n<p>Il est \u00e9galement possible de nous envoyer directement un e-mail avec une br\u00e8ve description et une photo de l&#8217;outil : <a href=\"mailto:sales@sneeboer.com\">sales@sneeboer.com<\/a>.<\/p>\n\n\n\n<p>Vous recevrez alors une r\u00e9ponse de notre part avec une proposition de r\u00e9paration et un devis.<\/p>\n\n\n\n<p>Envoyez-nous alors l&#8217;outil avec votre nom, votre adresse, votre num\u00e9ro de t\u00e9l\u00e9phone et votre adresse \u00e9lectronique ! Apr\u00e8s r\u00e9ception du paiement, nous r\u00e9parerons l&#8217;outil et vous le renverrons. Ce d\u00e9lai est g\u00e9n\u00e9ralement de 1 \u00e0 2 semaines.<\/p>\n<\/div>\n\n\n\n<div class=\"wp-block-column is-layout-flow wp-block-column-is-layout-flow\">\n<figure class=\"wp-block-embed is-type-video is-provider-youtube wp-block-embed-youtube wp-embed-aspect-16-9 wp-has-aspect-ratio\"><div class=\"wp-block-embed__wrapper\">\n<iframe loading=\"lazy\" title=\"How to Change a Garden Tool Handle\" width=\"1170\" height=\"658\" src=\"https:\/\/www.youtube.com\/embed\/hAe41Qukk58?feature=oembed\" frameborder=\"0\" allow=\"accelerometer; autoplay; clipboard-write; encrypted-media; gyroscope; picture-in-picture; web-share\" referrerpolicy=\"strict-origin-when-cross-origin\" allowfullscreen><\/iframe>\n<\/div><\/figure>\n<\/div>\n<\/div>\n\n<div style=\"height:100px\" aria-hidden=\"true\" id=\"onderhoud\" class=\"wp-block-spacer\"><\/div>\n\n<h2 class=\"wp-block-heading\">Entretien<\/h2>\n\n<h3 class=\"wp-block-heading\">Avant la premi\u00e8re utilisation :<\/h3>\n\n<p>Traitez tout avec de l&#8217;huile de lin. Cela permet d&#8217;\u00e9viter que les tiges ne se dess\u00e8chent et que la terre n&#8217;adh\u00e8re \u00e0 la tige. M\u00eame la partie en acier inoxydable peut \u00eatre trait\u00e9e avec de l&#8217;huile de lin. Ainsi, la terre n&#8217;adh\u00e8re pas non plus \u00e0 la lame de la b\u00eache, du r\u00e2teau ou de l&#8217;outil manuel.<\/p>\n\n<h3 class=\"wp-block-heading\">Voici comment entretenir vos outils de jardin en 4 \u00e9tapes<\/h3>\n\n<div class=\"wp-block-columns is-layout-flex wp-container-core-columns-is-layout-9d6595d7 wp-block-columns-is-layout-flex\">\n<div class=\"wp-block-column is-vertically-aligned-center is-layout-flow wp-block-column-is-layout-flow\">\n<h3 class=\"wp-block-heading\">\u00c9tape 1 : Nettoyer<\/h3>\n\n\n\n<p>Commencez par enlever les r\u00e9sidus de terre et la rouille \u00e0 l&#8217;aide d&#8217;une brosse dure (pour cela, nous avons cr\u00e9\u00e9 notre brosse sp\u00e9ciale Sneeboer avec des poils en laiton). Cette \u00e9tape est importante car elle permet d&#8217;\u00e9viter la propagation de maladies. Si vous avez \u00e9galement des outils en acier, vous pouvez \u00e9galement poncer les lames avec du papier de verre. Cette op\u00e9ration n&#8217;est pas n\u00e9cessaire pour les outils en acier inoxydable.<\/p>\n<\/div>\n\n\n\n<div class=\"wp-block-column is-layout-flow wp-block-column-is-layout-flow\">\n<figure class=\"wp-block-embed is-type-video is-provider-youtube wp-block-embed-youtube wp-embed-aspect-16-9 wp-has-aspect-ratio\"><div class=\"wp-block-embed__wrapper\">\n<iframe loading=\"lazy\" title=\"Maintenance Garden tools- Cleaning\" width=\"1170\" height=\"658\" src=\"https:\/\/www.youtube.com\/embed\/1jdhNgVmY6Q?feature=oembed\" frameborder=\"0\" allow=\"accelerometer; autoplay; clipboard-write; encrypted-media; gyroscope; picture-in-picture; web-share\" referrerpolicy=\"strict-origin-when-cross-origin\" allowfullscreen><\/iframe>\n<\/div><\/figure>\n<\/div>\n<\/div>\n\n<div style=\"height:25px\" aria-hidden=\"true\" class=\"wp-block-spacer\"><\/div>\n\n<div class=\"wp-block-columns is-layout-flex wp-container-core-columns-is-layout-9d6595d7 wp-block-columns-is-layout-flex\">\n<div class=\"wp-block-column is-vertically-aligned-center is-layout-flow wp-block-column-is-layout-flow\">\n<h3 class=\"wp-block-heading\">\u00c9tape 2 : Aff\u00fbtage<\/h3>\n\n\n\n<p>Une b\u00eache bien aiguis\u00e9e est agr\u00e9able \u00e0 travailler. C&#8217;est pourquoi il convient d&#8217;utiliser des pierres \u00e0 aiguiser dignes de ce nom. Nous recommandons notre propre pierre \u00e0 aiguiser, car elle est id\u00e9ale pour l&#8217;aff\u00fbtage de nos outils. N&#8217;aff\u00fbtez que le tranchant inclin\u00e9 et maintenez l&#8217;angle de la partie inclin\u00e9e.<\/p>\n\n\n\n<p><em><strong>Conseil<\/strong> : n&#8217;aff\u00fbtez <strong>jamais<\/strong> vos outils \u00e0 l&#8217;aide d&#8217;une meule \u00e9lectrique. Les temp\u00e9ratures \u00e9lev\u00e9es alt\u00e8rent la qualit\u00e9 de l&#8217;acier inoxydable.<\/em><\/p>\n<\/div>\n\n\n\n<div class=\"wp-block-column is-layout-flow wp-block-column-is-layout-flow\">\n<figure class=\"wp-block-embed is-type-video is-provider-youtube wp-block-embed-youtube wp-embed-aspect-16-9 wp-has-aspect-ratio\"><div class=\"wp-block-embed__wrapper\">\n<iframe loading=\"lazy\" title=\"Maintenance Garden Tools- Sharpening\" width=\"1170\" height=\"658\" src=\"https:\/\/www.youtube.com\/embed\/4xBQzvth4aA?feature=oembed\" frameborder=\"0\" allow=\"accelerometer; autoplay; clipboard-write; encrypted-media; gyroscope; picture-in-picture; web-share\" referrerpolicy=\"strict-origin-when-cross-origin\" allowfullscreen><\/iframe>\n<\/div><\/figure>\n<\/div>\n<\/div>\n\n<div style=\"height:25px\" aria-hidden=\"true\" class=\"wp-block-spacer\"><\/div>\n\n<div class=\"wp-block-columns is-layout-flex wp-container-core-columns-is-layout-9d6595d7 wp-block-columns-is-layout-flex\">\n<div class=\"wp-block-column is-vertically-aligned-center is-layout-flow wp-block-column-is-layout-flow\">\n<h3 class=\"wp-block-heading\">\u00c9tape 3 : Huilage<\/h3>\n\n\n\n<p>Traitez les tiges et les feuilles en les frottant avec une fine couche d&#8217;huile de lin. Conservez le tissu avec l&#8217;huile de lin dans une bo\u00eete herm\u00e9tique et \u00e0 l&#8217;\u00e9cart des flammes pour \u00e9viter que le tissu ne prenne feu.<\/p>\n<\/div>\n\n\n\n<div class=\"wp-block-column is-layout-flow wp-block-column-is-layout-flow\">\n<figure class=\"wp-block-embed is-type-video is-provider-youtube wp-block-embed-youtube wp-embed-aspect-16-9 wp-has-aspect-ratio\"><div class=\"wp-block-embed__wrapper\">\n<iframe loading=\"lazy\" title=\"Maintenance Garden Tools- Oiling\" width=\"1170\" height=\"658\" src=\"https:\/\/www.youtube.com\/embed\/cbtMtFb9d3k?feature=oembed\" frameborder=\"0\" allow=\"accelerometer; autoplay; clipboard-write; encrypted-media; gyroscope; picture-in-picture; web-share\" referrerpolicy=\"strict-origin-when-cross-origin\" allowfullscreen><\/iframe>\n<\/div><\/figure>\n<\/div>\n<\/div>\n\n<div style=\"height:25px\" aria-hidden=\"true\" class=\"wp-block-spacer\"><\/div>\n\n<div class=\"wp-block-columns is-layout-flex wp-container-core-columns-is-layout-9d6595d7 wp-block-columns-is-layout-flex\">\n<div class=\"wp-block-column is-vertically-aligned-center is-layout-flow wp-block-column-is-layout-flow\">\n<h3 class=\"wp-block-heading\">\u00c9tape 4 : Stockage<\/h3>\n\n\n\n<p>C&#8217;est le plus grand d\u00e9fi pour de nombreux jardiniers. Mais n&#8217;oubliez pas que plus vous prendrez soin de vos outils, plus ils dureront longtemps. Gardez les outils avec des tiges en bois au sec apr\u00e8s utilisation. Ne les exposez pas au soleil et faites attention aux temp\u00e9ratures extr\u00eames et aux fortes variations d&#8217;humidit\u00e9. Gardez \u00e9galement vos outils hors de port\u00e9e des jeunes enfants.<\/p>\n<\/div>\n\n\n\n<div class=\"wp-block-column is-layout-flow wp-block-column-is-layout-flow\">\n<figure class=\"wp-block-image size-full\"><img loading=\"lazy\" decoding=\"async\" width=\"500\" height=\"265\" src=\"https:\/\/legacy.sneeboer.com\/app\/uploads\/2023\/05\/opbergen-sneeboer.jpg\" alt=\"\" class=\"wp-image-618\" srcset=\"https:\/\/legacy.sneeboer.com\/app\/uploads\/2023\/05\/opbergen-sneeboer.jpg 500w, https:\/\/legacy.sneeboer.com\/app\/uploads\/2023\/05\/opbergen-sneeboer-300x159.jpg 300w, https:\/\/legacy.sneeboer.com\/app\/uploads\/2023\/05\/opbergen-sneeboer-20x10.jpg 20w\" sizes=\"auto, (max-width: 500px) 100vw, 500px\" \/><\/figure>\n<\/div>\n<\/div>\n","protected":false},"excerpt":{"rendered":"<p>Garantie Chaque outil Sneeboer est fabriqu\u00e9 pour la vie, mais si vous rencontrez des probl\u00e8mes avec votre outil, n&#8217;h\u00e9sitez pas \u00e0 nous en faire part. Nos produits sont garantis 1 an sur les manches en bois et 50 ans sur les composants en acier, en acier inoxydable et en titane. Si vous avez des questions&hellip;<\/p>\n","protected":false},"author":3,"featured_media":0,"parent":0,"menu_order":0,"comment_status":"closed","ping_status":"closed","template":"","meta":{"_acf_changed":false,"_uag_custom_page_level_css":"","footnotes":""},"class_list":["post-38894","page","type-page","status-publish","hentry"],"acf":[],"yoast_head":"<!-- This site is optimized with the Yoast SEO plugin v26.5 - https:\/\/yoast.com\/wordpress\/plugins\/seo\/ -->\n<title>Sneeboer Trading BV<\/title>\n<meta name=\"robots\" content=\"noindex, follow, max-snippet:-1, max-image-preview:large, max-video-preview:-1\" \/>\n<meta property=\"og:locale\" content=\"fr_FR\" \/>\n<meta property=\"og:type\" content=\"article\" \/>\n<meta property=\"og:url\" content=\"https:\/\/legacy.sneeboer.com\/fr\/service\" \/>\n<meta property=\"og:site_name\" content=\"Sneeboer Trading BV\" \/>\n<meta property=\"article:publisher\" content=\"https:\/\/www.facebook.com\/Sneeboer\" \/>\n<meta property=\"article:modified_time\" content=\"2024-05-15T07:59:55+00:00\" \/>\n<meta property=\"og:image\" content=\"https:\/\/legacy.sneeboer.com\/app\/uploads\/2023\/05\/opbergen-sneeboer.jpg\" \/>\n<meta name=\"twitter:card\" content=\"summary_large_image\" \/>\n<meta name=\"twitter:label1\" content=\"Est. reading time\" \/>\n\t<meta name=\"twitter:data1\" content=\"4 minutes\" \/>\n<!-- \/ Yoast SEO plugin. -->","yoast_head_json":{"title":"Sneeboer Trading BV","robots":{"index":"noindex","follow":"follow","max-snippet":"max-snippet:-1","max-image-preview":"max-image-preview:large","max-video-preview":"max-video-preview:-1"},"og_locale":"fr_FR","og_type":"article","og_url":"https:\/\/legacy.sneeboer.com\/fr\/service","og_site_name":"Sneeboer Trading BV","article_publisher":"https:\/\/www.facebook.com\/Sneeboer","article_modified_time":"2024-05-15T07:59:55+00:00","og_image":[{"url":"https:\/\/legacy.sneeboer.com\/app\/uploads\/2023\/05\/opbergen-sneeboer.jpg","type":"","width":"","height":""}],"twitter_card":"summary_large_image","twitter_misc":{"Est. reading time":"4 minutes"},"schema":{"@context":"https:\/\/schema.org","@graph":[{"@type":"WebPage","@id":"https:\/\/legacy.sneeboer.com\/fr\/service","url":"https:\/\/legacy.sneeboer.com\/fr\/service","name":"Service - Sneeboer Trading BV","isPartOf":{"@id":"https:\/\/legacy.sneeboer.com\/fr#website"},"primaryImageOfPage":{"@id":"https:\/\/legacy.sneeboer.com\/fr\/service#primaryimage"},"image":{"@id":"https:\/\/legacy.sneeboer.com\/fr\/service#primaryimage"},"thumbnailUrl":"https:\/\/legacy.sneeboer.com\/app\/uploads\/2023\/05\/opbergen-sneeboer.jpg","datePublished":"2023-05-02T10:58:09+00:00","dateModified":"2024-05-15T07:59:55+00:00","breadcrumb":{"@id":"https:\/\/legacy.sneeboer.com\/fr\/service#breadcrumb"},"inLanguage":"fr-FR","potentialAction":[{"@type":"ReadAction","target":["https:\/\/legacy.sneeboer.com\/fr\/service"]}]},{"@type":"ImageObject","inLanguage":"fr-FR","@id":"https:\/\/legacy.sneeboer.com\/fr\/service#primaryimage","url":"https:\/\/legacy.sneeboer.com\/app\/uploads\/2023\/05\/opbergen-sneeboer.jpg","contentUrl":"https:\/\/legacy.sneeboer.com\/app\/uploads\/2023\/05\/opbergen-sneeboer.jpg"},{"@type":"BreadcrumbList","@id":"https:\/\/legacy.sneeboer.com\/fr\/service#breadcrumb","itemListElement":[{"@type":"ListItem","position":1,"name":"Home","item":"https:\/\/legacy.sneeboer.com\/fr"},{"@type":"ListItem","position":2,"name":"Service"}]},{"@type":"WebSite","@id":"https:\/\/legacy.sneeboer.com\/fr#website","url":"https:\/\/legacy.sneeboer.com\/fr","name":"Sneeboer","description":"Tools for life - and generations to come ...","publisher":{"@id":"https:\/\/legacy.sneeboer.com\/fr#organization"},"potentialAction":[{"@type":"SearchAction","target":{"@type":"EntryPoint","urlTemplate":"https:\/\/legacy.sneeboer.com\/fr?s={search_term_string}"},"query-input":{"@type":"PropertyValueSpecification","valueRequired":true,"valueName":"search_term_string"}}],"inLanguage":"fr-FR"},{"@type":"Organization","@id":"https:\/\/legacy.sneeboer.com\/fr#organization","name":"Sneeboer","url":"https:\/\/legacy.sneeboer.com\/fr","logo":{"@type":"ImageObject","inLanguage":"fr-FR","@id":"https:\/\/legacy.sneeboer.com\/fr#\/schema\/logo\/image\/","url":"https:\/\/legacy.sneeboer.com\/app\/uploads\/2023\/05\/cropped-logo-sneeboer-110-zwart.png","contentUrl":"https:\/\/legacy.sneeboer.com\/app\/uploads\/2023\/05\/cropped-logo-sneeboer-110-zwart.png","width":2025,"height":572,"caption":"Sneeboer"},"image":{"@id":"https:\/\/legacy.sneeboer.com\/fr#\/schema\/logo\/image\/"},"sameAs":["https:\/\/www.facebook.com\/Sneeboer","https:\/\/www.instagram.com\/sneeboer\/","https:\/\/www.youtube.com\/channel\/UCW9Qf54JFJFwVHzRNJbLAcg","https:\/\/pinterest.com\/sneeboer"]}]}},"uagb_featured_image_src":{"full":false,"thumbnail":false,"medium":false,"medium_large":false,"large":false,"1536x1536":false,"2048x2048":false,"post-thumbnail":false,"restoration-rectangle":false,"restoration-single":false,"restoration-rectangle-mini":false,"restoration-rectangle-mobile":false,"restoration-rectangle-x2":false,"restoration-single-mini":false,"restoration-single-mobile":false,"restoration-single-x2":false,"gform-image-choice-sm":false,"gform-image-choice-md":false,"gform-image-choice-lg":false,"woocommerce_thumbnail":false,"woocommerce_single":false,"woocommerce_gallery_thumbnail":false},"uagb_author_info":{"display_name":"Sjoerd Sneeboer","author_link":"https:\/\/legacy.sneeboer.com\/fr\/author\/sjoerdsneeboer-com"},"uagb_comment_info":0,"uagb_excerpt":"Garantie Chaque outil Sneeboer est fabriqu\u00e9 pour la vie, mais si vous rencontrez des probl\u00e8mes avec votre outil, n&#8217;h\u00e9sitez pas \u00e0 nous en faire part. Nos produits sont garantis 1 an sur les manches en bois et 50 ans sur les composants en acier, en acier inoxydable et en titane. Si vous avez des questions&hellip;","_links":{"self":[{"href":"https:\/\/legacy.sneeboer.com\/fr\/wp-json\/wp\/v2\/pages\/38894","targetHints":{"allow":["GET"]}}],"collection":[{"href":"https:\/\/legacy.sneeboer.com\/fr\/wp-json\/wp\/v2\/pages"}],"about":[{"href":"https:\/\/legacy.sneeboer.com\/fr\/wp-json\/wp\/v2\/types\/page"}],"author":[{"embeddable":true,"href":"https:\/\/legacy.sneeboer.com\/fr\/wp-json\/wp\/v2\/users\/3"}],"replies":[{"embeddable":true,"href":"https:\/\/legacy.sneeboer.com\/fr\/wp-json\/wp\/v2\/comments?post=38894"}],"version-history":[{"count":0,"href":"https:\/\/legacy.sneeboer.com\/fr\/wp-json\/wp\/v2\/pages\/38894\/revisions"}],"wp:attachment":[{"href":"https:\/\/legacy.sneeboer.com\/fr\/wp-json\/wp\/v2\/media?parent=38894"}],"curies":[{"name":"wp","href":"https:\/\/api.w.org\/{rel}","templated":true}]}}