{"id":46666,"date":"2024-11-06T13:56:17","date_gmt":"2024-11-06T12:56:17","guid":{"rendered":"https:\/\/sneeboer.com\/duurzaamheid"},"modified":"2025-02-07T15:33:10","modified_gmt":"2025-02-07T14:33:10","slug":"durabilite","status":"publish","type":"page","link":"https:\/\/legacy.sneeboer.com\/fr\/durabilite","title":{"rendered":"Durabilit\u00e9"},"content":{"rendered":"\n<p>Depuis notre cr\u00e9ation en 1913, la durabilit\u00e9 est un \u00e9l\u00e9ment important de la vision de Sneeboer. D\u00e8s le d\u00e9but, nous avons produit des outils qui durent toute une vie, ouvrant la voie au consum\u00e9risme : choisir la qualit\u00e9 plut\u00f4t que des produits qui doivent \u00eatre remplac\u00e9s rapidement. Mais nous ne nous arr\u00eatons pas \u00e0 la dur\u00e9e de vie de nos outils. Nous avons pris des mesures importantes pour rendre nos processus de production plus durables. Par exemple, nous produisons notre propre \u00e9nergie gr\u00e2ce \u00e0 332 panneaux solaires qui alimentent, entre autres, notre laser \u00e0 plaques Bodor 12 kW et notre g\u00e9n\u00e9rateur \u00e0 induction. Ces machines nous permettent de produire plus efficacement, tout en r\u00e9duisant consid\u00e9rablement nos \u00e9missions de CO2 et notre consommation de mati\u00e8res premi\u00e8res. Dans la vid\u00e9o ci-dessous et sur cette page, nous vous montrons comment nous associons tradition et technologie moderne pour fabriquer des produits durables de haute qualit\u00e9 ayant un impact minimal sur l&#8217;environnement.      <\/p>\n\n<figure class=\"wp-block-embed is-type-video is-provider-youtube wp-block-embed-youtube wp-embed-aspect-16-9 wp-has-aspect-ratio\"><div class=\"wp-block-embed__wrapper\">\n<iframe loading=\"lazy\" title=\"Sneeboer tuingereedschap bij de TV Show Doe Maar Duurzaam als uitgezonden op SBS6\" width=\"1170\" height=\"658\" src=\"https:\/\/www.youtube.com\/embed\/B0rvIF-Rglk?feature=oembed\" frameborder=\"0\" allow=\"accelerometer; autoplay; clipboard-write; encrypted-media; gyroscope; picture-in-picture; web-share\" referrerpolicy=\"strict-origin-when-cross-origin\" allowfullscreen><\/iframe>\n<\/div><\/figure>\n\n<div style=\"height:25px\" aria-hidden=\"true\" class=\"wp-block-spacer\"><\/div>\n\n<div class=\"wp-block-media-text is-stacked-on-mobile is-image-fill-element\" style=\"grid-template-columns:40% auto\"><figure class=\"wp-block-media-text__media\"><img loading=\"lazy\" decoding=\"async\" width=\"1024\" height=\"599\" src=\"https:\/\/legacy.sneeboer.com\/app\/uploads\/2023\/05\/Zonnepanelen2-1024x599.jpg\" alt=\"\" class=\"wp-image-27241 size-full\" style=\"object-position:50% 50%\" srcset=\"https:\/\/legacy.sneeboer.com\/app\/uploads\/2023\/05\/Zonnepanelen2-1024x599.jpg 1024w, https:\/\/legacy.sneeboer.com\/app\/uploads\/2023\/05\/Zonnepanelen2-600x351.jpg 600w, https:\/\/legacy.sneeboer.com\/app\/uploads\/2023\/05\/Zonnepanelen2-300x176.jpg 300w, https:\/\/legacy.sneeboer.com\/app\/uploads\/2023\/05\/Zonnepanelen2-768x450.jpg 768w, https:\/\/legacy.sneeboer.com\/app\/uploads\/2023\/05\/Zonnepanelen2-20x12.jpg 20w\" sizes=\"auto, (max-width: 1024px) 100vw, 1024px\" \/><\/figure><div class=\"wp-block-media-text__content\">\n<h2 class=\"wp-block-heading\">Zonnepanelen<\/h2>\n\n\n\n<p>En 2020, nous avons fait un grand pas vers la durabilit\u00e9 en installant <a href=\"https:\/\/legacy.sneeboer.com\/sneeboer-produceert-energieneutraal\">332 panneaux solaires<\/a> sur le toit de nos locaux. Ces panneaux g\u00e9n\u00e8rent environ 100 000 kWh d&#8217;\u00e9nergie propre par an, ce qui nous a permis \u00e0 l&#8217;\u00e9poque d&#8217;atteindre un processus de production neutre sur le plan \u00e9nerg\u00e9tique. Depuis, nous ne sommes pas rest\u00e9s inactifs : gr\u00e2ce \u00e0 des optimisations intelligentes et \u00e0 des m\u00e9thodes de production plus efficaces, nous avons d\u00e9j\u00e0 r\u00e9ussi \u00e0 r\u00e9duire notre consommation d&#8217;\u00e9nergie \u00e0 seulement 60 000 kWh par an. Cela signifie que nous sommes non seulement neutres sur le plan \u00e9nerg\u00e9tique, mais que nous produisons m\u00eame de l&#8217;\u00e9nergie verte exc\u00e9dentaire que nous r\u00e9injectons dans le r\u00e9seau \u00e9nerg\u00e9tique.   <\/p>\n\n\n\n<p><a href=\"https:\/\/www.solarweb.com\/PublicDisplay\/PvSystem?token=234030a8-4b91-4ada-ad6d-3e5c59ed3468\" target=\"_blank\" rel=\"noreferrer noopener\">Consultez les donn\u00e9es en temps r\u00e9el de nos panneaux solaires<\/a>.<\/p>\n<\/div><\/div>\n\n<div class=\"wp-block-media-text has-media-on-the-right is-stacked-on-mobile is-image-fill-element\" style=\"grid-template-columns:auto 40%\"><div class=\"wp-block-media-text__content\">\n<h2 class=\"wp-block-heading\">Chauffage inductif<\/h2>\n\n\n\n<p>Depuis 2023, nous utilisons un g\u00e9n\u00e9rateur \u00e0 induction Himmelwerk innovant, aliment\u00e9 par l&#8217;\u00e9nergie de 332 panneaux solaires, pour chauffer notre m\u00e9tal. Cette nouvelle m\u00e9thode remplace le feu de forge traditionnel aliment\u00e9 au coke, \u00e9limine la d\u00e9pendance aux combustibles fossiles et r\u00e9duit nos \u00e9missions de CO2 de plus de 12 000 kg par an. Gr\u00e2ce \u00e0 la <a href=\"https:\/\/legacy.sneeboer.com\/fr\/chauffage-inductif-versus-chauffage-au-charbon\">pr\u00e9cision du chauffage<\/a> par induction, nous am\u00e9liorons non seulement la qualit\u00e9 et la durabilit\u00e9 de nos outils, mais nous contribuons \u00e9galement \u00e0 une plan\u00e8te plus propre.  <\/p>\n<\/div><figure class=\"wp-block-media-text__media\"><img loading=\"lazy\" decoding=\"async\" width=\"948\" height=\"1024\" src=\"https:\/\/legacy.sneeboer.com\/app\/uploads\/2024\/08\/sneeboer-inductief-verwarmen-04-948x1024.jpg\" alt=\"\" class=\"wp-image-43602 size-full\" style=\"object-position:50% 50%\" srcset=\"https:\/\/legacy.sneeboer.com\/app\/uploads\/2024\/08\/sneeboer-inductief-verwarmen-04-948x1024.jpg 948w, https:\/\/legacy.sneeboer.com\/app\/uploads\/2024\/08\/sneeboer-inductief-verwarmen-04-278x300.jpg 278w, https:\/\/legacy.sneeboer.com\/app\/uploads\/2024\/08\/sneeboer-inductief-verwarmen-04-768x830.jpg 768w, https:\/\/legacy.sneeboer.com\/app\/uploads\/2024\/08\/sneeboer-inductief-verwarmen-04-600x648.jpg 600w\" sizes=\"auto, (max-width: 948px) 100vw, 948px\" \/><\/figure><\/div>\n\n<p><\/p>\n\n<div class=\"wp-block-media-text is-stacked-on-mobile is-image-fill-element\" style=\"grid-template-columns:40% auto\"><figure class=\"wp-block-media-text__media\"><img loading=\"lazy\" decoding=\"async\" width=\"1024\" height=\"768\" src=\"https:\/\/legacy.sneeboer.com\/app\/uploads\/2024\/08\/sneeboer-lasersnijden-vs-watersnijden-03-1024x768.jpg\" alt=\"D\u00e9coupe laser vs d\u00e9coupe au jet d&#039;eau\" class=\"wp-image-43206 size-full\" style=\"object-position:50% 50%\" srcset=\"https:\/\/legacy.sneeboer.com\/app\/uploads\/2024\/08\/sneeboer-lasersnijden-vs-watersnijden-03-1024x768.jpg 1024w, https:\/\/legacy.sneeboer.com\/app\/uploads\/2024\/08\/sneeboer-lasersnijden-vs-watersnijden-03-300x225.jpg 300w, https:\/\/legacy.sneeboer.com\/app\/uploads\/2024\/08\/sneeboer-lasersnijden-vs-watersnijden-03-768x576.jpg 768w, https:\/\/legacy.sneeboer.com\/app\/uploads\/2024\/08\/sneeboer-lasersnijden-vs-watersnijden-03-600x450.jpg 600w\" sizes=\"auto, (max-width: 1024px) 100vw, 1024px\" \/><\/figure><div class=\"wp-block-media-text__content\">\n<h2 class=\"wp-block-heading\">D\u00e9coupe laser<\/h2>\n\n\n\n<p>Chez Sneeboer, nous nous effor\u00e7ons d&#8217;am\u00e9liorer nos processus de production dans un souci de durabilit\u00e9 tout en maintenant la qualit\u00e9. <a href=\"https:\/\/legacy.sneeboer.com\/fr\/decoupe-laser-ou-decoupe-a-leau-lavenir-du-travail-des-metaux-chez-sneeboer\">Notre r\u00e9cente comparaison<\/a> entre la d\u00e9coupeuse \u00e0 eau Resato ACM1500 et le laser \u00e0 plaques Bodor 12kW nous a amen\u00e9s \u00e0 choisir la d\u00e9coupe laser comme solution d&#8217;avenir. Non seulement le laser \u00e0 plaques Bodor est 77 fois plus rapide que la d\u00e9coupeuse \u00e0 eau, mais il ne n\u00e9cessite pas d&#8217;eau ni de mat\u00e9riau abrasif, ce qui r\u00e9duit consid\u00e9rablement son impact sur l&#8217;environnement. En outre, la d\u00e9coupe laser est beaucoup plus rapide et plus pr\u00e9cise, ce qui permet de r\u00e9duire le gaspillage de mat\u00e9riaux et les co\u00fbts \u00e9nerg\u00e9tiques par produit. Cela contribue directement \u00e0 la r\u00e9duction des \u00e9missions de CO2 et rend le processus de production plus efficace et durable.   <\/p>\n<\/div><\/div>\n\n<div class=\"wp-block-media-text has-media-on-the-right is-stacked-on-mobile is-image-fill-element\" style=\"grid-template-columns:auto 40%\"><div class=\"wp-block-media-text__content\">\n<h2 class=\"wp-block-heading\">Soudage au laser<\/h2>\n\n\n\n<p><a href=\"https:\/\/legacy.sneeboer.com\/fr\/soudage-laser\">Le soudage au laser<\/a> offre des avantages significatifs en termes de d\u00e9veloppement durable par rapport aux m\u00e9thodes de soudage traditionnelles telles que le soudage MIG\/MAG et le soudage \u00e0 l&#8217;\u00e9lectrode. Ce proc\u00e9d\u00e9 utilise un faisceau de lumi\u00e8re concentr\u00e9 pour fondre et assembler les mat\u00e9riaux, cr\u00e9ant ainsi une soudure tr\u00e8s solide et pr\u00e9cise. Cela r\u00e9duit non seulement la consommation d&#8217;\u00e9nergie, mais aussi la n\u00e9cessit\u00e9 d&#8217;un post-traitement, r\u00e9duisant ainsi le besoin de mat\u00e9riaux et d&#8217;outils suppl\u00e9mentaires. En outre, le soudage au laser est plus rapide, ce qui r\u00e9duit encore la consommation d&#8217;\u00e9nergie globale et les \u00e9missions de CO2. Gr\u00e2ce \u00e0 cette efficacit\u00e9, le soudage au laser contribue \u00e0 un processus de production plus durable avec une empreinte carbone plus faible.    <\/p>\n<\/div><figure class=\"wp-block-media-text__media\"><img loading=\"lazy\" decoding=\"async\" width=\"1024\" height=\"768\" src=\"https:\/\/legacy.sneeboer.com\/app\/uploads\/2024\/08\/sneeboer-laserlassen-vs-mig-lassen-liggend-1024x768.jpg\" alt=\"\" class=\"wp-image-43443 size-full\" style=\"object-position:50% 50%\" srcset=\"https:\/\/legacy.sneeboer.com\/app\/uploads\/2024\/08\/sneeboer-laserlassen-vs-mig-lassen-liggend-1024x768.jpg 1024w, https:\/\/legacy.sneeboer.com\/app\/uploads\/2024\/08\/sneeboer-laserlassen-vs-mig-lassen-liggend-300x225.jpg 300w, https:\/\/legacy.sneeboer.com\/app\/uploads\/2024\/08\/sneeboer-laserlassen-vs-mig-lassen-liggend-768x576.jpg 768w, https:\/\/legacy.sneeboer.com\/app\/uploads\/2024\/08\/sneeboer-laserlassen-vs-mig-lassen-liggend-600x450.jpg 600w\" sizes=\"auto, (max-width: 1024px) 100vw, 1024px\" \/><\/figure><\/div>\n\n<h3 class=\"wp-block-heading\">R\u00e9duction et recyclage des d\u00e9chets<\/h3>\n\n<p>Chez Sneeboer, nous nous engageons \u00e0 produire de mani\u00e8re circulaire en recyclant enti\u00e8rement tous les d\u00e9chets g\u00e9n\u00e9r\u00e9s au cours de notre processus de production. Nous sommes constamment \u00e0 la recherche de moyens innovants pour transformer les mat\u00e9riaux r\u00e9siduels en nouveaux produits. En 2023, nous avons mis au point une m\u00e9thode r\u00e9volutionnaire de sciage et de traitement des tiges sur un tour \u00e0 bois, cr\u00e9ant ainsi de nouveaux manches pour nos outils \u00e0 main. Nous accordons une grande importance \u00e0 la qualit\u00e9, c&#8217;est pourquoi seuls les meilleurs manches sont mont\u00e9s sur nos outils. Les tiges qui ne satisfont pas \u00e0 nos contr\u00f4les de qualit\u00e9 stricts retrouvent une nouvelle vie en tant que manches, ce qui permet non seulement de r\u00e9duire consid\u00e9rablement notre production de d\u00e9chets, mais aussi de contribuer \u00e0 la durabilit\u00e9 de nos produits.    <\/p>\n\n<p>Ces d\u00e9veloppements ne sont que quelques-unes des mesures que nous avons d\u00e9j\u00e0 prises, et nous sommes constamment \u00e0 la recherche de nouvelles innovations pour am\u00e9liorer encore notre durabilit\u00e9. Chez Sneeboer, nous sommes d\u00e9termin\u00e9s \u00e0 optimiser en permanence nos processus et \u00e0 cr\u00e9er un avenir encore plus vert. <\/p>\n","protected":false},"excerpt":{"rendered":"<p>Depuis notre cr\u00e9ation en 1913, la durabilit\u00e9 est un \u00e9l\u00e9ment important de la vision de Sneeboer. D\u00e8s le d\u00e9but, nous avons produit des outils qui durent toute une vie, ouvrant la voie au consum\u00e9risme : choisir la qualit\u00e9 plut\u00f4t que des produits qui doivent \u00eatre remplac\u00e9s rapidement. Mais nous ne nous arr\u00eatons pas \u00e0 la&hellip;<\/p>\n","protected":false},"author":1,"featured_media":0,"parent":0,"menu_order":0,"comment_status":"closed","ping_status":"closed","template":"","meta":{"_acf_changed":false,"_uag_custom_page_level_css":"","footnotes":""},"class_list":["post-46666","page","type-page","status-publish","hentry"],"acf":[],"yoast_head":"<!-- This site is optimized with the Yoast SEO plugin v26.5 - https:\/\/yoast.com\/wordpress\/plugins\/seo\/ -->\n<title>Sneeboer Trading BV<\/title>\n<meta name=\"robots\" content=\"noindex, follow, max-snippet:-1, max-image-preview:large, max-video-preview:-1\" \/>\n<meta property=\"og:locale\" content=\"fr_FR\" \/>\n<meta property=\"og:type\" content=\"article\" \/>\n<meta property=\"og:url\" content=\"https:\/\/legacy.sneeboer.com\/fr\/durabilite\" \/>\n<meta property=\"og:site_name\" content=\"Sneeboer Trading BV\" \/>\n<meta property=\"article:publisher\" content=\"https:\/\/www.facebook.com\/Sneeboer\" \/>\n<meta property=\"article:modified_time\" content=\"2025-02-07T14:33:10+00:00\" \/>\n<meta property=\"og:image\" content=\"https:\/\/legacy.sneeboer.com\/app\/uploads\/2023\/05\/Zonnepanelen2.jpg\" \/>\n\t<meta property=\"og:image:width\" content=\"2465\" \/>\n\t<meta property=\"og:image:height\" content=\"1443\" \/>\n\t<meta property=\"og:image:type\" content=\"image\/jpeg\" \/>\n<meta name=\"twitter:card\" content=\"summary_large_image\" \/>\n<meta name=\"twitter:label1\" content=\"Est. reading time\" \/>\n\t<meta name=\"twitter:data1\" content=\"4 minutes\" \/>\n<!-- \/ Yoast SEO plugin. -->","yoast_head_json":{"title":"Sneeboer Trading BV","robots":{"index":"noindex","follow":"follow","max-snippet":"max-snippet:-1","max-image-preview":"max-image-preview:large","max-video-preview":"max-video-preview:-1"},"og_locale":"fr_FR","og_type":"article","og_url":"https:\/\/legacy.sneeboer.com\/fr\/durabilite","og_site_name":"Sneeboer Trading BV","article_publisher":"https:\/\/www.facebook.com\/Sneeboer","article_modified_time":"2025-02-07T14:33:10+00:00","og_image":[{"width":2465,"height":1443,"url":"https:\/\/legacy.sneeboer.com\/app\/uploads\/2023\/05\/Zonnepanelen2.jpg","type":"image\/jpeg"}],"twitter_card":"summary_large_image","twitter_misc":{"Est. reading time":"4 minutes"},"schema":{"@context":"https:\/\/schema.org","@graph":[{"@type":"WebPage","@id":"https:\/\/legacy.sneeboer.com\/fr\/durabilite","url":"https:\/\/legacy.sneeboer.com\/fr\/durabilite","name":"Durabilit\u00e9 - Sneeboer Trading BV","isPartOf":{"@id":"https:\/\/legacy.sneeboer.com\/fr#website"},"primaryImageOfPage":{"@id":"https:\/\/legacy.sneeboer.com\/fr\/durabilite#primaryimage"},"image":{"@id":"https:\/\/legacy.sneeboer.com\/fr\/durabilite#primaryimage"},"thumbnailUrl":"https:\/\/legacy.sneeboer.com\/app\/uploads\/2023\/05\/Zonnepanelen2-1024x599.jpg","datePublished":"2024-11-06T12:56:17+00:00","dateModified":"2025-02-07T14:33:10+00:00","breadcrumb":{"@id":"https:\/\/legacy.sneeboer.com\/fr\/durabilite#breadcrumb"},"inLanguage":"fr-FR","potentialAction":[{"@type":"ReadAction","target":["https:\/\/legacy.sneeboer.com\/fr\/durabilite"]}]},{"@type":"ImageObject","inLanguage":"fr-FR","@id":"https:\/\/legacy.sneeboer.com\/fr\/durabilite#primaryimage","url":"https:\/\/legacy.sneeboer.com\/app\/uploads\/2023\/05\/Zonnepanelen2-1024x599.jpg","contentUrl":"https:\/\/legacy.sneeboer.com\/app\/uploads\/2023\/05\/Zonnepanelen2-1024x599.jpg"},{"@type":"BreadcrumbList","@id":"https:\/\/legacy.sneeboer.com\/fr\/durabilite#breadcrumb","itemListElement":[{"@type":"ListItem","position":1,"name":"Home","item":"https:\/\/legacy.sneeboer.com\/fr"},{"@type":"ListItem","position":2,"name":"Durabilit\u00e9"}]},{"@type":"WebSite","@id":"https:\/\/legacy.sneeboer.com\/fr#website","url":"https:\/\/legacy.sneeboer.com\/fr","name":"Sneeboer","description":"Tools for life - and generations to come ...","publisher":{"@id":"https:\/\/legacy.sneeboer.com\/fr#organization"},"potentialAction":[{"@type":"SearchAction","target":{"@type":"EntryPoint","urlTemplate":"https:\/\/legacy.sneeboer.com\/fr?s={search_term_string}"},"query-input":{"@type":"PropertyValueSpecification","valueRequired":true,"valueName":"search_term_string"}}],"inLanguage":"fr-FR"},{"@type":"Organization","@id":"https:\/\/legacy.sneeboer.com\/fr#organization","name":"Sneeboer","url":"https:\/\/legacy.sneeboer.com\/fr","logo":{"@type":"ImageObject","inLanguage":"fr-FR","@id":"https:\/\/legacy.sneeboer.com\/fr#\/schema\/logo\/image\/","url":"https:\/\/legacy.sneeboer.com\/app\/uploads\/2023\/05\/cropped-logo-sneeboer-110-zwart.png","contentUrl":"https:\/\/legacy.sneeboer.com\/app\/uploads\/2023\/05\/cropped-logo-sneeboer-110-zwart.png","width":2025,"height":572,"caption":"Sneeboer"},"image":{"@id":"https:\/\/legacy.sneeboer.com\/fr#\/schema\/logo\/image\/"},"sameAs":["https:\/\/www.facebook.com\/Sneeboer","https:\/\/www.instagram.com\/sneeboer\/","https:\/\/www.youtube.com\/channel\/UCW9Qf54JFJFwVHzRNJbLAcg","https:\/\/pinterest.com\/sneeboer"]}]}},"uagb_featured_image_src":{"full":false,"thumbnail":false,"medium":false,"medium_large":false,"large":false,"1536x1536":false,"2048x2048":false,"post-thumbnail":false,"restoration-rectangle":false,"restoration-single":false,"restoration-rectangle-mini":false,"restoration-rectangle-mobile":false,"restoration-rectangle-x2":false,"restoration-single-mini":false,"restoration-single-mobile":false,"restoration-single-x2":false,"gform-image-choice-sm":false,"gform-image-choice-md":false,"gform-image-choice-lg":false,"woocommerce_thumbnail":false,"woocommerce_single":false,"woocommerce_gallery_thumbnail":false},"uagb_author_info":{"display_name":"Jaap van Duijn","author_link":"https:\/\/legacy.sneeboer.com\/fr\/author\/jaapseoninja-pro"},"uagb_comment_info":0,"uagb_excerpt":"Depuis notre cr\u00e9ation en 1913, la durabilit\u00e9 est un \u00e9l\u00e9ment important de la vision de Sneeboer. D\u00e8s le d\u00e9but, nous avons produit des outils qui durent toute une vie, ouvrant la voie au consum\u00e9risme : choisir la qualit\u00e9 plut\u00f4t que des produits qui doivent \u00eatre remplac\u00e9s rapidement. Mais nous ne nous arr\u00eatons pas \u00e0 la&hellip;","_links":{"self":[{"href":"https:\/\/legacy.sneeboer.com\/fr\/wp-json\/wp\/v2\/pages\/46666","targetHints":{"allow":["GET"]}}],"collection":[{"href":"https:\/\/legacy.sneeboer.com\/fr\/wp-json\/wp\/v2\/pages"}],"about":[{"href":"https:\/\/legacy.sneeboer.com\/fr\/wp-json\/wp\/v2\/types\/page"}],"author":[{"embeddable":true,"href":"https:\/\/legacy.sneeboer.com\/fr\/wp-json\/wp\/v2\/users\/1"}],"replies":[{"embeddable":true,"href":"https:\/\/legacy.sneeboer.com\/fr\/wp-json\/wp\/v2\/comments?post=46666"}],"version-history":[{"count":0,"href":"https:\/\/legacy.sneeboer.com\/fr\/wp-json\/wp\/v2\/pages\/46666\/revisions"}],"wp:attachment":[{"href":"https:\/\/legacy.sneeboer.com\/fr\/wp-json\/wp\/v2\/media?parent=46666"}],"curies":[{"name":"wp","href":"https:\/\/api.w.org\/{rel}","templated":true}]}}