{"id":1614,"date":"2023-05-09T12:53:13","date_gmt":"2023-05-09T10:53:13","guid":{"rendered":"https:\/\/testsite.sneeboer.com\/tuingereedschap\/ensemble-de-titane"},"modified":"2023-06-26T12:19:15","modified_gmt":"2023-06-26T10:19:15","slug":"ensemble-de-titane","status":"publish","type":"product","link":"https:\/\/legacy.sneeboer.com\/fr\/outils-de-jardin-forges-a-la-main\/ensemble-de-titane","title":{"rendered":"Ensemble de Titane"},"content":{"rendered":"<p>L&#8217;ensemble en titane est livr\u00e9 dans une belle bo\u00eete cadeau en bois, avec une pochette en cuir et un certificat d&#8217;authenticit\u00e9. Les outils de jardinage en titane Sneeboer sont les plus luxueux et les plus exclusifs que vous puissiez trouver !<\/p>\n","protected":false},"excerpt":{"rendered":"<p>Pour c\u00e9l\u00e9brer le 100e anniversaire de la soci\u00e9t\u00e9 Sneeboer en 2013, la ligne d&#8217;outils en titane a \u00e9t\u00e9 d\u00e9velopp\u00e9e. Ce set contient les trois outils en titane tels que la truelle de repiquage, la fourche de d\u00e9sherbage et la houe \u00e0 main qui sont vraiment uniques en leur genre, avec un manche en bois de noyer et un anneau en laiton grav\u00e9 du logo Sneeboer \u00e0 l&#8217;extr\u00e9mit\u00e9 du manche. L&#8217;alliage de titane a \u00e9t\u00e9 affin\u00e9 avec soin et est un secret de forgeron. La lame forg\u00e9e \u00e0 la main est durcie et l\u00e9g\u00e8rement polie, afin qu&#8217;elle conserve la couleur que lui donne le feu de charbon.<\/p>\n<p>&nbsp;<\/p>\n","protected":false},"featured_media":1577,"template":"","meta":{"_acf_changed":false,"_uag_custom_page_level_css":""},"product_brand":[],"product_cat":[118,245],"product_tag":[],"soil_types":[],"weeds":[],"brands":[437],"class_list":{"0":"post-1614","1":"product","2":"type-product","3":"status-publish","4":"has-post-thumbnail","6":"product_cat-ligne-de-luxe","7":"product_cat-ensemble-de-titane","8":"brands-sneeboer-fr","10":"first","11":"instock","12":"taxable","13":"shipping-taxable","14":"purchasable","15":"product-type-simple"},"exclude_global_add_ons":[],"addons":[],"acf":[],"yoast_head":"<!-- This site is optimized with the Yoast SEO plugin v26.5 - https:\/\/yoast.com\/wordpress\/plugins\/seo\/ -->\n<title>Sneeboer Trading BV<\/title>\n<meta name=\"robots\" content=\"noindex, follow, max-snippet:-1, max-image-preview:large, max-video-preview:-1\" \/>\n<meta property=\"og:locale\" content=\"fr_FR\" \/>\n<meta property=\"og:type\" content=\"article\" \/>\n<meta property=\"og:url\" content=\"https:\/\/legacy.sneeboer.com\/fr\/outils-de-jardin-forges-a-la-main\/ensemble-de-titane\" \/>\n<meta property=\"og:site_name\" content=\"Sneeboer Trading BV\" \/>\n<meta property=\"article:publisher\" content=\"https:\/\/www.facebook.com\/Sneeboer\" \/>\n<meta property=\"article:modified_time\" content=\"2023-06-26T10:19:15+00:00\" \/>\n<meta property=\"og:image\" content=\"https:\/\/legacy.sneeboer.com\/app\/uploads\/2023\/05\/TI.jpg\" \/>\n\t<meta property=\"og:image:width\" content=\"1223\" \/>\n\t<meta property=\"og:image:height\" content=\"1223\" \/>\n\t<meta property=\"og:image:type\" content=\"image\/jpeg\" \/>\n<meta name=\"twitter:card\" content=\"summary_large_image\" \/>\n<!-- \/ Yoast SEO plugin. -->","yoast_head_json":{"title":"Sneeboer Trading BV","robots":{"index":"noindex","follow":"follow","max-snippet":"max-snippet:-1","max-image-preview":"max-image-preview:large","max-video-preview":"max-video-preview:-1"},"og_locale":"fr_FR","og_type":"article","og_url":"https:\/\/legacy.sneeboer.com\/fr\/outils-de-jardin-forges-a-la-main\/ensemble-de-titane","og_site_name":"Sneeboer Trading BV","article_publisher":"https:\/\/www.facebook.com\/Sneeboer","article_modified_time":"2023-06-26T10:19:15+00:00","og_image":[{"width":1223,"height":1223,"url":"https:\/\/legacy.sneeboer.com\/app\/uploads\/2023\/05\/TI.jpg","type":"image\/jpeg"}],"twitter_card":"summary_large_image","schema":{"@context":"https:\/\/schema.org","@graph":[{"@type":"WebPage","@id":"https:\/\/legacy.sneeboer.com\/fr\/outils-de-jardin-forges-a-la-main\/ensemble-de-titane","url":"https:\/\/legacy.sneeboer.com\/fr\/outils-de-jardin-forges-a-la-main\/ensemble-de-titane","name":"Ensemble de Titane - Sneeboer Trading BV","isPartOf":{"@id":"https:\/\/legacy.sneeboer.com\/fr#website"},"primaryImageOfPage":{"@id":"https:\/\/legacy.sneeboer.com\/fr\/outils-de-jardin-forges-a-la-main\/ensemble-de-titane#primaryimage"},"image":{"@id":"https:\/\/legacy.sneeboer.com\/fr\/outils-de-jardin-forges-a-la-main\/ensemble-de-titane#primaryimage"},"thumbnailUrl":"https:\/\/legacy.sneeboer.com\/app\/uploads\/2023\/05\/TI.jpg","datePublished":"2023-05-09T10:53:13+00:00","dateModified":"2023-06-26T10:19:15+00:00","breadcrumb":{"@id":"https:\/\/legacy.sneeboer.com\/fr\/outils-de-jardin-forges-a-la-main\/ensemble-de-titane#breadcrumb"},"inLanguage":"fr-FR","potentialAction":[{"@type":"ReadAction","target":["https:\/\/legacy.sneeboer.com\/fr\/outils-de-jardin-forges-a-la-main\/ensemble-de-titane"]}]},{"@type":"ImageObject","inLanguage":"fr-FR","@id":"https:\/\/legacy.sneeboer.com\/fr\/outils-de-jardin-forges-a-la-main\/ensemble-de-titane#primaryimage","url":"https:\/\/legacy.sneeboer.com\/app\/uploads\/2023\/05\/TI.jpg","contentUrl":"https:\/\/legacy.sneeboer.com\/app\/uploads\/2023\/05\/TI.jpg","width":1223,"height":1223},{"@type":"BreadcrumbList","@id":"https:\/\/legacy.sneeboer.com\/fr\/outils-de-jardin-forges-a-la-main\/ensemble-de-titane#breadcrumb","itemListElement":[{"@type":"ListItem","position":1,"name":"Home","item":"https:\/\/legacy.sneeboer.com\/fr"},{"@type":"ListItem","position":2,"name":"Tuingereedschap","item":"https:\/\/legacy.sneeboer.com\/tuingereedschap"},{"@type":"ListItem","position":3,"name":"Ensemble de Titane"}]},{"@type":"WebSite","@id":"https:\/\/legacy.sneeboer.com\/fr#website","url":"https:\/\/legacy.sneeboer.com\/fr","name":"Sneeboer","description":"Tools for life - and generations to come ...","publisher":{"@id":"https:\/\/legacy.sneeboer.com\/fr#organization"},"potentialAction":[{"@type":"SearchAction","target":{"@type":"EntryPoint","urlTemplate":"https:\/\/legacy.sneeboer.com\/fr?s={search_term_string}"},"query-input":{"@type":"PropertyValueSpecification","valueRequired":true,"valueName":"search_term_string"}}],"inLanguage":"fr-FR"},{"@type":"Organization","@id":"https:\/\/legacy.sneeboer.com\/fr#organization","name":"Sneeboer","url":"https:\/\/legacy.sneeboer.com\/fr","logo":{"@type":"ImageObject","inLanguage":"fr-FR","@id":"https:\/\/legacy.sneeboer.com\/fr#\/schema\/logo\/image\/","url":"https:\/\/legacy.sneeboer.com\/app\/uploads\/2023\/05\/cropped-logo-sneeboer-110-zwart.png","contentUrl":"https:\/\/legacy.sneeboer.com\/app\/uploads\/2023\/05\/cropped-logo-sneeboer-110-zwart.png","width":2025,"height":572,"caption":"Sneeboer"},"image":{"@id":"https:\/\/legacy.sneeboer.com\/fr#\/schema\/logo\/image\/"},"sameAs":["https:\/\/www.facebook.com\/Sneeboer","https:\/\/www.instagram.com\/sneeboer\/","https:\/\/www.youtube.com\/channel\/UCW9Qf54JFJFwVHzRNJbLAcg","https:\/\/pinterest.com\/sneeboer"]}]}},"uagb_featured_image_src":{"full":["https:\/\/legacy.sneeboer.com\/app\/uploads\/2023\/05\/TI.jpg",1223,1223,false],"thumbnail":["https:\/\/legacy.sneeboer.com\/app\/uploads\/2023\/05\/TI-150x150.jpg",150,150,true],"medium":["https:\/\/legacy.sneeboer.com\/app\/uploads\/2023\/05\/TI-300x300.jpg",300,300,true],"medium_large":["https:\/\/legacy.sneeboer.com\/app\/uploads\/2023\/05\/TI-768x768.jpg",768,768,true],"large":["https:\/\/legacy.sneeboer.com\/app\/uploads\/2023\/05\/TI-1024x1024.jpg",1024,1024,true],"1536x1536":["https:\/\/legacy.sneeboer.com\/app\/uploads\/2023\/05\/TI.jpg",1223,1223,false],"2048x2048":["https:\/\/legacy.sneeboer.com\/app\/uploads\/2023\/05\/TI.jpg",1223,1223,false],"post-thumbnail":["https:\/\/legacy.sneeboer.com\/app\/uploads\/2023\/05\/TI-80x100.jpg",80,100,true],"restoration-rectangle":["https:\/\/legacy.sneeboer.com\/app\/uploads\/2023\/05\/TI-370x240.jpg",370,240,true],"restoration-single":["https:\/\/legacy.sneeboer.com\/app\/uploads\/2023\/05\/TI-800x400.jpg",800,400,true],"restoration-rectangle-mini":["https:\/\/legacy.sneeboer.com\/app\/uploads\/2023\/05\/TI-20x12.jpg",20,12,true],"restoration-rectangle-mobile":["https:\/\/legacy.sneeboer.com\/app\/uploads\/2023\/05\/TI-290x188.jpg",290,188,true],"restoration-rectangle-x2":["https:\/\/legacy.sneeboer.com\/app\/uploads\/2023\/05\/TI-740x480.jpg",740,480,true],"restoration-single-mini":["https:\/\/legacy.sneeboer.com\/app\/uploads\/2023\/05\/TI-20x10.jpg",20,10,true],"restoration-single-mobile":["https:\/\/legacy.sneeboer.com\/app\/uploads\/2023\/05\/TI-290x145.jpg",290,145,true],"restoration-single-x2":["https:\/\/legacy.sneeboer.com\/app\/uploads\/2023\/05\/TI-1223x800.jpg",1223,800,true],"gform-image-choice-sm":["https:\/\/legacy.sneeboer.com\/app\/uploads\/2023\/05\/TI.jpg",300,300,false],"gform-image-choice-md":["https:\/\/legacy.sneeboer.com\/app\/uploads\/2023\/05\/TI.jpg",400,400,false],"gform-image-choice-lg":["https:\/\/legacy.sneeboer.com\/app\/uploads\/2023\/05\/TI.jpg",600,600,false],"woocommerce_thumbnail":["https:\/\/legacy.sneeboer.com\/app\/uploads\/2023\/05\/TI-400x400.jpg",400,400,true],"woocommerce_single":["https:\/\/legacy.sneeboer.com\/app\/uploads\/2023\/05\/TI-600x600.jpg",600,600,true],"woocommerce_gallery_thumbnail":["https:\/\/legacy.sneeboer.com\/app\/uploads\/2023\/05\/TI-160x192.jpg",160,192,true]},"uagb_author_info":{"display_name":"Jaap van Duijn","author_link":"https:\/\/legacy.sneeboer.com\/fr\/author"},"uagb_comment_info":0,"uagb_excerpt":"Pour c\u00e9l\u00e9brer le 100e anniversaire de la soci\u00e9t\u00e9 Sneeboer en 2013, la ligne d'outils en titane a \u00e9t\u00e9 d\u00e9velopp\u00e9e. Ce set contient les trois outils en titane tels que la truelle de repiquage, la fourche de d\u00e9sherbage et la houe \u00e0 main qui sont vraiment uniques en leur genre, avec un manche en bois de&hellip;","_links":{"self":[{"href":"https:\/\/legacy.sneeboer.com\/fr\/wp-json\/wp\/v2\/product\/1614","targetHints":{"allow":["GET"]}}],"collection":[{"href":"https:\/\/legacy.sneeboer.com\/fr\/wp-json\/wp\/v2\/product"}],"about":[{"href":"https:\/\/legacy.sneeboer.com\/fr\/wp-json\/wp\/v2\/types\/product"}],"wp:featuredmedia":[{"embeddable":true,"href":"https:\/\/legacy.sneeboer.com\/fr\/wp-json\/wp\/v2\/media\/1577"}],"wp:attachment":[{"href":"https:\/\/legacy.sneeboer.com\/fr\/wp-json\/wp\/v2\/media?parent=1614"}],"wp:term":[{"taxonomy":"product_brand","embeddable":true,"href":"https:\/\/legacy.sneeboer.com\/fr\/wp-json\/wp\/v2\/product_brand?post=1614"},{"taxonomy":"product_cat","embeddable":true,"href":"https:\/\/legacy.sneeboer.com\/fr\/wp-json\/wp\/v2\/product_cat?post=1614"},{"taxonomy":"product_tag","embeddable":true,"href":"https:\/\/legacy.sneeboer.com\/fr\/wp-json\/wp\/v2\/product_tag?post=1614"},{"taxonomy":"soil_types","embeddable":true,"href":"https:\/\/legacy.sneeboer.com\/fr\/wp-json\/wp\/v2\/soil_types?post=1614"},{"taxonomy":"weeds","embeddable":true,"href":"https:\/\/legacy.sneeboer.com\/fr\/wp-json\/wp\/v2\/weeds?post=1614"},{"taxonomy":"brands","embeddable":true,"href":"https:\/\/legacy.sneeboer.com\/fr\/wp-json\/wp\/v2\/brands?post=1614"}],"curies":[{"name":"wp","href":"https:\/\/api.w.org\/{rel}","templated":true}]}}