{"id":19760,"date":"2023-05-09T21:35:14","date_gmt":"2023-05-09T19:35:14","guid":{"rendered":"https:\/\/testsite.sneeboer.com\/tuingereedschap\/sarcloir-royal-hollandais-125-cm"},"modified":"2025-06-01T21:56:45","modified_gmt":"2025-06-01T19:56:45","slug":"sarcloir-royal-hollandais-125-cm","status":"publish","type":"product","link":"https:\/\/legacy.sneeboer.com\/fr\/outils-de-jardin-forges-a-la-main\/sarcloir-royal-hollandais-125-cm","title":{"rendered":"Sarcloir Royal Hollandais 12,5 cm"},"content":{"rendered":"<p>Artikelnr: 2252<\/p>\n","protected":false},"excerpt":{"rendered":"<p>\u00a0<\/p>\n<\/p>\n<p>Ce nouveau sarcloir est d\u00e9velopp\u00e9 en travaillant avec John Scarman, un cultivateur anglais de roses. Il a \u00e9t\u00e9 pres\u00e9nt\u00e9 au <em>RHS\u00a0Chelsea Flower Show\u00a0<\/em>pour le produit de l&#8217;ann\u00e9e 2013.\u00a0Ce sarcloir s&#8217;est appel\u00e9 &#8220;Royal&#8221; parce qu&#8217;il est forg\u00e9 dans l&#8217;ann\u00e9e centenaire de notre entreprise et \u00e0 cause de sa forme de lame.<\/p>\n<p>La lame est crant\u00e9e devant et arri\u00e8re; les deux c\u00f4t\u00e9s de lame peut \u00eatre utilis\u00e9s. Le manche long est sa poign\u00e9e ergonomique, sont d\u00e9velopp\u00e9s pour faciliter le travail. A cause de la disposition des dents, la surface globale augmente de 35%, ce qui donne la possibilit\u00e9 d&#8217;arracher les mauvaises herbes plus facilement. Ce sarcloir p\u00e9n\u00e8tre plus facilement le sol compact \u00e0 cause de la forme des dents. Pour \u00e9liminer les mauvaises herbes, les extr\u00e9mit\u00e9s effil\u00e9es et coupantes peut \u00eatre utilis\u00e9es et permettent un travail de pr\u00e9cision. Avec ce sarcloir vous pouvez man\u0153uvrer facilement, parce qu&#8217;il ne p\u00e8se 950 grammes.<\/p><\/p>\n","protected":false},"featured_media":41459,"template":"","meta":{"_acf_changed":false,"_uag_custom_page_level_css":""},"product_brand":[],"product_cat":[141,218],"product_tag":[533],"soil_types":[],"weeds":[],"brands":[437],"class_list":{"0":"post-19760","1":"product","2":"type-product","3":"status-publish","4":"has-post-thumbnail","6":"product_cat-sarcloir-et-binette","7":"product_cat-outils-essentiels","8":"product_tag-mauvaises-herbes","9":"brands-sneeboer-fr","11":"first","12":"instock","13":"taxable","14":"shipping-taxable","15":"purchasable","16":"product-type-simple"},"exclude_global_add_ons":false,"addons":[{"name":"Graveren","type":"custom_text","position":0,"required":false,"title_format":"heading","default":"","description_enable":false,"description":"Voeg maximaal 50 karakters in.","placeholder_enable":false,"placeholder":"","display":"select","restrictions_type":"any_text","adjust_price":true,"price":"4.92","price_type":"quantity_based","restrictions":true,"min":"1","max":"50","options":[],"id":1684165753}],"acf":[],"yoast_head":"<!-- This site is optimized with the Yoast SEO plugin v26.5 - https:\/\/yoast.com\/wordpress\/plugins\/seo\/ -->\n<title>Sneeboer Trading BV<\/title>\n<meta name=\"robots\" content=\"noindex, follow, max-snippet:-1, max-image-preview:large, max-video-preview:-1\" \/>\n<meta property=\"og:locale\" content=\"fr_FR\" \/>\n<meta property=\"og:type\" content=\"article\" \/>\n<meta property=\"og:url\" content=\"https:\/\/legacy.sneeboer.com\/fr\/outils-de-jardin-forges-a-la-main\/sarcloir-royal-hollandais-125-cm\" \/>\n<meta property=\"og:site_name\" content=\"Sneeboer Trading BV\" \/>\n<meta property=\"article:publisher\" content=\"https:\/\/www.facebook.com\/Sneeboer\" \/>\n<meta property=\"article:modified_time\" content=\"2025-06-01T19:56:45+00:00\" \/>\n<meta property=\"og:image\" content=\"https:\/\/legacy.sneeboer.com\/app\/uploads\/2023\/05\/2.1.Sneeboer_Royal-schoffel_2252-112252_wit_detail1.jpg\" \/>\n\t<meta property=\"og:image:width\" content=\"1107\" \/>\n\t<meta property=\"og:image:height\" content=\"1476\" \/>\n\t<meta property=\"og:image:type\" content=\"image\/jpeg\" \/>\n<meta name=\"twitter:card\" content=\"summary_large_image\" \/>\n<!-- \/ Yoast SEO plugin. -->","yoast_head_json":{"title":"Sneeboer Trading BV","robots":{"index":"noindex","follow":"follow","max-snippet":"max-snippet:-1","max-image-preview":"max-image-preview:large","max-video-preview":"max-video-preview:-1"},"og_locale":"fr_FR","og_type":"article","og_url":"https:\/\/legacy.sneeboer.com\/fr\/outils-de-jardin-forges-a-la-main\/sarcloir-royal-hollandais-125-cm","og_site_name":"Sneeboer Trading BV","article_publisher":"https:\/\/www.facebook.com\/Sneeboer","article_modified_time":"2025-06-01T19:56:45+00:00","og_image":[{"width":1107,"height":1476,"url":"https:\/\/legacy.sneeboer.com\/app\/uploads\/2023\/05\/2.1.Sneeboer_Royal-schoffel_2252-112252_wit_detail1.jpg","type":"image\/jpeg"}],"twitter_card":"summary_large_image","schema":{"@context":"https:\/\/schema.org","@graph":[{"@type":"WebPage","@id":"https:\/\/legacy.sneeboer.com\/fr\/outils-de-jardin-forges-a-la-main\/sarcloir-royal-hollandais-125-cm","url":"https:\/\/legacy.sneeboer.com\/fr\/outils-de-jardin-forges-a-la-main\/sarcloir-royal-hollandais-125-cm","name":"Sarcloir Royal Hollandais 12,5 cm - Sneeboer Trading BV","isPartOf":{"@id":"https:\/\/legacy.sneeboer.com\/fr#website"},"primaryImageOfPage":{"@id":"https:\/\/legacy.sneeboer.com\/fr\/outils-de-jardin-forges-a-la-main\/sarcloir-royal-hollandais-125-cm#primaryimage"},"image":{"@id":"https:\/\/legacy.sneeboer.com\/fr\/outils-de-jardin-forges-a-la-main\/sarcloir-royal-hollandais-125-cm#primaryimage"},"thumbnailUrl":"https:\/\/legacy.sneeboer.com\/app\/uploads\/2023\/05\/2.1.Sneeboer_Royal-schoffel_2252-112252_wit_detail1.jpg","datePublished":"2023-05-09T19:35:14+00:00","dateModified":"2025-06-01T19:56:45+00:00","breadcrumb":{"@id":"https:\/\/legacy.sneeboer.com\/fr\/outils-de-jardin-forges-a-la-main\/sarcloir-royal-hollandais-125-cm#breadcrumb"},"inLanguage":"fr-FR","potentialAction":[{"@type":"ReadAction","target":["https:\/\/legacy.sneeboer.com\/fr\/outils-de-jardin-forges-a-la-main\/sarcloir-royal-hollandais-125-cm"]}]},{"@type":"ImageObject","inLanguage":"fr-FR","@id":"https:\/\/legacy.sneeboer.com\/fr\/outils-de-jardin-forges-a-la-main\/sarcloir-royal-hollandais-125-cm#primaryimage","url":"https:\/\/legacy.sneeboer.com\/app\/uploads\/2023\/05\/2.1.Sneeboer_Royal-schoffel_2252-112252_wit_detail1.jpg","contentUrl":"https:\/\/legacy.sneeboer.com\/app\/uploads\/2023\/05\/2.1.Sneeboer_Royal-schoffel_2252-112252_wit_detail1.jpg","width":1107,"height":1476},{"@type":"BreadcrumbList","@id":"https:\/\/legacy.sneeboer.com\/fr\/outils-de-jardin-forges-a-la-main\/sarcloir-royal-hollandais-125-cm#breadcrumb","itemListElement":[{"@type":"ListItem","position":1,"name":"Home","item":"https:\/\/legacy.sneeboer.com\/fr"},{"@type":"ListItem","position":2,"name":"Tuingereedschap","item":"https:\/\/legacy.sneeboer.com\/tuingereedschap"},{"@type":"ListItem","position":3,"name":"Sarcloir Royal Hollandais 12,5 cm"}]},{"@type":"WebSite","@id":"https:\/\/legacy.sneeboer.com\/fr#website","url":"https:\/\/legacy.sneeboer.com\/fr","name":"Sneeboer","description":"Tools for life - and generations to come ...","publisher":{"@id":"https:\/\/legacy.sneeboer.com\/fr#organization"},"potentialAction":[{"@type":"SearchAction","target":{"@type":"EntryPoint","urlTemplate":"https:\/\/legacy.sneeboer.com\/fr?s={search_term_string}"},"query-input":{"@type":"PropertyValueSpecification","valueRequired":true,"valueName":"search_term_string"}}],"inLanguage":"fr-FR"},{"@type":"Organization","@id":"https:\/\/legacy.sneeboer.com\/fr#organization","name":"Sneeboer","url":"https:\/\/legacy.sneeboer.com\/fr","logo":{"@type":"ImageObject","inLanguage":"fr-FR","@id":"https:\/\/legacy.sneeboer.com\/fr#\/schema\/logo\/image\/","url":"https:\/\/legacy.sneeboer.com\/app\/uploads\/2023\/05\/cropped-logo-sneeboer-110-zwart.png","contentUrl":"https:\/\/legacy.sneeboer.com\/app\/uploads\/2023\/05\/cropped-logo-sneeboer-110-zwart.png","width":2025,"height":572,"caption":"Sneeboer"},"image":{"@id":"https:\/\/legacy.sneeboer.com\/fr#\/schema\/logo\/image\/"},"sameAs":["https:\/\/www.facebook.com\/Sneeboer","https:\/\/www.instagram.com\/sneeboer\/","https:\/\/www.youtube.com\/channel\/UCW9Qf54JFJFwVHzRNJbLAcg","https:\/\/pinterest.com\/sneeboer"]}]}},"uagb_featured_image_src":{"full":["https:\/\/legacy.sneeboer.com\/app\/uploads\/2023\/05\/2.1.Sneeboer_Royal-schoffel_2252-112252_wit_detail1.jpg",1107,1476,false],"thumbnail":["https:\/\/legacy.sneeboer.com\/app\/uploads\/2023\/05\/2.1.Sneeboer_Royal-schoffel_2252-112252_wit_detail1-150x150.jpg",150,150,true],"medium":["https:\/\/legacy.sneeboer.com\/app\/uploads\/2023\/05\/2.1.Sneeboer_Royal-schoffel_2252-112252_wit_detail1-225x300.jpg",225,300,true],"medium_large":["https:\/\/legacy.sneeboer.com\/app\/uploads\/2023\/05\/2.1.Sneeboer_Royal-schoffel_2252-112252_wit_detail1-768x1024.jpg",768,1024,true],"large":["https:\/\/legacy.sneeboer.com\/app\/uploads\/2023\/05\/2.1.Sneeboer_Royal-schoffel_2252-112252_wit_detail1-768x1024.jpg",768,1024,true],"1536x1536":["https:\/\/legacy.sneeboer.com\/app\/uploads\/2023\/05\/2.1.Sneeboer_Royal-schoffel_2252-112252_wit_detail1.jpg",1107,1476,false],"2048x2048":["https:\/\/legacy.sneeboer.com\/app\/uploads\/2023\/05\/2.1.Sneeboer_Royal-schoffel_2252-112252_wit_detail1.jpg",1107,1476,false],"post-thumbnail":["https:\/\/legacy.sneeboer.com\/app\/uploads\/2023\/05\/2.1.Sneeboer_Royal-schoffel_2252-112252_wit_detail1-80x100.jpg",80,100,true],"restoration-rectangle":["https:\/\/legacy.sneeboer.com\/app\/uploads\/2023\/05\/2.1.Sneeboer_Royal-schoffel_2252-112252_wit_detail1-370x240.jpg",370,240,true],"restoration-single":["https:\/\/legacy.sneeboer.com\/app\/uploads\/2023\/05\/2.1.Sneeboer_Royal-schoffel_2252-112252_wit_detail1-800x400.jpg",800,400,true],"restoration-rectangle-mini":["https:\/\/legacy.sneeboer.com\/app\/uploads\/2023\/05\/2.1.Sneeboer_Royal-schoffel_2252-112252_wit_detail1-20x12.jpg",20,12,true],"restoration-rectangle-mobile":["https:\/\/legacy.sneeboer.com\/app\/uploads\/2023\/05\/2.1.Sneeboer_Royal-schoffel_2252-112252_wit_detail1-290x188.jpg",290,188,true],"restoration-rectangle-x2":["https:\/\/legacy.sneeboer.com\/app\/uploads\/2023\/05\/2.1.Sneeboer_Royal-schoffel_2252-112252_wit_detail1-740x480.jpg",740,480,true],"restoration-single-mini":["https:\/\/legacy.sneeboer.com\/app\/uploads\/2023\/05\/2.1.Sneeboer_Royal-schoffel_2252-112252_wit_detail1-20x10.jpg",20,10,true],"restoration-single-mobile":["https:\/\/legacy.sneeboer.com\/app\/uploads\/2023\/05\/2.1.Sneeboer_Royal-schoffel_2252-112252_wit_detail1-290x145.jpg",290,145,true],"restoration-single-x2":["https:\/\/legacy.sneeboer.com\/app\/uploads\/2023\/05\/2.1.Sneeboer_Royal-schoffel_2252-112252_wit_detail1-1107x800.jpg",1107,800,true],"gform-image-choice-sm":["https:\/\/legacy.sneeboer.com\/app\/uploads\/2023\/05\/2.1.Sneeboer_Royal-schoffel_2252-112252_wit_detail1.jpg",225,300,false],"gform-image-choice-md":["https:\/\/legacy.sneeboer.com\/app\/uploads\/2023\/05\/2.1.Sneeboer_Royal-schoffel_2252-112252_wit_detail1.jpg",300,400,false],"gform-image-choice-lg":["https:\/\/legacy.sneeboer.com\/app\/uploads\/2023\/05\/2.1.Sneeboer_Royal-schoffel_2252-112252_wit_detail1.jpg",450,600,false],"woocommerce_thumbnail":["https:\/\/legacy.sneeboer.com\/app\/uploads\/2023\/05\/2.1.Sneeboer_Royal-schoffel_2252-112252_wit_detail1-400x400.jpg",400,400,true],"woocommerce_single":["https:\/\/legacy.sneeboer.com\/app\/uploads\/2023\/05\/2.1.Sneeboer_Royal-schoffel_2252-112252_wit_detail1-600x800.jpg",600,800,true],"woocommerce_gallery_thumbnail":["https:\/\/legacy.sneeboer.com\/app\/uploads\/2023\/05\/2.1.Sneeboer_Royal-schoffel_2252-112252_wit_detail1-160x192.jpg",160,192,true]},"uagb_author_info":{"display_name":"Jaap van Duijn","author_link":"https:\/\/legacy.sneeboer.com\/fr\/author"},"uagb_comment_info":0,"uagb_excerpt":"\u00a0 Ce nouveau sarcloir est d\u00e9velopp\u00e9 en travaillant avec John Scarman, un cultivateur anglais de roses. Il a \u00e9t\u00e9 pres\u00e9nt\u00e9 au RHS\u00a0Chelsea Flower Show\u00a0pour le produit de l'ann\u00e9e 2013.\u00a0Ce sarcloir s'est appel\u00e9 \"Royal\" parce qu'il est forg\u00e9 dans l'ann\u00e9e centenaire de notre entreprise et \u00e0 cause de sa forme de lame. La lame est crant\u00e9e&hellip;","_links":{"self":[{"href":"https:\/\/legacy.sneeboer.com\/fr\/wp-json\/wp\/v2\/product\/19760","targetHints":{"allow":["GET"]}}],"collection":[{"href":"https:\/\/legacy.sneeboer.com\/fr\/wp-json\/wp\/v2\/product"}],"about":[{"href":"https:\/\/legacy.sneeboer.com\/fr\/wp-json\/wp\/v2\/types\/product"}],"wp:featuredmedia":[{"embeddable":true,"href":"https:\/\/legacy.sneeboer.com\/fr\/wp-json\/wp\/v2\/media\/41459"}],"wp:attachment":[{"href":"https:\/\/legacy.sneeboer.com\/fr\/wp-json\/wp\/v2\/media?parent=19760"}],"wp:term":[{"taxonomy":"product_brand","embeddable":true,"href":"https:\/\/legacy.sneeboer.com\/fr\/wp-json\/wp\/v2\/product_brand?post=19760"},{"taxonomy":"product_cat","embeddable":true,"href":"https:\/\/legacy.sneeboer.com\/fr\/wp-json\/wp\/v2\/product_cat?post=19760"},{"taxonomy":"product_tag","embeddable":true,"href":"https:\/\/legacy.sneeboer.com\/fr\/wp-json\/wp\/v2\/product_tag?post=19760"},{"taxonomy":"soil_types","embeddable":true,"href":"https:\/\/legacy.sneeboer.com\/fr\/wp-json\/wp\/v2\/soil_types?post=19760"},{"taxonomy":"weeds","embeddable":true,"href":"https:\/\/legacy.sneeboer.com\/fr\/wp-json\/wp\/v2\/weeds?post=19760"},{"taxonomy":"brands","embeddable":true,"href":"https:\/\/legacy.sneeboer.com\/fr\/wp-json\/wp\/v2\/brands?post=19760"}],"curies":[{"name":"wp","href":"https:\/\/api.w.org\/{rel}","templated":true}]}}