{"id":2466,"date":"2023-05-09T13:08:45","date_gmt":"2023-05-09T11:08:45","guid":{"rendered":"https:\/\/testsite.sneeboer.com\/tuingereedschap\/piet-oudolf-collection"},"modified":"2023-09-24T22:42:51","modified_gmt":"2023-09-24T20:42:51","slug":"piet-oudolf-collection","status":"publish","type":"product","link":"https:\/\/legacy.sneeboer.com\/fr\/outils-de-jardin-forges-a-la-main\/piet-oudolf-collection","title":{"rendered":"Piet Oudolf collection"},"content":{"rendered":"<p>Piet Oudolf collection<\/p>\n","protected":false},"excerpt":{"rendered":"<p>L&#8217;embl\u00e9matique architecte paysagiste n\u00e9erlandais Piet Oudolf a lui-m\u00eame s\u00e9lectionn\u00e9 les outils de cet ensemble. Ces outils forment la base pour cr\u00e9er et maintenir une palette de couleurs dans le jardin comme le ferait Piet Oudolf lui-m\u00eame. Piet Oudolf et Sneeboer partagent la mission de &#8220;faire l&#8217;exp\u00e9rience de la puissance et de la beaut\u00e9 de la nature, de la durabilit\u00e9, de l&#8217;\u00e9cosyst\u00e8me et de l&#8217;environnement&#8221;. Avec cette collaboration, ils portent cette mission \u00e0 un nouveau niveau.<\/p>\n<p>&nbsp;<\/p>\n","protected":false},"featured_media":26434,"template":"","meta":{"_acf_changed":false,"_uag_custom_page_level_css":""},"product_brand":[],"product_cat":[102,236],"product_tag":[533,473,525],"soil_types":[],"weeds":[],"brands":[437],"class_list":{"0":"post-2466","1":"product","2":"type-product","3":"status-publish","4":"has-post-thumbnail","6":"product_cat-outils-a-main","7":"product_cat-piet-oudolf-fr","8":"product_tag-mauvaises-herbes","9":"product_tag-sillonage","10":"product_tag-transplantation","11":"brands-sneeboer-fr","13":"first","14":"instock","15":"taxable","16":"shipping-taxable","17":"purchasable","18":"product-type-simple"},"exclude_global_add_ons":false,"addons":[{"name":"Graveren","type":"custom_text","position":0,"required":false,"title_format":"heading","default":"","description_enable":false,"description":"Voeg maximaal 50 karakters in.","placeholder_enable":false,"placeholder":"","display":"select","restrictions_type":"any_text","adjust_price":true,"price":"4.92","price_type":"quantity_based","restrictions":true,"min":"1","max":"50","options":[],"id":1684165753}],"acf":[],"yoast_head":"<!-- This site is optimized with the Yoast SEO plugin v26.5 - https:\/\/yoast.com\/wordpress\/plugins\/seo\/ -->\n<title>Sneeboer Trading BV<\/title>\n<meta name=\"robots\" content=\"noindex, follow, max-snippet:-1, max-image-preview:large, max-video-preview:-1\" \/>\n<meta property=\"og:locale\" content=\"fr_FR\" \/>\n<meta property=\"og:type\" content=\"article\" \/>\n<meta property=\"og:url\" content=\"https:\/\/legacy.sneeboer.com\/fr\/outils-de-jardin-forges-a-la-main\/piet-oudolf-collection\" \/>\n<meta property=\"og:site_name\" content=\"Sneeboer Trading BV\" \/>\n<meta property=\"article:publisher\" content=\"https:\/\/www.facebook.com\/Sneeboer\" \/>\n<meta property=\"article:modified_time\" content=\"2023-09-24T20:42:51+00:00\" \/>\n<meta property=\"og:image\" content=\"https:\/\/legacy.sneeboer.com\/app\/uploads\/2023\/05\/150140-140250-.jpg\" \/>\n\t<meta property=\"og:image:width\" content=\"2000\" \/>\n\t<meta property=\"og:image:height\" content=\"2000\" \/>\n\t<meta property=\"og:image:type\" content=\"image\/jpeg\" \/>\n<meta name=\"twitter:card\" content=\"summary_large_image\" \/>\n<!-- \/ Yoast SEO plugin. -->","yoast_head_json":{"title":"Sneeboer Trading BV","robots":{"index":"noindex","follow":"follow","max-snippet":"max-snippet:-1","max-image-preview":"max-image-preview:large","max-video-preview":"max-video-preview:-1"},"og_locale":"fr_FR","og_type":"article","og_url":"https:\/\/legacy.sneeboer.com\/fr\/outils-de-jardin-forges-a-la-main\/piet-oudolf-collection","og_site_name":"Sneeboer Trading BV","article_publisher":"https:\/\/www.facebook.com\/Sneeboer","article_modified_time":"2023-09-24T20:42:51+00:00","og_image":[{"width":2000,"height":2000,"url":"https:\/\/legacy.sneeboer.com\/app\/uploads\/2023\/05\/150140-140250-.jpg","type":"image\/jpeg"}],"twitter_card":"summary_large_image","schema":{"@context":"https:\/\/schema.org","@graph":[{"@type":"WebPage","@id":"https:\/\/legacy.sneeboer.com\/fr\/outils-de-jardin-forges-a-la-main\/piet-oudolf-collection","url":"https:\/\/legacy.sneeboer.com\/fr\/outils-de-jardin-forges-a-la-main\/piet-oudolf-collection","name":"Piet Oudolf collection - Sneeboer Trading BV","isPartOf":{"@id":"https:\/\/legacy.sneeboer.com\/fr#website"},"primaryImageOfPage":{"@id":"https:\/\/legacy.sneeboer.com\/fr\/outils-de-jardin-forges-a-la-main\/piet-oudolf-collection#primaryimage"},"image":{"@id":"https:\/\/legacy.sneeboer.com\/fr\/outils-de-jardin-forges-a-la-main\/piet-oudolf-collection#primaryimage"},"thumbnailUrl":"https:\/\/legacy.sneeboer.com\/app\/uploads\/2023\/05\/150140-140250-.jpg","datePublished":"2023-05-09T11:08:45+00:00","dateModified":"2023-09-24T20:42:51+00:00","breadcrumb":{"@id":"https:\/\/legacy.sneeboer.com\/fr\/outils-de-jardin-forges-a-la-main\/piet-oudolf-collection#breadcrumb"},"inLanguage":"fr-FR","potentialAction":[{"@type":"ReadAction","target":["https:\/\/legacy.sneeboer.com\/fr\/outils-de-jardin-forges-a-la-main\/piet-oudolf-collection"]}]},{"@type":"ImageObject","inLanguage":"fr-FR","@id":"https:\/\/legacy.sneeboer.com\/fr\/outils-de-jardin-forges-a-la-main\/piet-oudolf-collection#primaryimage","url":"https:\/\/legacy.sneeboer.com\/app\/uploads\/2023\/05\/150140-140250-.jpg","contentUrl":"https:\/\/legacy.sneeboer.com\/app\/uploads\/2023\/05\/150140-140250-.jpg","width":2000,"height":2000},{"@type":"BreadcrumbList","@id":"https:\/\/legacy.sneeboer.com\/fr\/outils-de-jardin-forges-a-la-main\/piet-oudolf-collection#breadcrumb","itemListElement":[{"@type":"ListItem","position":1,"name":"Home","item":"https:\/\/legacy.sneeboer.com\/fr"},{"@type":"ListItem","position":2,"name":"Tuingereedschap","item":"https:\/\/legacy.sneeboer.com\/tuingereedschap"},{"@type":"ListItem","position":3,"name":"Piet Oudolf collection"}]},{"@type":"WebSite","@id":"https:\/\/legacy.sneeboer.com\/fr#website","url":"https:\/\/legacy.sneeboer.com\/fr","name":"Sneeboer","description":"Tools for life - and generations to come ...","publisher":{"@id":"https:\/\/legacy.sneeboer.com\/fr#organization"},"potentialAction":[{"@type":"SearchAction","target":{"@type":"EntryPoint","urlTemplate":"https:\/\/legacy.sneeboer.com\/fr?s={search_term_string}"},"query-input":{"@type":"PropertyValueSpecification","valueRequired":true,"valueName":"search_term_string"}}],"inLanguage":"fr-FR"},{"@type":"Organization","@id":"https:\/\/legacy.sneeboer.com\/fr#organization","name":"Sneeboer","url":"https:\/\/legacy.sneeboer.com\/fr","logo":{"@type":"ImageObject","inLanguage":"fr-FR","@id":"https:\/\/legacy.sneeboer.com\/fr#\/schema\/logo\/image\/","url":"https:\/\/legacy.sneeboer.com\/app\/uploads\/2023\/05\/cropped-logo-sneeboer-110-zwart.png","contentUrl":"https:\/\/legacy.sneeboer.com\/app\/uploads\/2023\/05\/cropped-logo-sneeboer-110-zwart.png","width":2025,"height":572,"caption":"Sneeboer"},"image":{"@id":"https:\/\/legacy.sneeboer.com\/fr#\/schema\/logo\/image\/"},"sameAs":["https:\/\/www.facebook.com\/Sneeboer","https:\/\/www.instagram.com\/sneeboer\/","https:\/\/www.youtube.com\/channel\/UCW9Qf54JFJFwVHzRNJbLAcg","https:\/\/pinterest.com\/sneeboer"]}]}},"uagb_featured_image_src":{"full":["https:\/\/legacy.sneeboer.com\/app\/uploads\/2023\/05\/150140-140250-.jpg",2000,2000,false],"thumbnail":["https:\/\/legacy.sneeboer.com\/app\/uploads\/2023\/05\/150140-140250--150x150.jpg",150,150,true],"medium":["https:\/\/legacy.sneeboer.com\/app\/uploads\/2023\/05\/150140-140250--300x300.jpg",300,300,true],"medium_large":["https:\/\/legacy.sneeboer.com\/app\/uploads\/2023\/05\/150140-140250--768x768.jpg",768,768,true],"large":["https:\/\/legacy.sneeboer.com\/app\/uploads\/2023\/05\/150140-140250--1024x1024.jpg",1024,1024,true],"1536x1536":["https:\/\/legacy.sneeboer.com\/app\/uploads\/2023\/05\/150140-140250--1536x1536.jpg",1536,1536,true],"2048x2048":["https:\/\/legacy.sneeboer.com\/app\/uploads\/2023\/05\/150140-140250-.jpg",2000,2000,false],"post-thumbnail":["https:\/\/legacy.sneeboer.com\/app\/uploads\/2023\/05\/150140-140250--80x100.jpg",80,100,true],"restoration-rectangle":["https:\/\/legacy.sneeboer.com\/app\/uploads\/2023\/05\/150140-140250--370x240.jpg",370,240,true],"restoration-single":["https:\/\/legacy.sneeboer.com\/app\/uploads\/2023\/05\/150140-140250--800x400.jpg",800,400,true],"restoration-rectangle-mini":["https:\/\/legacy.sneeboer.com\/app\/uploads\/2023\/05\/150140-140250--20x12.jpg",20,12,true],"restoration-rectangle-mobile":["https:\/\/legacy.sneeboer.com\/app\/uploads\/2023\/05\/150140-140250--290x188.jpg",290,188,true],"restoration-rectangle-x2":["https:\/\/legacy.sneeboer.com\/app\/uploads\/2023\/05\/150140-140250--740x480.jpg",740,480,true],"restoration-single-mini":["https:\/\/legacy.sneeboer.com\/app\/uploads\/2023\/05\/150140-140250--20x10.jpg",20,10,true],"restoration-single-mobile":["https:\/\/legacy.sneeboer.com\/app\/uploads\/2023\/05\/150140-140250--290x145.jpg",290,145,true],"restoration-single-x2":["https:\/\/legacy.sneeboer.com\/app\/uploads\/2023\/05\/150140-140250--1600x800.jpg",1600,800,true],"gform-image-choice-sm":["https:\/\/legacy.sneeboer.com\/app\/uploads\/2023\/05\/150140-140250-.jpg",300,300,false],"gform-image-choice-md":["https:\/\/legacy.sneeboer.com\/app\/uploads\/2023\/05\/150140-140250-.jpg",400,400,false],"gform-image-choice-lg":["https:\/\/legacy.sneeboer.com\/app\/uploads\/2023\/05\/150140-140250-.jpg",600,600,false],"woocommerce_thumbnail":["https:\/\/legacy.sneeboer.com\/app\/uploads\/2023\/05\/150140-140250--400x400.jpg",400,400,true],"woocommerce_single":["https:\/\/legacy.sneeboer.com\/app\/uploads\/2023\/05\/150140-140250--600x600.jpg",600,600,true],"woocommerce_gallery_thumbnail":["https:\/\/legacy.sneeboer.com\/app\/uploads\/2023\/05\/150140-140250--160x192.jpg",160,192,true]},"uagb_author_info":{"display_name":"Jaap van Duijn","author_link":"https:\/\/legacy.sneeboer.com\/fr\/author"},"uagb_comment_info":0,"uagb_excerpt":"L'embl\u00e9matique architecte paysagiste n\u00e9erlandais Piet Oudolf a lui-m\u00eame s\u00e9lectionn\u00e9 les outils de cet ensemble. Ces outils forment la base pour cr\u00e9er et maintenir une palette de couleurs dans le jardin comme le ferait Piet Oudolf lui-m\u00eame. Piet Oudolf et Sneeboer partagent la mission de \"faire l'exp\u00e9rience de la puissance et de la beaut\u00e9 de la&hellip;","_links":{"self":[{"href":"https:\/\/legacy.sneeboer.com\/fr\/wp-json\/wp\/v2\/product\/2466","targetHints":{"allow":["GET"]}}],"collection":[{"href":"https:\/\/legacy.sneeboer.com\/fr\/wp-json\/wp\/v2\/product"}],"about":[{"href":"https:\/\/legacy.sneeboer.com\/fr\/wp-json\/wp\/v2\/types\/product"}],"wp:featuredmedia":[{"embeddable":true,"href":"https:\/\/legacy.sneeboer.com\/fr\/wp-json\/wp\/v2\/media\/26434"}],"wp:attachment":[{"href":"https:\/\/legacy.sneeboer.com\/fr\/wp-json\/wp\/v2\/media?parent=2466"}],"wp:term":[{"taxonomy":"product_brand","embeddable":true,"href":"https:\/\/legacy.sneeboer.com\/fr\/wp-json\/wp\/v2\/product_brand?post=2466"},{"taxonomy":"product_cat","embeddable":true,"href":"https:\/\/legacy.sneeboer.com\/fr\/wp-json\/wp\/v2\/product_cat?post=2466"},{"taxonomy":"product_tag","embeddable":true,"href":"https:\/\/legacy.sneeboer.com\/fr\/wp-json\/wp\/v2\/product_tag?post=2466"},{"taxonomy":"soil_types","embeddable":true,"href":"https:\/\/legacy.sneeboer.com\/fr\/wp-json\/wp\/v2\/soil_types?post=2466"},{"taxonomy":"weeds","embeddable":true,"href":"https:\/\/legacy.sneeboer.com\/fr\/wp-json\/wp\/v2\/weeds?post=2466"},{"taxonomy":"brands","embeddable":true,"href":"https:\/\/legacy.sneeboer.com\/fr\/wp-json\/wp\/v2\/brands?post=2466"}],"curies":[{"name":"wp","href":"https:\/\/api.w.org\/{rel}","templated":true}]}}